{"id":7653,"date":"2026-01-07T12:56:28","date_gmt":"2026-01-07T11:56:28","guid":{"rendered":"https:\/\/latestcollection.com\/?page_id=7653"},"modified":"2026-02-20T17:49:34","modified_gmt":"2026-02-20T16:49:34","slug":"ecosistema-di-dati-sulla-moda","status":"publish","type":"page","link":"https:\/\/latestcollection.com\/it\/fashion-data-ecosysteem\/","title":{"rendered":"L'ecosistema dei dati della moda"},"content":{"rendered":"<div class=\"wp-block-group alignfull is-layout-constrained wp-block-group-is-layout-constrained\">\n<div class=\"wp-block-group is-layout-constrained wp-block-group-is-layout-constrained\">\n<div class=\"wp-block-cover is-light has-custom-content-position is-position-bottom-center\"><img loading=\"lazy\" decoding=\"async\" width=\"2048\" height=\"750\" class=\"wp-block-cover__image-background wp-image-7982 size-full\" alt=\"Latest Collection fashion artikeldata stroming ecosystem\" src=\"https:\/\/latestcollection.com\/wp-content\/uploads\/2026\/02\/Latest-Collection-fashion-artikeldata-stroming-ecosysteem-.avif\" style=\"object-position:68% 58%\" data-object-fit=\"cover\" data-object-position=\"68% 58%\" srcset=\"https:\/\/latestcollection.com\/wp-content\/uploads\/2026\/02\/Latest-Collection-fashion-artikeldata-stroming-ecosysteem-.avif 2048w, https:\/\/latestcollection.com\/wp-content\/uploads\/2026\/02\/Latest-Collection-fashion-artikeldata-stroming-ecosysteem--300x110.avif 300w, https:\/\/latestcollection.com\/wp-content\/uploads\/2026\/02\/Latest-Collection-fashion-artikeldata-stroming-ecosysteem--1024x375.avif 1024w, https:\/\/latestcollection.com\/wp-content\/uploads\/2026\/02\/Latest-Collection-fashion-artikeldata-stroming-ecosysteem--768x281.avif 768w, https:\/\/latestcollection.com\/wp-content\/uploads\/2026\/02\/Latest-Collection-fashion-artikeldata-stroming-ecosysteem--1536x563.avif 1536w, https:\/\/latestcollection.com\/wp-content\/uploads\/2026\/02\/Latest-Collection-fashion-artikeldata-stroming-ecosysteem--18x7.avif 18w, https:\/\/latestcollection.com\/wp-content\/uploads\/2026\/02\/Latest-Collection-fashion-artikeldata-stroming-ecosysteem--478x175.avif 478w\" sizes=\"auto, (max-width: 2048px) 100vw, 2048px\" \/><span aria-hidden=\"true\" class=\"wp-block-cover__background has-background-dim-0 has-background-dim\" style=\"background-color:#b59b8d\"><\/span><div class=\"wp-block-cover__inner-container is-layout-flow wp-block-cover-is-layout-flow\">\n<p class=\"has-text-align-center has-large-font-size\"><\/p>\n<\/div><\/div>\n\n\n\n<div class=\"wp-block-group is-content-justification-left is-layout-constrained wp-container-core-group-is-layout-414f9025 wp-block-group-is-layout-constrained\">\n<h2 class=\"wp-block-heading has-large-font-size\" style=\"font-style:normal;font-weight:600\"><strong>L'ecosistema dei dati della moda<\/strong><mark style=\"background-color:rgba(0, 0, 0, 0)\" class=\"has-inline-color has-primary-color\">.<\/mark><\/h2>\n\n\n\n<p>La supply chain della moda \u00e8 composta da marchi, partner software, rivenditori e piattaforme che si basano sulle stesse informazioni sui prodotti. Tuttavia, queste informazioni raramente fluiscono in modo fluido lungo tutta la filiera.<\/p>\n\n\n\n<p>I dati degli articoli vengono trasferiti, modificati e reinseriti. Non per riluttanza, ma perch\u00e9 non esiste un livello dati centrale che colleghi tutto.<\/p>\n\n\n\n<p>Latest Collection svolge esattamente questo ruolo.<\/p>\n\n\n\n<h2 class=\"wp-block-heading has-large-font-size\" style=\"font-style:normal;font-weight:600\"><strong>Un unico livello di dati condiviso per la vendita al dettaglio di moda<\/strong><mark style=\"background-color:rgba(0, 0, 0, 0)\" class=\"has-inline-color has-primary-color\">.<\/mark><\/h2>\n\n\n\n<p>Latest Collection \u00e8 la piattaforma di dati sulla moda che riunisce marchi, partner software e rivenditori in un unico ecosistema unificato.<\/p>\n\n\n\n<p>La piattaforma:<\/p>\n\n\n\n<ul class=\"wp-block-list\">\n<li>raccoglie i dati sui prodotti di moda,<\/li>\n\n\n\n<li>li struttura e li standardizza,<\/li>\n\n\n\n<li>li rende disponibili per soluzioni connesse,<\/li>\n<\/ul>\n\n\n\n<p>non come proprietario della catena, ma come infrastruttura di collegamento.<\/p>\n<\/div>\n\n\n\n<div class=\"wp-block-columns is-layout-flex wp-container-core-columns-is-layout-28f84493 wp-block-columns-is-layout-flex\">\n<div class=\"wp-block-column is-layout-flow wp-block-column-is-layout-flow\">\n<figure class=\"wp-block-image size-full\"><img loading=\"lazy\" decoding=\"async\" width=\"788\" height=\"940\" src=\"https:\/\/latestcollection.com\/wp-content\/uploads\/2026\/02\/Samenwerken-sneller-verkopen.avif\" alt=\"Samenwerken sneller verkopen\" class=\"wp-image-7984\" srcset=\"https:\/\/latestcollection.com\/wp-content\/uploads\/2026\/02\/Samenwerken-sneller-verkopen.avif 788w, https:\/\/latestcollection.com\/wp-content\/uploads\/2026\/02\/Samenwerken-sneller-verkopen-251x300.avif 251w, https:\/\/latestcollection.com\/wp-content\/uploads\/2026\/02\/Samenwerken-sneller-verkopen-768x916.avif 768w, https:\/\/latestcollection.com\/wp-content\/uploads\/2026\/02\/Samenwerken-sneller-verkopen-10x12.avif 10w, https:\/\/latestcollection.com\/wp-content\/uploads\/2026\/02\/Samenwerken-sneller-verkopen-147x175.avif 147w\" sizes=\"auto, (max-width: 788px) 100vw, 788px\" \/><\/figure>\n<\/div>\n\n\n\n<div class=\"wp-block-column is-layout-flow wp-block-column-is-layout-flow\">\n<h3 class=\"wp-block-heading has-large-font-size\" style=\"font-style:normal;font-weight:600\"><mark style=\"background-color:rgba(0, 0, 0, 0)\" class=\"has-inline-color has-secondary-color\"><strong><strong><mark style=\"background-color:rgba(0, 0, 0, 0)\" class=\"has-inline-color has-secondary-color\"><strong>Collaborare invece di sostituire<\/strong><\/mark><\/strong><\/strong><\/mark><mark style=\"background-color:rgba(0, 0, 0, 0)\" class=\"has-inline-color has-primary-color\">.<\/mark><\/h3>\n\n\n\n<p>In molti mercati del software, la crescita ruota attorno alla sostituzione. I nuovi sistemi sostituiscono le funzioni esistenti e mettono da parte gli operatori esistenti. Latest Collection sceglie deliberatamente un approccio diverso.<\/p>\n\n\n\n<p>I marchi continuano a lavorare sui propri sistemi. I partner software gestiscono i propri POS e back office. I rivenditori lavorano nel loro ambiente familiare. La piattaforma migliora ci\u00f2 che gi\u00e0 esiste.<\/p>\n\n\n\n<p>Un singolo livello di dati condiviso consente la collaborazione senza dipendenza e la scalabilit\u00e0 senza perdita di autonomia.<\/p>\n<\/div>\n<\/div>\n\n\n\n<div class=\"wp-block-columns is-layout-flex wp-container-core-columns-is-layout-28f84493 wp-block-columns-is-layout-flex\">\n<div class=\"wp-block-column is-layout-flow wp-block-column-is-layout-flow\">\n<h3 class=\"wp-block-heading has-large-font-size\" style=\"font-style:normal;font-weight:600\"><mark style=\"background-color:rgba(0, 0, 0, 0)\" class=\"has-inline-color has-secondary-color\"><mark style=\"background-color:rgba(0, 0, 0, 0)\" class=\"has-inline-color has-secondary-color\"><mark style=\"background-color:rgba(0, 0, 0, 0)\" class=\"has-inline-color has-secondary-color\"><strong>Il ruolo dei partner nell'ecosistema dei dati della moda<\/strong><\/mark><\/mark><mark style=\"background-color:rgba(0, 0, 0, 0)\" class=\"has-inline-color has-primary-color\"><strong>.<\/strong><\/mark><\/mark><\/h3>\n\n\n\n<p class=\"has-small-font-size\">I partner rafforzano l'ecosistema in base alle proprie specializzazioni. Alcuni partner, come <a href=\"https:\/\/www.mpluskassa.nl\/koppelingen\/latest-collection\" target=\"_blank\" rel=\"noreferrer noopener\">MPlusKASSA<\/a>, integrano tecnicamente Latest Collection nelle loro soluzioni retail. Altri partner garantiscono la portata e l'adozione dei dati sulla moda all'interno del settore.<\/p>\n\n\n\n<p>Ci\u00f2 che li accomuna \u00e8 questo: arricchiscono la loro offerta con dati uniformi sui prodotti di moda, senza sostituire il loro prodotto principale.<\/p>\n\n\n\n<div class=\"wp-block-buttons is-layout-flex wp-block-buttons-is-layout-flex\">\n<div class=\"wp-block-button\"><a class=\"wp-block-button__link has-secondary-background-color has-background wp-element-button\" href=\"https:\/\/latestcollection.com\/it\/partners\/\">Visualizza tutti i partner<\/a><\/div>\n<\/div>\n<\/div>\n\n\n\n<div class=\"wp-block-column is-layout-flow wp-block-column-is-layout-flow\">\n<figure class=\"wp-block-image size-full\"><img loading=\"lazy\" decoding=\"async\" width=\"788\" height=\"940\" src=\"https:\/\/latestcollection.com\/wp-content\/uploads\/2026\/02\/POS-leverancier-met-data-fashion-data-ecosysteem.avif\" alt=\"POS leverancier met data fashion data ecosysteem\" class=\"wp-image-7983\" srcset=\"https:\/\/latestcollection.com\/wp-content\/uploads\/2026\/02\/POS-leverancier-met-data-fashion-data-ecosysteem.avif 788w, https:\/\/latestcollection.com\/wp-content\/uploads\/2026\/02\/POS-leverancier-met-data-fashion-data-ecosysteem-251x300.avif 251w, https:\/\/latestcollection.com\/wp-content\/uploads\/2026\/02\/POS-leverancier-met-data-fashion-data-ecosysteem-768x916.avif 768w, https:\/\/latestcollection.com\/wp-content\/uploads\/2026\/02\/POS-leverancier-met-data-fashion-data-ecosysteem-10x12.avif 10w, https:\/\/latestcollection.com\/wp-content\/uploads\/2026\/02\/POS-leverancier-met-data-fashion-data-ecosysteem-147x175.avif 147w\" sizes=\"auto, (max-width: 788px) 100vw, 788px\" \/><\/figure>\n<\/div>\n<\/div>\n\n\n\n<div class=\"wp-block-columns is-layout-flex wp-container-core-columns-is-layout-28f84493 wp-block-columns-is-layout-flex\">\n<div class=\"wp-block-column is-layout-flow wp-block-column-is-layout-flow\">\n<figure class=\"wp-block-image size-full\"><img loading=\"lazy\" decoding=\"async\" width=\"788\" height=\"940\" src=\"https:\/\/latestcollection.com\/wp-content\/uploads\/2026\/02\/Samenwerken-sneller-verkopen-retailer-schoenenwinkel.avif\" alt=\"Samenwerken sneller verkopen retailer schoenenwinkel\" class=\"wp-image-7985\" srcset=\"https:\/\/latestcollection.com\/wp-content\/uploads\/2026\/02\/Samenwerken-sneller-verkopen-retailer-schoenenwinkel.avif 788w, https:\/\/latestcollection.com\/wp-content\/uploads\/2026\/02\/Samenwerken-sneller-verkopen-retailer-schoenenwinkel-251x300.avif 251w, https:\/\/latestcollection.com\/wp-content\/uploads\/2026\/02\/Samenwerken-sneller-verkopen-retailer-schoenenwinkel-768x916.avif 768w, https:\/\/latestcollection.com\/wp-content\/uploads\/2026\/02\/Samenwerken-sneller-verkopen-retailer-schoenenwinkel-10x12.avif 10w, https:\/\/latestcollection.com\/wp-content\/uploads\/2026\/02\/Samenwerken-sneller-verkopen-retailer-schoenenwinkel-147x175.avif 147w\" sizes=\"auto, (max-width: 788px) 100vw, 788px\" \/><\/figure>\n<\/div>\n\n\n\n<div class=\"wp-block-column is-layout-flow wp-block-column-is-layout-flow\">\n<h3 class=\"wp-block-heading has-large-font-size\" style=\"font-style:normal;font-weight:600\"><mark style=\"background-color:rgba(0, 0, 0, 0)\" class=\"has-inline-color has-secondary-color\"><strong>Partner software come amplificatori commerciali<\/strong><\/mark><mark style=\"background-color:rgba(0, 0, 0, 0)\" class=\"has-inline-color has-primary-color\">.<\/mark><\/h3>\n\n\n\n<p>Per i fornitori e le piattaforme POS, la partecipazione all'ecosistema dei dati del settore moda rafforza la loro proposta.<\/p>\n\n\n\n<p>\u2713 Dati uniformi sul settore moda accelerano le implementazioni.<br>\u2713 I rivenditori lavorano con prodotti completi.<br>\u2713 Il valore percepito della soluzione aumenta.<\/p>\n\n\n\n<p>Collaborando con Latest Collection, si ottiene una scalabilit\u00e0 senza ulteriori sviluppi.<\/p>\n<\/div>\n<\/div>\n\n\n\n<h2 class=\"wp-block-heading has-large-font-size\" style=\"font-style:normal;font-weight:600\"><strong>I rivenditori come prova quotidiana<\/strong><mark style=\"background-color:rgba(0, 0, 0, 0)\" class=\"has-inline-color has-primary-color\">.<\/mark><\/h2>\n\n\n\n<p>I rivenditori notano immediatamente la differenza tra l'inserimento manuale e l'utilizzo di informazioni complete sugli articoli.<\/p>\n\n\n\n<p>\u2713 Le nuove collezioni vengono pubblicate pi\u00f9 velocemente.<br>\u2713 Le immagini dei prodotti vengono collegate automaticamente.<br>\u2713 I cicli di correzione sono ridotti.<\/p>\n\n\n\n<p>Sebbene i rivenditori non decidano direttamente sulla distribuzione dei dati, svolgono un ruolo chiave nell'ecosistema dei dati della moda.<\/p>\n\n\n\n<div class=\"wp-block-buttons is-content-justification-center is-layout-flex wp-container-core-buttons-is-layout-a89b3969 wp-block-buttons-is-layout-flex\">\n<div class=\"wp-block-button\"><a class=\"wp-block-button__link has-secondary-background-color has-background wp-element-button\" href=\"https:\/\/latestcollection.com\/it\/marche\/\">Visualizza i marchi affiliati<\/a><\/div>\n<\/div>\n\n\n\n<h2 class=\"wp-block-heading has-large-font-size\" style=\"font-style:normal;font-weight:600\"><mark style=\"background-color:rgba(0, 0, 0, 0)\" class=\"has-inline-color has-secondary-color\"><mark style=\"background-color:rgba(0, 0, 0, 0)\" class=\"has-inline-color has-secondary-color\"><mark style=\"background-color:rgba(0, 0, 0, 0)\" class=\"has-inline-color has-secondary-color\"><strong>La neutralit\u00e0 come fattore di crescita<\/strong><\/mark><\/mark><mark style=\"background-color:rgba(0, 0, 0, 0)\" class=\"has-inline-color has-primary-color\"><strong>.<\/strong><\/mark><\/mark><\/h2>\n\n\n\n<p class=\"has-small-font-size\">Latest Collection non \u00e8 un sistema di cassa, una piattaforma di e-commerce o un canale di vendita.<\/p>\n\n\n\n<p>Proprio perch\u00e9 la piattaforma non vuole assumere il controllo di nulla, pu\u00f2 connettere tutto.<\/p>\n\n\n\n<p>\u2713 La neutralit\u00e0 crea fiducia tra i partner.<br>\u2713 La collaborazione diventa pi\u00f9 semplice e scalabile.<br>\u2713 I brand forniscono i loro dati in modo centralizzato.<br>\u2713 I fornitori di software offrono una soluzione pi\u00f9 completa e distintiva.<\/p>\n\n\n\n<p>L'ecosistema dei dati della moda \u00e8 in crescita perch\u00e9 \u00e8 sicuro parteciparvi.<\/p>\n\n\n\n<h2 class=\"wp-block-heading has-large-font-size\" style=\"font-style:normal;font-weight:600\"><mark style=\"background-color:rgba(0, 0, 0, 0)\" class=\"has-inline-color has-secondary-color\"><mark style=\"background-color:rgba(0, 0, 0, 0)\" class=\"has-inline-color has-secondary-color\"><mark style=\"background-color:rgba(0, 0, 0, 0)\" class=\"has-inline-color has-secondary-color\"><strong>Un ecosistema in movimento<\/strong><\/mark><\/mark><mark style=\"background-color:rgba(0, 0, 0, 0)\" class=\"has-inline-color has-primary-color\"><strong>.<\/strong><\/mark><\/mark><\/h2>\n\n\n\n<p>L'ecosistema dei dati del settore moda non \u00e8 statico. Cresce con nuovi marchi, nuovi partner e nuove applicazioni. Ogni nuova connessione rafforza il flusso di dati. Pi\u00f9 ampia \u00e8 la rete, pi\u00f9 efficiente diventa la supply chain. Il passo successivo \u00e8 scoprire il ruolo della tua azienda in tutto questo.<\/p>\n\n\n\n<div class=\"wp-block-columns is-layout-flex wp-container-core-columns-is-layout-28f84493 wp-block-columns-is-layout-flex\">\n<div class=\"wp-block-column is-layout-flow wp-block-column-is-layout-flow\">\n<div class=\"wp-block-buttons is-content-justification-center is-layout-flex wp-container-core-buttons-is-layout-a89b3969 wp-block-buttons-is-layout-flex\">\n<div class=\"wp-block-button\"><a class=\"wp-block-button__link has-secondary-color has-primary-steun-background-color has-text-color has-background has-link-color wp-element-button\" href=\"https:\/\/latestcollection.com\/it\/partners\/\" target=\"_blank\" rel=\"noreferrer noopener\">Scopri i nostri partner<\/a><\/div>\n<\/div>\n<\/div>\n\n\n\n<div class=\"wp-block-column is-layout-flow wp-block-column-is-layout-flow\">\n<div class=\"wp-block-buttons is-content-justification-center is-layout-flex wp-container-core-buttons-is-layout-a89b3969 wp-block-buttons-is-layout-flex\">\n<div class=\"wp-block-button\"><a class=\"wp-block-button__link has-secondary-color has-primary-steun-background-color has-text-color has-background has-link-color wp-element-button\" href=\"https:\/\/latestcollection.com\/it\/marche\/\" target=\"_blank\" rel=\"noreferrer noopener\">Visualizza i marchi affiliati<\/a><\/div>\n<\/div>\n<\/div>\n\n\n\n<div class=\"wp-block-column is-layout-flow wp-block-column-is-layout-flow\">\n<div class=\"wp-block-buttons is-content-justification-center is-layout-flex wp-container-core-buttons-is-layout-a89b3969 wp-block-buttons-is-layout-flex\">\n<div class=\"wp-block-button\"><a class=\"wp-block-button__link has-secondary-color has-primary-steun-background-color has-text-color has-background has-link-color wp-element-button\" href=\"https:\/\/latestcollection.com\/it\/contatto\/\" target=\"_blank\" rel=\"noreferrer noopener\">Contattate<\/a><\/div>\n<\/div>\n<\/div>\n<\/div>\n<\/div>\n<\/div>\n\n\n\n<div class=\"wp-block-indrukwekkend-slider alignfull\"><div class=\"wp-block-indrukwekkend-slider__icons\" data-fade=\"false\" data-dots=\"true\" data-pause=\"false\" data-speed=\"4700\" data-autoplay=\"true\" data-autospeed=\"150\" data-slidestoshow=\"6\" data-slidestoscroll=\"1\"><figure class=\"afbeelding\" style=\"display:none\"><img decoding=\"async\" src=\"https:\/\/latestcollection.com\/wp-content\/uploads\/2026\/04\/Qliqpoint-partner-Latest-Collection-350x175.avif\" alt=\"Qliqpoint partner Latest Collection\" data-id=\"8225\"\/><\/figure><figure class=\"afbeelding\" style=\"display:none\"><img decoding=\"async\" src=\"https:\/\/latestcollection.com\/wp-content\/uploads\/2026\/02\/Partner-FashionUnited-eBusiness-263x175.avif\" alt=\"Partner FashionUnited eBusiness\" data-id=\"7958\"\/><\/figure><figure class=\"afbeelding\" style=\"display:none\"><img decoding=\"async\" src=\"https:\/\/latestcollection.com\/wp-content\/uploads\/2026\/02\/Partner-Retail2Market-263x175.avif\" alt=\"Partner Retail2Market\" data-id=\"7959\"\/><\/figure><figure class=\"afbeelding\" style=\"display:none\"><img decoding=\"async\" src=\"https:\/\/latestcollection.com\/wp-content\/uploads\/2026\/02\/Partner-MPlusKASSA-263x175.avif\" alt=\"Partner MPlusKASSA\" data-id=\"7960\"\/><\/figure><figure class=\"afbeelding\" style=\"display:none\"><img decoding=\"async\" src=\"https:\/\/latestcollection.com\/wp-content\/uploads\/2026\/02\/EasyPOS-software-263x175.avif\" alt=\"EasyPOS software\" data-id=\"7968\"\/><\/figure><figure class=\"afbeelding\" style=\"display:none\"><img decoding=\"async\" src=\"https:\/\/latestcollection.com\/wp-content\/uploads\/2026\/02\/Kubus-content-263x175.avif\" alt=\"Kubus content\" data-id=\"7969\"\/><\/figure><figure class=\"afbeelding\" style=\"display:none\"><img decoding=\"async\" src=\"https:\/\/latestcollection.com\/wp-content\/uploads\/2026\/02\/Techdog-group-263x175.avif\" alt=\"Techdog group\" data-id=\"7970\"\/><\/figure><figure class=\"afbeelding\" style=\"display:none\"><img decoding=\"async\" src=\"https:\/\/latestcollection.com\/wp-content\/uploads\/2026\/04\/Qliqpoint-partner-Latest-Collection-1-350x175.avif\" alt=\"Qliqpoint partner Latest Collection\" data-id=\"8226\"\/><\/figure><figure class=\"afbeelding\" style=\"display:none\"><img decoding=\"async\" src=\"https:\/\/latestcollection.com\/wp-content\/uploads\/2026\/02\/Partner-FashionUnited-eBusiness-1-263x175.avif\" alt=\"Partner FashionUnited eBusiness\" data-id=\"7965\"\/><\/figure><figure class=\"afbeelding\" style=\"display:none\"><img decoding=\"async\" src=\"https:\/\/latestcollection.com\/wp-content\/uploads\/2026\/02\/Partner-Retail2Market-1-263x175.avif\" alt=\"Partner Retail2Market\" data-id=\"7966\"\/><\/figure><figure class=\"afbeelding\" style=\"display:none\"><img decoding=\"async\" src=\"https:\/\/latestcollection.com\/wp-content\/uploads\/2026\/02\/Partner-MPlusKASSA-1-263x175.avif\" alt=\"Partner MPlusKASSA\" data-id=\"7964\"\/><\/figure><figure class=\"afbeelding\" style=\"display:none\"><img decoding=\"async\" src=\"https:\/\/latestcollection.com\/wp-content\/uploads\/2026\/02\/EasyPOS-software-1-263x175.avif\" alt=\"EasyPOS software\" data-id=\"7972\"\/><\/figure><figure class=\"afbeelding\" style=\"display:none\"><img decoding=\"async\" src=\"https:\/\/latestcollection.com\/wp-content\/uploads\/2026\/02\/Kubus-content-1-263x175.avif\" alt=\"Kubus content\" data-id=\"7973\"\/><\/figure><figure class=\"afbeelding\" style=\"display:none\"><img decoding=\"async\" src=\"https:\/\/latestcollection.com\/wp-content\/uploads\/2026\/02\/Techdog-group-1-263x175.avif\" alt=\"Techdog group\" data-id=\"7971\"\/><\/figure><\/div><\/div>","protected":false},"excerpt":{"rendered":"<p>Het fashion data ecosysteem. De fashionketen bestaat uit merken, softwarepartners, retailers en platformen die afhankelijk zijn van dezelfde productinformatie. Toch &hellip; <a href=\"https:\/\/latestcollection.com\/it\/fashion-data-ecosysteem\/\"><\/a><\/p>","protected":false},"author":2,"featured_media":7982,"parent":0,"menu_order":0,"comment_status":"closed","ping_status":"closed","template":"","meta":{"_acf_changed":false,"footnotes":""},"class_list":["post-7653","page","type-page","status-publish","has-post-thumbnail","hentry"],"acf":[],"_links":{"self":[{"href":"https:\/\/latestcollection.com\/it\/wp-json\/wp\/v2\/pages\/7653","targetHints":{"allow":["GET"]}}],"collection":[{"href":"https:\/\/latestcollection.com\/it\/wp-json\/wp\/v2\/pages"}],"about":[{"href":"https:\/\/latestcollection.com\/it\/wp-json\/wp\/v2\/types\/page"}],"author":[{"embeddable":true,"href":"https:\/\/latestcollection.com\/it\/wp-json\/wp\/v2\/users\/2"}],"replies":[{"embeddable":true,"href":"https:\/\/latestcollection.com\/it\/wp-json\/wp\/v2\/comments?post=7653"}],"version-history":[{"count":5,"href":"https:\/\/latestcollection.com\/it\/wp-json\/wp\/v2\/pages\/7653\/revisions"}],"predecessor-version":[{"id":7992,"href":"https:\/\/latestcollection.com\/it\/wp-json\/wp\/v2\/pages\/7653\/revisions\/7992"}],"wp:featuredmedia":[{"embeddable":true,"href":"https:\/\/latestcollection.com\/it\/wp-json\/wp\/v2\/media\/7982"}],"wp:attachment":[{"href":"https:\/\/latestcollection.com\/it\/wp-json\/wp\/v2\/media?parent=7653"}],"curies":[{"name":"wp","href":"https:\/\/api.w.org\/{rel}","templated":true}]}}