{"id":7653,"date":"2026-01-07T12:56:28","date_gmt":"2026-01-07T11:56:28","guid":{"rendered":"https:\/\/latestcollection.com\/?page_id=7653"},"modified":"2026-02-20T17:49:34","modified_gmt":"2026-02-20T16:49:34","slug":"ecosysteme-de-donnees-de-la-mode","status":"publish","type":"page","link":"https:\/\/latestcollection.com\/fr\/fashion-data-ecosysteem\/","title":{"rendered":"L'\u00e9cosyst\u00e8me des donn\u00e9es de la mode"},"content":{"rendered":"<div class=\"wp-block-group alignfull is-layout-constrained wp-block-group-is-layout-constrained\">\n<div class=\"wp-block-group is-layout-constrained wp-block-group-is-layout-constrained\">\n<div class=\"wp-block-cover is-light has-custom-content-position is-position-bottom-center\"><img loading=\"lazy\" decoding=\"async\" width=\"2048\" height=\"750\" class=\"wp-block-cover__image-background wp-image-7982 size-full\" alt=\"LatesCollection, donn\u00e9es sur les articles de mode circulant dans l&#039;\u00e9cosyst\u00e8me\" src=\"https:\/\/latestcollection.com\/wp-content\/uploads\/2026\/02\/Latest-Collection-fashion-artikeldata-stroming-ecosysteem-.avif\" style=\"object-position:68% 58%\" data-object-fit=\"cover\" data-object-position=\"68% 58%\" srcset=\"https:\/\/latestcollection.com\/wp-content\/uploads\/2026\/02\/Latest-Collection-fashion-artikeldata-stroming-ecosysteem-.avif 2048w, https:\/\/latestcollection.com\/wp-content\/uploads\/2026\/02\/Latest-Collection-fashion-artikeldata-stroming-ecosysteem--300x110.avif 300w, https:\/\/latestcollection.com\/wp-content\/uploads\/2026\/02\/Latest-Collection-fashion-artikeldata-stroming-ecosysteem--1024x375.avif 1024w, https:\/\/latestcollection.com\/wp-content\/uploads\/2026\/02\/Latest-Collection-fashion-artikeldata-stroming-ecosysteem--768x281.avif 768w, https:\/\/latestcollection.com\/wp-content\/uploads\/2026\/02\/Latest-Collection-fashion-artikeldata-stroming-ecosysteem--1536x563.avif 1536w, https:\/\/latestcollection.com\/wp-content\/uploads\/2026\/02\/Latest-Collection-fashion-artikeldata-stroming-ecosysteem--18x7.avif 18w, https:\/\/latestcollection.com\/wp-content\/uploads\/2026\/02\/Latest-Collection-fashion-artikeldata-stroming-ecosysteem--478x175.avif 478w\" sizes=\"auto, (max-width: 2048px) 100vw, 2048px\" \/><span aria-hidden=\"true\" class=\"wp-block-cover__background has-background-dim-0 has-background-dim\" style=\"background-color:#b59b8d\"><\/span><div class=\"wp-block-cover__inner-container is-layout-flow wp-block-cover-is-layout-flow\">\n<p class=\"has-text-align-center has-large-font-size\"><\/p>\n<\/div><\/div>\n\n\n\n<div class=\"wp-block-group is-content-justification-left is-layout-constrained wp-container-core-group-is-layout-414f9025 wp-block-group-is-layout-constrained\">\n<h2 class=\"wp-block-heading has-large-font-size\" style=\"font-style:normal;font-weight:600\"><strong>L'\u00e9cosyst\u00e8me des donn\u00e9es de la mode<\/strong><mark style=\"background-color:rgba(0, 0, 0, 0)\" class=\"has-inline-color has-primary-color\">.<\/mark><\/h2>\n\n\n\n<p>La cha\u00eene d'approvisionnement de la mode comprend des marques, des partenaires logiciels, des d\u00e9taillants et des plateformes qui utilisent les m\u00eames informations produits. Pourtant, ces informations circulent rarement de mani\u00e8re fluide tout au long de la cha\u00eene.<\/p>\n\n\n\n<p>Les donn\u00e9es des articles sont transf\u00e9r\u00e9es, modifi\u00e9es et saisies \u00e0 nouveau. Non par r\u00e9ticence, mais parce qu'il n'existe pas de couche de donn\u00e9es centrale reliant l'ensemble des informations.<\/p>\n\n\n\n<p>Latest Collection remplit exactement ce r\u00f4le.<\/p>\n\n\n\n<h2 class=\"wp-block-heading has-large-font-size\" style=\"font-style:normal;font-weight:600\"><strong>Une couche de donn\u00e9es partag\u00e9e pour le commerce de d\u00e9tail de la mode<\/strong><mark style=\"background-color:rgba(0, 0, 0, 0)\" class=\"has-inline-color has-primary-color\">.<\/mark><\/h2>\n\n\n\n<p>Latest Collection est la plateforme de donn\u00e9es de mode qui r\u00e9unit marques, partenaires logiciels et d\u00e9taillants au sein d'un \u00e9cosyst\u00e8me unifi\u00e9.<\/p>\n\n\n\n<p>La plateforme\u00a0:<\/p>\n\n\n\n<ul class=\"wp-block-list\">\n<li>collecte les donn\u00e9es des produits de mode<\/li>\n\n\n\n<li>les structure et les normalise<\/li>\n\n\n\n<li>met ces donn\u00e9es \u00e0 disposition pour des solutions connect\u00e9es<\/li>\n<\/ul>\n\n\n\n<p>Non pas en tant que propri\u00e9taire de la cha\u00eene, mais en tant qu\u2019infrastructure de connexion.<\/p>\n<\/div>\n\n\n\n<div class=\"wp-block-columns is-layout-flex wp-container-core-columns-is-layout-28f84493 wp-block-columns-is-layout-flex\">\n<div class=\"wp-block-column is-layout-flow wp-block-column-is-layout-flow\">\n<figure class=\"wp-block-image size-full\"><img loading=\"lazy\" decoding=\"async\" width=\"788\" height=\"940\" src=\"https:\/\/latestcollection.com\/wp-content\/uploads\/2026\/02\/Samenwerken-sneller-verkopen.avif\" alt=\"Samenwerken sneller verkopen\" class=\"wp-image-7984\" srcset=\"https:\/\/latestcollection.com\/wp-content\/uploads\/2026\/02\/Samenwerken-sneller-verkopen.avif 788w, https:\/\/latestcollection.com\/wp-content\/uploads\/2026\/02\/Samenwerken-sneller-verkopen-251x300.avif 251w, https:\/\/latestcollection.com\/wp-content\/uploads\/2026\/02\/Samenwerken-sneller-verkopen-768x916.avif 768w, https:\/\/latestcollection.com\/wp-content\/uploads\/2026\/02\/Samenwerken-sneller-verkopen-10x12.avif 10w, https:\/\/latestcollection.com\/wp-content\/uploads\/2026\/02\/Samenwerken-sneller-verkopen-147x175.avif 147w\" sizes=\"auto, (max-width: 788px) 100vw, 788px\" \/><\/figure>\n<\/div>\n\n\n\n<div class=\"wp-block-column is-layout-flow wp-block-column-is-layout-flow\">\n<h3 class=\"wp-block-heading has-large-font-size\" style=\"font-style:normal;font-weight:600\"><mark style=\"background-color:rgba(0, 0, 0, 0)\" class=\"has-inline-color has-secondary-color\"><strong><strong><mark style=\"background-color:rgba(0, 0, 0, 0)\" class=\"has-inline-color has-secondary-color\"><strong>Collaborer au lieu de remplacer<\/strong><\/mark><\/strong><\/strong><\/mark><mark style=\"background-color:rgba(0, 0, 0, 0)\" class=\"has-inline-color has-primary-color\">.<\/mark><\/h3>\n\n\n\n<p>Sur de nombreux march\u00e9s de logiciels, la croissance repose sur le remplacement. Les nouveaux syst\u00e8mes prennent le relais et marginalisent les acteurs existants. Latest Collection privil\u00e9gie une approche diff\u00e9rente.<\/p>\n\n\n\n<p>Les marques continuent d'utiliser leurs propres syst\u00e8mes. Les partenaires logiciels conservent leurs syst\u00e8mes de point de vente et de gestion administrative. Les d\u00e9taillants travaillent dans leur environnement habituel. La plateforme vient enrichir les solutions existantes.<\/p>\n\n\n\n<p>Une couche de donn\u00e9es partag\u00e9e unique permet une collaboration sans d\u00e9pendance et une mise \u00e0 l'\u00e9chelle sans perte d'autonomie.<\/p>\n<\/div>\n<\/div>\n\n\n\n<div class=\"wp-block-columns is-layout-flex wp-container-core-columns-is-layout-28f84493 wp-block-columns-is-layout-flex\">\n<div class=\"wp-block-column is-layout-flow wp-block-column-is-layout-flow\">\n<h3 class=\"wp-block-heading has-large-font-size\" style=\"font-style:normal;font-weight:600\"><mark style=\"background-color:rgba(0, 0, 0, 0)\" class=\"has-inline-color has-secondary-color\"><mark style=\"background-color:rgba(0, 0, 0, 0)\" class=\"has-inline-color has-secondary-color\"><mark style=\"background-color:rgba(0, 0, 0, 0)\" class=\"has-inline-color has-secondary-color\"><strong>Le r\u00f4le des partenaires dans l'\u00e9cosyst\u00e8me des donn\u00e9es de la mode<\/strong><\/mark><\/mark><mark style=\"background-color:rgba(0, 0, 0, 0)\" class=\"has-inline-color has-primary-color\"><strong>.<\/strong><\/mark><\/mark><\/h3>\n\n\n\n<p class=\"has-small-font-size\">Les partenaires renforcent l'\u00e9cosyst\u00e8me gr\u00e2ce \u00e0 leurs sp\u00e9cialisations respectives. Certains, comme <a href=\"https:\/\/www.mpluskassa.nl\/koppelingen\/latest-collection\" target=\"_blank\" rel=\"noreferrer noopener\">MPlusKASSA<\/a>, int\u00e8grent techniquement Latest Collection \u00e0 leurs solutions de vente au d\u00e9tail. D'autres assurent la diffusion et l'adoption des donn\u00e9es de mode au sein du secteur.<\/p>\n\n\n\n<p>Leur point commun\u00a0? Ils enrichissent leurs offres avec des donn\u00e9es produits de mode uniformes, sans pour autant remplacer leur produit principal.<\/p>\n\n\n\n<div class=\"wp-block-buttons is-layout-flex wp-block-buttons-is-layout-flex\">\n<div class=\"wp-block-button\"><a class=\"wp-block-button__link has-secondary-background-color has-background wp-element-button\" href=\"https:\/\/latestcollection.com\/fr\/partners\/\">Voir tous les partenaires<\/a><\/div>\n<\/div>\n<\/div>\n\n\n\n<div class=\"wp-block-column is-layout-flow wp-block-column-is-layout-flow\">\n<figure class=\"wp-block-image size-full\"><img loading=\"lazy\" decoding=\"async\" width=\"788\" height=\"940\" src=\"https:\/\/latestcollection.com\/wp-content\/uploads\/2026\/02\/POS-leverancier-met-data-fashion-data-ecosysteem.avif\" alt=\"POS leverancier met data fashion data ecosysteem\" class=\"wp-image-7983\" srcset=\"https:\/\/latestcollection.com\/wp-content\/uploads\/2026\/02\/POS-leverancier-met-data-fashion-data-ecosysteem.avif 788w, https:\/\/latestcollection.com\/wp-content\/uploads\/2026\/02\/POS-leverancier-met-data-fashion-data-ecosysteem-251x300.avif 251w, https:\/\/latestcollection.com\/wp-content\/uploads\/2026\/02\/POS-leverancier-met-data-fashion-data-ecosysteem-768x916.avif 768w, https:\/\/latestcollection.com\/wp-content\/uploads\/2026\/02\/POS-leverancier-met-data-fashion-data-ecosysteem-10x12.avif 10w, https:\/\/latestcollection.com\/wp-content\/uploads\/2026\/02\/POS-leverancier-met-data-fashion-data-ecosysteem-147x175.avif 147w\" sizes=\"auto, (max-width: 788px) 100vw, 788px\" \/><\/figure>\n<\/div>\n<\/div>\n\n\n\n<div class=\"wp-block-columns is-layout-flex wp-container-core-columns-is-layout-28f84493 wp-block-columns-is-layout-flex\">\n<div class=\"wp-block-column is-layout-flow wp-block-column-is-layout-flow\">\n<figure class=\"wp-block-image size-full\"><img loading=\"lazy\" decoding=\"async\" width=\"788\" height=\"940\" src=\"https:\/\/latestcollection.com\/wp-content\/uploads\/2026\/02\/Samenwerken-sneller-verkopen-retailer-schoenenwinkel.avif\" alt=\"Samenwerken sneller verkopen retailer schoenenwinkel\" class=\"wp-image-7985\" srcset=\"https:\/\/latestcollection.com\/wp-content\/uploads\/2026\/02\/Samenwerken-sneller-verkopen-retailer-schoenenwinkel.avif 788w, https:\/\/latestcollection.com\/wp-content\/uploads\/2026\/02\/Samenwerken-sneller-verkopen-retailer-schoenenwinkel-251x300.avif 251w, https:\/\/latestcollection.com\/wp-content\/uploads\/2026\/02\/Samenwerken-sneller-verkopen-retailer-schoenenwinkel-768x916.avif 768w, https:\/\/latestcollection.com\/wp-content\/uploads\/2026\/02\/Samenwerken-sneller-verkopen-retailer-schoenenwinkel-10x12.avif 10w, https:\/\/latestcollection.com\/wp-content\/uploads\/2026\/02\/Samenwerken-sneller-verkopen-retailer-schoenenwinkel-147x175.avif 147w\" sizes=\"auto, (max-width: 788px) 100vw, 788px\" \/><\/figure>\n<\/div>\n\n\n\n<div class=\"wp-block-column is-layout-flow wp-block-column-is-layout-flow\">\n<h3 class=\"wp-block-heading has-large-font-size\" style=\"font-style:normal;font-weight:600\"><mark style=\"background-color:rgba(0, 0, 0, 0)\" class=\"has-inline-color has-secondary-color\"><strong>Les partenaires logiciels comme amplificateurs commerciaux<\/strong><\/mark><mark style=\"background-color:rgba(0, 0, 0, 0)\" class=\"has-inline-color has-primary-color\">.<\/mark><\/h3>\n\n\n\n<p>Pour les fournisseurs de solutions de point de vente et les plateformes, participer \u00e0 l'\u00e9cosyst\u00e8me des donn\u00e9es de la mode renforce leur proposition de valeur.<\/p>\n\n\n\n<p>\u2713 Des donn\u00e9es de mode uniformes acc\u00e9l\u00e8rent les d\u00e9ploiements.<br>\u2713 Les d\u00e9taillants travaillent avec des produits complets.<br>\u2713 La valeur per\u00e7ue de la solution augmente.<\/p>\n\n\n\n<p>En collaborant avec Latest Collection, il est possible d'atteindre une taille critique sans d\u00e9veloppement suppl\u00e9mentaire.<\/p>\n<\/div>\n<\/div>\n\n\n\n<h2 class=\"wp-block-heading has-large-font-size\" style=\"font-style:normal;font-weight:600\"><strong>Les d\u00e9taillants comme preuve quotidienne<\/strong><mark style=\"background-color:rgba(0, 0, 0, 0)\" class=\"has-inline-color has-primary-color\">.<\/mark><\/h2>\n\n\n\n<p>Les d\u00e9taillants constatent imm\u00e9diatement la diff\u00e9rence entre la saisie manuelle et le travail avec des informations compl\u00e8tes sur les articles.<\/p>\n\n\n\n<p>\u2713 Les nouvelles collections sont mises en ligne plus rapidement.<br>\u2713 Les images des produits sont automatiquement li\u00e9es.<br>\u2713 Le nombre de corrections est r\u00e9duit.<\/p>\n\n\n\n<p>Bien que les d\u00e9taillants ne d\u00e9cident pas directement de la diffusion des donn\u00e9es, ils jouent un r\u00f4le essentiel au sein de l'\u00e9cosyst\u00e8me des donn\u00e9es de la mode.<\/p>\n\n\n\n<div class=\"wp-block-buttons is-content-justification-center is-layout-flex wp-container-core-buttons-is-layout-a89b3969 wp-block-buttons-is-layout-flex\">\n<div class=\"wp-block-button\"><a class=\"wp-block-button__link has-secondary-background-color has-background wp-element-button\" href=\"https:\/\/latestcollection.com\/fr\/merken\/\">Voir les marques affili\u00e9es<\/a><\/div>\n<\/div>\n\n\n\n<h2 class=\"wp-block-heading has-large-font-size\" style=\"font-style:normal;font-weight:600\"><mark style=\"background-color:rgba(0, 0, 0, 0)\" class=\"has-inline-color has-secondary-color\"><mark style=\"background-color:rgba(0, 0, 0, 0)\" class=\"has-inline-color has-secondary-color\"><mark style=\"background-color:rgba(0, 0, 0, 0)\" class=\"has-inline-color has-secondary-color\"><strong>La neutralit\u00e9 comme facteur de croissance<\/strong><\/mark><\/mark><mark style=\"background-color:rgba(0, 0, 0, 0)\" class=\"has-inline-color has-primary-color\"><strong>.<\/strong><\/mark><\/mark><\/h2>\n\n\n\n<p class=\"has-small-font-size\">Latest Collection n'est ni un syst\u00e8me de caisse enregistreuse, ni une plateforme de boutique en ligne, ni un canal de vente.<\/p>\n\n\n\n<p>Pr\u00e9cis\u00e9ment parce que la plateforme ne cherche pas \u00e0 prendre le contr\u00f4le, elle peut tout connecter.<\/p>\n\n\n\n<p>\u2713 La neutralit\u00e9 instaure la confiance entre les partenaires.<br>\u2713 La collaboration est simplifi\u00e9e et \u00e9volutive.<br>\u2713 Les marques centralisent leurs donn\u00e9es.<br>\u2713 Les \u00e9diteurs de logiciels proposent une solution plus compl\u00e8te et personnalis\u00e9e.<\/p>\n\n\n\n<p>L'\u00e9cosyst\u00e8me des donn\u00e9es de la mode se d\u00e9veloppe car il est s\u00fbr d'y participer.<\/p>\n\n\n\n<h2 class=\"wp-block-heading has-large-font-size\" style=\"font-style:normal;font-weight:600\"><mark style=\"background-color:rgba(0, 0, 0, 0)\" class=\"has-inline-color has-secondary-color\"><mark style=\"background-color:rgba(0, 0, 0, 0)\" class=\"has-inline-color has-secondary-color\"><mark style=\"background-color:rgba(0, 0, 0, 0)\" class=\"has-inline-color has-secondary-color\"><strong>Un \u00e9cosyst\u00e8me en mouvement<\/strong><\/mark><\/mark><mark style=\"background-color:rgba(0, 0, 0, 0)\" class=\"has-inline-color has-primary-color\"><strong>.<\/strong><\/mark><\/mark><\/h2>\n\n\n\n<p>L'\u00e9cosyst\u00e8me des donn\u00e9es de la mode est en constante \u00e9volution. Il se d\u00e9veloppe gr\u00e2ce \u00e0 l'arriv\u00e9e de nouvelles marques, de nouveaux partenaires et de nouvelles applications. Chaque nouvelle connexion renforce le flux de donn\u00e9es. Plus le r\u00e9seau est \u00e9tendu, plus la cha\u00eene d'approvisionnement est efficace. La prochaine \u00e9tape consiste \u00e0 identifier le r\u00f4le que votre entreprise peut y jouer.<\/p>\n\n\n\n<div class=\"wp-block-columns is-layout-flex wp-container-core-columns-is-layout-28f84493 wp-block-columns-is-layout-flex\">\n<div class=\"wp-block-column is-layout-flow wp-block-column-is-layout-flow\">\n<div class=\"wp-block-buttons is-content-justification-center is-layout-flex wp-container-core-buttons-is-layout-a89b3969 wp-block-buttons-is-layout-flex\">\n<div class=\"wp-block-button\"><a class=\"wp-block-button__link has-secondary-color has-primary-steun-background-color has-text-color has-background has-link-color wp-element-button\" href=\"https:\/\/latestcollection.com\/fr\/partners\/\" target=\"_blank\" rel=\"noreferrer noopener\">D\u00e9couvrez nos partenaires<\/a><\/div>\n<\/div>\n<\/div>\n\n\n\n<div class=\"wp-block-column is-layout-flow wp-block-column-is-layout-flow\">\n<div class=\"wp-block-buttons is-content-justification-center is-layout-flex wp-container-core-buttons-is-layout-a89b3969 wp-block-buttons-is-layout-flex\">\n<div class=\"wp-block-button\"><a class=\"wp-block-button__link has-secondary-color has-primary-steun-background-color has-text-color has-background has-link-color wp-element-button\" href=\"https:\/\/latestcollection.com\/fr\/merken\/\" target=\"_blank\" rel=\"noreferrer noopener\">Voir les marques affili\u00e9es<\/a><\/div>\n<\/div>\n<\/div>\n\n\n\n<div class=\"wp-block-column is-layout-flow wp-block-column-is-layout-flow\">\n<div class=\"wp-block-buttons is-content-justification-center is-layout-flex wp-container-core-buttons-is-layout-a89b3969 wp-block-buttons-is-layout-flex\">\n<div class=\"wp-block-button\"><a class=\"wp-block-button__link has-secondary-color has-primary-steun-background-color has-text-color has-background has-link-color wp-element-button\" href=\"https:\/\/latestcollection.com\/fr\/contact\/\" target=\"_blank\" rel=\"noreferrer noopener\">Contactez-nous<\/a><\/div>\n<\/div>\n<\/div>\n<\/div>\n<\/div>\n<\/div>\n\n\n\n<div class=\"wp-block-indrukwekkend-slider alignfull\"><div class=\"wp-block-indrukwekkend-slider__icons\" data-fade=\"false\" data-dots=\"true\" data-pause=\"false\" data-speed=\"4700\" data-autoplay=\"true\" data-autospeed=\"150\" data-slidestoshow=\"6\" data-slidestoscroll=\"1\"><figure class=\"afbeelding\" style=\"display:none\"><img decoding=\"async\" src=\"https:\/\/latestcollection.com\/wp-content\/uploads\/2026\/04\/Qliqpoint-partner-Latest-Collection-350x175.avif\" alt=\"Qliqpoint partner Latest Collection\" data-id=\"8225\"\/><\/figure><figure class=\"afbeelding\" style=\"display:none\"><img decoding=\"async\" src=\"https:\/\/latestcollection.com\/wp-content\/uploads\/2026\/02\/Partner-FashionUnited-eBusiness-263x175.avif\" alt=\"Partner FashionUnited eBusiness\" data-id=\"7958\"\/><\/figure><figure class=\"afbeelding\" style=\"display:none\"><img decoding=\"async\" src=\"https:\/\/latestcollection.com\/wp-content\/uploads\/2026\/02\/Partner-Retail2Market-263x175.avif\" alt=\"Partner Retail2Market\" data-id=\"7959\"\/><\/figure><figure class=\"afbeelding\" style=\"display:none\"><img decoding=\"async\" src=\"https:\/\/latestcollection.com\/wp-content\/uploads\/2026\/02\/Partner-MPlusKASSA-263x175.avif\" alt=\"Partner MPlusKASSA\" data-id=\"7960\"\/><\/figure><figure class=\"afbeelding\" style=\"display:none\"><img decoding=\"async\" src=\"https:\/\/latestcollection.com\/wp-content\/uploads\/2026\/02\/EasyPOS-software-263x175.avif\" alt=\"EasyPOS software\" data-id=\"7968\"\/><\/figure><figure class=\"afbeelding\" style=\"display:none\"><img decoding=\"async\" src=\"https:\/\/latestcollection.com\/wp-content\/uploads\/2026\/02\/Kubus-content-263x175.avif\" alt=\"Kubus content\" data-id=\"7969\"\/><\/figure><figure class=\"afbeelding\" style=\"display:none\"><img decoding=\"async\" src=\"https:\/\/latestcollection.com\/wp-content\/uploads\/2026\/02\/Techdog-group-263x175.avif\" alt=\"Techdog group\" data-id=\"7970\"\/><\/figure><figure class=\"afbeelding\" style=\"display:none\"><img decoding=\"async\" src=\"https:\/\/latestcollection.com\/wp-content\/uploads\/2026\/04\/Qliqpoint-partner-Latest-Collection-1-350x175.avif\" alt=\"Qliqpoint partner Latest Collection\" data-id=\"8226\"\/><\/figure><figure class=\"afbeelding\" style=\"display:none\"><img decoding=\"async\" src=\"https:\/\/latestcollection.com\/wp-content\/uploads\/2026\/02\/Partner-FashionUnited-eBusiness-1-263x175.avif\" alt=\"Partner FashionUnited eBusiness\" data-id=\"7965\"\/><\/figure><figure class=\"afbeelding\" style=\"display:none\"><img decoding=\"async\" src=\"https:\/\/latestcollection.com\/wp-content\/uploads\/2026\/02\/Partner-Retail2Market-1-263x175.avif\" alt=\"Partner Retail2Market\" data-id=\"7966\"\/><\/figure><figure class=\"afbeelding\" style=\"display:none\"><img decoding=\"async\" src=\"https:\/\/latestcollection.com\/wp-content\/uploads\/2026\/02\/Partner-MPlusKASSA-1-263x175.avif\" alt=\"Partner MPlusKASSA\" data-id=\"7964\"\/><\/figure><figure class=\"afbeelding\" style=\"display:none\"><img decoding=\"async\" src=\"https:\/\/latestcollection.com\/wp-content\/uploads\/2026\/02\/EasyPOS-software-1-263x175.avif\" alt=\"EasyPOS software\" data-id=\"7972\"\/><\/figure><figure class=\"afbeelding\" style=\"display:none\"><img decoding=\"async\" src=\"https:\/\/latestcollection.com\/wp-content\/uploads\/2026\/02\/Kubus-content-1-263x175.avif\" alt=\"Kubus content\" data-id=\"7973\"\/><\/figure><figure class=\"afbeelding\" style=\"display:none\"><img decoding=\"async\" src=\"https:\/\/latestcollection.com\/wp-content\/uploads\/2026\/02\/Techdog-group-1-263x175.avif\" alt=\"Techdog group\" data-id=\"7971\"\/><\/figure><\/div><\/div>","protected":false},"excerpt":{"rendered":"<p>Het fashion data ecosysteem. De fashionketen bestaat uit merken, softwarepartners, retailers en platformen die afhankelijk zijn van dezelfde productinformatie. Toch &hellip; <a href=\"https:\/\/latestcollection.com\/fr\/fashion-data-ecosysteem\/\"><\/a><\/p>","protected":false},"author":2,"featured_media":7982,"parent":0,"menu_order":0,"comment_status":"closed","ping_status":"closed","template":"","meta":{"_acf_changed":false,"footnotes":""},"class_list":["post-7653","page","type-page","status-publish","has-post-thumbnail","hentry"],"acf":[],"_links":{"self":[{"href":"https:\/\/latestcollection.com\/fr\/wp-json\/wp\/v2\/pages\/7653","targetHints":{"allow":["GET"]}}],"collection":[{"href":"https:\/\/latestcollection.com\/fr\/wp-json\/wp\/v2\/pages"}],"about":[{"href":"https:\/\/latestcollection.com\/fr\/wp-json\/wp\/v2\/types\/page"}],"author":[{"embeddable":true,"href":"https:\/\/latestcollection.com\/fr\/wp-json\/wp\/v2\/users\/2"}],"replies":[{"embeddable":true,"href":"https:\/\/latestcollection.com\/fr\/wp-json\/wp\/v2\/comments?post=7653"}],"version-history":[{"count":5,"href":"https:\/\/latestcollection.com\/fr\/wp-json\/wp\/v2\/pages\/7653\/revisions"}],"predecessor-version":[{"id":7992,"href":"https:\/\/latestcollection.com\/fr\/wp-json\/wp\/v2\/pages\/7653\/revisions\/7992"}],"wp:featuredmedia":[{"embeddable":true,"href":"https:\/\/latestcollection.com\/fr\/wp-json\/wp\/v2\/media\/7982"}],"wp:attachment":[{"href":"https:\/\/latestcollection.com\/fr\/wp-json\/wp\/v2\/media?parent=7653"}],"curies":[{"name":"wp","href":"https:\/\/api.w.org\/{rel}","templated":true}]}}