{"id":670,"date":"2023-08-04T11:09:25","date_gmt":"2023-08-04T09:09:25","guid":{"rendered":"https:\/\/latestcollection.com\/?page_id=670"},"modified":"2023-12-15T11:48:05","modified_gmt":"2023-12-15T10:48:05","slug":"bedankt-inschrijven-nieuwsbrief","status":"publish","type":"page","link":"https:\/\/latestcollection.com\/fr\/bedankt-inschrijven-nieuwsbrief\/","title":{"rendered":"Merci pour votre abonnement"},"content":{"rendered":"<p>Welkom bij Latest Collection by Softwear!<\/p>\n\n\n\n<p>We zijn verheugd je te verwelkomen in onze community. Bedankt voor het inschrijven op onze nieuwsbrief. Je hebt nu toegang tot exclusieve updates, aanbiedingen en relevante informatie rechtstreeks in je inbox.<\/p>\n\n\n\n<p>Blijf op de hoogte van het laatste nieuws, evenementen en ontwikkelingen binnen Latest Collection. We waarderen het vertrouwen dat je in ons stelt en kijken ernaar uit om je te voorzien van waardevolle inhoud.<\/p>\n\n\n\n<p>Mocht je vragen hebben of feedback willen delen, aarzel dan niet om contact met ons op te nemen. Nogmaals bedankt voor je inschrijving en tot snel!<\/p>\n\n\n\n<p>Met vriendelijke groet,<\/p>\n\n\n\n<p>Het Latest Collection Team<\/p>","protected":false},"excerpt":{"rendered":"<p>Bienvenue sur le site de la derni\u00e8re collection de Softwear ! Nous sommes ravis de vous accueillir dans notre communaut\u00e9. Merci de vous abonner \u00e0 ... <a href=\"https:\/\/latestcollection.com\/fr\/bedankt-inschrijven-nieuwsbrief\/\"><\/a><\/p>","protected":false},"author":1,"featured_media":0,"parent":0,"menu_order":0,"comment_status":"closed","ping_status":"closed","template":"","meta":{"_acf_changed":false,"footnotes":""},"class_list":["post-670","page","type-page","status-publish","hentry"],"acf":[],"_links":{"self":[{"href":"https:\/\/latestcollection.com\/fr\/wp-json\/wp\/v2\/pages\/670","targetHints":{"allow":["GET"]}}],"collection":[{"href":"https:\/\/latestcollection.com\/fr\/wp-json\/wp\/v2\/pages"}],"about":[{"href":"https:\/\/latestcollection.com\/fr\/wp-json\/wp\/v2\/types\/page"}],"author":[{"embeddable":true,"href":"https:\/\/latestcollection.com\/fr\/wp-json\/wp\/v2\/users\/1"}],"replies":[{"embeddable":true,"href":"https:\/\/latestcollection.com\/fr\/wp-json\/wp\/v2\/comments?post=670"}],"version-history":[{"count":2,"href":"https:\/\/latestcollection.com\/fr\/wp-json\/wp\/v2\/pages\/670\/revisions"}],"predecessor-version":[{"id":2966,"href":"https:\/\/latestcollection.com\/fr\/wp-json\/wp\/v2\/pages\/670\/revisions\/2966"}],"wp:attachment":[{"href":"https:\/\/latestcollection.com\/fr\/wp-json\/wp\/v2\/media?parent=670"}],"curies":[{"name":"wp","href":"https:\/\/api.w.org\/{rel}","templated":true}]}}