{"id":641,"date":"2023-08-04T11:05:54","date_gmt":"2023-08-04T09:05:54","guid":{"rendered":"https:\/\/latestcollection.com\/?page_id=641"},"modified":"2025-10-08T15:27:18","modified_gmt":"2025-10-08T13:27:18","slug":"a-propos-de-nous","status":"publish","type":"page","link":"https:\/\/latestcollection.com\/fr\/over-ons\/","title":{"rendered":"A propos de nous"},"content":{"rendered":"<div class=\"wp-block-group alignfull is-layout-constrained wp-block-group-is-layout-constrained\">\n<div class=\"wp-block-cover alignfull has-custom-content-position is-position-bottom-center is-style-default\"><img loading=\"lazy\" decoding=\"async\" width=\"2048\" height=\"750\" class=\"wp-block-cover__image-background wp-image-5325\" alt=\"Latest Collection dataplatform over ons\" src=\"https:\/\/latestcollection.com\/wp-content\/uploads\/2025\/02\/Latest-Collection-dataplatform-over-ons.png\" style=\"object-position:42% 0%\" data-object-fit=\"cover\" data-object-position=\"42% 0%\" srcset=\"https:\/\/latestcollection.com\/wp-content\/uploads\/2025\/02\/Latest-Collection-dataplatform-over-ons.png 2048w, https:\/\/latestcollection.com\/wp-content\/uploads\/2025\/02\/Latest-Collection-dataplatform-over-ons-300x110.png 300w, https:\/\/latestcollection.com\/wp-content\/uploads\/2025\/02\/Latest-Collection-dataplatform-over-ons-1024x375.png 1024w, https:\/\/latestcollection.com\/wp-content\/uploads\/2025\/02\/Latest-Collection-dataplatform-over-ons-768x281.png 768w, https:\/\/latestcollection.com\/wp-content\/uploads\/2025\/02\/Latest-Collection-dataplatform-over-ons-1536x563.png 1536w, https:\/\/latestcollection.com\/wp-content\/uploads\/2025\/02\/Latest-Collection-dataplatform-over-ons-478x175.png 478w\" sizes=\"auto, (max-width: 2048px) 100vw, 2048px\" \/><span aria-hidden=\"true\" class=\"wp-block-cover__background has-primary-background-color has-background-dim-0 has-background-dim\"><\/span><div class=\"wp-block-cover__inner-container is-layout-flow wp-block-cover-is-layout-flow\">\n<div style=\"height:15px\" aria-hidden=\"true\" class=\"wp-block-spacer\"><\/div>\n<\/div><\/div>\n<\/div>\n\n\n\n<h1 class=\"wp-block-heading has-text-align-center has-large-font-size\" style=\"font-style:normal;font-weight:600\">Des donn\u00e9es qui connectent l'industrie de la mode<mark style=\"background-color:rgba(0, 0, 0, 0)\" class=\"has-inline-color has-primary-color\">.<\/mark><\/h1>\n\n\n\n<p class=\"has-small-font-size\">Chez Latest Collection, tout est ax\u00e9 sur la simplicit\u00e9, la fiabilit\u00e9 et le progr\u00e8s. Notre plateforme de donn\u00e9es est la solution \u00e0 l'un des plus grands d\u00e9fis de l'industrie de la mode\u00a0: obtenir, g\u00e9rer et partager rapidement des informations produits actualis\u00e9es.<\/p>\n\n\n\n<p class=\"has-small-font-size\">Avec plus de 8 millions de codes-barres de plus de 950 marques de mode, nous \u00e9liminons les processus chronophages et sources d'erreurs. Notre plateforme fournit des donn\u00e9es produits standardis\u00e9es, facilement transmises \u00e0 d'autres syst\u00e8mes via Excel ou EDI (\u00e9change de donn\u00e9es informatis\u00e9es). Que vous soyez d\u00e9taillant, marque ou revendeur, nous vous garantissons de toujours disposer des bonnes informations au bon moment. <mark style=\"background-color:rgba(0, 0, 0, 0)\" class=\"has-inline-color has-secondary-color\"><a title=\"Marques de Latest Collection\" href=\"https:\/\/latestcollection.com\/fr\/merken\/\">D\u00e9couvrez les 950 marques de mode et de v\u00eatements sur notre plateforme.<\/a><\/mark>.<\/p>\n\n\n\n<p class=\"has-small-font-size\">Chez Latest Collection, nous simplifions les flux de donn\u00e9es complexes et les rendons accessibles. Nous sommes l\u00e0 pour tous ceux qui ont besoin d'informations produits\u00a0: les marques ma\u00eetrisent leurs donn\u00e9es, les revendeurs gagnent en efficacit\u00e9 et les d\u00e9taillants peuvent utiliser des donn\u00e9es \u00e0 jour en toute simplicit\u00e9. Ensemble, nous garantissons que l'industrie de la mode puisse enfin s'appuyer sur une norme fiable.<\/p>\n\n\n\n<blockquote class=\"wp-block-quote is-layout-flow wp-block-quote-is-layout-flow\">\n<p class=\"has-large-font-size\" style=\"font-style:normal;font-weight:600\">Built for fashion. Designed for you.<\/p>\n<\/blockquote>\n\n\n\n<div class=\"wp-block-columns is-layout-flex wp-container-core-columns-is-layout-28f84493 wp-block-columns-is-layout-flex\">\n<div class=\"wp-block-column is-layout-flow wp-block-column-is-layout-flow\">\n<figure class=\"wp-block-image size-large\"><img loading=\"lazy\" decoding=\"async\" width=\"1024\" height=\"1024\" src=\"https:\/\/latestcollection.com\/wp-content\/uploads\/2025\/01\/Merken-data-aanleveren-Latest-Collection-1024x1024.png\" alt=\"Merk data aanleveren Latest Collection\" class=\"wp-image-5196\" srcset=\"https:\/\/latestcollection.com\/wp-content\/uploads\/2025\/01\/Merken-data-aanleveren-Latest-Collection-1024x1024.png 1024w, https:\/\/latestcollection.com\/wp-content\/uploads\/2025\/01\/Merken-data-aanleveren-Latest-Collection-300x300.png 300w, https:\/\/latestcollection.com\/wp-content\/uploads\/2025\/01\/Merken-data-aanleveren-Latest-Collection-150x150.png 150w, https:\/\/latestcollection.com\/wp-content\/uploads\/2025\/01\/Merken-data-aanleveren-Latest-Collection-768x768.png 768w, https:\/\/latestcollection.com\/wp-content\/uploads\/2025\/01\/Merken-data-aanleveren-Latest-Collection-1536x1536.png 1536w, https:\/\/latestcollection.com\/wp-content\/uploads\/2025\/01\/Merken-data-aanleveren-Latest-Collection-400x400.png 400w, https:\/\/latestcollection.com\/wp-content\/uploads\/2025\/01\/Merken-data-aanleveren-Latest-Collection-600x600.png 600w, https:\/\/latestcollection.com\/wp-content\/uploads\/2025\/01\/Merken-data-aanleveren-Latest-Collection-175x175.png 175w, https:\/\/latestcollection.com\/wp-content\/uploads\/2025\/01\/Merken-data-aanleveren-Latest-Collection.png 2000w\" sizes=\"auto, (max-width: 1024px) 100vw, 1024px\" \/><\/figure>\n<\/div>\n\n\n\n<div class=\"wp-block-column is-layout-flow wp-block-column-is-layout-flow\">\n<h3 class=\"wp-block-heading has-large-font-size\" style=\"font-style:normal;font-weight:600\"><mark style=\"background-color:rgba(0, 0, 0, 0)\" class=\"has-inline-color has-secondary-color\">Notre mission<\/mark><strong>.<\/strong><\/h3>\n\n\n\n<p class=\"has-small-font-size\">Notre mission est simple\u00a0: fournir \u00e0 l'industrie de la mode une solution fiable et simplifi\u00e9e pour l'information produit. En privil\u00e9giant l'innovation, la pr\u00e9cision et l'accessibilit\u00e9, nous aidons nos clients \u00e0 gagner du temps, \u00e0 \u00e9viter les erreurs et \u00e0 travailler plus efficacement.<\/p>\n\n\n\n<p class=\"has-small-font-size\">Nous sommes plus qu\u2019une plateforme de donn\u00e9es; nous sommes un partenaire qui croit au pouvoir de la simplicit\u00e9, de la collaboration et du progr\u00e8s.<\/p>\n<\/div>\n<\/div>\n\n\n\n<div class=\"wp-block-columns is-layout-flex wp-container-core-columns-is-layout-28f84493 wp-block-columns-is-layout-flex\">\n<div class=\"wp-block-column is-layout-flow wp-block-column-is-layout-flow\">\n<div class=\"wp-block-columns is-layout-flex wp-container-core-columns-is-layout-28f84493 wp-block-columns-is-layout-flex\">\n<div class=\"wp-block-column is-layout-flow wp-block-column-is-layout-flow\">\n<h3 class=\"wp-block-heading has-large-font-size\" style=\"font-style:normal;font-weight:600\"><mark style=\"background-color:rgba(0, 0, 0, 0)\" class=\"has-inline-color has-secondary-color\">Notre vision<\/mark><strong>.<\/strong><\/h3>\n\n\n\n<p class=\"has-small-font-size\">Nous croyons en une industrie de la mode o\u00f9 les informations produits sont toujours simples, pr\u00e9cises et accessibles \u00e0 tous. En tant que r\u00e9f\u00e9rence en mati\u00e8re de donn\u00e9es rationalis\u00e9es, nous souhaitons connecter marques, revendeurs et d\u00e9taillants afin qu'ils puissent collaborer et se d\u00e9velopper plus efficacement. Notre vision est celle d'un avenir o\u00f9 les donn\u00e9es circulent sans effort et o\u00f9 les entreprises peuvent se concentrer pleinement sur l'essentiel.<\/p>\n<\/div>\n\n\n\n<div class=\"wp-block-column is-layout-flow wp-block-column-is-layout-flow\">\n<figure class=\"wp-block-image size-large\"><img loading=\"lazy\" decoding=\"async\" width=\"1024\" height=\"1024\" src=\"https:\/\/latestcollection.com\/wp-content\/uploads\/2025\/01\/Dataplatform-artikelinformatie-Latest-Collection-1-1024x1024.png\" alt=\"Dataplatform artikelinformatie Latest Collection\" class=\"wp-image-5210\" srcset=\"https:\/\/latestcollection.com\/wp-content\/uploads\/2025\/01\/Dataplatform-artikelinformatie-Latest-Collection-1-1024x1024.png 1024w, https:\/\/latestcollection.com\/wp-content\/uploads\/2025\/01\/Dataplatform-artikelinformatie-Latest-Collection-1-300x300.png 300w, https:\/\/latestcollection.com\/wp-content\/uploads\/2025\/01\/Dataplatform-artikelinformatie-Latest-Collection-1-150x150.png 150w, https:\/\/latestcollection.com\/wp-content\/uploads\/2025\/01\/Dataplatform-artikelinformatie-Latest-Collection-1-768x768.png 768w, https:\/\/latestcollection.com\/wp-content\/uploads\/2025\/01\/Dataplatform-artikelinformatie-Latest-Collection-1-1536x1536.png 1536w, https:\/\/latestcollection.com\/wp-content\/uploads\/2025\/01\/Dataplatform-artikelinformatie-Latest-Collection-1-400x400.png 400w, https:\/\/latestcollection.com\/wp-content\/uploads\/2025\/01\/Dataplatform-artikelinformatie-Latest-Collection-1-600x600.png 600w, https:\/\/latestcollection.com\/wp-content\/uploads\/2025\/01\/Dataplatform-artikelinformatie-Latest-Collection-1-175x175.png 175w, https:\/\/latestcollection.com\/wp-content\/uploads\/2025\/01\/Dataplatform-artikelinformatie-Latest-Collection-1.png 2000w\" sizes=\"auto, (max-width: 1024px) 100vw, 1024px\" \/><\/figure>\n<\/div>\n<\/div>\n<\/div>\n<\/div>\n\n\n\n<div class=\"wp-block-group alignfull is-layout-constrained wp-block-group-is-layout-constrained\">\n<div class=\"wp-block-cover alignfull is-light has-custom-content-position is-position-top-center\"><img decoding=\"async\" class=\"wp-block-cover__image-background wp-image-2120\" alt=\"\" src=\"https:\/\/latestcollection.com\/wp-content\/uploads\/2023\/09\/background.svg\" data-object-fit=\"cover\"\/><span aria-hidden=\"true\" class=\"wp-block-cover__background has-background-dim-0 has-background-dim\"><\/span><div class=\"wp-block-cover__inner-container is-layout-flow wp-block-cover-is-layout-flow\">\n<h2 class=\"wp-block-heading has-text-align-center has-large-font-size\" style=\"font-style:normal;font-weight:600\"><mark style=\"background-color:rgba(0, 0, 0, 0)\" class=\"has-inline-color has-background-color\">Que d\u00e9fendons-nous !<\/mark><\/h2>\n\n\n\n<div class=\"wp-block-columns is-layout-flex wp-container-core-columns-is-layout-28f84493 wp-block-columns-is-layout-flex\">\n<div class=\"wp-block-column is-layout-flow wp-block-column-is-layout-flow\">\n<h4 class=\"wp-block-heading has-text-align-center has-large-font-size\" style=\"font-style:normal;font-weight:600\"><mark style=\"background-color:rgba(0, 0, 0, 0)\" class=\"has-inline-color has-background-color\">Des donn\u00e9es fiables<\/mark><\/h4>\n\n\n\n<p class=\"has-text-align-center has-small-font-size\"><mark style=\"background-color:rgba(0, 0, 0, 0)\" class=\"has-inline-color has-background-color\">Nous garantissons des informations produits actuelles, fiables et standardis\u00e9es.<\/mark><\/p>\n<\/div>\n\n\n\n<div class=\"wp-block-column is-layout-flow wp-block-column-is-layout-flow\">\n<h4 class=\"wp-block-heading has-text-align-center has-large-font-size\" style=\"font-style:normal;font-weight:600\"><mark style=\"background-color:rgba(0, 0, 0, 0)\" class=\"has-inline-color has-background-color\">Accessibilit\u00e9<\/mark><\/h4>\n\n\n\n<p class=\"has-text-align-center has-small-font-size\"><mark style=\"background-color:rgba(0, 0, 0, 0)\" class=\"has-inline-color has-background-color\">Acc\u00e9dez \u00e0 vos donn\u00e9es \u00e0 tout moment, n'importe o\u00f9, o\u00f9 que vous soyez.<\/mark><\/p>\n<\/div>\n\n\n\n<div class=\"wp-block-column is-layout-flow wp-block-column-is-layout-flow\">\n<h4 class=\"wp-block-heading has-text-align-center has-large-font-size\" style=\"font-style:normal;font-weight:600\"><mark style=\"background-color:rgba(0, 0, 0, 0)\" class=\"has-inline-color has-background-color\">Comp\u00e9tence<\/mark><\/h4>\n\n\n\n<p class=\"has-text-align-center has-small-font-size\"><mark style=\"background-color:rgba(0, 0, 0, 0)\" class=\"has-inline-color has-background-color\">Plus de 30 ans d'exp\u00e9rience dans l'industrie de la mode, appliqu\u00e9e \u00e0 votre r\u00e9ussite.<\/mark><\/p>\n<\/div>\n<\/div>\n\n\n\n<div class=\"wp-block-columns is-layout-flex wp-container-core-columns-is-layout-28f84493 wp-block-columns-is-layout-flex\">\n<div class=\"wp-block-column is-layout-flow wp-block-column-is-layout-flow\">\n<h4 class=\"wp-block-heading has-text-align-center has-large-font-size\" style=\"font-style:normal;font-weight:600\"><mark style=\"background-color:rgba(0, 0, 0, 0)\" class=\"has-inline-color has-background-color\">Flexibilit\u00e9<\/mark><\/h4>\n\n\n\n<p class=\"has-text-align-center has-small-font-size\"><mark style=\"background-color:rgba(0, 0, 0, 0)\" class=\"has-inline-color has-background-color\">Nos solutions \u00e9voluent avec vos besoins et vos ambitions.<\/mark><\/p>\n<\/div>\n\n\n\n<div class=\"wp-block-column is-layout-flow wp-block-column-is-layout-flow\">\n<h4 class=\"wp-block-heading has-text-align-center has-background-color has-text-color has-link-color has-large-font-size wp-elements-3e1f6456d13d11608c4ef8e75ee8d262\" style=\"font-style:normal;font-weight:600\"><mark style=\"background-color:rgba(0, 0, 0, 0)\" class=\"has-inline-color has-background-color\">Coop\u00e9ration<\/mark><\/h4>\n\n\n\n<p class=\"has-text-align-center has-small-font-size\"><mark style=\"background-color:rgba(0, 0, 0, 0)\" class=\"has-inline-color has-background-color\">Marques, revendeurs et d\u00e9taillants connect\u00e9s sur une seule plateforme puissante.<\/mark><\/p>\n<\/div>\n\n\n\n<div class=\"wp-block-column is-layout-flow wp-block-column-is-layout-flow\">\n<h4 class=\"wp-block-heading has-text-align-center has-large-font-size\" style=\"font-style:normal;font-weight:600\"><mark style=\"background-color:rgba(0, 0, 0, 0)\" class=\"has-inline-color has-background-color\">Innovation<\/mark><\/h4>\n\n\n\n<p class=\"has-text-align-center has-small-font-size\"><mark style=\"background-color:rgba(0, 0, 0, 0)\" class=\"has-inline-color has-background-color\">Nous continuons \u00e0 anticiper et \u00e0 innover, pour que vous ayez toujours une longueur d\u2019avance.<\/mark><\/p>\n<\/div>\n<\/div>\n<\/div><\/div>\n\n\n\n<div class=\"wp-block-group is-layout-flow wp-block-group-is-layout-flow\">\n<div class=\"wp-block-columns is-layout-flex wp-container-core-columns-is-layout-28f84493 wp-block-columns-is-layout-flex\">\n<div class=\"wp-block-column is-layout-flow wp-block-column-is-layout-flow\">\n<h2 class=\"wp-block-heading merkenlabel has-zwart-color has-text-color has-large-font-size\" style=\"font-style:normal;font-weight:600\"><mark style=\"background-color:rgba(0, 0, 0, 0)\" class=\"has-inline-color has-secondary-color\">Travailler ensemble pour r\u00e9ussir<\/mark><strong><mark style=\"background-color:rgba(0, 0, 0, 0)\" class=\"has-inline-color has-primary-color\">.<\/mark><\/strong><\/h2>\n<\/div>\n\n\n\n<div class=\"wp-block-column is-layout-flow wp-block-column-is-layout-flow\">\n<p class=\"has-small-font-size\">L'industrie de la mode est en constante \u00e9volution et exige flexibilit\u00e9, rapidit\u00e9 et fiabilit\u00e9. C'est pourquoi la collaboration est au c\u0153ur de nos activit\u00e9s chez Latest Collection. Nous sommes convaincus qu'en travaillant ensemble, nous pouvons vous aider, vous et l'ensemble du secteur, \u00e0 progresser. Gr\u00e2ce \u00e0 nos solutions innovantes et \u00e0 la puissance de donn\u00e9es fiables, nous offrons \u00e0 votre entreprise les outils n\u00e9cessaires \u00e0 sa r\u00e9ussite. Construisons ensemble un avenir o\u00f9 votre entreprise b\u00e9n\u00e9ficiera pleinement de la puissance des informations produits standardis\u00e9es.<\/p>\n<\/div>\n<\/div>\n<\/div>\n<\/div>\n\n\n\n<h2 class=\"wp-block-heading has-text-align-center has-large-font-size\" style=\"font-style:normal;font-weight:600\"><mark style=\"background-color:rgba(0, 0, 0, 0)\" class=\"has-inline-color has-secondary-color\">Clients de Latest Collection<\/mark><strong><mark style=\"background-color:rgba(0, 0, 0, 0)\" class=\"has-inline-color has-primary-color\">.<\/mark><\/strong><\/h2>\n\n\n\n<p class=\"has-text-align-center has-small-font-size\">D\u00e9couvrez comment Latest Collection a aid\u00e9 l'ensemble du secteur \u00e0 gagner en efficacit\u00e9, \u00e0 cro\u00eetre plus rapidement et \u00e0 prosp\u00e9rer. Inspirez-vous de leurs histoires et d\u00e9couvrez ce que nous pouvons faire pour votre entreprise.<\/p>\n\n\n\n<div class=\"wp-block-buttons is-content-justification-center is-layout-flex wp-container-core-buttons-is-layout-a89b3969 wp-block-buttons-is-layout-flex\">\n<div class=\"wp-block-button is-style-fill\"><a class=\"wp-block-button__link has-background-color has-secondary-background-color has-text-color has-background has-link-color has-text-align-center wp-element-button\" href=\"https:\/\/latestcollection.com\/fr\/referenties\/\">En savoir plus<\/a><\/div>\n<\/div>","protected":false},"excerpt":{"rendered":"<p>Des donn\u00e9es qui connectent l'industrie de la mode. Chez Latest Collection, nous misons sur la simplicit\u00e9, la fiabilit\u00e9 et le progr\u00e8s. Notre plateforme de donn\u00e9es est la solution ... <a href=\"https:\/\/latestcollection.com\/fr\/over-ons\/\"><\/a><\/p>","protected":false},"author":1,"featured_media":3757,"parent":0,"menu_order":0,"comment_status":"closed","ping_status":"open","template":"page-landing","meta":{"_acf_changed":false,"footnotes":""},"class_list":["post-641","page","type-page","status-publish","has-post-thumbnail","hentry"],"acf":[],"_links":{"self":[{"href":"https:\/\/latestcollection.com\/fr\/wp-json\/wp\/v2\/pages\/641","targetHints":{"allow":["GET"]}}],"collection":[{"href":"https:\/\/latestcollection.com\/fr\/wp-json\/wp\/v2\/pages"}],"about":[{"href":"https:\/\/latestcollection.com\/fr\/wp-json\/wp\/v2\/types\/page"}],"author":[{"embeddable":true,"href":"https:\/\/latestcollection.com\/fr\/wp-json\/wp\/v2\/users\/1"}],"replies":[{"embeddable":true,"href":"https:\/\/latestcollection.com\/fr\/wp-json\/wp\/v2\/comments?post=641"}],"version-history":[{"count":25,"href":"https:\/\/latestcollection.com\/fr\/wp-json\/wp\/v2\/pages\/641\/revisions"}],"predecessor-version":[{"id":6917,"href":"https:\/\/latestcollection.com\/fr\/wp-json\/wp\/v2\/pages\/641\/revisions\/6917"}],"wp:featuredmedia":[{"embeddable":true,"href":"https:\/\/latestcollection.com\/fr\/wp-json\/wp\/v2\/media\/3757"}],"wp:attachment":[{"href":"https:\/\/latestcollection.com\/fr\/wp-json\/wp\/v2\/media?parent=641"}],"curies":[{"name":"wp","href":"https:\/\/api.w.org\/{rel}","templated":true}]}}