{"id":5589,"date":"2025-02-28T10:59:34","date_gmt":"2025-02-28T09:59:34","guid":{"rendered":"https:\/\/latestcollection.com\/?page_id=5589"},"modified":"2026-02-23T15:34:55","modified_gmt":"2026-02-23T14:34:55","slug":"comment-ca-marche-donnees-darticles-de-mode","status":"publish","type":"page","link":"https:\/\/latestcollection.com\/fr\/hoe-het-werkt-fashion-artikeldata\/","title":{"rendered":"Comment \u00e7a marche"},"content":{"rendered":"<div class=\"wp-block-group alignfull is-layout-constrained wp-block-group-is-layout-constrained\">\n<div class=\"wp-block-group is-layout-constrained wp-block-group-is-layout-constrained\">\n<div class=\"wp-block-cover is-light has-custom-content-position is-position-bottom-center\"><img loading=\"lazy\" decoding=\"async\" width=\"2048\" height=\"750\" class=\"wp-block-cover__image-background wp-image-7635 size-full\" alt=\"hoe het werkt fashion artikeldata\" src=\"https:\/\/latestcollection.com\/wp-content\/uploads\/2026\/01\/hoe-het-werkt-fashion-artikeldata.avif\" style=\"object-position:50% 59%\" data-object-fit=\"cover\" data-object-position=\"50% 59%\" srcset=\"https:\/\/latestcollection.com\/wp-content\/uploads\/2026\/01\/hoe-het-werkt-fashion-artikeldata.avif 2048w, https:\/\/latestcollection.com\/wp-content\/uploads\/2026\/01\/hoe-het-werkt-fashion-artikeldata-300x110.avif 300w, https:\/\/latestcollection.com\/wp-content\/uploads\/2026\/01\/hoe-het-werkt-fashion-artikeldata-1024x375.avif 1024w, https:\/\/latestcollection.com\/wp-content\/uploads\/2026\/01\/hoe-het-werkt-fashion-artikeldata-768x281.avif 768w, https:\/\/latestcollection.com\/wp-content\/uploads\/2026\/01\/hoe-het-werkt-fashion-artikeldata-1536x563.avif 1536w, https:\/\/latestcollection.com\/wp-content\/uploads\/2026\/01\/hoe-het-werkt-fashion-artikeldata-18x7.avif 18w, https:\/\/latestcollection.com\/wp-content\/uploads\/2026\/01\/hoe-het-werkt-fashion-artikeldata-478x175.avif 478w\" sizes=\"auto, (max-width: 2048px) 100vw, 2048px\" \/><span aria-hidden=\"true\" class=\"wp-block-cover__background has-background-dim-0 has-background-dim\" style=\"background-color:#ada19a\"><\/span><div class=\"wp-block-cover__inner-container is-layout-flow wp-block-cover-is-layout-flow\">\n<p class=\"has-text-align-center has-large-font-size\"><\/p>\n<\/div><\/div>\n\n\n\n<div class=\"wp-block-group is-content-justification-left is-layout-constrained wp-container-core-group-is-layout-414f9025 wp-block-group-is-layout-constrained\">\n<h2 class=\"wp-block-heading has-large-font-size\" style=\"font-style:normal;font-weight:600\"><strong>Comment fonctionne la plateforme de donn\u00e9es de mode<\/strong><mark style=\"background-color:rgba(0, 0, 0, 0)\" class=\"has-inline-color has-primary-color\">.<\/mark><\/h2>\n\n\n\n<p>Le secteur de la mode est un secteur \u00e0 haut risque. Nouvelles collections, saisons changeantes et nombreuses variations de tailles et de couleurs exigent une disponibilit\u00e9 imm\u00e9diate dans le syst\u00e8me de traitement des produits. Pourtant, la cha\u00eene d'approvisionnement est souvent frein\u00e9e par un probl\u00e8me fondamental\u00a0: les donn\u00e9es des produits de mode ne sont pas automatiquement int\u00e9gr\u00e9es aux logiciels de vente au d\u00e9tail.<\/p>\n\n\n\n<p>Latest Collection r\u00e9sout ce probl\u00e8me de mani\u00e8re structurelle. Non pas en rempla\u00e7ant les syst\u00e8mes, mais en les connectant.<\/p>\n\n\n\n<h2 class=\"wp-block-heading has-large-font-size\" style=\"font-style:normal;font-weight:600\"><strong>Le probl\u00e8me structurel de la cha\u00eene de la mode<\/strong><mark style=\"background-color:rgba(0, 0, 0, 0)\" class=\"has-inline-color has-primary-color\">.<\/mark><\/h2>\n\n\n\n<p>En th\u00e9orie, la cha\u00eene est structur\u00e9e de mani\u00e8re logique\u00a0:<\/p>\n\n\n\n<p>\u2713 Les marques cr\u00e9ent des collections et ont acc\u00e8s aux donn\u00e9es produits.<br>\u2713 Les partenaires logiciels fournissent des solutions pour la vente au d\u00e9tail.<br>\u2713 Les d\u00e9taillants utilisent ces syst\u00e8mes quotidiennement.<\/p>\n\n\n\n<p>En pratique, un maillon essentiel fait d\u00e9faut. Les donn\u00e9es produits ne sont pas achemin\u00e9es de mani\u00e8re uniforme jusqu'au point de vente.<\/p>\n\n\n\n<p>Les marques fournissent des fichiers h\u00e9t\u00e9rog\u00e8nes aux d\u00e9taillants. Ces derniers les traitent manuellement dans leurs syst\u00e8mes. Ce processus est chronophage, augmente le risque d'erreurs et retarde la mise en \u0153uvre. Le probl\u00e8me ne vient pas du logiciel, mais des donn\u00e9es elles-m\u00eames, qui ne sont pas disponibles au bon endroit.<\/p>\n<\/div>\n\n\n\n<div class=\"wp-block-columns is-layout-flex wp-container-core-columns-is-layout-28f84493 wp-block-columns-is-layout-flex\">\n<div class=\"wp-block-column is-layout-flow wp-block-column-is-layout-flow\">\n<figure class=\"wp-block-image size-full\"><img loading=\"lazy\" decoding=\"async\" width=\"788\" height=\"788\" src=\"https:\/\/latestcollection.com\/wp-content\/uploads\/2026\/01\/merken-fashion-artikeldata.avif\" alt=\"merken fashion artikeldata\" class=\"wp-image-7637\" srcset=\"https:\/\/latestcollection.com\/wp-content\/uploads\/2026\/01\/merken-fashion-artikeldata.avif 788w, https:\/\/latestcollection.com\/wp-content\/uploads\/2026\/01\/merken-fashion-artikeldata-300x300.avif 300w, https:\/\/latestcollection.com\/wp-content\/uploads\/2026\/01\/merken-fashion-artikeldata-150x150.avif 150w, https:\/\/latestcollection.com\/wp-content\/uploads\/2026\/01\/merken-fashion-artikeldata-768x768.avif 768w, https:\/\/latestcollection.com\/wp-content\/uploads\/2026\/01\/merken-fashion-artikeldata-12x12.avif 12w, https:\/\/latestcollection.com\/wp-content\/uploads\/2026\/01\/merken-fashion-artikeldata-175x175.avif 175w, https:\/\/latestcollection.com\/wp-content\/uploads\/2026\/01\/merken-fashion-artikeldata-600x600.avif 600w\" sizes=\"auto, (max-width: 788px) 100vw, 788px\" \/><\/figure>\n<\/div>\n\n\n\n<div class=\"wp-block-column is-layout-flow wp-block-column-is-layout-flow\">\n<h3 class=\"wp-block-heading has-large-font-size\" style=\"font-style:normal;font-weight:600\"><mark style=\"background-color:rgba(0, 0, 0, 0)\" class=\"has-inline-color has-secondary-color\"><strong><strong>Latest Collection en tant que couche de donn\u00e9es de connexion<\/strong><\/strong><\/mark><mark style=\"background-color:rgba(0, 0, 0, 0)\" class=\"has-inline-color has-primary-color\">.<\/mark><\/h3>\n\n\n\n<p>Latest Collection sert de couche de donn\u00e9es neutre entre les marques et les logiciels de vente au d\u00e9tail. La plateforme collecte les donn\u00e9es produits de mode aupr\u00e8s des marques, les v\u00e9rifie et les structure, puis les met \u00e0 disposition des syst\u00e8mes connect\u00e9s pour un fonctionnement uniforme.<\/p>\n\n\n\n<p>\u2713 Les marques soumettent leurs donn\u00e9es correctement une seule fois.<br>\u2713 Les partenaires logiciels se connectent \u00e0 la plateforme une seule fois.<br>\u2713 Les d\u00e9taillants utilisent des articles complets et des images produits directement dans leur syst\u00e8me existant.<\/p>\n\n\n\n<p>Ceci \u00e9limine la saisie manuelle de donn\u00e9es et garantit une meilleure \u00e9volutivit\u00e9.<\/p>\n<\/div>\n<\/div>\n\n\n\n<h2 class=\"wp-block-heading has-large-font-size\" style=\"font-style:normal;font-weight:600\"><strong>Le probl\u00e8me structurel de la cha\u00eene de la mode<\/strong><mark style=\"background-color:rgba(0, 0, 0, 0)\" class=\"has-inline-color has-primary-color\">.<\/mark><\/h2>\n\n\n\n<p>Le processus est adapt\u00e9 aux pratiques de l'industrie de la mode. Latest Collection facilite la distribution sans revendiquer la propri\u00e9t\u00e9 des donn\u00e9es.<\/p>\n\n\n\n<p class=\"has-primary-color has-text-color has-link-color has-medium-font-size wp-elements-3529c27ef1de80db4ea5a4622409eb50\"><strong>1. Soumission des marques<\/strong><\/p>\n\n\n\n<p>Les marques soumettent les donn\u00e9es de leurs articles de mode et les images de leurs produits via Excel, CSV ou une int\u00e9gration technique avec leur syst\u00e8me PIM ou ERP.<\/p>\n\n\n\n<p class=\"has-primary-color has-text-color has-link-color has-medium-font-size wp-elements-28920a6f44e35cb754449862b6f94225\" style=\"font-style:normal;font-weight:600\"><strong>2. Standardisation<\/strong><\/p>\n\n\n\n<p>Latest Collection v\u00e9rifie, enrichit et structure les donn\u00e9es selon une logique sp\u00e9cifique \u00e0 la mode, notamment les tailles, les couleurs, les variantes et les saisons.<\/p>\n\n\n\n<p class=\"has-primary-color has-text-color has-link-color has-medium-font-size wp-elements-699750582aff393844575d86ab4aac72\" style=\"font-style:normal;font-weight:600\"><strong>3. Int\u00e9gration avec les partenaires logiciels<\/strong><\/p>\n\n\n\n<p>Nos partenaires affili\u00e9s mettent automatiquement \u00e0 disposition les donn\u00e9es des articles de mode uniformes dans leur syst\u00e8me de caisse, leur boutique en ligne ou leur plateforme. C'est le cas, par exemple, de notre partenaire <a href=\"https:\/\/www.retail2market.nl\/slimme-integraties\/latest-collection\/\" target=\"_blank\" rel=\"noreferrer noopener\">Retail2Market.<\/a><\/p>\n\n\n\n<p class=\"has-primary-color has-text-color has-link-color has-medium-font-size wp-elements-366f8f6bfccc947fe6c7e8c906e8d5cb\" style=\"font-style:normal;font-weight:600\">4. Utilisation en magasin<\/p>\n\n\n\n<p>Les d\u00e9taillants r\u00e9cup\u00e8rent les articles complets en scannant un code-barres. Aucun fichier complexe. Aucune double saisie.<\/p>\n\n\n\n<div class=\"wp-block-columns is-layout-flex wp-container-core-columns-is-layout-28f84493 wp-block-columns-is-layout-flex\">\n<div class=\"wp-block-column is-layout-flow wp-block-column-is-layout-flow\">\n<h3 class=\"wp-block-heading has-large-font-size\" style=\"font-style:normal;font-weight:600\"><mark style=\"background-color:rgba(0, 0, 0, 0)\" class=\"has-inline-color has-secondary-color\"><mark style=\"background-color:rgba(0, 0, 0, 0)\" class=\"has-inline-color has-secondary-color\"><mark style=\"background-color:rgba(0, 0, 0, 0)\" class=\"has-inline-color has-secondary-color\"><strong>Ce que cela signifie pour les marques<\/strong><\/mark><\/mark><mark style=\"background-color:rgba(0, 0, 0, 0)\" class=\"has-inline-color has-primary-color\"><strong>.<\/strong><\/mark><\/mark><\/h3>\n\n\n\n<p class=\"has-small-font-size\">Les donn\u00e9es produits ne seront plus une contrainte r\u00e9currente. Plus besoin de fichiers distincts pour chaque distributeur ni de personnalisation pour chaque syst\u00e8me.<\/p>\n\n\n\n<p>Une solution unique et centralis\u00e9e garantit une visibilit\u00e9 simultan\u00e9e sur l'ensemble des solutions connect\u00e9es.<\/p>\n\n\n\n<div class=\"wp-block-buttons is-content-justification-center is-layout-flex wp-container-core-buttons-is-layout-a89b3969 wp-block-buttons-is-layout-flex\">\n<div class=\"wp-block-button\"><a class=\"wp-block-button__link has-secondary-background-color has-background wp-element-button\" href=\"https:\/\/latestcollection.com\/fr\/fournir-des-donnees-2\/\" target=\"_blank\" rel=\"noreferrer noopener\">Soumettre des donn\u00e9es en tant que marque<\/a><\/div>\n<\/div>\n<\/div>\n\n\n\n<div class=\"wp-block-column is-layout-flow wp-block-column-is-layout-flow\">\n<figure class=\"wp-block-image size-full\"><img loading=\"lazy\" decoding=\"async\" width=\"788\" height=\"788\" src=\"https:\/\/latestcollection.com\/wp-content\/uploads\/2026\/01\/kassaleveranciers-extra-USP-met-fashion-artikeldata-.avif\" alt=\"kassaleveranciers extra USP met fashion artikeldata\" class=\"wp-image-7636\" srcset=\"https:\/\/latestcollection.com\/wp-content\/uploads\/2026\/01\/kassaleveranciers-extra-USP-met-fashion-artikeldata-.avif 788w, https:\/\/latestcollection.com\/wp-content\/uploads\/2026\/01\/kassaleveranciers-extra-USP-met-fashion-artikeldata--300x300.avif 300w, https:\/\/latestcollection.com\/wp-content\/uploads\/2026\/01\/kassaleveranciers-extra-USP-met-fashion-artikeldata--150x150.avif 150w, https:\/\/latestcollection.com\/wp-content\/uploads\/2026\/01\/kassaleveranciers-extra-USP-met-fashion-artikeldata--768x768.avif 768w, https:\/\/latestcollection.com\/wp-content\/uploads\/2026\/01\/kassaleveranciers-extra-USP-met-fashion-artikeldata--12x12.avif 12w, https:\/\/latestcollection.com\/wp-content\/uploads\/2026\/01\/kassaleveranciers-extra-USP-met-fashion-artikeldata--175x175.avif 175w, https:\/\/latestcollection.com\/wp-content\/uploads\/2026\/01\/kassaleveranciers-extra-USP-met-fashion-artikeldata--600x600.avif 600w\" sizes=\"auto, (max-width: 788px) 100vw, 788px\" \/><\/figure>\n<\/div>\n<\/div>\n\n\n\n<div class=\"wp-block-columns is-layout-flex wp-container-core-columns-is-layout-28f84493 wp-block-columns-is-layout-flex\">\n<div class=\"wp-block-column is-layout-flow wp-block-column-is-layout-flow\">\n<figure class=\"wp-block-image size-full\"><img loading=\"lazy\" decoding=\"async\" width=\"788\" height=\"788\" src=\"https:\/\/latestcollection.com\/wp-content\/uploads\/2026\/01\/retailers-werken-met-fashion-artikeldata-Latest-Collection.avif\" alt=\"retailers werken met fashion artikeldata Latest Collection\" class=\"wp-image-7638\" srcset=\"https:\/\/latestcollection.com\/wp-content\/uploads\/2026\/01\/retailers-werken-met-fashion-artikeldata-Latest-Collection.avif 788w, https:\/\/latestcollection.com\/wp-content\/uploads\/2026\/01\/retailers-werken-met-fashion-artikeldata-Latest-Collection-300x300.avif 300w, https:\/\/latestcollection.com\/wp-content\/uploads\/2026\/01\/retailers-werken-met-fashion-artikeldata-Latest-Collection-150x150.avif 150w, https:\/\/latestcollection.com\/wp-content\/uploads\/2026\/01\/retailers-werken-met-fashion-artikeldata-Latest-Collection-768x768.avif 768w, https:\/\/latestcollection.com\/wp-content\/uploads\/2026\/01\/retailers-werken-met-fashion-artikeldata-Latest-Collection-12x12.avif 12w, https:\/\/latestcollection.com\/wp-content\/uploads\/2026\/01\/retailers-werken-met-fashion-artikeldata-Latest-Collection-175x175.avif 175w, https:\/\/latestcollection.com\/wp-content\/uploads\/2026\/01\/retailers-werken-met-fashion-artikeldata-Latest-Collection-600x600.avif 600w\" sizes=\"auto, (max-width: 788px) 100vw, 788px\" \/><\/figure>\n<\/div>\n\n\n\n<div class=\"wp-block-column is-layout-flow wp-block-column-is-layout-flow\">\n<h3 class=\"wp-block-heading has-large-font-size\" style=\"font-style:normal;font-weight:600\"><mark style=\"background-color:rgba(0, 0, 0, 0)\" class=\"has-inline-color has-secondary-color\"><strong>Qu\u2019est-ce que cela signifie pour les partenaires logiciels<\/strong><\/mark><mark style=\"background-color:rgba(0, 0, 0, 0)\" class=\"has-inline-color has-primary-color\">.<\/mark><\/h3>\n\n\n\n<p class=\"has-small-font-size\">Des donn\u00e9es uniformes sur la mode renforcent la solution de vente au d\u00e9tail.<\/p>\n\n\n\n<p>Int\u00e9gration plus rapide. Saisie de donn\u00e9es manuelle r\u00e9duite pour les d\u00e9taillants. Une proposition plus attractive dans le secteur de la mode.<\/p>\n\n\n\n<p>Une seule connexion \u00e0 la plateforme permet une int\u00e9gration \u00e9volutive avec plusieurs marques.<\/p>\n\n\n\n<div class=\"wp-block-buttons is-content-justification-center is-layout-flex wp-container-core-buttons-is-layout-a89b3969 wp-block-buttons-is-layout-flex\">\n<div class=\"wp-block-button is-style-fill\"><a class=\"wp-block-button__link has-secondary-background-color has-background wp-element-button\" href=\"https:\/\/latestcollection.com\/fr\/revendeurs\/\" target=\"_blank\" rel=\"noreferrer noopener\">Collaborez en tant que revendeur<\/a><\/div>\n<\/div>\n<\/div>\n<\/div>\n\n\n\n<div class=\"wp-block-columns is-layout-flex wp-container-core-columns-is-layout-28f84493 wp-block-columns-is-layout-flex\">\n<div class=\"wp-block-column is-layout-flow wp-block-column-is-layout-flow\">\n<h3 class=\"wp-block-heading has-large-font-size\" style=\"font-style:normal;font-weight:600\"><mark style=\"background-color:rgba(0, 0, 0, 0)\" class=\"has-inline-color has-secondary-color\"><mark style=\"background-color:rgba(0, 0, 0, 0)\" class=\"has-inline-color has-secondary-color\"><mark style=\"background-color:rgba(0, 0, 0, 0)\" class=\"has-inline-color has-secondary-color\"><strong><strong>Ce que cela signifie pour les d\u00e9taillants<\/strong><mark style=\"background-color:rgba(0, 0, 0, 0)\" class=\"has-inline-color has-primary-color\">.<\/mark><\/strong><\/mark><\/mark><\/mark><\/h3>\n\n\n\n<p class=\"has-small-font-size\">Les nouvelles collections sont mises en ligne plus rapidement. Les articles sont complets et coh\u00e9rents. La saisie manuelle des donn\u00e9es est quasiment \u00e9limin\u00e9e.<\/p>\n\n\n\n<p>Les d\u00e9taillants b\u00e9n\u00e9ficient d'un flux de donn\u00e9es enfin op\u00e9rationnel gr\u00e2ce \u00e0 leur fournisseur de logiciels.<\/p>\n\n\n\n<div class=\"wp-block-buttons is-content-justification-center is-layout-flex wp-container-core-buttons-is-layout-a89b3969 wp-block-buttons-is-layout-flex\">\n<div class=\"wp-block-button\"><a class=\"wp-block-button__link has-secondary-background-color has-background wp-element-button\" href=\"https:\/\/latestcollection.com\/fr\/merken\/\" target=\"_blank\" rel=\"noreferrer noopener\">Voir les marques affili\u00e9es<\/a><\/div>\n<\/div>\n<\/div>\n\n\n\n<div class=\"wp-block-column is-layout-flow wp-block-column-is-layout-flow\">\n<figure class=\"wp-block-image size-full\"><img loading=\"lazy\" decoding=\"async\" width=\"788\" height=\"788\" src=\"https:\/\/latestcollection.com\/wp-content\/uploads\/2026\/01\/kassaleveranciers-extra-USP-met-fashion-artikeldata-.avif\" alt=\"kassaleveranciers extra USP met fashion artikeldata\" class=\"wp-image-7636\" srcset=\"https:\/\/latestcollection.com\/wp-content\/uploads\/2026\/01\/kassaleveranciers-extra-USP-met-fashion-artikeldata-.avif 788w, https:\/\/latestcollection.com\/wp-content\/uploads\/2026\/01\/kassaleveranciers-extra-USP-met-fashion-artikeldata--300x300.avif 300w, https:\/\/latestcollection.com\/wp-content\/uploads\/2026\/01\/kassaleveranciers-extra-USP-met-fashion-artikeldata--150x150.avif 150w, https:\/\/latestcollection.com\/wp-content\/uploads\/2026\/01\/kassaleveranciers-extra-USP-met-fashion-artikeldata--768x768.avif 768w, https:\/\/latestcollection.com\/wp-content\/uploads\/2026\/01\/kassaleveranciers-extra-USP-met-fashion-artikeldata--12x12.avif 12w, https:\/\/latestcollection.com\/wp-content\/uploads\/2026\/01\/kassaleveranciers-extra-USP-met-fashion-artikeldata--175x175.avif 175w, https:\/\/latestcollection.com\/wp-content\/uploads\/2026\/01\/kassaleveranciers-extra-USP-met-fashion-artikeldata--600x600.avif 600w\" sizes=\"auto, (max-width: 788px) 100vw, 788px\" \/><\/figure>\n<\/div>\n<\/div>\n\n\n\n<h2 class=\"wp-block-heading has-large-font-size\" style=\"font-style:normal;font-weight:600\"><strong>Faisant partie d'un \u00e9cosyst\u00e8me en pleine croissance<\/strong><mark style=\"background-color:rgba(0, 0, 0, 0)\" class=\"has-inline-color has-primary-color\">.<\/mark><\/h2>\n\n\n\n<p>Latest Collection collabore avec des marques, des partenaires logiciels et des plateformes dans les secteurs de la mode, de la chaussure, du sport et de la lingerie. La plateforme se veut volontairement neutre\u00a0: elle ne remplace rien et ne concurrence personne. Elle cr\u00e9e des liens. C\u2019est pr\u00e9cis\u00e9ment cette ind\u00e9pendance qui rend possibles des collaborations \u00e0 grande \u00e9chelle.<\/p>\n\n\n\n<h2 class=\"wp-block-heading has-large-font-size\" style=\"font-style:normal;font-weight:600\"><strong>De l'intuition \u00e0 l'action<\/strong><mark style=\"background-color:rgba(0, 0, 0, 0)\" class=\"has-inline-color has-primary-color\">.<\/mark><\/h2>\n\n\n\n<p>Comprendre le flux des donn\u00e9es relatives aux produits de mode tout au long de la cha\u00eene d'approvisionnement permet d'identifier les axes d'am\u00e9lioration. L'\u00e9tape suivante consiste \u00e0 d\u00e9finir ce que signifie cette connexion pour votre r\u00f4le.<\/p>\n\n\n\n<div class=\"wp-block-indrukwekkend-slider alignfull\"><div class=\"wp-block-indrukwekkend-slider__icons\" data-fade=\"false\" data-dots=\"true\" data-pause=\"false\" data-speed=\"4700\" data-autoplay=\"true\" data-autospeed=\"150\" data-slidestoshow=\"6\" data-slidestoscroll=\"1\"><figure class=\"afbeelding\" style=\"display:none\"><img decoding=\"async\" src=\"https:\/\/latestcollection.com\/wp-content\/uploads\/2026\/04\/Qliqpoint-partner-Latest-Collection-350x175.avif\" alt=\"Qliqpoint partner Latest Collection\" data-id=\"8225\"\/><\/figure><figure class=\"afbeelding\" style=\"display:none\"><img decoding=\"async\" src=\"https:\/\/latestcollection.com\/wp-content\/uploads\/2026\/02\/Partner-FashionUnited-eBusiness-263x175.avif\" alt=\"Partner FashionUnited eBusiness\" data-id=\"7958\"\/><\/figure><figure class=\"afbeelding\" style=\"display:none\"><img decoding=\"async\" src=\"https:\/\/latestcollection.com\/wp-content\/uploads\/2026\/02\/Partner-Retail2Market-263x175.avif\" alt=\"Partner Retail2Market\" data-id=\"7959\"\/><\/figure><figure class=\"afbeelding\" style=\"display:none\"><img decoding=\"async\" src=\"https:\/\/latestcollection.com\/wp-content\/uploads\/2026\/02\/Partner-MPlusKASSA-263x175.avif\" alt=\"Partner MPlusKASSA\" data-id=\"7960\"\/><\/figure><figure class=\"afbeelding\" style=\"display:none\"><img decoding=\"async\" src=\"https:\/\/latestcollection.com\/wp-content\/uploads\/2026\/02\/EasyPOS-software-263x175.avif\" alt=\"EasyPOS software\" data-id=\"7968\"\/><\/figure><figure class=\"afbeelding\" style=\"display:none\"><img decoding=\"async\" src=\"https:\/\/latestcollection.com\/wp-content\/uploads\/2026\/02\/Kubus-content-263x175.avif\" alt=\"Kubus content\" data-id=\"7969\"\/><\/figure><figure class=\"afbeelding\" style=\"display:none\"><img decoding=\"async\" src=\"https:\/\/latestcollection.com\/wp-content\/uploads\/2026\/02\/Techdog-group-263x175.avif\" alt=\"Techdog group\" data-id=\"7970\"\/><\/figure><figure class=\"afbeelding\" style=\"display:none\"><img decoding=\"async\" src=\"https:\/\/latestcollection.com\/wp-content\/uploads\/2026\/04\/Qliqpoint-partner-Latest-Collection-1-350x175.avif\" alt=\"Qliqpoint partner Latest Collection\" data-id=\"8226\"\/><\/figure><figure class=\"afbeelding\" style=\"display:none\"><img decoding=\"async\" src=\"https:\/\/latestcollection.com\/wp-content\/uploads\/2026\/02\/Partner-FashionUnited-eBusiness-1-263x175.avif\" alt=\"Partner FashionUnited eBusiness\" data-id=\"7965\"\/><\/figure><figure class=\"afbeelding\" style=\"display:none\"><img decoding=\"async\" src=\"https:\/\/latestcollection.com\/wp-content\/uploads\/2026\/02\/Partner-Retail2Market-1-263x175.avif\" alt=\"Partner Retail2Market\" data-id=\"7966\"\/><\/figure><figure class=\"afbeelding\" style=\"display:none\"><img decoding=\"async\" src=\"https:\/\/latestcollection.com\/wp-content\/uploads\/2026\/02\/Partner-MPlusKASSA-1-263x175.avif\" alt=\"Partner MPlusKASSA\" data-id=\"7964\"\/><\/figure><figure class=\"afbeelding\" style=\"display:none\"><img decoding=\"async\" src=\"https:\/\/latestcollection.com\/wp-content\/uploads\/2026\/02\/EasyPOS-software-1-263x175.avif\" alt=\"EasyPOS software\" data-id=\"7972\"\/><\/figure><figure class=\"afbeelding\" style=\"display:none\"><img decoding=\"async\" src=\"https:\/\/latestcollection.com\/wp-content\/uploads\/2026\/02\/Kubus-content-1-263x175.avif\" alt=\"Kubus content\" data-id=\"7973\"\/><\/figure><figure class=\"afbeelding\" style=\"display:none\"><img decoding=\"async\" src=\"https:\/\/latestcollection.com\/wp-content\/uploads\/2026\/02\/Techdog-group-1-263x175.avif\" alt=\"Techdog group\" data-id=\"7971\"\/><\/figure><\/div><\/div>\n\n\n\n<div class=\"wp-block-columns is-layout-flex wp-container-core-columns-is-layout-28f84493 wp-block-columns-is-layout-flex\">\n<div class=\"wp-block-column is-vertically-aligned-center is-layout-flow wp-block-column-is-layout-flow\">\n<div class=\"wp-block-buttons is-layout-flex wp-block-buttons-is-layout-flex\">\n<div class=\"wp-block-button\"><a class=\"wp-block-button__link has-background-color has-secondary-background-color has-text-color has-background has-link-color wp-element-button\" href=\"https:\/\/latestcollection.com\/fr\/merken\/\" target=\"_blank\" rel=\"noreferrer noopener\">D\u00e9couvrez la plateforme<\/a><\/div>\n<\/div>\n<\/div>\n\n\n\n<div class=\"wp-block-column is-vertically-aligned-center is-layout-flow wp-block-column-is-layout-flow\">\n<div class=\"wp-block-buttons is-layout-flex wp-block-buttons-is-layout-flex\">\n<div class=\"wp-block-button\"><a class=\"wp-block-button__link has-background-color has-secondary-background-color has-text-color has-background has-link-color wp-element-button\" href=\"https:\/\/latestcollection.com\/fr\/fournir-des-donnees-2\/\" target=\"_blank\" rel=\"noreferrer noopener\">Soumettre des donn\u00e9es en tant que marque<\/a><\/div>\n<\/div>\n<\/div>\n\n\n\n<div class=\"wp-block-column is-vertically-aligned-center is-layout-flow wp-block-column-is-layout-flow\">\n<div class=\"wp-block-buttons is-content-justification-left is-layout-flex wp-container-core-buttons-is-layout-fc4fd283 wp-block-buttons-is-layout-flex\">\n<div class=\"wp-block-button\"><a class=\"wp-block-button__link has-secondary-background-color has-background wp-element-button\" href=\"https:\/\/latestcollection.com\/fr\/reseller-worden\/\" target=\"_blank\" rel=\"noreferrer noopener\">R\u00e9union des partenaires du plan<\/a><\/div>\n<\/div>\n<\/div>\n<\/div>\n<\/div>\n<\/div>","protected":false},"excerpt":{"rendered":"<p>Hoe het fashion data platform werkt. Fashionretail draait op snelheid. Nieuwe collecties, wisselende seizoenen en veel varianten in maat en &hellip; <a href=\"https:\/\/latestcollection.com\/fr\/hoe-het-werkt-fashion-artikeldata\/\"><\/a><\/p>","protected":false},"author":2,"featured_media":7635,"parent":0,"menu_order":0,"comment_status":"closed","ping_status":"closed","template":"","meta":{"_acf_changed":false,"footnotes":""},"class_list":["post-5589","page","type-page","status-publish","has-post-thumbnail","hentry"],"acf":[],"_links":{"self":[{"href":"https:\/\/latestcollection.com\/fr\/wp-json\/wp\/v2\/pages\/5589","targetHints":{"allow":["GET"]}}],"collection":[{"href":"https:\/\/latestcollection.com\/fr\/wp-json\/wp\/v2\/pages"}],"about":[{"href":"https:\/\/latestcollection.com\/fr\/wp-json\/wp\/v2\/types\/page"}],"author":[{"embeddable":true,"href":"https:\/\/latestcollection.com\/fr\/wp-json\/wp\/v2\/users\/2"}],"replies":[{"embeddable":true,"href":"https:\/\/latestcollection.com\/fr\/wp-json\/wp\/v2\/comments?post=5589"}],"version-history":[{"count":20,"href":"https:\/\/latestcollection.com\/fr\/wp-json\/wp\/v2\/pages\/5589\/revisions"}],"predecessor-version":[{"id":8000,"href":"https:\/\/latestcollection.com\/fr\/wp-json\/wp\/v2\/pages\/5589\/revisions\/8000"}],"wp:featuredmedia":[{"embeddable":true,"href":"https:\/\/latestcollection.com\/fr\/wp-json\/wp\/v2\/media\/7635"}],"wp:attachment":[{"href":"https:\/\/latestcollection.com\/fr\/wp-json\/wp\/v2\/media?parent=5589"}],"curies":[{"name":"wp","href":"https:\/\/api.w.org\/{rel}","templated":true}]}}