{"id":5392,"date":"2025-02-25T10:12:35","date_gmt":"2025-02-25T09:12:35","guid":{"rendered":"https:\/\/latestcollection.com\/?page_id=5392"},"modified":"2025-10-06T15:08:25","modified_gmt":"2025-10-06T13:08:25","slug":"integration-edi","status":"publish","type":"page","link":"https:\/\/latestcollection.com\/fr\/hoe-het-werkt-fashion-artikeldata\/edi-integratie\/","title":{"rendered":"EDI : collaborer dans le domaine des donn\u00e9es relatives \u00e0 la mode"},"content":{"rendered":"<div class=\"wp-block-group alignfull is-layout-constrained wp-block-group-is-layout-constrained\">\n<div class=\"wp-block-cover is-light has-custom-content-position is-position-bottom-center\"><img decoding=\"async\" class=\"wp-block-cover__image-background wp-image-6867 size-full\" alt=\"Latest Collection EDI Middleware dataplatform hub\" src=\"https:\/\/latestcollection.com\/wp-content\/uploads\/2025\/10\/Latest-Collection-EDI-Middleware-dataplatform-hub.svg\" style=\"object-position:52% 33%\" data-object-fit=\"cover\" data-object-position=\"52% 33%\"\/><span aria-hidden=\"true\" class=\"wp-block-cover__background has-background-dim-0 has-background-dim\" style=\"background-color:#928e88\"><\/span><div class=\"wp-block-cover__inner-container is-layout-flow wp-block-cover-is-layout-flow\">\n<div class=\"wp-block-group alignwide is-layout-constrained wp-block-group-is-layout-constrained\">\n<div class=\"wp-block-columns alignwide are-vertically-aligned-center is-layout-flex wp-container-core-columns-is-layout-28f84493 wp-block-columns-is-layout-flex\">\n<div class=\"wp-block-column is-vertically-aligned-center is-layout-flow wp-block-column-is-layout-flow\" style=\"flex-basis:50%\">\n<p><\/p>\n<\/div>\n<\/div>\n<\/div>\n<\/div><\/div>\n\n\n\n<div class=\"wp-block-group is-layout-constrained wp-block-group-is-layout-constrained\">\n<h2 class=\"wp-block-heading has-large-font-size\" style=\"font-style:normal;font-weight:600\">Qu'est-ce que l'EDI dans le secteur de la mode<mark style=\"background-color:rgba(0, 0, 0, 0)\" class=\"has-inline-color has-primary-color\">.<\/mark><\/h2>\n\n\n\n<p class=\"has-small-font-size\">L'industrie de la mode \u00e9volue \u00e0 un rythme effr\u00e9n\u00e9. Les nouvelles collections, les d\u00e9lais de livraison courts et l'\u00e9volution de la demande des clients exigent une communication rapide et pr\u00e9cise. Pourtant, de nombreuses marques, d\u00e9taillants et fournisseurs de caisses enregistreuses travaillent encore avec un traitement manuel des commandes, des fichiers Excel s\u00e9par\u00e9s et des e-mails. Cela co\u00fbte du temps, de l'argent et entra\u00eene des erreurs.<\/p>\n\n\n\n<p>L'EDI (Electronic Data Interchange) est la solution id\u00e9ale pour le secteur de la mode. Gr\u00e2ce \u00e0 l'int\u00e9gration EDI, vous \u00e9changez automatiquement les commandes, les factures, les niveaux de stock et les donn\u00e9es produits entre les syst\u00e8mes, sans aucune intervention manuelle. Chez Latest Collection, nous associons cette technologie \u00e0 la pratique quotidienne des marques et des d\u00e9taillants, afin de garantir une collaboration fluide et \u00e9volutive.<\/p>\n\n\n\n<p class=\"has-small-font-size\">EDI garantit que toutes les parties de la cha\u00eene, de la marque au syst\u00e8me de caisse, travaillent avec exactement les m\u00eames donn\u00e9es. Pas de double saisie, pas de retard, pas de bruit.<\/p>\n\n\n\n<h2 class=\"wp-block-heading has-large-font-size\" style=\"font-style:normal;font-weight:600\">Pourquoi l'EDI est essentiel pour le secteur de la mode<mark style=\"background-color:rgba(0, 0, 0, 0)\" class=\"has-inline-color has-primary-color\">.<\/mark><\/h2>\n\n\n\n<p>La cha\u00eene de mode est unique : collections saisonni\u00e8res, milliers de r\u00e9f\u00e9rences, tailles, couleurs et fournisseurs variables. C'est pr\u00e9cis\u00e9ment pour cette raison que l'EDI est devenu indispensable dans le secteur de la mode. Il automatise enti\u00e8rement la communication entre les marques, les d\u00e9taillants et les fournisseurs.<\/p>\n\n\n\n<p>Avec l'\u00e9change de donn\u00e9es informatis\u00e9, les donn\u00e9es sont partag\u00e9es en temps r\u00e9el. Les commandes sont directement enregistr\u00e9es dans le syst\u00e8me ERP ou le syst\u00e8me de caisse, les niveaux de stock sont automatiquement mis \u00e0 jour et les changements de prix sont imm\u00e9diatement r\u00e9percut\u00e9s au bon endroit.<\/p>\n\n\n\n<p>Signification :<\/p>\n\n\n\n<ul class=\"wp-block-list\">\n<li>Traitement plus rapide des commandes : pas de retard d\u00fb \u00e0 la saisie manuelle.<\/li>\n\n\n\n<li>Meilleure collaboration : tout le monde travaille avec les m\u00eames informations actualis\u00e9es.<\/li>\n\n\n\n<li>Moins d'erreurs : pas de fautes de frappe ni d'erreurs dans les codes articles.<\/li>\n\n\n\n<li>Co\u00fbts r\u00e9duits : moins d'heures administratives, moins de corrections.<\/li>\n\n\n\n<li>Processus plus durable : moins de papier, moins d'erreurs de transport, moins de retours.<\/li>\n<\/ul>\n\n\n\n<h2 class=\"wp-block-heading has-large-font-size\" style=\"font-style:normal;font-weight:600\">Comment fonctionne l'int\u00e9gration EDI chez Latest Collection<mark style=\"background-color:rgba(0, 0, 0, 0)\" class=\"has-inline-color has-primary-color\">.<\/mark><\/h2>\n\n\n\n<p>Chez Latest Collection, tout tourne autour de l'uniformit\u00e9 et de la facilit\u00e9 d'utilisation. Notre plateforme sert d'interm\u00e9diaire entre les marques, les fournisseurs de caisses enregistreuses et les d\u00e9taillants.<\/p>\n\n\n\n<p class=\"has-small-font-size\" style=\"font-style:normal;font-weight:600\"><strong>1. Le couplage<\/strong><\/p>\n\n\n\n<p>Une marque fournit ses donn\u00e9es produit via Excel, CSV, API ou une connexion EDI existante. Latest Collection convertit ces informations dans notre structure de donn\u00e9es uniforme, afin que toutes les parties connect\u00e9es re\u00e7oivent les m\u00eames informations.<\/p>\n\n\n\n<p class=\"has-small-font-size\" style=\"font-style:normal;font-weight:600\"><strong>2. L'\u00e9change<\/strong><\/p>\n\n\n\n<p>Les commandes, livraisons et factures sont \u00e9chang\u00e9es via des messages EDI standardis\u00e9s :<\/p>\n\n\n\n<ul class=\"wp-block-list\">\n<li>PRICAT : informations sur les prix et les articles<\/li>\n\n\n\n<li>ORDRSP : confirmation de commande<\/li>\n\n\n\n<li>DESADV : avis d'exp\u00e9dition<\/li>\n\n\n\n<li>SLSRPT : rapport de vente<\/li>\n\n\n\n<li>INVRPT : rapport sur les stocks<\/li>\n<\/ul>\n\n\n\n<p>Chaque message est automatiquement valid\u00e9, test\u00e9 et publi\u00e9. Plus besoin de contr\u00f4le manuel.<\/p>\n\n\n\n<p class=\"has-small-font-size\" style=\"font-style:normal;font-weight:600\"><strong>3. Le traitement<\/strong><\/p>\n\n\n\n<p>Les d\u00e9taillants re\u00e7oivent les donn\u00e9es directement dans leur syst\u00e8me de caisse ou leur ERP. D\u00e8s qu'un article est vendu, les donn\u00e9es de vente sont automatiquement renvoy\u00e9es \u00e0 la marque via EDI. Cela cr\u00e9e une cha\u00eene de donn\u00e9es compl\u00e8te, de la production au point de vente.<\/p>\n\n\n\n<h2 class=\"wp-block-heading has-large-font-size\" style=\"font-style:normal;font-weight:600\">Les avantages de l'int\u00e9gration EDI pour les marques<mark style=\"background-color:rgba(0, 0, 0, 0)\" class=\"has-inline-color has-primary-color\">.<\/mark><\/h2>\n\n\n\n<p>Pour les marques, l\u2019\u00e9change de donn\u00e9es informatis\u00e9 signifie non seulement commodit\u00e9, mais \u00e9galement opportunit\u00e9s de croissance.<\/p>\n\n\n\n<ul class=\"wp-block-list\">\n<li>Contr\u00f4le total sur les donn\u00e9es des articles : vous d\u00e9cidez quelles informations sont partag\u00e9es et avec qui.<\/li>\n\n\n\n<li>Mise sur le march\u00e9 plus rapide : les nouvelles collections sont disponibles plus rapidement en magasin et en ligne.<\/li>\n\n\n\n<li>Moins d\u2019erreurs manuelles : les informations sur les articles ne sont saisies qu\u2019une seule fois.<\/li>\n\n\n\n<li>R\u00e9approvisionnement am\u00e9lior\u00e9 : les donn\u00e9es de vente en temps r\u00e9el vous permettent de savoir exactement quels magasins ont besoin d'\u00eatre r\u00e9approvisionn\u00e9s.<\/li>\n\n\n\n<li>Collaboration plus efficace avec les d\u00e9taillants : une source unique de v\u00e9rit\u00e9 pour toutes les informations sur les produits.<\/li>\n<\/ul>\n\n\n\n<p>L'\u00e9change de donn\u00e9es informatis\u00e9 transforme les donn\u00e9es en un outil strat\u00e9gique : vous savez ce qui se vend, o\u00f9 et quand.<\/p>\n\n\n\n<figure class=\"wp-block-image size-full\"><img decoding=\"async\" src=\"https:\/\/latestcollection.com\/wp-content\/uploads\/2025\/10\/EDI-middleware-direct-bij-retailers-verkoopcijfers-terug.svg\" alt=\"Le middleware EDI augmente directement les chiffres de vente chez les d\u00e9taillants\" class=\"wp-image-6868\"\/><\/figure>\n\n\n\n<h2 class=\"wp-block-heading has-large-font-size\" style=\"font-style:normal;font-weight:600\">Les avantages de l'int\u00e9gration EDI pour les marques<mark style=\"background-color:rgba(0, 0, 0, 0)\" class=\"has-inline-color has-primary-color\">.<\/mark><\/h2>\n\n\n\n<p>Pour les d\u00e9taillants, rapidit\u00e9 et pr\u00e9cision sont primordiales. Chaque jour o\u00f9 une collection n'est pas en ligne co\u00fbte cher en chiffre d'affaires.<\/p>\n\n\n\n<p>Avec l'\u00e9change de donn\u00e9es informatis\u00e9 via la derni\u00e8re collection, vous b\u00e9n\u00e9ficiez de:<\/p>\n\n\n\n<ul class=\"wp-block-list\">\n<li>Saisie de commande 80 % plus rapide : les commandes sont trait\u00e9es automatiquement.<\/li>\n\n\n\n<li>Saisie d'articles 60 % plus rapide : les articles sont imm\u00e9diatement pr\u00e9par\u00e9s dans le syst\u00e8me de point de vente.<\/li>\n\n\n\n<li>Moins de retours : car les informations sur les produits sont toujours correctes.<\/li>\n<\/ul>\n\n\n\n<p>De plus, une meilleure collaboration avec les marques est cr\u00e9\u00e9e : les mises \u00e0 jour, les changements de prix ou les nouveaux articles sont trait\u00e9s imm\u00e9diatement.<\/p>\n\n\n\n<h2 class=\"wp-block-heading has-large-font-size\" style=\"font-style:normal;font-weight:600\">Les avantages de l'int\u00e9gration EDI pour les fournisseurs et revendeurs de points de vente<mark style=\"background-color:rgba(0, 0, 0, 0)\" class=\"has-inline-color has-primary-color\">.<\/mark><\/h2>\n\n\n\n<p class=\"has-small-font-size\">L'EDI rend les syst\u00e8mes de caisse plus intelligents. En int\u00e9grant Latest Collection, vous ajoutez de la valeur \u00e0 votre propre logiciel.<\/p>\n\n\n\n<ul class=\"wp-block-list\">\n<li>Flux de donn\u00e9es automatis\u00e9s : plus d'importations s\u00e9par\u00e9es ni de t\u00e9l\u00e9chargements manuels pour vos clients.<\/li>\n\n\n\n<li>Donn\u00e9es uniformes : toutes les marques dans un format standardis\u00e9.<\/li>\n\n\n\n<li>Nouvelles propositions : Offrir aux clients un acc\u00e8s direct \u00e0 +950 marques.<\/li>\n\n\n\n<li>Mise en \u0153uvre plus rapide : d\u00e9monstrations avec des donn\u00e9es de marque \u00e0 jour en quelques minutes.<\/li>\n<\/ul>\n\n\n\n<p class=\"has-small-font-size\">En tant que revendeur, vous pouvez vous distinguer en tant que partenaire ax\u00e9 sur les donn\u00e9es plut\u00f4t qu'en tant que simple fournisseur de logiciels.<\/p>\n\n\n\n<h2 class=\"wp-block-heading has-large-font-size\" style=\"font-style:normal;font-weight:600\">EDI et BI : l'analyse des donn\u00e9es comme acc\u00e9l\u00e9rateur de croissance<mark style=\"background-color:rgba(0, 0, 0, 0)\" class=\"has-inline-color has-primary-color\">.<\/mark><\/h2>\n\n\n\n<p class=\"has-small-font-size\">Le potentiel de l'\u00c9change de Donn\u00e9es Informatis\u00e9es va au-del\u00e0 de l'automatisation. Gr\u00e2ce \u00e0 la remont\u00e9e des donn\u00e9es de vente aux marques via l'EDI, elles constituent une source pr\u00e9cieuse d'informations offrant une vision approfondie des performances des collections. Associ\u00e9 au syst\u00e8me de <a title=\"Consultez la solution Business Insights ici.\" href=\"https:\/\/latestcollection.com\/fr\/solutions\/business-intelligence-sales-system\/\" data-type=\"page\" data-id=\"5396\">Business Intelligence Sales<\/a> de Latest Collection, BISS permet aux marques de savoir pr\u00e9cis\u00e9ment quels articles se vendent le mieux, quels magasins affichent des performances sup\u00e9rieures ou inf\u00e9rieures \u00e0 la r\u00e9f\u00e9rence, et o\u00f9 un r\u00e9approvisionnement est n\u00e9cessaire. Gr\u00e2ce \u00e0 ces informations, vous ne g\u00e9rez plus \u00e0 l'instinct, mais sur la base de faits, et prenez des d\u00e9cisions fond\u00e9es sur des donn\u00e9es qui contribuent directement \u00e0 la croissance et \u00e0 la rentabilit\u00e9.<\/p>\n\n\n\n<h2 class=\"wp-block-heading has-large-font-size\" style=\"font-style:normal;font-weight:600\">EDI pour les marques en croissance\u00a0: \u00e9volutif et \u00e9volutif<mark style=\"background-color:rgba(0, 0, 0, 0)\" class=\"has-inline-color has-primary-color\">.<\/mark><\/h2>\n\n\n\n<p class=\"has-small-font-size\">L'\u00e9change de donn\u00e9es informatis\u00e9 n'est plus r\u00e9serv\u00e9 aux grandes entreprises. Gr\u00e2ce \u00e0 l'int\u00e9gration EDI flexible de Latest Collection, m\u00eame les marques en croissance peuvent b\u00e9n\u00e9ficier de l'automatisation sans grands projets informatiques.<\/p>\n\n\n\n<p>Commencez simplement, par exemple avec un seul type de message (comme PRICAT ou DESADV), puis d\u00e9veloppez votre activit\u00e9 par la suite. Notre plateforme s'adapte \u00e0 votre marque, que vous soyez pr\u00e9sent dans dix ou mille magasins.<\/p>\n\n\n\n<p class=\"has-small-font-size\">Nous accompagnons \u00e9galement les marques dans leur int\u00e9gration, de la configuration \u00e0 la formation. Vous obtenez ainsi des r\u00e9sultats rapides, sans aucune connaissance technique.<\/p>\n\n\n\n<h2 class=\"wp-block-heading has-large-font-size\" style=\"font-style:normal;font-weight:600\">\u00c9conomies de co\u00fbts gr\u00e2ce \u00e0 l'int\u00e9gration EDI<mark style=\"background-color:rgba(0, 0, 0, 0)\" class=\"has-inline-color has-primary-color\">.<\/mark><\/h2>\n\n\n\n<p class=\"has-small-font-size\">La saisie manuelle des donn\u00e9es prend du temps. Et le temps, c'est de l'argent. L'\u00e9change de donn\u00e9es informatis\u00e9 (EDI) \u00e9limine une part importante de cette charge administrative. L'automatisation des \u00e9changes de donn\u00e9es \u00e9limine d'innombrables t\u00e2ches manuelles, telles que le traitement des commandes, la correction des erreurs ou le rapprochement des donn\u00e9es entre les services. Cela se traduit par une r\u00e9duction de la charge administrative, des corrections et un flux de travail plus efficace. Les marques qui int\u00e8grent l'EDI \u00e9conomisent en moyenne entre 30 et 50 % de leurs heures de fonctionnement, tout en r\u00e9duisant les erreurs de commande de plus de 80 %. L'EDI repr\u00e9sente donc non seulement une avanc\u00e9e technologique, mais aussi une \u00e9conomie de co\u00fbts directe et rapidement rentabilis\u00e9e.<\/p>\n\n\n\n<h3 class=\"wp-block-heading has-large-font-size\" style=\"font-style:normal;font-weight:600\"><mark style=\"background-color:rgba(0, 0, 0, 0)\" class=\"has-inline-color has-secondary-color\">Collaboration durable dans la cha\u00eene de la mode<\/mark>.<\/h3>\n\n\n\n<p>La num\u00e9risation n'est pas seulement une question d'efficacit\u00e9\u00a0; c'est aussi une question de durabilit\u00e9. Gr\u00e2ce \u00e0 l'application de l'\u00e9change de donn\u00e9es informatis\u00e9 (EDI) dans la mode, les bordereaux d'exp\u00e9dition papier, les commandes manuelles et les envois en double disparaissent du processus. Cela se traduit par une r\u00e9duction de la consommation de papier et d'impression, des transports et des retours, gr\u00e2ce au traitement pr\u00e9cis des donn\u00e9es. De plus, l'EDI renforce les relations entre les marques, les revendeurs et les d\u00e9taillants. Moins de malentendus, une communication plus rapide et des donn\u00e9es fiables constituent le fondement d'une collaboration durable et p\u00e9renne tout au long de la cha\u00eene d'approvisionnement.<\/p>\n\n\n\n<figure class=\"wp-block-image size-full\"><img decoding=\"async\" src=\"https:\/\/latestcollection.com\/wp-content\/uploads\/2025\/10\/EDI-Latest-Collection-fashionhub-middleware-future.svg\" alt=\"EDI Derni\u00e8re collection fashionhub middleware futur\" class=\"wp-image-6869\"\/><\/figure>\n\n\n\n<h3 class=\"wp-block-heading has-large-font-size\" style=\"font-style:normal;font-weight:600\"><mark style=\"background-color:rgba(0, 0, 0, 0)\" class=\"has-inline-color has-secondary-color\">L'approche EDI de Latest  Collection<\/mark>.<\/h3>\n\n\n\n<p>Chez Latest Collection, nous sommes convaincus que la simplicit\u00e9 est la cl\u00e9 d'une digitalisation r\u00e9ussie. C'est pourquoi nous avons con\u00e7u notre approche EDI pour qu'elle soit accessible \u00e0 toutes les marques, quelles que soient leur taille et leur expertise technique. Nous commen\u00e7ons par un inventaire complet des flux de donn\u00e9es et des syst\u00e8mes existants. Ensuite, nous analysons la qualit\u00e9 des donn\u00e9es et d\u00e9terminons les structures de messages souhait\u00e9es. Nous collaborons ensuite avec la marque pour cr\u00e9er un environnement de test s\u00e9curis\u00e9 o\u00f9 tous les \u00e9changes de messages sont valid\u00e9s. Une fois la stabilit\u00e9 atteinte, nous proposons une formation pratique aux utilisateurs, apr\u00e8s quoi l'int\u00e9gration est lanc\u00e9e. M\u00eame apr\u00e8s la mise en \u0153uvre, Latest Collection continue de surveiller et d'optimiser activement. Le r\u00e9sultat est une int\u00e9gration stable, pr\u00e9cise et \u00e9volutive, compatible avec l'ensemble de l'organisation.<\/p>\n\n\n\n<h3 class=\"wp-block-heading has-large-font-size\" style=\"font-style:normal;font-weight:600\"><mark style=\"background-color:rgba(0, 0, 0, 0)\" class=\"has-inline-color has-secondary-color\">Flexibilit\u00e9 pour chaque acteur de la cha\u00eene<\/mark>.<\/h3>\n\n\n\n<p>Chaque entreprise du secteur de la mode fonctionne diff\u00e9remment, c'est pourquoi l'int\u00e9gration EDI de Latest Collection est flexible et adaptable. Le syst\u00e8me s'int\u00e8gre parfaitement aux solutions ERP existantes telles que Softwear, ACA, Mplus, Qliqpoint, Lightspeed et SRS, et prend en charge tous les formats de donn\u00e9es courants, notamment EDIFACT, XML, CSV et API. Les normes internationales sont \u00e9galement pleinement prises en charge. Latest Collection devient ainsi une plateforme centrale o\u00f9 convergent tous les flux de donn\u00e9es, quelle que soit la technologie utilis\u00e9e ou la taille de l'entreprise.<\/p>\n\n\n\n<h3 class=\"wp-block-heading has-large-font-size\" style=\"font-style:normal;font-weight:600\"><mark style=\"background-color:rgba(0, 0, 0, 0)\" class=\"has-inline-color has-secondary-color\">De l'EDI \u00e0 l'uniformit\u00e9<\/mark>.<\/h3>\n\n\n\n<p>L'EDI est le moteur de l'uniformisation des donn\u00e9es, mais sa v\u00e9ritable force r\u00e9side dans sa combinaison avec la plateforme de donn\u00e9es de Latest Collection. Si l'EDI g\u00e8re l'\u00e9change technique des messages, Latest Collection garantit la qualit\u00e9 mat\u00e9rielle de ces donn\u00e9es. Pensez \u00e0 des informations produit pr\u00e9cises, des images de haute qualit\u00e9, des descriptions pr\u00e9cises et des prix actualis\u00e9s. En combinant ces \u00e9l\u00e9ments, un \u00e9cosyst\u00e8me unique et int\u00e9gr\u00e9 est cr\u00e9\u00e9, o\u00f9 tous les maillons de l'industrie de la mode, de la marque au paiement, travaillent avec les m\u00eames donn\u00e9es fiables. Cela am\u00e9liore non seulement l'efficacit\u00e9 des processus, mais renforce \u00e9galement la coh\u00e9rence de la marque, la satisfaction client et l'efficacit\u00e9 commerciale de tous les acteurs de la cha\u00eene.<\/p>\n\n\n\n<blockquote class=\"wp-block-quote is-layout-flow wp-block-quote-is-layout-flow\">\n<p class=\"has-text-align-left has-large-font-size\"><em>Con\u00e7u pour la mode. Con\u00e7u pour vous.<\/em><\/p>\n<\/blockquote>\n<\/div>\n<\/div>","protected":false},"excerpt":{"rendered":"<p>Wat is EDI in de fashionbranche. De mode-industrie verandert razendsnel. Nieuwe collecties, korte levertijden en veranderende klantvraag vragen om snelheid &hellip; <a href=\"https:\/\/latestcollection.com\/fr\/hoe-het-werkt-fashion-artikeldata\/edi-integratie\/\"><\/a><\/p>","protected":false},"author":2,"featured_media":0,"parent":5589,"menu_order":0,"comment_status":"closed","ping_status":"closed","template":"","meta":{"_acf_changed":false,"footnotes":""},"class_list":["post-5392","page","type-page","status-publish","hentry"],"acf":[],"_links":{"self":[{"href":"https:\/\/latestcollection.com\/fr\/wp-json\/wp\/v2\/pages\/5392","targetHints":{"allow":["GET"]}}],"collection":[{"href":"https:\/\/latestcollection.com\/fr\/wp-json\/wp\/v2\/pages"}],"about":[{"href":"https:\/\/latestcollection.com\/fr\/wp-json\/wp\/v2\/types\/page"}],"author":[{"embeddable":true,"href":"https:\/\/latestcollection.com\/fr\/wp-json\/wp\/v2\/users\/2"}],"replies":[{"embeddable":true,"href":"https:\/\/latestcollection.com\/fr\/wp-json\/wp\/v2\/comments?post=5392"}],"version-history":[{"count":27,"href":"https:\/\/latestcollection.com\/fr\/wp-json\/wp\/v2\/pages\/5392\/revisions"}],"predecessor-version":[{"id":6878,"href":"https:\/\/latestcollection.com\/fr\/wp-json\/wp\/v2\/pages\/5392\/revisions\/6878"}],"up":[{"embeddable":true,"href":"https:\/\/latestcollection.com\/fr\/wp-json\/wp\/v2\/pages\/5589"}],"wp:attachment":[{"href":"https:\/\/latestcollection.com\/fr\/wp-json\/wp\/v2\/media?parent=5392"}],"curies":[{"name":"wp","href":"https:\/\/api.w.org\/{rel}","templated":true}]}}