{"id":3,"date":"2023-07-04T09:18:44","date_gmt":"2023-07-04T09:18:44","guid":{"rendered":"https:\/\/latestcollection.com\/?page_id=3"},"modified":"2025-12-03T16:44:31","modified_gmt":"2025-12-03T15:44:31","slug":"vie-privee","status":"publish","type":"page","link":"https:\/\/latestcollection.com\/fr\/privacy\/","title":{"rendered":"Politique de confidentialit\u00e9"},"content":{"rendered":"<div class=\"wp-block-group alignfull is-layout-constrained wp-block-group-is-layout-constrained\">\n<div class=\"wp-block-cover alignfull is-light has-custom-content-position is-position-bottom-center\"><img loading=\"lazy\" decoding=\"async\" width=\"2048\" height=\"750\" class=\"wp-block-cover__image-background wp-image-5562\" alt=\"Politique de confidentialit\u00e9 Derni\u00e8re plateforme de collecte de donn\u00e9es site web\" src=\"https:\/\/latestcollection.com\/wp-content\/uploads\/2025\/02\/Privacy-beleid-Latest-Collection-platform-data-website-.png\" data-object-fit=\"cover\" srcset=\"https:\/\/latestcollection.com\/wp-content\/uploads\/2025\/02\/Privacy-beleid-Latest-Collection-platform-data-website-.png 2048w, https:\/\/latestcollection.com\/wp-content\/uploads\/2025\/02\/Privacy-beleid-Latest-Collection-platform-data-website--300x110.png 300w, https:\/\/latestcollection.com\/wp-content\/uploads\/2025\/02\/Privacy-beleid-Latest-Collection-platform-data-website--1024x375.png 1024w, https:\/\/latestcollection.com\/wp-content\/uploads\/2025\/02\/Privacy-beleid-Latest-Collection-platform-data-website--768x281.png 768w, https:\/\/latestcollection.com\/wp-content\/uploads\/2025\/02\/Privacy-beleid-Latest-Collection-platform-data-website--1536x563.png 1536w, https:\/\/latestcollection.com\/wp-content\/uploads\/2025\/02\/Privacy-beleid-Latest-Collection-platform-data-website--478x175.png 478w\" sizes=\"auto, (max-width: 2048px) 100vw, 2048px\" \/><span aria-hidden=\"true\" class=\"wp-block-cover__background has-background-dim-0 has-background-dim\" style=\"background-color:#a59796\"><\/span><div class=\"wp-block-cover__inner-container is-layout-flow wp-block-cover-is-layout-flow\">\n<div class=\"wp-block-group alignwide is-layout-constrained wp-block-group-is-layout-constrained\">\n<div class=\"wp-block-columns alignwide are-vertically-aligned-center is-layout-flex wp-container-core-columns-is-layout-28f84493 wp-block-columns-is-layout-flex\">\n<div class=\"wp-block-column is-vertically-aligned-center is-layout-flow wp-block-column-is-layout-flow\" style=\"flex-basis:50%\"><\/div>\n<\/div>\n<\/div>\n<\/div><\/div>\n<\/div>\n\n\n\n<div class=\"wp-block-group is-layout-constrained wp-block-group-is-layout-constrained\">\n<h2 class=\"wp-block-heading has-large-font-size\"><strong>Politique de confidentialit\u00e9 de Latest Collection<mark style=\"background-color:rgba(0, 0, 0, 0)\" class=\"has-inline-color has-primary-color\">.<\/mark><\/strong><\/h2>\n\n\n\n<p class=\"has-small-font-size\"><em>Laatst bijgewerkt: 03 december 2025<\/em><\/p>\n\n\n\n<p class=\"has-small-font-size\">Latest Collection B.V. (ci-apr\u00e8s \"Latest Collection\", \"nous\" ou \"notre\") s'engage \u00e0 prot\u00e9ger vos donn\u00e9es personnelles et met tout en \u0153uvre pour pr\u00e9server votre vie priv\u00e9e.<\/p>\n\n\n\n<p class=\"has-small-font-size\">Dans cette politique de confidentialit\u00e9, nous expliquons comment nous obtenons, traitons, collectons et utilisons les donn\u00e9es \u00e0 caract\u00e8re personnel que nous recueillons, et dans quel but. <\/p>\n\n\n\n<h2 class=\"wp-block-heading has-large-font-size\"><strong>Wanneer verzamelen wij uw persoonsgegevens<mark style=\"background-color:rgba(0, 0, 0, 0)\" class=\"has-inline-color has-primary-color\">.<\/mark><\/strong><\/h2>\n\n\n\n<p class=\"has-small-font-size\">Latest Collection traite vos donn\u00e9es \u00e0 caract\u00e8re personnel parce que vous utilisez nos services ou parce que vous nous fournissez vous-m\u00eame ces donn\u00e9es via notre site web. Nous collectons des donn\u00e9es \u00e0 caract\u00e8re personnel dans les situations suivantes, entre autres :<\/p>\n\n\n\n<ul class=\"wp-block-list\">\n<li class=\"has-small-font-size\"><strong>Lorsque les clients fournissent des donn\u00e9es personnelles d'utilisateurs finaux et de tiers dans nos services.<\/strong> Ces donn\u00e9es sont trait\u00e9es conform\u00e9ment \u00e0 la politique de confidentialit\u00e9 du client.<\/li>\n\n\n\n<li class=\"has-small-font-size\"><strong>Lors de l'achat de l'un de nos services ou produits :<\/strong> Lorsque vous utilisez nos services par le biais d'un abonnement payant, d'une d\u00e9monstration gratuite ou d'un service achet\u00e9, nous vous demandons des donn\u00e9es sp\u00e9cifiques telles que votre nom, votre adresse, votre adresse \u00e9lectronique et votre num\u00e9ro de t\u00e9l\u00e9phone. En outre, nous collectons vos donn\u00e9es de paiement pour traiter les paiements.<\/li>\n\n\n\n<li class=\"has-small-font-size\"><strong>Lorsque vous contactez le service client\u00e8le ou l'\u00e9quipe de vente :<\/strong> Lorsque vous contactez notre service client\u00e8le ou notre \u00e9quipe de vente, la conversation peut \u00eatre enregistr\u00e9e \u00e0 des fins de formation.<\/li>\n\n\n\n<li class=\"has-small-font-size\"><strong>Lorsque vous remplissez des formulaires sur notre site web :<\/strong> Ceci s'applique aux demandes de devis, aux formulaires de contact, aux formulaires de commande, aux demandes d'information et aux candidatures.<\/li>\n\n\n\n<li class=\"has-small-font-size\"><strong>lors de l'inscription \u00e0 des bulletins d'information, \u00e0 des r\u00e9unions ou \u00e0 d'autres communications commerciales.<\/strong><\/li>\n<\/ul>\n\n\n\n<p class=\"has-small-font-size\" style=\"font-style:normal;font-weight:100\"><em>Note : Les clients peuvent fournir des donn\u00e9es personnelles d'utilisateurs finaux et d'autres tiers en les saisissant dans les services, par exemple lors du traitement d'une transaction. Ces donn\u00e9es personnelles sont collect\u00e9es et utilis\u00e9es conform\u00e9ment \u00e0 la politique de confidentialit\u00e9 du client.<\/em><\/p>\n\n\n\n<h2 class=\"wp-block-heading has-large-font-size\"><strong>Welke gegevens verzamelen wij<mark style=\"background-color:rgba(0, 0, 0, 0)\" class=\"has-inline-color has-primary-color\">.<\/mark><\/strong><\/h2>\n\n\n\n<p class=\"has-small-font-size\">Latest Collection traite vos donn\u00e9es personnelles parce que vous utilisez nos services et\/ou parce que vous nous les fournissez vous-m\u00eame. Vous trouverez ci-dessous un aper\u00e7u des donn\u00e9es personnelles que nous traitons :<\/p>\n\n\n\n<ul class=\"wp-block-list\">\n<li class=\"has-small-font-size\">Adresse IP.<\/li>\n\n\n\n<li class=\"has-small-font-size\">Pour garantir la s\u00e9curit\u00e9 de vos donn\u00e9es, nous appliquons une technique qui m\u00e9morise votre adresse IP apr\u00e8s trois tentatives de connexion au CMS. L'adresse IP est alors bloqu\u00e9e.<\/li>\n\n\n\n<li class=\"has-small-font-size\">Donn\u00e9es relatives \u00e0 vos activit\u00e9s sur notre site web.<\/li>\n\n\n\n<li class=\"has-small-font-size\">Navigateur Internet et type d'appareil.<\/li>\n\n\n\n<li class=\"has-small-font-size\">Fonctionnalit\u00e9s du site web.<\/li>\n<\/ul>\n\n\n\n<h2 class=\"wp-block-heading has-large-font-size\"><strong>Met welk doel bewaren we uw persoonsgegevens<mark style=\"background-color:rgba(0, 0, 0, 0)\" class=\"has-inline-color has-primary-color\">.<\/mark><\/strong><\/h2>\n\n\n\n<p class=\"has-small-font-size\">Latest Collection traite vos donn\u00e9es \u00e0 caract\u00e8re personnel aux fins suivantes ;<\/p>\n\n\n\n<ul class=\"wp-block-list\">\n<li class=\"has-small-font-size\">Pour maintenir notre relation avec vous et vous fournir une assistance \u00e0 la client\u00e8le.<\/li>\n\n\n\n<li class=\"has-small-font-size\">Pour communiquer avec vous par courrier \u00e9lectronique, t\u00e9l\u00e9phone, SMS, lettres, m\u00e9dias sociaux et sites web, dans la mesure o\u00f9 cela est n\u00e9cessaire \u00e0 l'ex\u00e9cution de nos services.<\/li>\n\n\n\n<li class=\"has-small-font-size\">vous informer sur nos services et nos produits.<\/li>\n\n\n\n<li class=\"has-small-font-size\">Latest Collection analyse votre comportement sur le site web afin de l'am\u00e9liorer et d'adapter l'offre de produits et de services aux pr\u00e9f\u00e9rences des visiteurs.<\/li>\n<\/ul>\n\n\n\n<h2 class=\"wp-block-heading has-large-font-size\"><strong>Partage des donn\u00e9es personnelles avec des tiers<mark style=\"background-color:rgba(0, 0, 0, 0)\" class=\"has-inline-color has-primary-color\">.<\/mark><\/strong><\/h2>\n\n\n\n<p class=\"has-small-font-size\">Nous ne transmettons vos donn\u00e9es personnelles \u00e0 des tiers que si cela est n\u00e9cessaire pour l'ex\u00e9cution d'un contrat avec vous ou pour respecter une obligation l\u00e9gale.<\/p>\n\n\n\n<h2 class=\"wp-block-heading has-large-font-size\"><strong>Mineurs<mark style=\"background-color:rgba(0, 0, 0, 0)\" class=\"has-inline-color has-primary-color\">.<\/mark><\/strong><\/h2>\n\n\n\n<p class=\"has-small-font-size\">Nous ne traitons les donn\u00e9es personnelles des mineurs (personnes \u00e2g\u00e9es de moins de 18 ans) que si le parent, le tuteur ou le repr\u00e9sentant l\u00e9gal donne son consentement \u00e9crit.<\/p>\n\n\n\n<h2 class=\"wp-block-heading has-large-font-size\"><strong>P\u00e9riode de conservation<mark style=\"background-color:rgba(0, 0, 0, 0)\" class=\"has-inline-color has-primary-color\">.<\/mark><\/strong><\/h2>\n\n\n\n<p class=\"has-small-font-size\">Nous ne conserverons pas vos donn\u00e9es personnelles plus longtemps que ce qui est strictement n\u00e9cessaire aux fins pour lesquelles elles ont \u00e9t\u00e9 collect\u00e9es :<\/p>\n\n\n\n<ul class=\"wp-block-list\">\n<li class=\"has-small-font-size\">Les formulaires de contact soumis sont supprim\u00e9s d\u00e8s qu'ils sont trait\u00e9s.<\/li>\n\n\n\n<li class=\"has-small-font-size\">Les donn\u00e9es analytiques de Google Analytics sont conserv\u00e9es pendant 26 mois.<\/li>\n<\/ul>\n\n\n\n<h2 class=\"wp-block-heading has-large-font-size\"><strong>S\u00e9curit\u00e9<mark style=\"background-color:rgba(0, 0, 0, 0)\" class=\"has-inline-color has-primary-color\">.<\/mark><\/strong><\/h2>\n\n\n\n<p class=\"has-small-font-size\">Nous prenons des mesures appropri\u00e9es pour prot\u00e9ger vos donn\u00e9es \u00e0 caract\u00e8re personnel contre les abus, les pertes, les acc\u00e8s non autoris\u00e9s et les modifications non autoris\u00e9es. Ces mesures sont les suivantes<\/p>\n\n\n\n<ul class=\"wp-block-list\">\n<li class=\"has-small-font-size\">Restrictions d'acc\u00e8s avanc\u00e9es et protection par pare-feu.<\/li>\n\n\n\n<li class=\"has-small-font-size\">Transmission crypt\u00e9e des donn\u00e9es via des connexions s\u00e9curis\u00e9es.<\/li>\n<\/ul>\n\n\n\n<h2 class=\"wp-block-heading has-large-font-size\"><strong>Sites web de tiers<mark style=\"background-color:rgba(0, 0, 0, 0)\" class=\"has-inline-color has-primary-color\">.<\/mark><\/strong><\/h2>\n\n\n\n<p class=\"has-small-font-size\">Cette politique de confidentialit\u00e9 ne s'applique pas aux sites web de tiers vers lesquels nous \u00e9tablissons des liens. Nous vous encourageons \u00e0 lire les politiques de confidentialit\u00e9 de ces sites avant de les utiliser.<\/p>\n\n\n\n<h2 class=\"wp-block-heading has-large-font-size\"><strong>Droits concernant vos donn\u00e9es<mark style=\"background-color:rgba(0, 0, 0, 0)\" class=\"has-inline-color has-primary-color\">.<\/mark><\/strong><\/h2>\n\n\n\n<p class=\"has-small-font-size\">Chez Latest Collection, nous accordons de l'importance \u00e0 votre vie priv\u00e9e et souhaitons vous offrir la transparence et le contr\u00f4le de vos donn\u00e9es personnelles. Vous avez le droit de :<\/p>\n\n\n\n<ul class=\"wp-block-list\">\n<li class=\"has-small-font-size\">Acc\u00e9dez \u00e0 vos donn\u00e9es personnelles ;<\/li>\n\n\n\n<li class=\"has-small-font-size\">Faire corriger, restreindre ou supprimer vos donn\u00e9es ;<\/li>\n\n\n\n<li class=\"has-small-font-size\">S'opposer au traitement de vos donn\u00e9es.<\/li>\n<\/ul>\n\n\n\n<p class=\"has-small-font-size\">Souhaitez-vous exercer ces droits ? Dans l'affirmative, veuillez envoyer un courriel \u00e0 l'adresse suivante <a href=\"mailto:info@latestcollection.com\" target=\"_blank\" rel=\"noreferrer noopener\">info@latestcollection.com<\/a> en joignant une copie de votre pi\u00e8ce d'identit\u00e9 (avec BSN prot\u00e9g\u00e9 et photo d'identit\u00e9). Veuillez \u00e9galement mentionner dans votre demande qu'elle concerne la politique de confidentialit\u00e9.<\/p>\n\n\n\n<h2 class=\"wp-block-heading has-large-font-size\"><strong>Modifications de la pr\u00e9sente politique de confidentialit\u00e9<mark style=\"background-color:rgba(0, 0, 0, 0)\" class=\"has-inline-color has-primary-color\">.<\/mark><\/strong><\/h2>\n\n\n\n<p class=\"has-small-font-size\">Wij houden ons in alle gevallen aan de toepasselijke wet- en regelgeving, waaronder de Algemene Verordening Gegevensbescherming.&nbsp;We houden ons het recht voor om deze verklaring aan te passen. We raden aan dat je deze verklaring regelmatig bekijkt zodat je op de hoogte blijft van eventuele wijzigingen.<\/p>\n\n\n\n<h2 class=\"wp-block-heading has-large-font-size\"><strong>Contact<mark style=\"background-color:rgba(0, 0, 0, 0)\" class=\"has-inline-color has-primary-color\">.<\/mark><\/strong><\/h2>\n\n\n\n<p class=\"has-small-font-size\">Vous avez des questions concernant cette politique de confidentialit\u00e9 ? Si c'est le cas, veuillez nous contacter :<\/p>\n\n\n\n<p class=\"has-small-font-size\"><strong>Latest Collection<\/strong><br>Tappersweg 12 W<br>2031 ET Haarlem<br>E-mail : <a href=\"mailto:info@latestcollection.com\" target=\"_blank\" rel=\"noreferrer noopener\">info@latestcollection.com<\/a><\/p>\n<\/div>","protected":false},"excerpt":{"rendered":"<p>Privacybeleid van Latest Collection. Laatst bijgewerkt: 03 december 2025 Latest Collection B.V. (hierna: \u201cLatest Collection\u201d, \u201cwij\u201d of \u201cons\u201d) hecht veel &hellip; <a href=\"https:\/\/latestcollection.com\/fr\/privacy\/\"><\/a><\/p>","protected":false},"author":1,"featured_media":0,"parent":0,"menu_order":0,"comment_status":"closed","ping_status":"open","template":"","meta":{"_acf_changed":false,"footnotes":""},"class_list":["post-3","page","type-page","status-publish","hentry"],"acf":[],"_links":{"self":[{"href":"https:\/\/latestcollection.com\/fr\/wp-json\/wp\/v2\/pages\/3","targetHints":{"allow":["GET"]}}],"collection":[{"href":"https:\/\/latestcollection.com\/fr\/wp-json\/wp\/v2\/pages"}],"about":[{"href":"https:\/\/latestcollection.com\/fr\/wp-json\/wp\/v2\/types\/page"}],"author":[{"embeddable":true,"href":"https:\/\/latestcollection.com\/fr\/wp-json\/wp\/v2\/users\/1"}],"replies":[{"embeddable":true,"href":"https:\/\/latestcollection.com\/fr\/wp-json\/wp\/v2\/comments?post=3"}],"version-history":[{"count":12,"href":"https:\/\/latestcollection.com\/fr\/wp-json\/wp\/v2\/pages\/3\/revisions"}],"predecessor-version":[{"id":7465,"href":"https:\/\/latestcollection.com\/fr\/wp-json\/wp\/v2\/pages\/3\/revisions\/7465"}],"wp:attachment":[{"href":"https:\/\/latestcollection.com\/fr\/wp-json\/wp\/v2\/media?parent=3"}],"curies":[{"name":"wp","href":"https:\/\/api.w.org\/{rel}","templated":true}]}}