{"id":7653,"date":"2026-01-07T12:56:28","date_gmt":"2026-01-07T11:56:28","guid":{"rendered":"https:\/\/latestcollection.com\/?page_id=7653"},"modified":"2026-02-20T17:49:34","modified_gmt":"2026-02-20T16:49:34","slug":"ecosistema-de-datos-de-moda","status":"publish","type":"page","link":"https:\/\/latestcollection.com\/es\/fashion-data-ecosysteem\/","title":{"rendered":"El ecosistema de datos de la moda"},"content":{"rendered":"<div class=\"wp-block-group alignfull is-layout-constrained wp-block-group-is-layout-constrained\">\n<div class=\"wp-block-group is-layout-constrained wp-block-group-is-layout-constrained\">\n<div class=\"wp-block-cover is-light has-custom-content-position is-position-bottom-center\"><img loading=\"lazy\" decoding=\"async\" width=\"2048\" height=\"750\" class=\"wp-block-cover__image-background wp-image-7982 size-full\" alt=\"Latest Collection art\u00edculos de modadata stroming ecosysteem\" src=\"https:\/\/latestcollection.com\/wp-content\/uploads\/2026\/02\/Latest-Collection-fashion-artikeldata-stroming-ecosysteem-.avif\" style=\"object-position:68% 58%\" data-object-fit=\"cover\" data-object-position=\"68% 58%\" srcset=\"https:\/\/latestcollection.com\/wp-content\/uploads\/2026\/02\/Latest-Collection-fashion-artikeldata-stroming-ecosysteem-.avif 2048w, https:\/\/latestcollection.com\/wp-content\/uploads\/2026\/02\/Latest-Collection-fashion-artikeldata-stroming-ecosysteem--300x110.avif 300w, https:\/\/latestcollection.com\/wp-content\/uploads\/2026\/02\/Latest-Collection-fashion-artikeldata-stroming-ecosysteem--1024x375.avif 1024w, https:\/\/latestcollection.com\/wp-content\/uploads\/2026\/02\/Latest-Collection-fashion-artikeldata-stroming-ecosysteem--768x281.avif 768w, https:\/\/latestcollection.com\/wp-content\/uploads\/2026\/02\/Latest-Collection-fashion-artikeldata-stroming-ecosysteem--1536x563.avif 1536w, https:\/\/latestcollection.com\/wp-content\/uploads\/2026\/02\/Latest-Collection-fashion-artikeldata-stroming-ecosysteem--18x7.avif 18w, https:\/\/latestcollection.com\/wp-content\/uploads\/2026\/02\/Latest-Collection-fashion-artikeldata-stroming-ecosysteem--478x175.avif 478w\" sizes=\"auto, (max-width: 2048px) 100vw, 2048px\" \/><span aria-hidden=\"true\" class=\"wp-block-cover__background has-background-dim-0 has-background-dim\" style=\"background-color:#b59b8d\"><\/span><div class=\"wp-block-cover__inner-container is-layout-flow wp-block-cover-is-layout-flow\">\n<p class=\"has-text-align-center has-large-font-size\"><\/p>\n<\/div><\/div>\n\n\n\n<div class=\"wp-block-group is-content-justification-left is-layout-constrained wp-container-core-group-is-layout-414f9025 wp-block-group-is-layout-constrained\">\n<h2 class=\"wp-block-heading has-large-font-size\" style=\"font-style:normal;font-weight:600\"><strong>El ecosistema de datos de la moda<\/strong><mark style=\"background-color:rgba(0, 0, 0, 0)\" class=\"has-inline-color has-primary-color\">.<\/mark><\/h2>\n\n\n\n<p>La cadena de suministro de la moda est\u00e1 formada por marcas, socios de software, minoristas y plataformas que dependen de la misma informaci\u00f3n del producto. Sin embargo, esta informaci\u00f3n rara vez fluye fluidamente a lo largo de la cadena.<\/p>\n\n\n\n<p>Los datos de los art\u00edculos se transfieren, modifican y reingresan. No por reticencia, sino porque no existe una capa central de datos que lo conecte todo.<\/p>\n\n\n\n<p>Latest Collection cumple exactamente esa funci\u00f3n.<\/p>\n\n\n\n<h2 class=\"wp-block-heading has-large-font-size\" style=\"font-style:normal;font-weight:600\"><strong>Una capa de datos compartida para el comercio minorista de moda<\/strong><mark style=\"background-color:rgba(0, 0, 0, 0)\" class=\"has-inline-color has-primary-color\">.<\/mark><\/h2>\n\n\n\n<p>Latest Collection es la plataforma de datos de moda que re\u00fane marcas, socios de software y minoristas en un ecosistema unificado.<\/p>\n\n\n\n<p>La plataforma:<\/p>\n\n\n\n<ul class=\"wp-block-list\">\n<li>Recopila datos de productos de moda<\/li>\n\n\n\n<li>Los estructura y estandariza<\/li>\n\n\n\n<li>Pone los datos a disposici\u00f3n para soluciones conectadas<\/li>\n<\/ul>\n\n\n\n<p>No como el propietario de la cadena, sino como una infraestructura de conexi\u00f3n.<\/p>\n<\/div>\n\n\n\n<div class=\"wp-block-columns is-layout-flex wp-container-core-columns-is-layout-28f84493 wp-block-columns-is-layout-flex\">\n<div class=\"wp-block-column is-layout-flow wp-block-column-is-layout-flow\">\n<figure class=\"wp-block-image size-full\"><img loading=\"lazy\" decoding=\"async\" width=\"788\" height=\"940\" src=\"https:\/\/latestcollection.com\/wp-content\/uploads\/2026\/02\/Samenwerken-sneller-verkopen.avif\" alt=\"Samenwerken sneller verkopen\" class=\"wp-image-7984\" srcset=\"https:\/\/latestcollection.com\/wp-content\/uploads\/2026\/02\/Samenwerken-sneller-verkopen.avif 788w, https:\/\/latestcollection.com\/wp-content\/uploads\/2026\/02\/Samenwerken-sneller-verkopen-251x300.avif 251w, https:\/\/latestcollection.com\/wp-content\/uploads\/2026\/02\/Samenwerken-sneller-verkopen-768x916.avif 768w, https:\/\/latestcollection.com\/wp-content\/uploads\/2026\/02\/Samenwerken-sneller-verkopen-10x12.avif 10w, https:\/\/latestcollection.com\/wp-content\/uploads\/2026\/02\/Samenwerken-sneller-verkopen-147x175.avif 147w\" sizes=\"auto, (max-width: 788px) 100vw, 788px\" \/><\/figure>\n<\/div>\n\n\n\n<div class=\"wp-block-column is-layout-flow wp-block-column-is-layout-flow\">\n<h3 class=\"wp-block-heading has-large-font-size\" style=\"font-style:normal;font-weight:600\"><mark style=\"background-color:rgba(0, 0, 0, 0)\" class=\"has-inline-color has-secondary-color\"><strong><strong><mark style=\"background-color:rgba(0, 0, 0, 0)\" class=\"has-inline-color has-secondary-color\"><strong>Colaborar en lugar de reemplazar<\/strong><\/mark><\/strong><\/strong><\/mark><mark style=\"background-color:rgba(0, 0, 0, 0)\" class=\"has-inline-color has-primary-color\">.<\/mark><\/h3>\n\n\n\n<p>En muchos mercados de software, el crecimiento gira en torno a la sustituci\u00f3n. Los nuevos sistemas asumen funciones y desplazan a los actores existentes. Latest Collection elige deliberadamente un enfoque diferente.<\/p>\n\n\n\n<p>Las marcas siguen trabajando en sus propios sistemas. Los socios de software mantienen su propio punto de venta y back office. Los minoristas trabajan en su entorno habitual. La plataforma mejora lo existente.<\/p>\n\n\n\n<p>Una \u00fanica capa de datos compartida permite la colaboraci\u00f3n sin dependencia y la escalabilidad sin p\u00e9rdida de autonom\u00eda.<\/p>\n<\/div>\n<\/div>\n\n\n\n<div class=\"wp-block-columns is-layout-flex wp-container-core-columns-is-layout-28f84493 wp-block-columns-is-layout-flex\">\n<div class=\"wp-block-column is-layout-flow wp-block-column-is-layout-flow\">\n<h3 class=\"wp-block-heading has-large-font-size\" style=\"font-style:normal;font-weight:600\"><mark style=\"background-color:rgba(0, 0, 0, 0)\" class=\"has-inline-color has-secondary-color\"><mark style=\"background-color:rgba(0, 0, 0, 0)\" class=\"has-inline-color has-secondary-color\"><mark style=\"background-color:rgba(0, 0, 0, 0)\" class=\"has-inline-color has-secondary-color\"><strong>El papel de los socios en el ecosistema de datos de la moda<\/strong><\/mark><\/mark><mark style=\"background-color:rgba(0, 0, 0, 0)\" class=\"has-inline-color has-primary-color\"><strong>.<\/strong><\/mark><\/mark><\/h3>\n\n\n\n<p class=\"has-small-font-size\">Los socios fortalecen el ecosistema bas\u00e1ndose en sus propias especializaciones. Algunos socios, como <a href=\"https:\/\/www.mpluskassa.nl\/koppelingen\/latest-collection\" target=\"_blank\" rel=\"noreferrer noopener\">MPlusKASSA<\/a>, integran t\u00e9cnicamente la \u00daltima Colecci\u00f3n en sus soluciones minoristas. Otros socios garantizan el alcance y la adopci\u00f3n de datos de moda en la industria.<\/p>\n\n\n\n<p>Lo que los une es esto: enriquecen su oferta con datos uniformes de productos de moda, sin reemplazar su producto principal.<\/p>\n\n\n\n<div class=\"wp-block-buttons is-layout-flex wp-block-buttons-is-layout-flex\">\n<div class=\"wp-block-button\"><a class=\"wp-block-button__link has-secondary-background-color has-background wp-element-button\" href=\"https:\/\/latestcollection.com\/es\/partners\/\">Ver todos los socios<\/a><\/div>\n<\/div>\n<\/div>\n\n\n\n<div class=\"wp-block-column is-layout-flow wp-block-column-is-layout-flow\">\n<figure class=\"wp-block-image size-full\"><img loading=\"lazy\" decoding=\"async\" width=\"788\" height=\"940\" src=\"https:\/\/latestcollection.com\/wp-content\/uploads\/2026\/02\/POS-leverancier-met-data-fashion-data-ecosysteem.avif\" alt=\"POS leverancier met data fashion data ecosysteem\" class=\"wp-image-7983\" srcset=\"https:\/\/latestcollection.com\/wp-content\/uploads\/2026\/02\/POS-leverancier-met-data-fashion-data-ecosysteem.avif 788w, https:\/\/latestcollection.com\/wp-content\/uploads\/2026\/02\/POS-leverancier-met-data-fashion-data-ecosysteem-251x300.avif 251w, https:\/\/latestcollection.com\/wp-content\/uploads\/2026\/02\/POS-leverancier-met-data-fashion-data-ecosysteem-768x916.avif 768w, https:\/\/latestcollection.com\/wp-content\/uploads\/2026\/02\/POS-leverancier-met-data-fashion-data-ecosysteem-10x12.avif 10w, https:\/\/latestcollection.com\/wp-content\/uploads\/2026\/02\/POS-leverancier-met-data-fashion-data-ecosysteem-147x175.avif 147w\" sizes=\"auto, (max-width: 788px) 100vw, 788px\" \/><\/figure>\n<\/div>\n<\/div>\n\n\n\n<div class=\"wp-block-columns is-layout-flex wp-container-core-columns-is-layout-28f84493 wp-block-columns-is-layout-flex\">\n<div class=\"wp-block-column is-layout-flow wp-block-column-is-layout-flow\">\n<figure class=\"wp-block-image size-full\"><img loading=\"lazy\" decoding=\"async\" width=\"788\" height=\"940\" src=\"https:\/\/latestcollection.com\/wp-content\/uploads\/2026\/02\/Samenwerken-sneller-verkopen-retailer-schoenenwinkel.avif\" alt=\"Samenwerken sneller verkopen retailer schoenenwinkel\" class=\"wp-image-7985\" srcset=\"https:\/\/latestcollection.com\/wp-content\/uploads\/2026\/02\/Samenwerken-sneller-verkopen-retailer-schoenenwinkel.avif 788w, https:\/\/latestcollection.com\/wp-content\/uploads\/2026\/02\/Samenwerken-sneller-verkopen-retailer-schoenenwinkel-251x300.avif 251w, https:\/\/latestcollection.com\/wp-content\/uploads\/2026\/02\/Samenwerken-sneller-verkopen-retailer-schoenenwinkel-768x916.avif 768w, https:\/\/latestcollection.com\/wp-content\/uploads\/2026\/02\/Samenwerken-sneller-verkopen-retailer-schoenenwinkel-10x12.avif 10w, https:\/\/latestcollection.com\/wp-content\/uploads\/2026\/02\/Samenwerken-sneller-verkopen-retailer-schoenenwinkel-147x175.avif 147w\" sizes=\"auto, (max-width: 788px) 100vw, 788px\" \/><\/figure>\n<\/div>\n\n\n\n<div class=\"wp-block-column is-layout-flow wp-block-column-is-layout-flow\">\n<h3 class=\"wp-block-heading has-large-font-size\" style=\"font-style:normal;font-weight:600\"><mark style=\"background-color:rgba(0, 0, 0, 0)\" class=\"has-inline-color has-secondary-color\"><strong>Socios de software como amplificadores comerciales<\/strong><\/mark><mark style=\"background-color:rgba(0, 0, 0, 0)\" class=\"has-inline-color has-primary-color\">.<\/mark><\/h3>\n\n\n\n<p>Para los proveedores y plataformas de punto de venta, participar en el ecosistema de datos de moda fortalece su propuesta.<\/p>\n\n\n\n<p>\u2713 La uniformidad de los datos de moda acelera las implementaciones.<br>\u2713 Los minoristas trabajan con productos completos.<br>\u2713 El valor percibido de la soluci\u00f3n aumenta.<\/p>\n\n\n\n<p>Al colaborar con Latest Collection, se logra escalar sin necesidad de desarrollo adicional.<\/p>\n<\/div>\n<\/div>\n\n\n\n<h2 class=\"wp-block-heading has-large-font-size\" style=\"font-style:normal;font-weight:600\"><strong>Los minoristas como evidencia diaria<\/strong><mark style=\"background-color:rgba(0, 0, 0, 0)\" class=\"has-inline-color has-primary-color\">.<\/mark><\/h2>\n\n\n\n<p>Los minoristas experimentan inmediatamente la diferencia entre la entrada manual y trabajar con informaci\u00f3n completa del art\u00edculo.<\/p>\n\n\n\n<p>\u2713 Las nuevas colecciones se lanzan m\u00e1s r\u00e1pido.<br>\u2713 Las im\u00e1genes de los productos se vinculan autom\u00e1ticamente.<br>\u2713 Se reducen las rondas de correcci\u00f3n.<\/p>\n\n\n\n<p>Aunque los minoristas no deciden directamente sobre la entrega de datos, son un factor clave dentro del ecosistema de datos de moda.<\/p>\n\n\n\n<div class=\"wp-block-buttons is-content-justification-center is-layout-flex wp-container-core-buttons-is-layout-a89b3969 wp-block-buttons-is-layout-flex\">\n<div class=\"wp-block-button\"><a class=\"wp-block-button__link has-secondary-background-color has-background wp-element-button\" href=\"https:\/\/latestcollection.com\/es\/marcas\/\">Ver marcas afiliadas<\/a><\/div>\n<\/div>\n\n\n\n<h2 class=\"wp-block-heading has-large-font-size\" style=\"font-style:normal;font-weight:600\"><mark style=\"background-color:rgba(0, 0, 0, 0)\" class=\"has-inline-color has-secondary-color\"><mark style=\"background-color:rgba(0, 0, 0, 0)\" class=\"has-inline-color has-secondary-color\"><mark style=\"background-color:rgba(0, 0, 0, 0)\" class=\"has-inline-color has-secondary-color\"><strong>La neutralidad como factor de crecimiento<\/strong><\/mark><\/mark><mark style=\"background-color:rgba(0, 0, 0, 0)\" class=\"has-inline-color has-primary-color\"><strong>.<\/strong><\/mark><\/mark><\/h2>\n\n\n\n<p class=\"has-small-font-size\">Latest Collection no es un sistema de caja registradora, una plataforma de tienda online ni un canal de ventas.<\/p>\n\n\n\n<p>Precisamente porque la plataforma no pretende controlar nada, puede conectarlo todo.<\/p>\n\n\n\n<p>\u2713 La neutralidad genera confianza entre los socios.<br>\u2713 La colaboraci\u00f3n se vuelve m\u00e1s sencilla y escalable.<br>\u2713 Las marcas proporcionan sus datos de forma centralizada.<br>\u2713 Los proveedores de software ofrecen una soluci\u00f3n m\u00e1s completa y distintiva.<\/p>\n\n\n\n<p>\u2713 Les \u00e9diteurs de logiciels proposent une solution plus compl\u00e8te et personnalis\u00e9e.<\/p>\n\n\n\n<h2 class=\"wp-block-heading has-large-font-size\" style=\"font-style:normal;font-weight:600\"><mark style=\"background-color:rgba(0, 0, 0, 0)\" class=\"has-inline-color has-secondary-color\"><mark style=\"background-color:rgba(0, 0, 0, 0)\" class=\"has-inline-color has-secondary-color\"><mark style=\"background-color:rgba(0, 0, 0, 0)\" class=\"has-inline-color has-secondary-color\"><strong>Un ecosistema en movimiento<\/strong><\/mark><\/mark><mark style=\"background-color:rgba(0, 0, 0, 0)\" class=\"has-inline-color has-primary-color\"><strong>.<\/strong><\/mark><\/mark><\/h2>\n\n\n\n<p>El ecosistema de datos de moda no es est\u00e1tico. Crece con nuevas marcas, nuevos socios y nuevas aplicaciones. Cada nueva conexi\u00f3n fortalece el flujo de datos. Cuanto mayor sea la red, m\u00e1s eficiente ser\u00e1 la cadena de suministro. El siguiente paso es descubrir qu\u00e9 papel desempe\u00f1a tu empresa en esto.<\/p>\n\n\n\n<div class=\"wp-block-columns is-layout-flex wp-container-core-columns-is-layout-28f84493 wp-block-columns-is-layout-flex\">\n<div class=\"wp-block-column is-layout-flow wp-block-column-is-layout-flow\">\n<div class=\"wp-block-buttons is-content-justification-center is-layout-flex wp-container-core-buttons-is-layout-a89b3969 wp-block-buttons-is-layout-flex\">\n<div class=\"wp-block-button\"><a class=\"wp-block-button__link has-secondary-color has-primary-steun-background-color has-text-color has-background has-link-color wp-element-button\" href=\"https:\/\/latestcollection.com\/es\/partners\/\" target=\"_blank\" rel=\"noreferrer noopener\">Descubra nuestros socios<\/a><\/div>\n<\/div>\n<\/div>\n\n\n\n<div class=\"wp-block-column is-layout-flow wp-block-column-is-layout-flow\">\n<div class=\"wp-block-buttons is-content-justification-center is-layout-flex wp-container-core-buttons-is-layout-a89b3969 wp-block-buttons-is-layout-flex\">\n<div class=\"wp-block-button\"><a class=\"wp-block-button__link has-secondary-color has-primary-steun-background-color has-text-color has-background has-link-color wp-element-button\" href=\"https:\/\/latestcollection.com\/es\/marcas\/\" target=\"_blank\" rel=\"noreferrer noopener\">Ver marcas afiliadas<\/a><\/div>\n<\/div>\n<\/div>\n\n\n\n<div class=\"wp-block-column is-layout-flow wp-block-column-is-layout-flow\">\n<div class=\"wp-block-buttons is-content-justification-center is-layout-flex wp-container-core-buttons-is-layout-a89b3969 wp-block-buttons-is-layout-flex\">\n<div class=\"wp-block-button\"><a class=\"wp-block-button__link has-secondary-color has-primary-steun-background-color has-text-color has-background has-link-color wp-element-button\" href=\"https:\/\/latestcollection.com\/es\/pongase-en-contacto-con\/\" target=\"_blank\" rel=\"noreferrer noopener\">P\u00f3ngase en contacto<\/a><\/div>\n<\/div>\n<\/div>\n<\/div>\n<\/div>\n<\/div>\n\n\n\n<div class=\"wp-block-indrukwekkend-slider alignfull\"><div class=\"wp-block-indrukwekkend-slider__icons\" data-fade=\"false\" data-dots=\"true\" data-pause=\"false\" data-speed=\"4700\" data-autoplay=\"true\" data-autospeed=\"150\" data-slidestoshow=\"6\" data-slidestoscroll=\"1\"><figure class=\"afbeelding\" style=\"display:none\"><img decoding=\"async\" src=\"https:\/\/latestcollection.com\/wp-content\/uploads\/2026\/04\/Qliqpoint-partner-Latest-Collection-350x175.avif\" alt=\"Qliqpoint partner Latest Collection\" data-id=\"8225\"\/><\/figure><figure class=\"afbeelding\" style=\"display:none\"><img decoding=\"async\" src=\"https:\/\/latestcollection.com\/wp-content\/uploads\/2026\/02\/Partner-FashionUnited-eBusiness-263x175.avif\" alt=\"Partner FashionUnited eBusiness\" data-id=\"7958\"\/><\/figure><figure class=\"afbeelding\" style=\"display:none\"><img decoding=\"async\" src=\"https:\/\/latestcollection.com\/wp-content\/uploads\/2026\/02\/Partner-Retail2Market-263x175.avif\" alt=\"Partner Retail2Market\" data-id=\"7959\"\/><\/figure><figure class=\"afbeelding\" style=\"display:none\"><img decoding=\"async\" src=\"https:\/\/latestcollection.com\/wp-content\/uploads\/2026\/02\/Partner-MPlusKASSA-263x175.avif\" alt=\"Partner MPlusKASSA\" data-id=\"7960\"\/><\/figure><figure class=\"afbeelding\" style=\"display:none\"><img decoding=\"async\" src=\"https:\/\/latestcollection.com\/wp-content\/uploads\/2026\/02\/EasyPOS-software-263x175.avif\" alt=\"EasyPOS software\" data-id=\"7968\"\/><\/figure><figure class=\"afbeelding\" style=\"display:none\"><img decoding=\"async\" src=\"https:\/\/latestcollection.com\/wp-content\/uploads\/2026\/02\/Kubus-content-263x175.avif\" alt=\"Kubus content\" data-id=\"7969\"\/><\/figure><figure class=\"afbeelding\" style=\"display:none\"><img decoding=\"async\" src=\"https:\/\/latestcollection.com\/wp-content\/uploads\/2026\/02\/Techdog-group-263x175.avif\" alt=\"Techdog group\" data-id=\"7970\"\/><\/figure><figure class=\"afbeelding\" style=\"display:none\"><img decoding=\"async\" src=\"https:\/\/latestcollection.com\/wp-content\/uploads\/2026\/04\/Qliqpoint-partner-Latest-Collection-1-350x175.avif\" alt=\"Qliqpoint partner Latest Collection\" data-id=\"8226\"\/><\/figure><figure class=\"afbeelding\" style=\"display:none\"><img decoding=\"async\" src=\"https:\/\/latestcollection.com\/wp-content\/uploads\/2026\/02\/Partner-FashionUnited-eBusiness-1-263x175.avif\" alt=\"Partner FashionUnited eBusiness\" data-id=\"7965\"\/><\/figure><figure class=\"afbeelding\" style=\"display:none\"><img decoding=\"async\" src=\"https:\/\/latestcollection.com\/wp-content\/uploads\/2026\/02\/Partner-Retail2Market-1-263x175.avif\" alt=\"Partner Retail2Market\" data-id=\"7966\"\/><\/figure><figure class=\"afbeelding\" style=\"display:none\"><img decoding=\"async\" src=\"https:\/\/latestcollection.com\/wp-content\/uploads\/2026\/02\/Partner-MPlusKASSA-1-263x175.avif\" alt=\"Partner MPlusKASSA\" data-id=\"7964\"\/><\/figure><figure class=\"afbeelding\" style=\"display:none\"><img decoding=\"async\" src=\"https:\/\/latestcollection.com\/wp-content\/uploads\/2026\/02\/EasyPOS-software-1-263x175.avif\" alt=\"EasyPOS software\" data-id=\"7972\"\/><\/figure><figure class=\"afbeelding\" style=\"display:none\"><img decoding=\"async\" src=\"https:\/\/latestcollection.com\/wp-content\/uploads\/2026\/02\/Kubus-content-1-263x175.avif\" alt=\"Kubus content\" data-id=\"7973\"\/><\/figure><figure class=\"afbeelding\" style=\"display:none\"><img decoding=\"async\" src=\"https:\/\/latestcollection.com\/wp-content\/uploads\/2026\/02\/Techdog-group-1-263x175.avif\" alt=\"Techdog group\" data-id=\"7971\"\/><\/figure><\/div><\/div>","protected":false},"excerpt":{"rendered":"<p>Het fashion data ecosysteem. De fashionketen bestaat uit merken, softwarepartners, retailers en platformen die afhankelijk zijn van dezelfde productinformatie. Toch &hellip; <a href=\"https:\/\/latestcollection.com\/es\/fashion-data-ecosysteem\/\"><\/a><\/p>","protected":false},"author":2,"featured_media":7982,"parent":0,"menu_order":0,"comment_status":"closed","ping_status":"closed","template":"","meta":{"_acf_changed":false,"footnotes":""},"class_list":["post-7653","page","type-page","status-publish","has-post-thumbnail","hentry"],"acf":[],"_links":{"self":[{"href":"https:\/\/latestcollection.com\/es\/wp-json\/wp\/v2\/pages\/7653","targetHints":{"allow":["GET"]}}],"collection":[{"href":"https:\/\/latestcollection.com\/es\/wp-json\/wp\/v2\/pages"}],"about":[{"href":"https:\/\/latestcollection.com\/es\/wp-json\/wp\/v2\/types\/page"}],"author":[{"embeddable":true,"href":"https:\/\/latestcollection.com\/es\/wp-json\/wp\/v2\/users\/2"}],"replies":[{"embeddable":true,"href":"https:\/\/latestcollection.com\/es\/wp-json\/wp\/v2\/comments?post=7653"}],"version-history":[{"count":5,"href":"https:\/\/latestcollection.com\/es\/wp-json\/wp\/v2\/pages\/7653\/revisions"}],"predecessor-version":[{"id":7992,"href":"https:\/\/latestcollection.com\/es\/wp-json\/wp\/v2\/pages\/7653\/revisions\/7992"}],"wp:featuredmedia":[{"embeddable":true,"href":"https:\/\/latestcollection.com\/es\/wp-json\/wp\/v2\/media\/7982"}],"wp:attachment":[{"href":"https:\/\/latestcollection.com\/es\/wp-json\/wp\/v2\/media?parent=7653"}],"curies":[{"name":"wp","href":"https:\/\/api.w.org\/{rel}","templated":true}]}}