{"id":5589,"date":"2025-02-28T10:59:34","date_gmt":"2025-02-28T09:59:34","guid":{"rendered":"https:\/\/latestcollection.com\/?page_id=5589"},"modified":"2026-02-23T15:34:55","modified_gmt":"2026-02-23T14:34:55","slug":"como-funciona-el-articulo-de-moda","status":"publish","type":"page","link":"https:\/\/latestcollection.com\/es\/hoe-het-werkt-fashion-artikeldata\/","title":{"rendered":"C\u00f3mo funciona"},"content":{"rendered":"<div class=\"wp-block-group alignfull is-layout-constrained wp-block-group-is-layout-constrained\">\n<div class=\"wp-block-group is-layout-constrained wp-block-group-is-layout-constrained\">\n<div class=\"wp-block-cover is-light has-custom-content-position is-position-bottom-center\"><img loading=\"lazy\" decoding=\"async\" width=\"2048\" height=\"750\" class=\"wp-block-cover__image-background wp-image-7635 size-full\" alt=\"hoe het werkt fashion artikeldata\" src=\"https:\/\/latestcollection.com\/wp-content\/uploads\/2026\/01\/hoe-het-werkt-fashion-artikeldata.avif\" style=\"object-position:50% 59%\" data-object-fit=\"cover\" data-object-position=\"50% 59%\" srcset=\"https:\/\/latestcollection.com\/wp-content\/uploads\/2026\/01\/hoe-het-werkt-fashion-artikeldata.avif 2048w, https:\/\/latestcollection.com\/wp-content\/uploads\/2026\/01\/hoe-het-werkt-fashion-artikeldata-300x110.avif 300w, https:\/\/latestcollection.com\/wp-content\/uploads\/2026\/01\/hoe-het-werkt-fashion-artikeldata-1024x375.avif 1024w, https:\/\/latestcollection.com\/wp-content\/uploads\/2026\/01\/hoe-het-werkt-fashion-artikeldata-768x281.avif 768w, https:\/\/latestcollection.com\/wp-content\/uploads\/2026\/01\/hoe-het-werkt-fashion-artikeldata-1536x563.avif 1536w, https:\/\/latestcollection.com\/wp-content\/uploads\/2026\/01\/hoe-het-werkt-fashion-artikeldata-18x7.avif 18w, https:\/\/latestcollection.com\/wp-content\/uploads\/2026\/01\/hoe-het-werkt-fashion-artikeldata-478x175.avif 478w\" sizes=\"auto, (max-width: 2048px) 100vw, 2048px\" \/><span aria-hidden=\"true\" class=\"wp-block-cover__background has-background-dim-0 has-background-dim\" style=\"background-color:#ada19a\"><\/span><div class=\"wp-block-cover__inner-container is-layout-flow wp-block-cover-is-layout-flow\">\n<p class=\"has-text-align-center has-large-font-size\"><\/p>\n<\/div><\/div>\n\n\n\n<div class=\"wp-block-group is-content-justification-left is-layout-constrained wp-container-core-group-is-layout-414f9025 wp-block-group-is-layout-constrained\">\n<h2 class=\"wp-block-heading has-large-font-size\" style=\"font-style:normal;font-weight:600\"><strong>C\u00f3mo funciona la plataforma de datos de moda<\/strong><mark style=\"background-color:rgba(0, 0, 0, 0)\" class=\"has-inline-color has-primary-color\">.<\/mark><\/h2>\n\n\n\n<p>El comercio minorista de moda opera a un ritmo acelerado. Las nuevas colecciones, los cambios de temporada y las numerosas variaciones de tallas y colores exigen disponibilidad inmediata en el sistema donde se procesa el producto. Sin embargo, la cadena de suministro a menudo se ve obstaculizada por un factor fundamental: los datos de los productos de moda que no se incorporan autom\u00e1ticamente al software de venta minorista.<\/p>\n\n\n\n<p>Latest Collection resuelve esto estructuralmente. No reemplazando sistemas, sino conect\u00e1ndolos.<\/p>\n\n\n\n<h2 class=\"wp-block-heading has-large-font-size\" style=\"font-style:normal;font-weight:600\"><strong>El problema estructural en la cadena de moda<\/strong><mark style=\"background-color:rgba(0, 0, 0, 0)\" class=\"has-inline-color has-primary-color\">.<\/mark><\/h2>\n\n\n\n<p>En teor\u00eda, la cadena tiene una estructura l\u00f3gica:<\/p>\n\n\n\n<p>\u2713 Las marcas crean colecciones y tienen acceso a los datos de los productos de moda.<br>\u2713 Los socios de software proporcionan soluciones para minoristas.<br>\u2713 Los minoristas utilizan estos sistemas a diario.<\/p>\n\n\n\n<p>En la pr\u00e1ctica, falta un eslab\u00f3n crucial. Los datos de los productos de moda no fluyen uniformemente al punto de venta.<\/p>\n\n\n\n<p>Las marcas entregan archivos diversos a los minoristas. Estos los procesan manualmente en sus sistemas. Esto requiere tiempo, aumenta el riesgo de errores y retrasa las implementaciones. No es el software el que falla, sino los datos que faltan en el lugar correcto.<\/p>\n<\/div>\n\n\n\n<div class=\"wp-block-columns is-layout-flex wp-container-core-columns-is-layout-28f84493 wp-block-columns-is-layout-flex\">\n<div class=\"wp-block-column is-layout-flow wp-block-column-is-layout-flow\">\n<figure class=\"wp-block-image size-full\"><img loading=\"lazy\" decoding=\"async\" width=\"788\" height=\"788\" src=\"https:\/\/latestcollection.com\/wp-content\/uploads\/2026\/01\/merken-fashion-artikeldata.avif\" alt=\"merken fashion artikeldata\" class=\"wp-image-7637\" srcset=\"https:\/\/latestcollection.com\/wp-content\/uploads\/2026\/01\/merken-fashion-artikeldata.avif 788w, https:\/\/latestcollection.com\/wp-content\/uploads\/2026\/01\/merken-fashion-artikeldata-300x300.avif 300w, https:\/\/latestcollection.com\/wp-content\/uploads\/2026\/01\/merken-fashion-artikeldata-150x150.avif 150w, https:\/\/latestcollection.com\/wp-content\/uploads\/2026\/01\/merken-fashion-artikeldata-768x768.avif 768w, https:\/\/latestcollection.com\/wp-content\/uploads\/2026\/01\/merken-fashion-artikeldata-12x12.avif 12w, https:\/\/latestcollection.com\/wp-content\/uploads\/2026\/01\/merken-fashion-artikeldata-175x175.avif 175w, https:\/\/latestcollection.com\/wp-content\/uploads\/2026\/01\/merken-fashion-artikeldata-600x600.avif 600w\" sizes=\"auto, (max-width: 788px) 100vw, 788px\" \/><\/figure>\n<\/div>\n\n\n\n<div class=\"wp-block-column is-layout-flow wp-block-column-is-layout-flow\">\n<h3 class=\"wp-block-heading has-large-font-size\" style=\"font-style:normal;font-weight:600\"><mark style=\"background-color:rgba(0, 0, 0, 0)\" class=\"has-inline-color has-secondary-color\"><strong><strong>Latest Collection como capa de datos de conexi\u00f3n<\/strong><\/strong><\/mark><mark style=\"background-color:rgba(0, 0, 0, 0)\" class=\"has-inline-color has-primary-color\">.<\/mark><\/h3>\n\n\n\n<p>Latest Collection act\u00faa como una capa de datos neutral entre las marcas y el software de venta minorista. La plataforma recopila datos de productos de moda de las marcas, los verifica y estructura, y los pone a disposici\u00f3n de los sistemas conectados.<\/p>\n\n\n\n<p>\u2713 Las marcas env\u00edan sus datos correctamente una sola vez.<br>\u2713 Los socios de software se conectan a la plataforma una sola vez.<br>\u2713 Los minoristas trabajan con art\u00edculos completos e im\u00e1genes de productos en su sistema actual.<\/p>\n\n\n\n<p>Esto elimina la entrada manual de datos y facilita la escalabilidad.<\/p>\n<\/div>\n<\/div>\n\n\n\n<h2 class=\"wp-block-heading has-large-font-size\" style=\"font-style:normal;font-weight:600\"><strong>El problema estructural en la cadena de moda<\/strong><mark style=\"background-color:rgba(0, 0, 0, 0)\" class=\"has-inline-color has-primary-color\">.<\/mark><\/h2>\n\n\n\n<p>El proceso se adapta a las pr\u00e1cticas de la industria de la moda. Latest Collection facilita la distribuci\u00f3n sin reclamar la propiedad.<\/p>\n\n\n\n<p class=\"has-primary-color has-text-color has-link-color has-medium-font-size wp-elements-3529c27ef1de80db4ea5a4622409eb50\"><strong>1. Env\u00edo de la marca<\/strong><\/p>\n\n\n\n<p>Las marcas env\u00edan datos de art\u00edculos de moda e im\u00e1genes de productos mediante Excel, CSV o una integraci\u00f3n t\u00e9cnica desde su sistema PIM o ERP.<\/p>\n\n\n\n<p class=\"has-primary-color has-text-color has-link-color has-medium-font-size wp-elements-28920a6f44e35cb754449862b6f94225\" style=\"font-style:normal;font-weight:600\"><strong>2. Estandarizaci\u00f3n<\/strong><\/p>\n\n\n\n<p>Latest Collection verifica, enriquece y estructura los datos seg\u00fan la l\u00f3gica espec\u00edfica de la moda, como tallas, colores, variantes y temporadas.<\/p>\n\n\n\n<p class=\"has-primary-color has-text-color has-link-color has-medium-font-size wp-elements-699750582aff393844575d86ab4aac72\" style=\"font-style:normal;font-weight:600\"><strong>3. Integraci\u00f3n con socios de software<\/strong><\/p>\n\n\n\n<p>Los socios afiliados publican autom\u00e1ticamente los datos de los productos de moda uniforme en su sistema de caja registradora, tienda online o plataforma. Como nuestro socio <a href=\"https:\/\/www.retail2market.nl\/slimme-integraties\/latest-collection\/\" target=\"_blank\" rel=\"noreferrer noopener\">Retail2Market.<\/a><\/p>\n\n\n\n<p class=\"has-primary-color has-text-color has-link-color has-medium-font-size wp-elements-366f8f6bfccc947fe6c7e8c906e8d5cb\" style=\"font-style:normal;font-weight:600\">4. Uso en tienda<\/p>\n\n\n\n<p>Los minoristas recuperan art\u00edculos completos escaneando un c\u00f3digo de barras. Sin archivos complejos. Sin doble entrada.<\/p>\n\n\n\n<div class=\"wp-block-columns is-layout-flex wp-container-core-columns-is-layout-28f84493 wp-block-columns-is-layout-flex\">\n<div class=\"wp-block-column is-layout-flow wp-block-column-is-layout-flow\">\n<h3 class=\"wp-block-heading has-large-font-size\" style=\"font-style:normal;font-weight:600\"><mark style=\"background-color:rgba(0, 0, 0, 0)\" class=\"has-inline-color has-secondary-color\"><mark style=\"background-color:rgba(0, 0, 0, 0)\" class=\"has-inline-color has-secondary-color\"><mark style=\"background-color:rgba(0, 0, 0, 0)\" class=\"has-inline-color has-secondary-color\"><strong>Qu\u00e9 significa esto para las marcas<\/strong><\/mark><\/mark><mark style=\"background-color:rgba(0, 0, 0, 0)\" class=\"has-inline-color has-primary-color\"><strong>.<\/strong><\/mark><\/mark><\/h3>\n\n\n\n<p class=\"has-small-font-size\">Los datos de productos ya no ser\u00e1n una carga recurrente. Se acabaron los archivos separados para cada minorista. Sin necesidad de personalizaci\u00f3n para cada sistema.<\/p>\n\n\n\n<p>Una \u00fanica entrega centralizada significa visibilidad en m\u00faltiples soluciones conectadas simult\u00e1neamente.<\/p>\n\n\n\n<div class=\"wp-block-buttons is-content-justification-center is-layout-flex wp-container-core-buttons-is-layout-a89b3969 wp-block-buttons-is-layout-flex\">\n<div class=\"wp-block-button\"><a class=\"wp-block-button__link has-secondary-background-color has-background wp-element-button\" href=\"https:\/\/latestcollection.com\/es\/entrega-de-datos-2\/\" target=\"_blank\" rel=\"noreferrer noopener\">Env\u00edo de datos como marca<\/a><\/div>\n<\/div>\n<\/div>\n\n\n\n<div class=\"wp-block-column is-layout-flow wp-block-column-is-layout-flow\">\n<figure class=\"wp-block-image size-full\"><img loading=\"lazy\" decoding=\"async\" width=\"788\" height=\"788\" src=\"https:\/\/latestcollection.com\/wp-content\/uploads\/2026\/01\/kassaleveranciers-extra-USP-met-fashion-artikeldata-.avif\" alt=\"kassaleveranciers extra USP met fashion artikeldata\" class=\"wp-image-7636\" srcset=\"https:\/\/latestcollection.com\/wp-content\/uploads\/2026\/01\/kassaleveranciers-extra-USP-met-fashion-artikeldata-.avif 788w, https:\/\/latestcollection.com\/wp-content\/uploads\/2026\/01\/kassaleveranciers-extra-USP-met-fashion-artikeldata--300x300.avif 300w, https:\/\/latestcollection.com\/wp-content\/uploads\/2026\/01\/kassaleveranciers-extra-USP-met-fashion-artikeldata--150x150.avif 150w, https:\/\/latestcollection.com\/wp-content\/uploads\/2026\/01\/kassaleveranciers-extra-USP-met-fashion-artikeldata--768x768.avif 768w, https:\/\/latestcollection.com\/wp-content\/uploads\/2026\/01\/kassaleveranciers-extra-USP-met-fashion-artikeldata--12x12.avif 12w, https:\/\/latestcollection.com\/wp-content\/uploads\/2026\/01\/kassaleveranciers-extra-USP-met-fashion-artikeldata--175x175.avif 175w, https:\/\/latestcollection.com\/wp-content\/uploads\/2026\/01\/kassaleveranciers-extra-USP-met-fashion-artikeldata--600x600.avif 600w\" sizes=\"auto, (max-width: 788px) 100vw, 788px\" \/><\/figure>\n<\/div>\n<\/div>\n\n\n\n<div class=\"wp-block-columns is-layout-flex wp-container-core-columns-is-layout-28f84493 wp-block-columns-is-layout-flex\">\n<div class=\"wp-block-column is-layout-flow wp-block-column-is-layout-flow\">\n<figure class=\"wp-block-image size-full\"><img loading=\"lazy\" decoding=\"async\" width=\"788\" height=\"788\" src=\"https:\/\/latestcollection.com\/wp-content\/uploads\/2026\/01\/retailers-werken-met-fashion-artikeldata-Latest-Collection.avif\" alt=\"retailers werken met fashion artikeldata Latest Collection\" class=\"wp-image-7638\" srcset=\"https:\/\/latestcollection.com\/wp-content\/uploads\/2026\/01\/retailers-werken-met-fashion-artikeldata-Latest-Collection.avif 788w, https:\/\/latestcollection.com\/wp-content\/uploads\/2026\/01\/retailers-werken-met-fashion-artikeldata-Latest-Collection-300x300.avif 300w, https:\/\/latestcollection.com\/wp-content\/uploads\/2026\/01\/retailers-werken-met-fashion-artikeldata-Latest-Collection-150x150.avif 150w, https:\/\/latestcollection.com\/wp-content\/uploads\/2026\/01\/retailers-werken-met-fashion-artikeldata-Latest-Collection-768x768.avif 768w, https:\/\/latestcollection.com\/wp-content\/uploads\/2026\/01\/retailers-werken-met-fashion-artikeldata-Latest-Collection-12x12.avif 12w, https:\/\/latestcollection.com\/wp-content\/uploads\/2026\/01\/retailers-werken-met-fashion-artikeldata-Latest-Collection-175x175.avif 175w, https:\/\/latestcollection.com\/wp-content\/uploads\/2026\/01\/retailers-werken-met-fashion-artikeldata-Latest-Collection-600x600.avif 600w\" sizes=\"auto, (max-width: 788px) 100vw, 788px\" \/><\/figure>\n<\/div>\n\n\n\n<div class=\"wp-block-column is-layout-flow wp-block-column-is-layout-flow\">\n<h3 class=\"wp-block-heading has-large-font-size\" style=\"font-style:normal;font-weight:600\"><mark style=\"background-color:rgba(0, 0, 0, 0)\" class=\"has-inline-color has-secondary-color\"><strong>Qu\u00e9 significa esto para los socios de software<\/strong><\/mark><mark style=\"background-color:rgba(0, 0, 0, 0)\" class=\"has-inline-color has-primary-color\">.<\/mark><\/h3>\n\n\n\n<p class=\"has-small-font-size\">Los datos de moda uniformes fortalecen la soluci\u00f3n minorista.<\/p>\n\n\n\n<p>Incorporaci\u00f3n m\u00e1s r\u00e1pida. Menos introducci\u00f3n manual de datos para los minoristas. Una propuesta m\u00e1s s\u00f3lida para el sector de la moda.<\/p>\n\n\n\n<p>Al conectarse a la plataforma una vez, se crea una integraci\u00f3n escalable con m\u00faltiples marcas.<\/p>\n\n\n\n<div class=\"wp-block-buttons is-content-justification-center is-layout-flex wp-container-core-buttons-is-layout-a89b3969 wp-block-buttons-is-layout-flex\">\n<div class=\"wp-block-button is-style-fill\"><a class=\"wp-block-button__link has-secondary-background-color has-background wp-element-button\" href=\"https:\/\/latestcollection.com\/es\/distribuidores\/\" target=\"_blank\" rel=\"noreferrer noopener\">Colaborar como revendedor<\/a><\/div>\n<\/div>\n<\/div>\n<\/div>\n\n\n\n<div class=\"wp-block-columns is-layout-flex wp-container-core-columns-is-layout-28f84493 wp-block-columns-is-layout-flex\">\n<div class=\"wp-block-column is-layout-flow wp-block-column-is-layout-flow\">\n<h3 class=\"wp-block-heading has-large-font-size\" style=\"font-style:normal;font-weight:600\"><mark style=\"background-color:rgba(0, 0, 0, 0)\" class=\"has-inline-color has-secondary-color\"><mark style=\"background-color:rgba(0, 0, 0, 0)\" class=\"has-inline-color has-secondary-color\"><mark style=\"background-color:rgba(0, 0, 0, 0)\" class=\"has-inline-color has-secondary-color\"><strong><strong>Lo que esto significa para los minoristas<\/strong><mark style=\"background-color:rgba(0, 0, 0, 0)\" class=\"has-inline-color has-primary-color\">.<\/mark><\/strong><\/mark><\/mark><\/mark><\/h3>\n\n\n\n<p class=\"has-small-font-size\">Las nuevas colecciones se lanzan m\u00e1s r\u00e1pido. Los art\u00edculos est\u00e1n completos y son consistentes. La entrada manual de datos se elimina pr\u00e1cticamente por completo.<\/p>\n\n\n\n<p>Los minoristas se benefician de un flujo de datos que finalmente se integra a trav\u00e9s de su proveedor de software.<\/p>\n\n\n\n<div class=\"wp-block-buttons is-content-justification-center is-layout-flex wp-container-core-buttons-is-layout-a89b3969 wp-block-buttons-is-layout-flex\">\n<div class=\"wp-block-button\"><a class=\"wp-block-button__link has-secondary-background-color has-background wp-element-button\" href=\"https:\/\/latestcollection.com\/es\/marcas\/\" target=\"_blank\" rel=\"noreferrer noopener\">Ver marcas afiliadas<\/a><\/div>\n<\/div>\n<\/div>\n\n\n\n<div class=\"wp-block-column is-layout-flow wp-block-column-is-layout-flow\">\n<figure class=\"wp-block-image size-full\"><img loading=\"lazy\" decoding=\"async\" width=\"788\" height=\"788\" src=\"https:\/\/latestcollection.com\/wp-content\/uploads\/2026\/01\/kassaleveranciers-extra-USP-met-fashion-artikeldata-.avif\" alt=\"kassaleveranciers extra USP met fashion artikeldata\" class=\"wp-image-7636\" srcset=\"https:\/\/latestcollection.com\/wp-content\/uploads\/2026\/01\/kassaleveranciers-extra-USP-met-fashion-artikeldata-.avif 788w, https:\/\/latestcollection.com\/wp-content\/uploads\/2026\/01\/kassaleveranciers-extra-USP-met-fashion-artikeldata--300x300.avif 300w, https:\/\/latestcollection.com\/wp-content\/uploads\/2026\/01\/kassaleveranciers-extra-USP-met-fashion-artikeldata--150x150.avif 150w, https:\/\/latestcollection.com\/wp-content\/uploads\/2026\/01\/kassaleveranciers-extra-USP-met-fashion-artikeldata--768x768.avif 768w, https:\/\/latestcollection.com\/wp-content\/uploads\/2026\/01\/kassaleveranciers-extra-USP-met-fashion-artikeldata--12x12.avif 12w, https:\/\/latestcollection.com\/wp-content\/uploads\/2026\/01\/kassaleveranciers-extra-USP-met-fashion-artikeldata--175x175.avif 175w, https:\/\/latestcollection.com\/wp-content\/uploads\/2026\/01\/kassaleveranciers-extra-USP-met-fashion-artikeldata--600x600.avif 600w\" sizes=\"auto, (max-width: 788px) 100vw, 788px\" \/><\/figure>\n<\/div>\n<\/div>\n\n\n\n<h2 class=\"wp-block-heading has-large-font-size\" style=\"font-style:normal;font-weight:600\"><strong>Parte de un ecosistema en crecimiento<\/strong><mark style=\"background-color:rgba(0, 0, 0, 0)\" class=\"has-inline-color has-primary-color\">.<\/mark><\/h2>\n\n\n\n<p>Latest Collection colabora con marcas, socios de software y plataformas de moda, calzado, deportes y lencer\u00eda. La plataforma se mantiene deliberadamente neutral. No reemplaza nada ni compite con otros. Conecta. Es precisamente esta independencia la que posibilita las colaboraciones escalables.<\/p>\n\n\n\n<h2 class=\"wp-block-heading has-large-font-size\" style=\"font-style:normal;font-weight:600\"><strong>De la intuici\u00f3n a la acci\u00f3n<\/strong><mark style=\"background-color:rgba(0, 0, 0, 0)\" class=\"has-inline-color has-primary-color\">.<\/mark><\/h2>\n\n\n\n<p>Comprender c\u00f3mo fluyen los datos de los productos de moda a trav\u00e9s de la cadena de suministro revela d\u00f3nde se pueden obtener ganancias. El siguiente paso es explorar qu\u00e9 significa la conexi\u00f3n para tu puesto.<\/p>\n\n\n\n<div class=\"wp-block-indrukwekkend-slider alignfull\"><div class=\"wp-block-indrukwekkend-slider__icons\" data-fade=\"false\" data-dots=\"true\" data-pause=\"false\" data-speed=\"4700\" data-autoplay=\"true\" data-autospeed=\"150\" data-slidestoshow=\"6\" data-slidestoscroll=\"1\"><figure class=\"afbeelding\" style=\"display:none\"><img decoding=\"async\" src=\"https:\/\/latestcollection.com\/wp-content\/uploads\/2026\/04\/Qliqpoint-partner-Latest-Collection-350x175.avif\" alt=\"Qliqpoint partner Latest Collection\" data-id=\"8225\"\/><\/figure><figure class=\"afbeelding\" style=\"display:none\"><img decoding=\"async\" src=\"https:\/\/latestcollection.com\/wp-content\/uploads\/2026\/02\/Partner-FashionUnited-eBusiness-263x175.avif\" alt=\"Partner FashionUnited eBusiness\" data-id=\"7958\"\/><\/figure><figure class=\"afbeelding\" style=\"display:none\"><img decoding=\"async\" src=\"https:\/\/latestcollection.com\/wp-content\/uploads\/2026\/02\/Partner-Retail2Market-263x175.avif\" alt=\"Partner Retail2Market\" data-id=\"7959\"\/><\/figure><figure class=\"afbeelding\" style=\"display:none\"><img decoding=\"async\" src=\"https:\/\/latestcollection.com\/wp-content\/uploads\/2026\/02\/Partner-MPlusKASSA-263x175.avif\" alt=\"Partner MPlusKASSA\" data-id=\"7960\"\/><\/figure><figure class=\"afbeelding\" style=\"display:none\"><img decoding=\"async\" src=\"https:\/\/latestcollection.com\/wp-content\/uploads\/2026\/02\/EasyPOS-software-263x175.avif\" alt=\"EasyPOS software\" data-id=\"7968\"\/><\/figure><figure class=\"afbeelding\" style=\"display:none\"><img decoding=\"async\" src=\"https:\/\/latestcollection.com\/wp-content\/uploads\/2026\/02\/Kubus-content-263x175.avif\" alt=\"Kubus content\" data-id=\"7969\"\/><\/figure><figure class=\"afbeelding\" style=\"display:none\"><img decoding=\"async\" src=\"https:\/\/latestcollection.com\/wp-content\/uploads\/2026\/02\/Techdog-group-263x175.avif\" alt=\"Techdog group\" data-id=\"7970\"\/><\/figure><figure class=\"afbeelding\" style=\"display:none\"><img decoding=\"async\" src=\"https:\/\/latestcollection.com\/wp-content\/uploads\/2026\/04\/Qliqpoint-partner-Latest-Collection-1-350x175.avif\" alt=\"Qliqpoint partner Latest Collection\" data-id=\"8226\"\/><\/figure><figure class=\"afbeelding\" style=\"display:none\"><img decoding=\"async\" src=\"https:\/\/latestcollection.com\/wp-content\/uploads\/2026\/02\/Partner-FashionUnited-eBusiness-1-263x175.avif\" alt=\"Partner FashionUnited eBusiness\" data-id=\"7965\"\/><\/figure><figure class=\"afbeelding\" style=\"display:none\"><img decoding=\"async\" src=\"https:\/\/latestcollection.com\/wp-content\/uploads\/2026\/02\/Partner-Retail2Market-1-263x175.avif\" alt=\"Partner Retail2Market\" data-id=\"7966\"\/><\/figure><figure class=\"afbeelding\" style=\"display:none\"><img decoding=\"async\" src=\"https:\/\/latestcollection.com\/wp-content\/uploads\/2026\/02\/Partner-MPlusKASSA-1-263x175.avif\" alt=\"Partner MPlusKASSA\" data-id=\"7964\"\/><\/figure><figure class=\"afbeelding\" style=\"display:none\"><img decoding=\"async\" src=\"https:\/\/latestcollection.com\/wp-content\/uploads\/2026\/02\/EasyPOS-software-1-263x175.avif\" alt=\"EasyPOS software\" data-id=\"7972\"\/><\/figure><figure class=\"afbeelding\" style=\"display:none\"><img decoding=\"async\" src=\"https:\/\/latestcollection.com\/wp-content\/uploads\/2026\/02\/Kubus-content-1-263x175.avif\" alt=\"Kubus content\" data-id=\"7973\"\/><\/figure><figure class=\"afbeelding\" style=\"display:none\"><img decoding=\"async\" src=\"https:\/\/latestcollection.com\/wp-content\/uploads\/2026\/02\/Techdog-group-1-263x175.avif\" alt=\"Techdog group\" data-id=\"7971\"\/><\/figure><\/div><\/div>\n\n\n\n<div class=\"wp-block-columns is-layout-flex wp-container-core-columns-is-layout-28f84493 wp-block-columns-is-layout-flex\">\n<div class=\"wp-block-column is-vertically-aligned-center is-layout-flow wp-block-column-is-layout-flow\">\n<div class=\"wp-block-buttons is-layout-flex wp-block-buttons-is-layout-flex\">\n<div class=\"wp-block-button\"><a class=\"wp-block-button__link has-background-color has-secondary-background-color has-text-color has-background has-link-color wp-element-button\" href=\"https:\/\/latestcollection.com\/es\/marcas\/\" target=\"_blank\" rel=\"noreferrer noopener\">Descubre la plataforma<\/a><\/div>\n<\/div>\n<\/div>\n\n\n\n<div class=\"wp-block-column is-vertically-aligned-center is-layout-flow wp-block-column-is-layout-flow\">\n<div class=\"wp-block-buttons is-layout-flex wp-block-buttons-is-layout-flex\">\n<div class=\"wp-block-button\"><a class=\"wp-block-button__link has-background-color has-secondary-background-color has-text-color has-background has-link-color wp-element-button\" href=\"https:\/\/latestcollection.com\/es\/entrega-de-datos-2\/\" target=\"_blank\" rel=\"noreferrer noopener\">Env\u00edo de datos como marca<\/a><\/div>\n<\/div>\n<\/div>\n\n\n\n<div class=\"wp-block-column is-vertically-aligned-center is-layout-flow wp-block-column-is-layout-flow\">\n<div class=\"wp-block-buttons is-content-justification-left is-layout-flex wp-container-core-buttons-is-layout-fc4fd283 wp-block-buttons-is-layout-flex\">\n<div class=\"wp-block-button\"><a class=\"wp-block-button__link has-secondary-background-color has-background wp-element-button\" href=\"https:\/\/latestcollection.com\/es\/reseller-worden\/\" target=\"_blank\" rel=\"noreferrer noopener\">Reuni\u00f3n de socios del plan<\/a><\/div>\n<\/div>\n<\/div>\n<\/div>\n<\/div>\n<\/div>","protected":false},"excerpt":{"rendered":"<p>Hoe het fashion data platform werkt. Fashionretail draait op snelheid. Nieuwe collecties, wisselende seizoenen en veel varianten in maat en &hellip; <a href=\"https:\/\/latestcollection.com\/es\/hoe-het-werkt-fashion-artikeldata\/\"><\/a><\/p>","protected":false},"author":2,"featured_media":7635,"parent":0,"menu_order":0,"comment_status":"closed","ping_status":"closed","template":"","meta":{"_acf_changed":false,"footnotes":""},"class_list":["post-5589","page","type-page","status-publish","has-post-thumbnail","hentry"],"acf":[],"_links":{"self":[{"href":"https:\/\/latestcollection.com\/es\/wp-json\/wp\/v2\/pages\/5589","targetHints":{"allow":["GET"]}}],"collection":[{"href":"https:\/\/latestcollection.com\/es\/wp-json\/wp\/v2\/pages"}],"about":[{"href":"https:\/\/latestcollection.com\/es\/wp-json\/wp\/v2\/types\/page"}],"author":[{"embeddable":true,"href":"https:\/\/latestcollection.com\/es\/wp-json\/wp\/v2\/users\/2"}],"replies":[{"embeddable":true,"href":"https:\/\/latestcollection.com\/es\/wp-json\/wp\/v2\/comments?post=5589"}],"version-history":[{"count":20,"href":"https:\/\/latestcollection.com\/es\/wp-json\/wp\/v2\/pages\/5589\/revisions"}],"predecessor-version":[{"id":8000,"href":"https:\/\/latestcollection.com\/es\/wp-json\/wp\/v2\/pages\/5589\/revisions\/8000"}],"wp:featuredmedia":[{"embeddable":true,"href":"https:\/\/latestcollection.com\/es\/wp-json\/wp\/v2\/media\/7635"}],"wp:attachment":[{"href":"https:\/\/latestcollection.com\/es\/wp-json\/wp\/v2\/media?parent=5589"}],"curies":[{"name":"wp","href":"https:\/\/api.w.org\/{rel}","templated":true}]}}