{"id":3594,"date":"2024-02-22T12:40:24","date_gmt":"2024-02-22T11:40:24","guid":{"rendered":"https:\/\/latestcollection.com\/?page_id=3594"},"modified":"2025-02-28T15:36:12","modified_gmt":"2025-02-28T14:36:12","slug":"yaya-tableta-plug-play-fr","status":"publish","type":"page","link":"https:\/\/latestcollection.com\/es\/yaya-tableta-plug-play-fr\/","title":{"rendered":"YAYA Tableta Plug &amp; Play (FR)"},"content":{"rendered":"\n<figure class=\"wp-block-image size-large\"><img loading=\"lazy\" decoding=\"async\" width=\"1024\" height=\"508\" src=\"https:\/\/latestcollection.com\/wp-content\/uploads\/2024\/02\/Bestseller-winkels-kassasysteem-plug-play-ipad-1024x508.png\" alt=\"Bestseller winkels kassasysteem plug &amp; play ipad\" class=\"wp-image-3427\" srcset=\"https:\/\/latestcollection.com\/wp-content\/uploads\/2024\/02\/Bestseller-winkels-kassasysteem-plug-play-ipad-1024x508.png 1024w, https:\/\/latestcollection.com\/wp-content\/uploads\/2024\/02\/Bestseller-winkels-kassasysteem-plug-play-ipad-300x149.png 300w, https:\/\/latestcollection.com\/wp-content\/uploads\/2024\/02\/Bestseller-winkels-kassasysteem-plug-play-ipad-768x381.png 768w, https:\/\/latestcollection.com\/wp-content\/uploads\/2024\/02\/Bestseller-winkels-kassasysteem-plug-play-ipad-1536x762.png 1536w, https:\/\/latestcollection.com\/wp-content\/uploads\/2024\/02\/Bestseller-winkels-kassasysteem-plug-play-ipad-353x175.png 353w, https:\/\/latestcollection.com\/wp-content\/uploads\/2024\/02\/Bestseller-winkels-kassasysteem-plug-play-ipad.png 2016w\" sizes=\"auto, (max-width: 1024px) 100vw, 1024px\" \/><\/figure>\n\n\n\n<p class=\"has-small-font-size\">Bienvenue dans Latest Collection, l&#8217;endroit o\u00f9 les amoureux de YAYA se r\u00e9unissent\u00a0! Nous comprenons qu&#8217;il est important d&#8217;assurer le bon fonctionnement de votre magasin tout en minimisant les co\u00fbts. C&#8217;est pourquoi nous sommes fiers de vous pr\u00e9senter notre nouvelle tablette Plug &amp; Play, sp\u00e9cialement con\u00e7ue pour optimiser votre exp\u00e9rience d&#8217;achat avec la marque <a title=\"D\u00e9couvrez le site Web de YAYA ici\" href=\"https:\/\/yaya.nl\/service\/about-yaya\" target=\"_blank\" rel=\"noopener\">YAYA<\/a>. La tablette Plug &amp; Play a \u00e9t\u00e9 soigneusement con\u00e7ue pour partager des donn\u00e9es sans proc\u00e9dures d&#8217;installation compliqu\u00e9es. Optimisez votre chiffre d&#8217;affaires, augmentez vos marges et dites adieu aux non-ventes. Simplifiez, am\u00e9liorez et augmentez votre rentabilit\u00e9 avec la Tablette Plug &amp; Play.<\/p>\n\n\n\n<div class=\"wp-block-buttons is-content-justification-center is-layout-flex wp-container-core-buttons-is-layout-a89b3969 wp-block-buttons-is-layout-flex\">\n<div class=\"wp-block-button has-custom-font-size has-small-font-size\"><a class=\"wp-block-button__link has-secondary-background-color has-background wp-element-button\" href=\"#Tablette-de-requ\u00eates\">Meilleure tablette Plug &amp; Play<\/a><\/div>\n<\/div>\n\n\n\n<h2 class=\"wp-block-heading has-large-font-size\"><strong>D\u00e9couvrez le partage de donn\u00e9es avec YAYA<mark style=\"background-color:rgba(0, 0, 0, 0)\" class=\"has-inline-color has-primary-color\">.<\/mark><\/strong><\/h2>\n\n\n\n<p class=\"has-small-font-size\">Avec une configuration unique de seulement 150 \u20ac et un abonnement mensuel de 50 \u20ac, vous vivrez une r\u00e9volution dans le partage de donn\u00e9es avec YAYA. Voici quelques raisons pour lesquelles notre tablette est un v\u00e9ritable atout pour votre magasin:<\/p>\n\n\n\n<div class=\"wp-block-group is-layout-constrained wp-block-group-is-layout-constrained\">\n<ul class=\"wp-block-list\">\n<li class=\"has-small-font-size\"><strong>Marges plus \u00e9lev\u00e9es: <\/strong>D\u00e9bloquez de nouvelles opportunit\u00e9s de rentabilit\u00e9 avec notre tablette Plug &amp; Play. R\u00e9duisez les co\u00fbts et maximisez vos marges pour une situation financi\u00e8re plus saine.<\/li>\n\n\n\n<li class=\"has-small-font-size\"><strong>Plus de chiffre d\u2019affaires: <\/strong>Stimulez la croissance et augmentez votre chiffre d\u2019affaires. Optimisez l\u2019efficacit\u00e9 et augmentez la productivit\u00e9, permettant ainsi \u00e0 votre entreprise de mieux r\u00e9pondre \u00e0 la demande croissante.<\/li>\n\n\n\n<li class=\"has-small-font-size\"><strong>Moins de \u00ab non-vente \u00bb: <\/strong>Dites adieu aux opportunit\u00e9s manqu\u00e9es gr\u00e2ce \u00e0 notre technologie de pointe. La tablette Plug &amp; Play minimise les ventes perdues en disposant toujours d&#8217;un stock des produits souhait\u00e9s, afin que vous n&#8217;ayez plus jamais \u00e0 d\u00e9cevoir les clients.<\/li>\n\n\n\n<li class=\"has-small-font-size\"><strong>Partage de donn\u00e9es: <\/strong>Activez un partage de donn\u00e9es transparent avec la tablette Plug &amp; Play. Renforcez vos d\u00e9cisions commerciales en travaillant avec YAYA. Notre tablette Plug &amp; Play optimise le flux d&#8217;informations, vous donnant acc\u00e8s \u00e0 des donn\u00e9es cruciales pour une prise de d\u00e9cision rapide et \u00e9clair\u00e9e.<\/li>\n\n\n\n<li class=\"has-small-font-size\"><strong>Satisfaction client accrue&nbsp;: <\/strong>Maximisez la satisfaction client en partageant des donn\u00e9es, o\u00f9 la collaboration avec le fournisseur YAYA garantit une exp\u00e9rience sans souci.<\/li>\n<\/ul>\n<\/div>\n\n\n\n<h2 class=\"wp-block-heading has-large-font-size\"><strong>Simple et simple<mark style=\"background-color:rgba(0, 0, 0, 0)\" class=\"has-inline-color has-primary-color\">.<\/mark><\/strong><\/h2>\n\n\n\n<p class=\"has-small-font-size\">Notre tablette Plug &amp; Play est con\u00e7ue pour votre commodit\u00e9. Passez votre commande et nous la prendrons \u00e0 partir de l\u00e0. Sous 48 heures, vous recevrez une tablette et un scanner pr\u00eats \u00e0 l&#8217;emploi, avec acc\u00e8s direct via vos identifiants. D&#8217;un simple scan \u00e0 c\u00f4t\u00e9 de la caisse, le syst\u00e8me devient op\u00e9rationnel, pour que vous puissiez profiter en un rien de temps de tous les avantages de la marque YAYA.<\/p>\n\n\n\n<p class=\"has-small-font-size\">Alors n&#8217;attendez plus et transformez votre boutique avec notre Tablette Plug &amp; Play et profitez imm\u00e9diatement de tous les avantages. Contactez-nous d\u00e8s aujourd&#8217;hui pour d\u00e9couvrir comment nous pouvons vous aider \u00e0 grandir avec YAYA.<\/p>\n\n\n\n<h2 class=\"wp-block-heading has-large-font-size\" id=\"Tablette-de-requ\u00eates\"><mark style=\"background-color:rgba(0, 0, 0, 0)\" class=\"has-inline-color has-secondary-color\"><strong>Demandez imm\u00e9diatement la tablette Plug &amp; Play<\/strong><\/mark><strong><mark style=\"background-color:rgba(0, 0, 0, 0)\" class=\"has-inline-color has-primary-color\">.<\/mark><\/strong><\/h2>\n\n\n\n<p class=\"has-small-font-size\">Compl\u00e9tez le formulaire ci-dessous et commencez \u00e0 transformer votre magasin de mode en une entreprise efficace et rentable cette semaine. Apr\u00e8s avoir rempli ce formulaire, vous recevrez un e-mail de confirmation avec des instructions suppl\u00e9mentaires. Une fois votre paiement confirm\u00e9, nous commencerons imm\u00e9diatement l&#8217;optimisation de votre magasin de mode afin que vous puissiez rapidement b\u00e9n\u00e9ficier d&#8217;une augmentation des ventes, d&#8217;une am\u00e9lioration des marges et d&#8217;une minimisation de l&#8217;absence de ventes.<\/p>\n\n\n\n<p><\/p>\n\n\n<script>\nvar gform;gform||(document.addEventListener(\"gform_main_scripts_loaded\",function(){gform.scriptsLoaded=!0}),document.addEventListener(\"gform\/theme\/scripts_loaded\",function(){gform.themeScriptsLoaded=!0}),window.addEventListener(\"DOMContentLoaded\",function(){gform.domLoaded=!0}),gform={domLoaded:!1,scriptsLoaded:!1,themeScriptsLoaded:!1,isFormEditor:()=>\"function\"==typeof InitializeEditor,callIfLoaded:function(o){return!(!gform.domLoaded||!gform.scriptsLoaded||!gform.themeScriptsLoaded&&!gform.isFormEditor()||(gform.isFormEditor()&&console.warn(\"The use of gform.initializeOnLoaded() is deprecated in the form editor context and will be removed in Gravity Forms 3.1.\"),o(),0))},initializeOnLoaded:function(o){gform.callIfLoaded(o)||(document.addEventListener(\"gform_main_scripts_loaded\",()=>{gform.scriptsLoaded=!0,gform.callIfLoaded(o)}),document.addEventListener(\"gform\/theme\/scripts_loaded\",()=>{gform.themeScriptsLoaded=!0,gform.callIfLoaded(o)}),window.addEventListener(\"DOMContentLoaded\",()=>{gform.domLoaded=!0,gform.callIfLoaded(o)}))},hooks:{action:{},filter:{}},addAction:function(o,r,e,t){gform.addHook(\"action\",o,r,e,t)},addFilter:function(o,r,e,t){gform.addHook(\"filter\",o,r,e,t)},doAction:function(o){gform.doHook(\"action\",o,arguments)},applyFilters:function(o){return gform.doHook(\"filter\",o,arguments)},removeAction:function(o,r){gform.removeHook(\"action\",o,r)},removeFilter:function(o,r,e){gform.removeHook(\"filter\",o,r,e)},addHook:function(o,r,e,t,n){null==gform.hooks[o][r]&&(gform.hooks[o][r]=[]);var d=gform.hooks[o][r];null==n&&(n=r+\"_\"+d.length),gform.hooks[o][r].push({tag:n,callable:e,priority:t=null==t?10:t})},doHook:function(r,o,e){var t;if(e=Array.prototype.slice.call(e,1),null!=gform.hooks[r][o]&&((o=gform.hooks[r][o]).sort(function(o,r){return o.priority-r.priority}),o.forEach(function(o){\"function\"!=typeof(t=o.callable)&&(t=window[t]),\"action\"==r?t.apply(null,e):e[0]=t.apply(null,e)})),\"filter\"==r)return e[0]},removeHook:function(o,r,t,n){var e;null!=gform.hooks[o][r]&&(e=(e=gform.hooks[o][r]).filter(function(o,r,e){return!!(null!=n&&n!=o.tag||null!=t&&t!=o.priority)}),gform.hooks[o][r]=e)}});\n<\/script>\n\n                <div class='gf_browser_gecko gform_wrapper gravity-theme gform-theme--no-framework' data-form-theme='gravity-theme' data-form-index='0' id='gform_wrapper_17' >\n                        <div class='gform_heading'>\n                            <h2 class=\"gform_title\">YAYA Plug & Play Tablet FRANKRIJK<\/h2>\n                            <p class='gform_description'><\/p>\n                        <\/div><form method='post' enctype='multipart\/form-data'  id='gform_17'  action='\/es\/wp-json\/wp\/v2\/pages\/3594' data-formid='17' novalidate><div class='gf_invisible ginput_recaptchav3' data-sitekey='6LdLWs4pAAAAAK5fuZS-3ofw-d1u3BYDYM-0w6GQ' data-tabindex='0'><input id=\"input_5ee12b8258f4a1703eb5edc2b237b8ef\" class=\"gfield_recaptcha_response\" type=\"hidden\" name=\"input_5ee12b8258f4a1703eb5edc2b237b8ef\" value=\"\"\/><\/div>\n                        <div class='gform-body gform_body'><div id='gform_fields_17' class='gform_fields top_label form_sublabel_below description_below validation_below'><div id=\"field_17_10\" class=\"gfield gfield--type-text gfield--input-type-text gfield--width-half gfield_contains_required field_sublabel_below gfield--no-description field_description_below field_validation_below gfield_visibility_visible\"  ><label class='gfield_label gform-field-label' for='input_17_10'>Entreprise<span class=\"gfield_required\"><span class=\"gfield_required gfield_required_text\">(Obligatorio)<\/span><\/span><\/label><div class='ginput_container ginput_container_text'><input name='input_10' id='input_17_10' type='text' value='' class='large'     aria-required=\"true\" aria-invalid=\"false\"   \/><\/div><\/div><div id=\"field_17_26\" class=\"gfield gfield--type-text gfield--input-type-text gfield--width-half gfield_contains_required field_sublabel_below gfield--no-description field_description_below field_validation_below gfield_visibility_visible\"  ><label class='gfield_label gform-field-label' for='input_17_26'>Endroit<span class=\"gfield_required\"><span class=\"gfield_required gfield_required_text\">(Obligatorio)<\/span><\/span><\/label><div class='ginput_container ginput_container_text'><input name='input_26' id='input_17_26' type='text' value='' class='large'     aria-required=\"true\" aria-invalid=\"false\"   \/><\/div><\/div><div id=\"field_17_23\" class=\"gfield gfield--type-text gfield--input-type-text gfield--width-third field_sublabel_below gfield--no-description field_description_below field_validation_below gfield_visibility_visible\"  ><label class='gfield_label gform-field-label' for='input_17_23'>Emplacement suppl\u00e9mentaire<\/label><div class='ginput_container ginput_container_text'><input name='input_23' id='input_17_23' type='text' value='' class='large'      aria-invalid=\"false\"   \/><\/div><\/div><div id=\"field_17_22\" class=\"gfield gfield--type-text gfield--input-type-text gfield--width-third field_sublabel_below gfield--no-description field_description_below field_validation_below gfield_visibility_visible\"  ><label class='gfield_label gform-field-label' for='input_17_22'>Emplacement suppl\u00e9mentaire<\/label><div class='ginput_container ginput_container_text'><input name='input_22' id='input_17_22' type='text' value='' class='large'      aria-invalid=\"false\"   \/><\/div><\/div><div id=\"field_17_21\" class=\"gfield gfield--type-text gfield--input-type-text gfield--width-third field_sublabel_below gfield--no-description field_description_below field_validation_below gfield_visibility_visible\"  ><label class='gfield_label gform-field-label' for='input_17_21'>Emplacement suppl\u00e9mentaire<\/label><div class='ginput_container ginput_container_text'><input name='input_21' id='input_17_21' type='text' value='' class='large'      aria-invalid=\"false\"   \/><\/div><\/div><fieldset id=\"field_17_32\" class=\"gfield gfield--type-list gfield--input-type-list gfield--width-full field_sublabel_below gfield--no-description field_description_below field_validation_below gfield_visibility_visible\"  ><legend class='gfield_label gform-field-label' >Num\u00e9ro de localisation mondial (GLN)<\/legend><div class='ginput_container ginput_container_list ginput_list '><div class='gfield_list gfield_list_container'><div class=\"gfield_list_groups\"><div class='gfield_list_row_odd gfield_list_group gform-grid-row'><div class='gfield_list_group_item gfield_list_cell gfield_list_32_cell1 gform-grid-col' ><input aria-invalid='false'   aria-label='Num\u00e9ro de localisation mondial (GLN), Fila 1' data-aria-label-template='Num\u00e9ro de localisation mondial (GLN), Fila {0}' type='text' name='input_32[]' value=''   \/><\/div><div class='gfield_list_icons gform-grid-col'>   <button type='button'  class='add_list_item ' aria-label='A\u00f1adir otra fila' onclick='gformAddListItem(this, 0)'>A\u00f1adir<\/button>   <button type='button'  class='delete_list_item' aria-label='Eliminar fila 1' data-aria-label-template='Eliminar fila {0}' onclick='gformDeleteListItem(this, 0)' style=\"visibility:hidden;\">Eliminar<\/button><\/div><\/div><\/div><\/div><\/div><\/fieldset><div id=\"field_17_1\" class=\"gfield gfield--type-text gfield--input-type-text gfield--width-half gfield_contains_required field_sublabel_below gfield--no-description field_description_below field_validation_below gfield_visibility_visible\"  ><label class='gfield_label gform-field-label' for='input_17_1'>Nom<span class=\"gfield_required\"><span class=\"gfield_required gfield_required_text\">(Obligatorio)<\/span><\/span><\/label><div class='ginput_container ginput_container_text'><input name='input_1' id='input_17_1' type='text' value='' class='large'     aria-required=\"true\" aria-invalid=\"false\"   \/><\/div><\/div><div id=\"field_17_4\" class=\"gfield gfield--type-email gfield--input-type-email gfield--width-half gfield_contains_required field_sublabel_below gfield--no-description field_description_below field_validation_below gfield_visibility_visible\"  ><label class='gfield_label gform-field-label' for='input_17_4'>Adresse e-mail<span class=\"gfield_required\"><span class=\"gfield_required gfield_required_text\">(Obligatorio)<\/span><\/span><\/label><div class='ginput_container ginput_container_email'>\n                            <input name='input_4' id='input_17_4' type='email' value='' class='large'    aria-required=\"true\" aria-invalid=\"false\"  \/>\n                        <\/div><\/div><div id=\"field_17_14\" class=\"gfield gfield--type-phone gfield--input-type-phone gfield--width-full field_sublabel_below gfield--no-description field_description_below field_validation_below gfield_visibility_visible\"  ><label class='gfield_label gform-field-label' for='input_17_14'>Num\u00e9ro de t\u00e9l\u00e9phone<\/label><div class='ginput_container ginput_container_phone'><input name='input_14' id='input_17_14' type='tel' value='' class='large'    aria-invalid=\"false\"   \/><\/div><\/div><fieldset id=\"field_17_33\" class=\"gfield gfield--type-consent gfield--type-choice gfield--input-type-consent gfield_contains_required field_sublabel_below gfield--no-description field_description_below field_validation_below gfield_visibility_visible\"  ><legend class='gfield_label gform-field-label gfield_label_before_complex' >Consentement au pr\u00e9l\u00e8vement automatique<span class=\"gfield_required\"><span class=\"gfield_required gfield_required_text\">(Obligatorio)<\/span><\/span><\/legend><div class='ginput_container ginput_container_consent'><input name='input_33.1' id='input_17_33_1' type='checkbox' value='1'   aria-required=\"true\" aria-invalid=\"false\"   \/> <label class=\"gform-field-label gform-field-label--type-inline gfield_consent_label\" for='input_17_33_1' >En soumettant ce formulaire, j'accepte que mes paiements mensuels soient pr\u00e9lev\u00e9s automatiquement. J'autorise par la pr\u00e9sente Latest Collection \u00e0 pr\u00e9lever le montant d\u00fb mensuellement sur mon compte bancaire. Je comprends que ce pr\u00e9l\u00e8vement restera en vigueur jusqu'\u00e0 ce que je l'annule par \u00e9crit.<\/label><input type='hidden' name='input_33.2' value='En soumettant ce formulaire, j&#039;accepte que mes paiements mensuels soient pr\u00e9lev\u00e9s automatiquement. J&#039;autorise par la pr\u00e9sente Latest Collection \u00e0 pr\u00e9lever le montant d\u00fb mensuellement sur mon compte bancaire. Je comprends que ce pr\u00e9l\u00e8vement restera en vigueur jusqu&#039;\u00e0 ce que je l&#039;annule par \u00e9crit.' class='gform_hidden' \/><input type='hidden' name='input_33.3' value='8' class='gform_hidden' \/><\/div><\/fieldset><\/div><\/div>\n        <div class='gform-footer gform_footer top_label'> <div class='wp-block-buttons is-content-justification-center is-layout-flex'><div class='wp-block-button'><button class='wp-block-button__link wp-element-button button gform_button' id='gform_submit_button_17'><span>Versturen<\/span><\/button><\/div><\/div> \n            <input type='hidden' class='gform_hidden' name='gform_submission_method' data-js='gform_submission_method_17' value='postback' \/>\n            <input type='hidden' class='gform_hidden' name='gform_theme' data-js='gform_theme_17' id='gform_theme_17' value='gravity-theme' \/>\n            <input type='hidden' class='gform_hidden' name='gform_style_settings' data-js='gform_style_settings_17' id='gform_style_settings_17' value='[]' \/>\n            <input type='hidden' class='gform_hidden' name='is_submit_17' value='1' \/>\n            <input type='hidden' class='gform_hidden' name='gform_submit' value='17' \/>\n            \n            <input type='hidden' class='gform_hidden' name='gform_currency' data-currency='EUR' value='A0OnA3MAGpReZxthKS9LRefDAUSFPfrwinhSDdpcfb2Hr8Bkp3wSZMqmXOcXMEavAT8GUwvWpmVY81LKQPhA7akL3gHZb4aCRkH72LzJ8cCLNzM=' \/>\n            <input type='hidden' class='gform_hidden' name='gform_unique_id' value='' \/>\n            <input type='hidden' class='gform_hidden' name='state_17' value='WyJ7XCIzMy4xXCI6XCJhMmMwZTVkN2NmNDkwOWQ1N2YwYWNhOTkzZDI4N2JiZFwiLFwiMzMuMlwiOlwiNGViZGFiMGUzNWMwZTM4YjI3ZjE5MDI4ZTg1MGMxOGVcIixcIjMzLjNcIjpcImM2MzQ2MzI3NTczM2Q5NzA0MzY3ODNlYzVmMzM1MGFlXCJ9IiwiZmY4YTQ0MGIzMGQwZGQzNzBkNGM0OWMwMjNjNzM4MzgiXQ==' \/>\n            <input type='hidden' autocomplete='off' class='gform_hidden' name='gform_target_page_number_17' id='gform_target_page_number_17' value='0' \/>\n            <input type='hidden' autocomplete='off' class='gform_hidden' name='gform_source_page_number_17' id='gform_source_page_number_17' value='1' \/>\n            <input type='hidden' name='gform_field_values' value='' \/>\n            \n        <\/div>\n                        <\/form>\n                        <\/div><script>\ngform.initializeOnLoaded( function() {gformInitSpinner( 17, 'https:\/\/latestcollection.com\/wp-content\/plugins\/gravityforms\/images\/spinner.svg', true );jQuery('#gform_ajax_frame_17').on('load',function(){var contents = jQuery(this).contents().find('*').html();var is_postback = contents.indexOf('GF_AJAX_POSTBACK') >= 0;if(!is_postback){return;}var form_content = jQuery(this).contents().find('#gform_wrapper_17');var is_confirmation = jQuery(this).contents().find('#gform_confirmation_wrapper_17').length > 0;var is_redirect = contents.indexOf('gformRedirect(){') >= 0;var is_form = form_content.length > 0 && ! is_redirect && ! is_confirmation;var mt = parseInt(jQuery('html').css('margin-top'), 10) + parseInt(jQuery('body').css('margin-top'), 10) + 100;if(is_form){jQuery('#gform_wrapper_17').html(form_content.html());if(form_content.hasClass('gform_validation_error')){jQuery('#gform_wrapper_17').addClass('gform_validation_error');} else {jQuery('#gform_wrapper_17').removeClass('gform_validation_error');}setTimeout( function() { \/* delay the scroll by 50 milliseconds to fix a bug in chrome *\/  }, 50 );if(window['gformInitDatepicker']) {gformInitDatepicker();}if(window['gformInitPriceFields']) {gformInitPriceFields();}var current_page = jQuery('#gform_source_page_number_17').val();gformInitSpinner( 17, 'https:\/\/latestcollection.com\/wp-content\/plugins\/gravityforms\/images\/spinner.svg', true );jQuery(document).trigger('gform_page_loaded', [17, current_page]);window['gf_submitting_17'] = false;}else if(!is_redirect){var confirmation_content = jQuery(this).contents().find('.GF_AJAX_POSTBACK').html();if(!confirmation_content){confirmation_content = contents;}jQuery('#gform_wrapper_17').replaceWith(confirmation_content);jQuery(document).trigger('gform_confirmation_loaded', [17]);window['gf_submitting_17'] = false;wp.a11y.speak(jQuery('#gform_confirmation_message_17').text());}else{jQuery('#gform_17').append(contents);if(window['gformRedirect']) {gformRedirect();}}jQuery(document).trigger(\"gform_pre_post_render\", [{ formId: \"17\", currentPage: \"current_page\", abort: function() { this.preventDefault(); } }]);        if (event && event.defaultPrevented) {                return;        }        const gformWrapperDiv = document.getElementById( \"gform_wrapper_17\" );        if ( gformWrapperDiv ) {            const visibilitySpan = document.createElement( \"span\" );            visibilitySpan.id = \"gform_visibility_test_17\";            gformWrapperDiv.insertAdjacentElement( \"afterend\", visibilitySpan );        }        const visibilityTestDiv = document.getElementById( \"gform_visibility_test_17\" );        let postRenderFired = false;        function triggerPostRender() {            if ( postRenderFired ) {                return;            }            postRenderFired = true;            gform.core.triggerPostRenderEvents( 17, current_page );            if ( visibilityTestDiv ) {                visibilityTestDiv.parentNode.removeChild( visibilityTestDiv );            }        }        function debounce( func, wait, immediate ) {            var timeout;            return function() {                var context = this, args = arguments;                var later = function() {                    timeout = null;                    if ( !immediate ) func.apply( context, args );                };                var callNow = immediate && !timeout;                clearTimeout( timeout );                timeout = setTimeout( later, wait );                if ( callNow ) func.apply( context, args );            };        }        const debouncedTriggerPostRender = debounce( function() {            triggerPostRender();        }, 200 );        if ( visibilityTestDiv && visibilityTestDiv.offsetParent === null ) {            const observer = new MutationObserver( ( mutations ) => {                mutations.forEach( ( mutation ) => {                    if ( mutation.type === 'attributes' && visibilityTestDiv.offsetParent !== null ) {                        debouncedTriggerPostRender();                        observer.disconnect();                    }                });            });            observer.observe( document.body, {                attributes: true,                childList: false,                subtree: true,                attributeFilter: [ 'style', 'class' ],            });        } else {            triggerPostRender();        }    } );} );\n<\/script>\n\n","protected":false},"excerpt":{"rendered":"<p>\u00a1Bienvenue dans Latest Collection, l'endroit o\u00f9 les amoureux de YAYA se r\u00e9unissent ! Somos conscientes de la importancia de ... <a href=\"https:\/\/latestcollection.com\/es\/yaya-tableta-plug-play-fr\/\"><\/a><\/p>","protected":false},"author":2,"featured_media":3579,"parent":0,"menu_order":0,"comment_status":"closed","ping_status":"closed","template":"","meta":{"_acf_changed":false,"footnotes":""},"class_list":["post-3594","page","type-page","status-publish","has-post-thumbnail","hentry"],"acf":[],"_links":{"self":[{"href":"https:\/\/latestcollection.com\/es\/wp-json\/wp\/v2\/pages\/3594","targetHints":{"allow":["GET"]}}],"collection":[{"href":"https:\/\/latestcollection.com\/es\/wp-json\/wp\/v2\/pages"}],"about":[{"href":"https:\/\/latestcollection.com\/es\/wp-json\/wp\/v2\/types\/page"}],"author":[{"embeddable":true,"href":"https:\/\/latestcollection.com\/es\/wp-json\/wp\/v2\/users\/2"}],"replies":[{"embeddable":true,"href":"https:\/\/latestcollection.com\/es\/wp-json\/wp\/v2\/comments?post=3594"}],"version-history":[{"count":5,"href":"https:\/\/latestcollection.com\/es\/wp-json\/wp\/v2\/pages\/3594\/revisions"}],"predecessor-version":[{"id":5644,"href":"https:\/\/latestcollection.com\/es\/wp-json\/wp\/v2\/pages\/3594\/revisions\/5644"}],"wp:featuredmedia":[{"embeddable":true,"href":"https:\/\/latestcollection.com\/es\/wp-json\/wp\/v2\/media\/3579"}],"wp:attachment":[{"href":"https:\/\/latestcollection.com\/es\/wp-json\/wp\/v2\/media?parent=3594"}],"curies":[{"name":"wp","href":"https:\/\/api.w.org\/{rel}","templated":true}]}}