{"id":3587,"date":"2024-02-22T10:49:10","date_gmt":"2024-02-22T09:49:10","guid":{"rendered":"https:\/\/latestcollection.com\/?page_id=3587"},"modified":"2025-02-28T15:46:56","modified_gmt":"2025-02-28T14:46:56","slug":"yaya-tablet-plug-play","status":"publish","type":"page","link":"https:\/\/latestcollection.com\/en\/yaya-tablet-plug-play\/","title":{"rendered":"YAYA Tablet Plug &#038; Play (IT)"},"content":{"rendered":"\n<figure class=\"wp-block-image size-large\"><img loading=\"lazy\" decoding=\"async\" width=\"1024\" height=\"508\" src=\"https:\/\/latestcollection.com\/wp-content\/uploads\/2024\/02\/Bestseller-winkels-kassasysteem-plug-play-ipad-1024x508.png\" alt=\"YAYA winkels kassasysteem plug &amp; play ipad\" class=\"wp-image-3427\" srcset=\"https:\/\/latestcollection.com\/wp-content\/uploads\/2024\/02\/Bestseller-winkels-kassasysteem-plug-play-ipad-1024x508.png 1024w, https:\/\/latestcollection.com\/wp-content\/uploads\/2024\/02\/Bestseller-winkels-kassasysteem-plug-play-ipad-300x149.png 300w, https:\/\/latestcollection.com\/wp-content\/uploads\/2024\/02\/Bestseller-winkels-kassasysteem-plug-play-ipad-768x381.png 768w, https:\/\/latestcollection.com\/wp-content\/uploads\/2024\/02\/Bestseller-winkels-kassasysteem-plug-play-ipad-1536x762.png 1536w, https:\/\/latestcollection.com\/wp-content\/uploads\/2024\/02\/Bestseller-winkels-kassasysteem-plug-play-ipad-353x175.png 353w, https:\/\/latestcollection.com\/wp-content\/uploads\/2024\/02\/Bestseller-winkels-kassasysteem-plug-play-ipad.png 2016w\" sizes=\"auto, (max-width: 1024px) 100vw, 1024px\" \/><\/figure>\n\n\n\n<p class=\"has-small-font-size\">Benvenuti in Latest Collection, il luogo dove gli appassionati di YAYA si riuniscono!&#8221;! Comprendiamo che \u00e8 importante mantenere il tuo negozio funzionante senza intoppi riducendo al minimo i costi. Ecco perch\u00e9 presentiamo con orgoglio il nostro nuovo Tablet Plug &amp; Play, appositamente progettato per ottimizzare la tua esperienza di acquisto con il marchio <a href=\"https:\/\/yaya.nl\/nl\/service\/about-yaya\" target=\"_blank\" rel=\"noreferrer noopener\">YAYA<\/a>. Il Tablet Plug &amp; Play \u00e8 stato attentamente progettato per condividere i dati senza complicate procedure di installazione. Ottimizza il tuo fatturato, aumenta i tuoi margini e d\u00ec addio alle mancate vendite. Semplifica, migliora e aumenta la tua redditivit\u00e0 con il Tablet Plug &amp; Play.<\/p>\n\n\n\n<div class=\"wp-block-buttons is-content-justification-center is-layout-flex wp-container-core-buttons-is-layout-a89b3969 wp-block-buttons-is-layout-flex\">\n<div class=\"wp-block-button has-custom-font-size has-small-font-size\"><a class=\"wp-block-button__link has-secondary-background-color has-background wp-element-button\" href=\"#Richiedere-il-tablet\">Ordina il Tablet Plug &amp; Play<\/a><\/div>\n<\/div>\n\n\n\n<h2 class=\"wp-block-heading has-large-font-size\"><strong>Scopri la condivisione dei dati con YAYA<mark style=\"background-color:rgba(0, 0, 0, 0)\" class=\"has-inline-color has-primary-color\">.<\/mark><\/strong><\/h2>\n\n\n\n<p class=\"has-small-font-size\">Con una configurazione una tantum di soli \u20ac 150 e un canone mensile di \u20ac 50, vivrai una rivoluzione nella condivisione dei dati con YAYA. Ecco alcuni motivi per cui il nostro tablet \u00e8 una vera risorsa per il tuo negozio:<\/p>\n\n\n\n<div class=\"wp-block-group is-layout-constrained wp-block-group-is-layout-constrained\">\n<ul class=\"wp-block-list\">\n<li class=\"has-small-font-size\"><strong>Margini pi\u00f9 elevati: <\/strong>Sblocca nuove opportunit\u00e0 di profitto con il nostro tablet Plug &amp; Play. Riduci i costi e massimizza i margini per una posizione finanziaria pi\u00f9 sana.<\/li>\n\n\n\n<li class=\"has-small-font-size\"><strong>Pi\u00f9 fatturato: <\/strong>Stimola la crescita e aumenta il tuo fatturato. Ottimizza l&#8217;efficienza e aumenta la produttivit\u00e0, rendendo la tua azienda maggiormente in grado di soddisfare la domanda crescente.<\/li>\n\n\n\n<li class=\"has-small-font-size\"><strong>Meno vendite &#8220;no&#8221;: <\/strong>D\u00ec addio alle opportunit\u00e0 mancate con la nostra tecnologia avanzata. Il Tablet Plug &amp; Play riduce al minimo le vendite perse avendo sempre a disposizione i prodotti desiderati, cos\u00ec non dovrai mai pi\u00f9 deludere i clienti.<\/li>\n\n\n\n<li class=\"has-small-font-size\"><strong>Condivisione dei dati: <\/strong>Consente la condivisione continua dei dati con il tablet Plug &amp; Play. Rafforza le tue decisioni aziendali lavorando con YAYA. Il nostro tablet Plug &amp; Play ottimizza il flusso di informazioni, dandoti accesso a dati cruciali per un processo decisionale rapido e informato.<\/li>\n\n\n\n<li class=\"has-small-font-size\"><strong>Maggiore soddisfazione del cliente: <\/strong>Massimizza la soddisfazione del cliente condividendo i dati, dove la collaborazione con il fornitore YAYA garantisce un&#8217;esperienza senza preoccupazioni.<\/li>\n<\/ul>\n<\/div>\n\n\n\n<h2 class=\"wp-block-heading has-large-font-size\"><strong>Semplice e semplice<mark style=\"background-color:rgba(0, 0, 0, 0)\" class=\"has-inline-color has-primary-color\">.<\/mark><\/strong><\/h2>\n\n\n\n<p class=\"has-small-font-size\">Il nostro tablet Plug &amp; Play \u00e8 progettato pensando alla tua comodit\u00e0. Effettua il tuo ordine e noi lo prenderemo da l\u00ec. Entro 48 ore riceverai un tablet e uno scanner pronti all&#8217;uso, con accesso diretto tramite le tue credenziali. Con una semplice scansione accanto al registratore di cassa, il sistema diventa operativo, cos\u00ec potrai godere di tutti i vantaggi del marchio YAYA in pochissimo tempo.<\/p>\n\n\n\n<p class=\"has-small-font-size\">Quindi non aspettare oltre e trasforma il tuo negozio con il nostro Tablet Plug &amp; Play e goditi subito tutti i vantaggi. Contattaci oggi per scoprire come possiamo aiutarti a crescere con YAYA.<\/p>\n\n\n\n<h2 class=\"wp-block-heading has-large-font-size\" id=\"Richiedere-il-tablet\"><mark style=\"background-color:rgba(0, 0, 0, 0)\" class=\"has-inline-color has-secondary-color\"><strong>Richiedi subito il Tablet Plug &amp; Play<\/strong><\/mark><strong><mark style=\"background-color:rgba(0, 0, 0, 0)\" class=\"has-inline-color has-primary-color\">.<\/mark><\/strong><\/h2>\n\n\n\n<p class=\"has-small-font-size\">Compilate il modulo sottostante e iniziate questa settimana a trasformare il vostro negozio di moda in un&#8217;azienda efficiente e redditizia. Dopo aver completato il modulo, riceverete un&#8217;e-mail di conferma con ulteriori istruzioni. Una volta confermato il pagamento, inizieremo immediatamente l&#8217;ottimizzazione del vostro negozio di moda in modo che possiate beneficiare rapidamente di un aumento delle vendite, di un miglioramento dei margini e di una riduzione delle mancate vendite.<\/p>\n\n\n\n<p><\/p>\n\n\n<script>\nvar gform;gform||(document.addEventListener(\"gform_main_scripts_loaded\",function(){gform.scriptsLoaded=!0}),document.addEventListener(\"gform\/theme\/scripts_loaded\",function(){gform.themeScriptsLoaded=!0}),window.addEventListener(\"DOMContentLoaded\",function(){gform.domLoaded=!0}),gform={domLoaded:!1,scriptsLoaded:!1,themeScriptsLoaded:!1,isFormEditor:()=>\"function\"==typeof InitializeEditor,callIfLoaded:function(o){return!(!gform.domLoaded||!gform.scriptsLoaded||!gform.themeScriptsLoaded&&!gform.isFormEditor()||(gform.isFormEditor()&&console.warn(\"The use of gform.initializeOnLoaded() is deprecated in the form editor context and will be removed in Gravity Forms 3.1.\"),o(),0))},initializeOnLoaded:function(o){gform.callIfLoaded(o)||(document.addEventListener(\"gform_main_scripts_loaded\",()=>{gform.scriptsLoaded=!0,gform.callIfLoaded(o)}),document.addEventListener(\"gform\/theme\/scripts_loaded\",()=>{gform.themeScriptsLoaded=!0,gform.callIfLoaded(o)}),window.addEventListener(\"DOMContentLoaded\",()=>{gform.domLoaded=!0,gform.callIfLoaded(o)}))},hooks:{action:{},filter:{}},addAction:function(o,r,e,t){gform.addHook(\"action\",o,r,e,t)},addFilter:function(o,r,e,t){gform.addHook(\"filter\",o,r,e,t)},doAction:function(o){gform.doHook(\"action\",o,arguments)},applyFilters:function(o){return gform.doHook(\"filter\",o,arguments)},removeAction:function(o,r){gform.removeHook(\"action\",o,r)},removeFilter:function(o,r,e){gform.removeHook(\"filter\",o,r,e)},addHook:function(o,r,e,t,n){null==gform.hooks[o][r]&&(gform.hooks[o][r]=[]);var d=gform.hooks[o][r];null==n&&(n=r+\"_\"+d.length),gform.hooks[o][r].push({tag:n,callable:e,priority:t=null==t?10:t})},doHook:function(r,o,e){var t;if(e=Array.prototype.slice.call(e,1),null!=gform.hooks[r][o]&&((o=gform.hooks[r][o]).sort(function(o,r){return o.priority-r.priority}),o.forEach(function(o){\"function\"!=typeof(t=o.callable)&&(t=window[t]),\"action\"==r?t.apply(null,e):e[0]=t.apply(null,e)})),\"filter\"==r)return e[0]},removeHook:function(o,r,t,n){var e;null!=gform.hooks[o][r]&&(e=(e=gform.hooks[o][r]).filter(function(o,r,e){return!!(null!=n&&n!=o.tag||null!=t&&t!=o.priority)}),gform.hooks[o][r]=e)}});\n<\/script>\n\n                <div class='gf_browser_gecko gform_wrapper gravity-theme gform-theme--no-framework' data-form-theme='gravity-theme' data-form-index='0' id='gform_wrapper_16' >\n                        <div class='gform_heading'>\n                            <h2 class=\"gform_title\">YAYA Plug & Play Tablet ITALIAANS<\/h2>\n                            <p class='gform_description'><\/p>\n                        <\/div><form method='post' enctype='multipart\/form-data'  id='gform_16'  action='\/en\/wp-json\/wp\/v2\/pages\/3587' data-formid='16' novalidate><div class='gf_invisible ginput_recaptchav3' data-sitekey='6LdLWs4pAAAAAK5fuZS-3ofw-d1u3BYDYM-0w6GQ' data-tabindex='0'><input id=\"input_77d380df7ba81365841b909167401e70\" class=\"gfield_recaptcha_response\" type=\"hidden\" name=\"input_77d380df7ba81365841b909167401e70\" value=\"\"\/><\/div>\n                        <div class='gform-body gform_body'><div id='gform_fields_16' class='gform_fields top_label form_sublabel_below description_below validation_below'><div id=\"field_16_10\" class=\"gfield gfield--type-text gfield--input-type-text gfield--width-half gfield_contains_required field_sublabel_below gfield--no-description field_description_below field_validation_below gfield_visibility_visible\"  ><label class='gfield_label gform-field-label' for='input_16_10'>Azienda<span class=\"gfield_required\"><span class=\"gfield_required gfield_required_text\">(Required)<\/span><\/span><\/label><div class='ginput_container ginput_container_text'><input name='input_10' id='input_16_10' type='text' value='' class='large'     aria-required=\"true\" aria-invalid=\"false\"   \/><\/div><\/div><div id=\"field_16_26\" class=\"gfield gfield--type-text gfield--input-type-text gfield--width-half gfield_contains_required field_sublabel_below gfield--no-description field_description_below field_validation_below gfield_visibility_visible\"  ><label class='gfield_label gform-field-label' for='input_16_26'>Posto<span class=\"gfield_required\"><span class=\"gfield_required gfield_required_text\">(Required)<\/span><\/span><\/label><div class='ginput_container ginput_container_text'><input name='input_26' id='input_16_26' type='text' value='' class='large'     aria-required=\"true\" aria-invalid=\"false\"   \/><\/div><\/div><div id=\"field_16_23\" class=\"gfield gfield--type-text gfield--input-type-text gfield--width-third field_sublabel_below gfield--no-description field_description_below field_validation_below gfield_visibility_visible\"  ><label class='gfield_label gform-field-label' for='input_16_23'>Ramo aggiuntivo<\/label><div class='ginput_container ginput_container_text'><input name='input_23' id='input_16_23' type='text' value='' class='large'      aria-invalid=\"false\"   \/><\/div><\/div><div id=\"field_16_22\" class=\"gfield gfield--type-text gfield--input-type-text gfield--width-third field_sublabel_below gfield--no-description field_description_below field_validation_below gfield_visibility_visible\"  ><label class='gfield_label gform-field-label' for='input_16_22'>Ramo aggiuntivo<\/label><div class='ginput_container ginput_container_text'><input name='input_22' id='input_16_22' type='text' value='' class='large'      aria-invalid=\"false\"   \/><\/div><\/div><div id=\"field_16_21\" class=\"gfield gfield--type-text gfield--input-type-text gfield--width-third field_sublabel_below gfield--no-description field_description_below field_validation_below gfield_visibility_visible\"  ><label class='gfield_label gform-field-label' for='input_16_21'>Ramo aggiuntivo<\/label><div class='ginput_container ginput_container_text'><input name='input_21' id='input_16_21' type='text' value='' class='large'      aria-invalid=\"false\"   \/><\/div><\/div><fieldset id=\"field_16_32\" class=\"gfield gfield--type-list gfield--input-type-list gfield--width-full field_sublabel_below gfield--no-description field_description_below field_validation_below gfield_visibility_visible\"  ><legend class='gfield_label gform-field-label' >Numero di posizione globale (GLN)<\/legend><div class='ginput_container ginput_container_list ginput_list '><div class='gfield_list gfield_list_container'><div class=\"gfield_list_groups\"><div class='gfield_list_row_odd gfield_list_group gform-grid-row'><div class='gfield_list_group_item gfield_list_cell gfield_list_32_cell1 gform-grid-col' ><input aria-invalid='false'   aria-label='Numero di posizione globale (GLN), Row 1' data-aria-label-template='Numero di posizione globale (GLN), Row {0}' type='text' name='input_32[]' value=''   \/><\/div><div class='gfield_list_icons gform-grid-col'>   <button type='button'  class='add_list_item ' aria-label='Add another row' onclick='gformAddListItem(this, 0)'>Add<\/button>   <button type='button'  class='delete_list_item' aria-label='Remove row 1' data-aria-label-template='Remove row {0}' onclick='gformDeleteListItem(this, 0)' style=\"visibility:hidden;\">Remove<\/button><\/div><\/div><\/div><\/div><\/div><\/fieldset><div id=\"field_16_1\" class=\"gfield gfield--type-text gfield--input-type-text gfield--width-half gfield_contains_required field_sublabel_below gfield--no-description field_description_below field_validation_below gfield_visibility_visible\"  ><label class='gfield_label gform-field-label' for='input_16_1'>Nome<span class=\"gfield_required\"><span class=\"gfield_required gfield_required_text\">(Required)<\/span><\/span><\/label><div class='ginput_container ginput_container_text'><input name='input_1' id='input_16_1' type='text' value='' class='large'     aria-required=\"true\" aria-invalid=\"false\"   \/><\/div><\/div><div id=\"field_16_4\" class=\"gfield gfield--type-email gfield--input-type-email gfield--width-half gfield_contains_required field_sublabel_below gfield--no-description field_description_below field_validation_below gfield_visibility_visible\"  ><label class='gfield_label gform-field-label' for='input_16_4'>Indirizzo e-mail<span class=\"gfield_required\"><span class=\"gfield_required gfield_required_text\">(Required)<\/span><\/span><\/label><div class='ginput_container ginput_container_email'>\n                            <input name='input_4' id='input_16_4' type='email' value='' class='large'    aria-required=\"true\" aria-invalid=\"false\"  \/>\n                        <\/div><\/div><div id=\"field_16_14\" class=\"gfield gfield--type-phone gfield--input-type-phone gfield--width-full field_sublabel_below gfield--no-description field_description_below field_validation_below gfield_visibility_visible\"  ><label class='gfield_label gform-field-label' for='input_16_14'>Numero di telefono<\/label><div class='ginput_container ginput_container_phone'><input name='input_14' id='input_16_14' type='tel' value='' class='large'    aria-invalid=\"false\"   \/><\/div><\/div><fieldset id=\"field_16_33\" class=\"gfield gfield--type-consent gfield--type-choice gfield--input-type-consent gfield_contains_required field_sublabel_below gfield--no-description field_description_below field_validation_below gfield_visibility_visible\"  ><legend class='gfield_label gform-field-label gfield_label_before_complex' >Consenso all&#039;addebito diretto<span class=\"gfield_required\"><span class=\"gfield_required gfield_required_text\">(Required)<\/span><\/span><\/legend><div class='ginput_container ginput_container_consent'><input name='input_33.1' id='input_16_33_1' type='checkbox' value='1'   aria-required=\"true\" aria-invalid=\"false\"   \/> <label class=\"gform-field-label gform-field-label--type-inline gfield_consent_label\" for='input_16_33_1' >Inviando questo modulo, acconsento alla riscossione automatica dei miei pagamenti mensili. Autorizzo Latest Collection ad addebitare l'importo dovuto mensilmente sul mio conto bancario. Sono consapevole che questo addebito diretto rimarr\u00e0 in vigore fino a quando non lo annuller\u00f2 per iscritto.<\/label><input type='hidden' name='input_33.2' value='Inviando questo modulo, acconsento alla riscossione automatica dei miei pagamenti mensili. Autorizzo Latest Collection ad addebitare l&#039;importo dovuto mensilmente sul mio conto bancario. Sono consapevole che questo addebito diretto rimarr\u00e0 in vigore fino a quando non lo annuller\u00f2 per iscritto.' class='gform_hidden' \/><input type='hidden' name='input_33.3' value='9' class='gform_hidden' \/><\/div><\/fieldset><\/div><\/div>\n        <div class='gform-footer gform_footer top_label'> <div class='wp-block-buttons is-content-justification-center is-layout-flex'><div class='wp-block-button'><button class='wp-block-button__link wp-element-button button gform_button' id='gform_submit_button_16'><span>Versturen<\/span><\/button><\/div><\/div> \n            <input type='hidden' class='gform_hidden' name='gform_submission_method' data-js='gform_submission_method_16' value='postback' \/>\n            <input type='hidden' class='gform_hidden' name='gform_theme' data-js='gform_theme_16' id='gform_theme_16' value='gravity-theme' \/>\n            <input type='hidden' class='gform_hidden' name='gform_style_settings' data-js='gform_style_settings_16' id='gform_style_settings_16' value='[]' \/>\n            <input type='hidden' class='gform_hidden' name='is_submit_16' value='1' \/>\n            <input type='hidden' class='gform_hidden' name='gform_submit' value='16' \/>\n            \n            <input type='hidden' class='gform_hidden' name='gform_currency' data-currency='EUR' value='xBvjCMg1YyWm6ZzLXGtOCKM6Qxe\/yDzo6tkgG2h6Dp\/\/vVCcgTEL7OpCHuBMaOqeWZNkp7SKl5KlQP0bwmW\/WSqrPQpe2fxVYC0HWM0WJFNiqgk=' \/>\n            <input type='hidden' class='gform_hidden' name='gform_unique_id' value='' \/>\n            <input type='hidden' class='gform_hidden' name='state_16' value='WyJ7XCIzMy4xXCI6XCJhMmMwZTVkN2NmNDkwOWQ1N2YwYWNhOTkzZDI4N2JiZFwiLFwiMzMuMlwiOlwiNWIwMWE2NmNjYTNkZDkyNGY2OWYyNTNjY2RkOTlmODZcIixcIjMzLjNcIjpcIjllY2Y4MzllYWU3NjQwNmU4MWMxYTMwZGUwNzQ0YjVmXCJ9IiwiNzU1YmJiMTcxM2EwZjVkNDBiOWRiYjM4OTU1ODIwOGQiXQ==' \/>\n            <input type='hidden' autocomplete='off' class='gform_hidden' name='gform_target_page_number_16' id='gform_target_page_number_16' value='0' \/>\n            <input type='hidden' autocomplete='off' class='gform_hidden' name='gform_source_page_number_16' id='gform_source_page_number_16' value='1' \/>\n            <input type='hidden' name='gform_field_values' value='' \/>\n            \n        <\/div>\n                        <\/form>\n                        <\/div><script>\ngform.initializeOnLoaded( function() {gformInitSpinner( 16, 'https:\/\/latestcollection.com\/wp-content\/plugins\/gravityforms\/images\/spinner.svg', true );jQuery('#gform_ajax_frame_16').on('load',function(){var contents = jQuery(this).contents().find('*').html();var is_postback = contents.indexOf('GF_AJAX_POSTBACK') >= 0;if(!is_postback){return;}var form_content = jQuery(this).contents().find('#gform_wrapper_16');var is_confirmation = jQuery(this).contents().find('#gform_confirmation_wrapper_16').length > 0;var is_redirect = contents.indexOf('gformRedirect(){') >= 0;var is_form = form_content.length > 0 && ! is_redirect && ! is_confirmation;var mt = parseInt(jQuery('html').css('margin-top'), 10) + parseInt(jQuery('body').css('margin-top'), 10) + 100;if(is_form){jQuery('#gform_wrapper_16').html(form_content.html());if(form_content.hasClass('gform_validation_error')){jQuery('#gform_wrapper_16').addClass('gform_validation_error');} else {jQuery('#gform_wrapper_16').removeClass('gform_validation_error');}setTimeout( function() { \/* delay the scroll by 50 milliseconds to fix a bug in chrome *\/  }, 50 );if(window['gformInitDatepicker']) {gformInitDatepicker();}if(window['gformInitPriceFields']) {gformInitPriceFields();}var current_page = jQuery('#gform_source_page_number_16').val();gformInitSpinner( 16, 'https:\/\/latestcollection.com\/wp-content\/plugins\/gravityforms\/images\/spinner.svg', true );jQuery(document).trigger('gform_page_loaded', [16, current_page]);window['gf_submitting_16'] = false;}else if(!is_redirect){var confirmation_content = jQuery(this).contents().find('.GF_AJAX_POSTBACK').html();if(!confirmation_content){confirmation_content = contents;}jQuery('#gform_wrapper_16').replaceWith(confirmation_content);jQuery(document).trigger('gform_confirmation_loaded', [16]);window['gf_submitting_16'] = false;wp.a11y.speak(jQuery('#gform_confirmation_message_16').text());}else{jQuery('#gform_16').append(contents);if(window['gformRedirect']) {gformRedirect();}}jQuery(document).trigger(\"gform_pre_post_render\", [{ formId: \"16\", currentPage: \"current_page\", abort: function() { this.preventDefault(); } }]);        if (event && event.defaultPrevented) {                return;        }        const gformWrapperDiv = document.getElementById( \"gform_wrapper_16\" );        if ( gformWrapperDiv ) {            const visibilitySpan = document.createElement( \"span\" );            visibilitySpan.id = \"gform_visibility_test_16\";            gformWrapperDiv.insertAdjacentElement( \"afterend\", visibilitySpan );        }        const visibilityTestDiv = document.getElementById( \"gform_visibility_test_16\" );        let postRenderFired = false;        function triggerPostRender() {            if ( postRenderFired ) {                return;            }            postRenderFired = true;            gform.core.triggerPostRenderEvents( 16, current_page );            if ( visibilityTestDiv ) {                visibilityTestDiv.parentNode.removeChild( visibilityTestDiv );            }        }        function debounce( func, wait, immediate ) {            var timeout;            return function() {                var context = this, args = arguments;                var later = function() {                    timeout = null;                    if ( !immediate ) func.apply( context, args );                };                var callNow = immediate && !timeout;                clearTimeout( timeout );                timeout = setTimeout( later, wait );                if ( callNow ) func.apply( context, args );            };        }        const debouncedTriggerPostRender = debounce( function() {            triggerPostRender();        }, 200 );        if ( visibilityTestDiv && visibilityTestDiv.offsetParent === null ) {            const observer = new MutationObserver( ( mutations ) => {                mutations.forEach( ( mutation ) => {                    if ( mutation.type === 'attributes' && visibilityTestDiv.offsetParent !== null ) {                        debouncedTriggerPostRender();                        observer.disconnect();                    }                });            });            observer.observe( document.body, {                attributes: true,                childList: false,                subtree: true,                attributeFilter: [ 'style', 'class' ],            });        } else {            triggerPostRender();        }    } );} );\n<\/script>\n\n","protected":false},"excerpt":{"rendered":"<p>Benvenuti in Latest Collection, il luogo dove gli appassionati di YAYA si riuniscono!&#8221;! Comprendiamo che \u00e8 importante mantenere il tuo &hellip; <a href=\"https:\/\/latestcollection.com\/en\/yaya-tablet-plug-play\/\"><\/a><\/p>","protected":false},"author":2,"featured_media":0,"parent":0,"menu_order":0,"comment_status":"closed","ping_status":"closed","template":"","meta":{"_acf_changed":false,"footnotes":""},"class_list":["post-3587","page","type-page","status-publish","hentry"],"acf":[],"_links":{"self":[{"href":"https:\/\/latestcollection.com\/en\/wp-json\/wp\/v2\/pages\/3587","targetHints":{"allow":["GET"]}}],"collection":[{"href":"https:\/\/latestcollection.com\/en\/wp-json\/wp\/v2\/pages"}],"about":[{"href":"https:\/\/latestcollection.com\/en\/wp-json\/wp\/v2\/types\/page"}],"author":[{"embeddable":true,"href":"https:\/\/latestcollection.com\/en\/wp-json\/wp\/v2\/users\/2"}],"replies":[{"embeddable":true,"href":"https:\/\/latestcollection.com\/en\/wp-json\/wp\/v2\/comments?post=3587"}],"version-history":[{"count":5,"href":"https:\/\/latestcollection.com\/en\/wp-json\/wp\/v2\/pages\/3587\/revisions"}],"predecessor-version":[{"id":5648,"href":"https:\/\/latestcollection.com\/en\/wp-json\/wp\/v2\/pages\/3587\/revisions\/5648"}],"wp:attachment":[{"href":"https:\/\/latestcollection.com\/en\/wp-json\/wp\/v2\/media?parent=3587"}],"curies":[{"name":"wp","href":"https:\/\/api.w.org\/{rel}","templated":true}]}}