{"id":641,"date":"2023-08-04T11:05:54","date_gmt":"2023-08-04T09:05:54","guid":{"rendered":"https:\/\/latestcollection.com\/?page_id=641"},"modified":"2025-10-08T15:27:18","modified_gmt":"2025-10-08T13:27:18","slug":"uber-uns","status":"publish","type":"page","link":"https:\/\/latestcollection.com\/de\/over-ons\/","title":{"rendered":"\u00dcber uns"},"content":{"rendered":"<div class=\"wp-block-group alignfull is-layout-constrained wp-block-group-is-layout-constrained\">\n<div class=\"wp-block-cover alignfull has-custom-content-position is-position-bottom-center is-style-default\"><img loading=\"lazy\" decoding=\"async\" width=\"2048\" height=\"750\" class=\"wp-block-cover__image-background wp-image-5325\" alt=\"Latest Collection dataplatform over ons\" src=\"https:\/\/latestcollection.com\/wp-content\/uploads\/2025\/02\/Latest-Collection-dataplatform-over-ons.png\" style=\"object-position:42% 0%\" data-object-fit=\"cover\" data-object-position=\"42% 0%\" srcset=\"https:\/\/latestcollection.com\/wp-content\/uploads\/2025\/02\/Latest-Collection-dataplatform-over-ons.png 2048w, https:\/\/latestcollection.com\/wp-content\/uploads\/2025\/02\/Latest-Collection-dataplatform-over-ons-300x110.png 300w, https:\/\/latestcollection.com\/wp-content\/uploads\/2025\/02\/Latest-Collection-dataplatform-over-ons-1024x375.png 1024w, https:\/\/latestcollection.com\/wp-content\/uploads\/2025\/02\/Latest-Collection-dataplatform-over-ons-768x281.png 768w, https:\/\/latestcollection.com\/wp-content\/uploads\/2025\/02\/Latest-Collection-dataplatform-over-ons-1536x563.png 1536w, https:\/\/latestcollection.com\/wp-content\/uploads\/2025\/02\/Latest-Collection-dataplatform-over-ons-478x175.png 478w\" sizes=\"auto, (max-width: 2048px) 100vw, 2048px\" \/><span aria-hidden=\"true\" class=\"wp-block-cover__background has-primary-background-color has-background-dim-0 has-background-dim\"><\/span><div class=\"wp-block-cover__inner-container is-layout-flow wp-block-cover-is-layout-flow\">\n<div style=\"height:15px\" aria-hidden=\"true\" class=\"wp-block-spacer\"><\/div>\n<\/div><\/div>\n<\/div>\n\n\n\n<h1 class=\"wp-block-heading has-text-align-center has-large-font-size\" style=\"font-style:normal;font-weight:600\">Daten, die die Modebranche verbinden<mark style=\"background-color:rgba(0, 0, 0, 0)\" class=\"has-inline-color has-primary-color\">.<\/mark><\/h1>\n\n\n\n<p class=\"has-small-font-size\">Bei Latest Collection dreht sich alles um Einfachheit, Zuverl\u00e4ssigkeit und Fortschritt. Unsere Datenplattform ist die L\u00f6sung f\u00fcr eine der gr\u00f6\u00dften Herausforderungen der Modebranche: das Erhalten, Verwalten und Teilen aktueller und schneller Produktinformationen.<\/p>\n\n\n\n<p class=\"has-small-font-size\">Mit \u00fcber 8 Millionen Barcodes von \u00fcber 950 Modemarken eliminieren wir zeitaufw\u00e4ndige und fehleranf\u00e4llige Prozesse. Unsere Plattform bietet standardisierte Produktdaten, die sich problemlos per Excel oder EDI (Electronic Data Interchange) an andere Systeme senden lassen. Ob Einzelh\u00e4ndler, Marke oder Wiederverk\u00e4ufer wir stellen sicher, dass Sie immer die richtigen Informationen zur richtigen Zeit haben. <mark style=\"background-color:rgba(0, 0, 0, 0)\" class=\"has-inline-color has-secondary-color\"><a title=\"Marken in der Latest Collection\" href=\"https:\/\/latestcollection.com\/de\/marken\/\">Entdecken Sie 950 Mode- und Bekleidungsmarken auf unserer Plattform.<\/a><\/mark>.<\/p>\n\n\n\n<p class=\"has-small-font-size\">Bei Latest Collection vereinfachen wir komplexe Datenfl\u00fcsse und machen sie zug\u00e4nglich. Wir sind f\u00fcr alle da, die Produktinformationen ben\u00f6tigen: Marken erhalten Kontrolle \u00fcber ihre Daten, Wiederverk\u00e4ufer arbeiten effizienter und Einzelh\u00e4ndler k\u00f6nnen aktuelle Daten nahtlos und unkompliziert nutzen. Gemeinsam sorgen wir daf\u00fcr, dass sich die Modebranche endlich auf einen zuverl\u00e4ssigen Standard verlassen kann.<\/p>\n\n\n\n<blockquote class=\"wp-block-quote is-layout-flow wp-block-quote-is-layout-flow\">\n<p class=\"has-large-font-size\" style=\"font-style:normal;font-weight:600\">Built for fashion. Designed for you.<\/p>\n<\/blockquote>\n\n\n\n<div class=\"wp-block-columns is-layout-flex wp-container-core-columns-is-layout-28f84493 wp-block-columns-is-layout-flex\">\n<div class=\"wp-block-column is-layout-flow wp-block-column-is-layout-flow\">\n<figure class=\"wp-block-image size-large\"><img loading=\"lazy\" decoding=\"async\" width=\"1024\" height=\"1024\" src=\"https:\/\/latestcollection.com\/wp-content\/uploads\/2025\/01\/Merken-data-aanleveren-Latest-Collection-1024x1024.png\" alt=\"Merk data aanleveren Latest Collection\" class=\"wp-image-5196\" srcset=\"https:\/\/latestcollection.com\/wp-content\/uploads\/2025\/01\/Merken-data-aanleveren-Latest-Collection-1024x1024.png 1024w, https:\/\/latestcollection.com\/wp-content\/uploads\/2025\/01\/Merken-data-aanleveren-Latest-Collection-300x300.png 300w, https:\/\/latestcollection.com\/wp-content\/uploads\/2025\/01\/Merken-data-aanleveren-Latest-Collection-150x150.png 150w, https:\/\/latestcollection.com\/wp-content\/uploads\/2025\/01\/Merken-data-aanleveren-Latest-Collection-768x768.png 768w, https:\/\/latestcollection.com\/wp-content\/uploads\/2025\/01\/Merken-data-aanleveren-Latest-Collection-1536x1536.png 1536w, https:\/\/latestcollection.com\/wp-content\/uploads\/2025\/01\/Merken-data-aanleveren-Latest-Collection-400x400.png 400w, https:\/\/latestcollection.com\/wp-content\/uploads\/2025\/01\/Merken-data-aanleveren-Latest-Collection-600x600.png 600w, https:\/\/latestcollection.com\/wp-content\/uploads\/2025\/01\/Merken-data-aanleveren-Latest-Collection-175x175.png 175w, https:\/\/latestcollection.com\/wp-content\/uploads\/2025\/01\/Merken-data-aanleveren-Latest-Collection.png 2000w\" sizes=\"auto, (max-width: 1024px) 100vw, 1024px\" \/><\/figure>\n<\/div>\n\n\n\n<div class=\"wp-block-column is-layout-flow wp-block-column-is-layout-flow\">\n<h3 class=\"wp-block-heading has-large-font-size\" style=\"font-style:normal;font-weight:600\"><mark style=\"background-color:rgba(0, 0, 0, 0)\" class=\"has-inline-color has-secondary-color\">Unsere Mission<\/mark><strong>.<\/strong><\/h3>\n\n\n\n<p class=\"has-small-font-size\">Unsere Mission ist einfach: Wir m\u00f6chten der Modebranche eine zuverl\u00e4ssige und optimierte L\u00f6sung f\u00fcr Produktinformationen bieten. Indem wir Innovation, Pr\u00e4zision und Zug\u00e4nglichkeit in den Vordergrund stellen, helfen wir unseren Kunden, Zeit zu sparen, Fehler zu vermeiden und effizienter zu arbeiten.<\/p>\n\n\n\n<p class=\"has-small-font-size\">Wir sind mehr als eine Datenplattform; wir sind ein Partner, der an die Kraft von Einfachheit, Zusammenarbeit und Fortschritt glaubt.<\/p>\n<\/div>\n<\/div>\n\n\n\n<div class=\"wp-block-columns is-layout-flex wp-container-core-columns-is-layout-28f84493 wp-block-columns-is-layout-flex\">\n<div class=\"wp-block-column is-layout-flow wp-block-column-is-layout-flow\">\n<div class=\"wp-block-columns is-layout-flex wp-container-core-columns-is-layout-28f84493 wp-block-columns-is-layout-flex\">\n<div class=\"wp-block-column is-layout-flow wp-block-column-is-layout-flow\">\n<h3 class=\"wp-block-heading has-large-font-size\" style=\"font-style:normal;font-weight:600\"><mark style=\"background-color:rgba(0, 0, 0, 0)\" class=\"has-inline-color has-secondary-color\">Unsere Vision<\/mark><strong>.<\/strong><\/h3>\n\n\n\n<p class=\"has-small-font-size\">Wir glauben an eine Modebranche, in der Produktinformationen stets einfach, pr\u00e4zise und f\u00fcr jeden zug\u00e4nglich sind. Als Standard f\u00fcr optimierte Daten wollen wir Marken, Wiederverk\u00e4ufer und Einzelh\u00e4ndler vernetzen, damit sie effizienter zusammenarbeiten und wachsen k\u00f6nnen. Unsere Vision ist eine Zukunft, in der Daten m\u00fchelos flie\u00dfen und sich Unternehmen voll und ganz auf das Wesentliche konzentrieren k\u00f6nnen.<\/p>\n<\/div>\n\n\n\n<div class=\"wp-block-column is-layout-flow wp-block-column-is-layout-flow\">\n<figure class=\"wp-block-image size-large\"><img loading=\"lazy\" decoding=\"async\" width=\"1024\" height=\"1024\" src=\"https:\/\/latestcollection.com\/wp-content\/uploads\/2025\/01\/Dataplatform-artikelinformatie-Latest-Collection-1-1024x1024.png\" alt=\"Dataplatform artikelinformatie Latest Collection\" class=\"wp-image-5210\" srcset=\"https:\/\/latestcollection.com\/wp-content\/uploads\/2025\/01\/Dataplatform-artikelinformatie-Latest-Collection-1-1024x1024.png 1024w, https:\/\/latestcollection.com\/wp-content\/uploads\/2025\/01\/Dataplatform-artikelinformatie-Latest-Collection-1-300x300.png 300w, https:\/\/latestcollection.com\/wp-content\/uploads\/2025\/01\/Dataplatform-artikelinformatie-Latest-Collection-1-150x150.png 150w, https:\/\/latestcollection.com\/wp-content\/uploads\/2025\/01\/Dataplatform-artikelinformatie-Latest-Collection-1-768x768.png 768w, https:\/\/latestcollection.com\/wp-content\/uploads\/2025\/01\/Dataplatform-artikelinformatie-Latest-Collection-1-1536x1536.png 1536w, https:\/\/latestcollection.com\/wp-content\/uploads\/2025\/01\/Dataplatform-artikelinformatie-Latest-Collection-1-400x400.png 400w, https:\/\/latestcollection.com\/wp-content\/uploads\/2025\/01\/Dataplatform-artikelinformatie-Latest-Collection-1-600x600.png 600w, https:\/\/latestcollection.com\/wp-content\/uploads\/2025\/01\/Dataplatform-artikelinformatie-Latest-Collection-1-175x175.png 175w, https:\/\/latestcollection.com\/wp-content\/uploads\/2025\/01\/Dataplatform-artikelinformatie-Latest-Collection-1.png 2000w\" sizes=\"auto, (max-width: 1024px) 100vw, 1024px\" \/><\/figure>\n<\/div>\n<\/div>\n<\/div>\n<\/div>\n\n\n\n<div class=\"wp-block-group alignfull is-layout-constrained wp-block-group-is-layout-constrained\">\n<div class=\"wp-block-cover alignfull is-light has-custom-content-position is-position-top-center\"><img decoding=\"async\" class=\"wp-block-cover__image-background wp-image-2120\" alt=\"\" src=\"https:\/\/latestcollection.com\/wp-content\/uploads\/2023\/09\/background.svg\" data-object-fit=\"cover\"\/><span aria-hidden=\"true\" class=\"wp-block-cover__background has-background-dim-0 has-background-dim\"><\/span><div class=\"wp-block-cover__inner-container is-layout-flow wp-block-cover-is-layout-flow\">\n<h2 class=\"wp-block-heading has-text-align-center has-large-font-size\" style=\"font-style:normal;font-weight:600\"><mark style=\"background-color:rgba(0, 0, 0, 0)\" class=\"has-inline-color has-background-color\">Wof\u00fcr wir stehen!<\/mark><\/h2>\n\n\n\n<div class=\"wp-block-columns is-layout-flex wp-container-core-columns-is-layout-28f84493 wp-block-columns-is-layout-flex\">\n<div class=\"wp-block-column is-layout-flow wp-block-column-is-layout-flow\">\n<h4 class=\"wp-block-heading has-text-align-center has-large-font-size\" style=\"font-style:normal;font-weight:600\"><mark style=\"background-color:rgba(0, 0, 0, 0)\" class=\"has-inline-color has-background-color\">Zuverl\u00e4ssige Daten<\/mark><\/h4>\n\n\n\n<p class=\"has-text-align-center has-small-font-size\"><mark style=\"background-color:rgba(0, 0, 0, 0)\" class=\"has-inline-color has-background-color\">Wir garantieren aktuelle, zuverl\u00e4ssige und standardisierte Produktinformationen.<\/mark><\/p>\n<\/div>\n\n\n\n<div class=\"wp-block-column is-layout-flow wp-block-column-is-layout-flow\">\n<h4 class=\"wp-block-heading has-text-align-center has-large-font-size\" style=\"font-style:normal;font-weight:600\"><mark style=\"background-color:rgba(0, 0, 0, 0)\" class=\"has-inline-color has-background-color\">Zug\u00e4nglichkeit<\/mark><\/h4>\n\n\n\n<p class=\"has-text-align-center has-small-font-size\"><mark style=\"background-color:rgba(0, 0, 0, 0)\" class=\"has-inline-color has-background-color\">Greifen Sie jederzeit und \u00fcberall auf Ihre Daten zu.<\/mark><\/p>\n<\/div>\n\n\n\n<div class=\"wp-block-column is-layout-flow wp-block-column-is-layout-flow\">\n<h4 class=\"wp-block-heading has-text-align-center has-large-font-size\" style=\"font-style:normal;font-weight:600\"><mark style=\"background-color:rgba(0, 0, 0, 0)\" class=\"has-inline-color has-background-color\">Sachverstand<\/mark><\/h4>\n\n\n\n<p class=\"has-text-align-center has-small-font-size\"><mark style=\"background-color:rgba(0, 0, 0, 0)\" class=\"has-inline-color has-background-color\">\u00dcber 30 Jahre Erfahrung in der Modebranche, eingesetzt f\u00fcr Ihren Erfolg.<\/mark><\/p>\n<\/div>\n<\/div>\n\n\n\n<div class=\"wp-block-columns is-layout-flex wp-container-core-columns-is-layout-28f84493 wp-block-columns-is-layout-flex\">\n<div class=\"wp-block-column is-layout-flow wp-block-column-is-layout-flow\">\n<h4 class=\"wp-block-heading has-text-align-center has-large-font-size\" style=\"font-style:normal;font-weight:600\"><mark style=\"background-color:rgba(0, 0, 0, 0)\" class=\"has-inline-color has-background-color\">Flexibilit\u00e4t<\/mark><\/h4>\n\n\n\n<p class=\"has-text-align-center has-small-font-size\"><mark style=\"background-color:rgba(0, 0, 0, 0)\" class=\"has-inline-color has-background-color\">Unsere L\u00f6sungen wachsen mit Ihren Anforderungen und Ambitionen.<\/mark><\/p>\n<\/div>\n\n\n\n<div class=\"wp-block-column is-layout-flow wp-block-column-is-layout-flow\">\n<h4 class=\"wp-block-heading has-text-align-center has-background-color has-text-color has-link-color has-large-font-size wp-elements-3e1f6456d13d11608c4ef8e75ee8d262\" style=\"font-style:normal;font-weight:600\"><mark style=\"background-color:rgba(0, 0, 0, 0)\" class=\"has-inline-color has-background-color\">Zusammenarbeit<\/mark><\/h4>\n\n\n\n<p class=\"has-text-align-center has-small-font-size\"><mark style=\"background-color:rgba(0, 0, 0, 0)\" class=\"has-inline-color has-background-color\">Marken, Wiederverk\u00e4ufer und Einzelh\u00e4ndler sind auf einer leistungsstarken Plattform verbunden.<\/mark><\/p>\n<\/div>\n\n\n\n<div class=\"wp-block-column is-layout-flow wp-block-column-is-layout-flow\">\n<h4 class=\"wp-block-heading has-text-align-center has-large-font-size\" style=\"font-style:normal;font-weight:600\"><mark style=\"background-color:rgba(0, 0, 0, 0)\" class=\"has-inline-color has-background-color\">Innovation<\/mark><\/h4>\n\n\n\n<p class=\"has-text-align-center has-small-font-size\"><mark style=\"background-color:rgba(0, 0, 0, 0)\" class=\"has-inline-color has-background-color\">Wir denken weiterhin voraus und entwickeln Innovationen, damit Sie immer einen Schritt voraus sind.<\/mark><\/p>\n<\/div>\n<\/div>\n<\/div><\/div>\n\n\n\n<div class=\"wp-block-group is-layout-flow wp-block-group-is-layout-flow\">\n<div class=\"wp-block-columns is-layout-flex wp-container-core-columns-is-layout-28f84493 wp-block-columns-is-layout-flex\">\n<div class=\"wp-block-column is-layout-flow wp-block-column-is-layout-flow\">\n<h2 class=\"wp-block-heading merkenlabel has-zwart-color has-text-color has-large-font-size\" style=\"font-style:normal;font-weight:600\"><mark style=\"background-color:rgba(0, 0, 0, 0)\" class=\"has-inline-color has-secondary-color\">Gemeinsam zum Erfolg<\/mark><strong><mark style=\"background-color:rgba(0, 0, 0, 0)\" class=\"has-inline-color has-primary-color\">.<\/mark><\/strong><\/h2>\n<\/div>\n\n\n\n<div class=\"wp-block-column is-layout-flow wp-block-column-is-layout-flow\">\n<p class=\"has-small-font-size\">Die Modebranche entwickelt sich st\u00e4ndig weiter und erfordert Flexibilit\u00e4t, Schnelligkeit und Zuverl\u00e4ssigkeit. Deshalb steht die Zusammenarbeit bei Latest Collection im Mittelpunkt. Wir sind \u00fcberzeugt, dass wir durch Zusammenarbeit nicht nur Sie, sondern die gesamte Branche voranbringen k\u00f6nnen. Mit unseren innovativen L\u00f6sungen und der Leistungsf\u00e4higkeit zuverl\u00e4ssiger Daten bieten wir Ihrem Unternehmen die Werkzeuge, die es f\u00fcr seinen Erfolg braucht. Lassen Sie uns gemeinsam eine Zukunft gestalten, in der Ihr Unternehmen optimal von der Leistungsf\u00e4higkeit standardisierter Produktinformationen profitiert.<\/p>\n<\/div>\n<\/div>\n<\/div>\n<\/div>\n\n\n\n<h2 class=\"wp-block-heading has-text-align-center has-large-font-size\" style=\"font-style:normal;font-weight:600\"><mark style=\"background-color:rgba(0, 0, 0, 0)\" class=\"has-inline-color has-secondary-color\">Latest Collection-Kunden<\/mark><strong><mark style=\"background-color:rgba(0, 0, 0, 0)\" class=\"has-inline-color has-primary-color\">.<\/mark><\/strong><\/h2>\n\n\n\n<p class=\"has-text-align-center has-small-font-size\">Entdecken Sie, wie Latest Collection der gesamten Branche geholfen hat, effizienter zu arbeiten, schneller zu wachsen und erfolgreicher zu werden. Lassen Sie sich von ihren Geschichten inspirieren und erfahren Sie, was wir f\u00fcr Ihr Unternehmen tun k\u00f6nnen.<\/p>\n\n\n\n<div class=\"wp-block-buttons is-content-justification-center is-layout-flex wp-container-core-buttons-is-layout-a89b3969 wp-block-buttons-is-layout-flex\">\n<div class=\"wp-block-button is-style-fill\"><a class=\"wp-block-button__link has-background-color has-secondary-background-color has-text-color has-background has-link-color has-text-align-center wp-element-button\" href=\"https:\/\/latestcollection.com\/de\/referenties\/\">Mehr lesen<\/a><\/div>\n<\/div>","protected":false},"excerpt":{"rendered":"<p>Daten, die die Modeindustrie vernetzen. Bei Latest Collection geht es um Einfachheit, Zuverl\u00e4ssigkeit und Fortschritt. Unsere Datenplattform ist die L\u00f6sung ... <a href=\"https:\/\/latestcollection.com\/de\/over-ons\/\"><\/a><\/p>","protected":false},"author":1,"featured_media":3757,"parent":0,"menu_order":0,"comment_status":"closed","ping_status":"open","template":"page-landing","meta":{"_acf_changed":false,"footnotes":""},"class_list":["post-641","page","type-page","status-publish","has-post-thumbnail","hentry"],"acf":[],"_links":{"self":[{"href":"https:\/\/latestcollection.com\/de\/wp-json\/wp\/v2\/pages\/641","targetHints":{"allow":["GET"]}}],"collection":[{"href":"https:\/\/latestcollection.com\/de\/wp-json\/wp\/v2\/pages"}],"about":[{"href":"https:\/\/latestcollection.com\/de\/wp-json\/wp\/v2\/types\/page"}],"author":[{"embeddable":true,"href":"https:\/\/latestcollection.com\/de\/wp-json\/wp\/v2\/users\/1"}],"replies":[{"embeddable":true,"href":"https:\/\/latestcollection.com\/de\/wp-json\/wp\/v2\/comments?post=641"}],"version-history":[{"count":25,"href":"https:\/\/latestcollection.com\/de\/wp-json\/wp\/v2\/pages\/641\/revisions"}],"predecessor-version":[{"id":6917,"href":"https:\/\/latestcollection.com\/de\/wp-json\/wp\/v2\/pages\/641\/revisions\/6917"}],"wp:featuredmedia":[{"embeddable":true,"href":"https:\/\/latestcollection.com\/de\/wp-json\/wp\/v2\/media\/3757"}],"wp:attachment":[{"href":"https:\/\/latestcollection.com\/de\/wp-json\/wp\/v2\/media?parent=641"}],"curies":[{"name":"wp","href":"https:\/\/api.w.org\/{rel}","templated":true}]}}