{"id":3595,"date":"2024-02-22T13:02:01","date_gmt":"2024-02-22T12:02:01","guid":{"rendered":"https:\/\/latestcollection.com\/?page_id=3595"},"modified":"2025-02-28T15:33:29","modified_gmt":"2025-02-28T14:33:29","slug":"yaya-plug-amp-play-tablet-du","status":"publish","type":"page","link":"https:\/\/latestcollection.com\/de\/yaya-plug-amp-play-tablet-du\/","title":{"rendered":"YAYA Plug &amp; Play-Tablet (DU)"},"content":{"rendered":"\n<figure class=\"wp-block-image size-large\"><img loading=\"lazy\" decoding=\"async\" width=\"1024\" height=\"508\" src=\"https:\/\/latestcollection.com\/wp-content\/uploads\/2024\/02\/Bestseller-winkels-kassasysteem-plug-play-ipad-1024x508.png\" alt=\"Bestseller winkels kassasysteem plug &amp; play ipad\" class=\"wp-image-3427\" srcset=\"https:\/\/latestcollection.com\/wp-content\/uploads\/2024\/02\/Bestseller-winkels-kassasysteem-plug-play-ipad-1024x508.png 1024w, https:\/\/latestcollection.com\/wp-content\/uploads\/2024\/02\/Bestseller-winkels-kassasysteem-plug-play-ipad-300x149.png 300w, https:\/\/latestcollection.com\/wp-content\/uploads\/2024\/02\/Bestseller-winkels-kassasysteem-plug-play-ipad-768x381.png 768w, https:\/\/latestcollection.com\/wp-content\/uploads\/2024\/02\/Bestseller-winkels-kassasysteem-plug-play-ipad-1536x762.png 1536w, https:\/\/latestcollection.com\/wp-content\/uploads\/2024\/02\/Bestseller-winkels-kassasysteem-plug-play-ipad-353x175.png 353w, https:\/\/latestcollection.com\/wp-content\/uploads\/2024\/02\/Bestseller-winkels-kassasysteem-plug-play-ipad.png 2016w\" sizes=\"auto, (max-width: 1024px) 100vw, 1024px\" \/><\/figure>\n\n\n\n<p class=\"has-small-font-size\">Willkommen bei Latest Collection, dem Ort, an dem YAYA-Liebhaber zusammenkommen! Wir verstehen, dass es wichtig ist, dass Ihr Gesch\u00e4ft reibungslos l\u00e4uft und gleichzeitig die Kosten minimiert werden. Aus diesem Grund stellen wir stolz unser neues Plug &amp; Play-Tablet vor, das speziell daf\u00fcr entwickelt wurde, Ihr Einkaufserlebnis mit der Marke <a href=\"https:\/\/yaya.nl\/service\/about-yaya\" target=\"_blank\" rel=\"noopener\">YAYA<\/a> zu optimieren. Das Plug &amp; Play-Tablet wurde sorgf\u00e4ltig entwickelt, um Daten ohne komplizierte Installationsverfahren auszutauschen. Optimieren Sie Ihren Umsatz, steigern Sie Ihre Margen und verabschieden Sie sich von No-Sells. Vereinfachen, verbessern und steigern Sie Ihre Rentabilit\u00e4t mit dem Plug &amp; Play Tablet.<\/p>\n\n\n\n<div class=\"wp-block-buttons is-content-justification-center is-layout-flex wp-container-core-buttons-is-layout-a89b3969 wp-block-buttons-is-layout-flex\">\n<div class=\"wp-block-button has-custom-font-size has-small-font-size\"><a class=\"wp-block-button__link has-secondary-background-color has-background wp-element-button\" href=\"#Tablet-anfordern\">Beantragen Sie das Plug &amp; Play Tablet<\/a><\/div>\n<\/div>\n\n\n\n<h2 class=\"wp-block-heading has-large-font-size\"><strong>Entdecken Sie den Datenaustausch mit YAYA<mark style=\"background-color:rgba(0, 0, 0, 0)\" class=\"has-inline-color has-primary-color\">.<\/mark><\/strong><\/h2>\n\n\n\n<p class=\"has-small-font-size\">Mit einer einmaligen Einrichtung von nur 150 \u20ac und einer monatlichen Geb\u00fchr von 50 \u20ac erleben Sie eine Revolution im Datenaustausch mit YAYA. Hier sind einige Gr\u00fcnde, warum unser Tablet eine echte Bereicherung f\u00fcr Ihr Gesch\u00e4ft ist:<\/p>\n\n\n\n<div class=\"wp-block-group is-layout-constrained wp-block-group-is-layout-constrained\">\n<ul class=\"wp-block-list\">\n<li class=\"has-small-font-size\"><strong>H\u00f6here Margen: <\/strong>Erschlie\u00dfen Sie neue M\u00f6glichkeiten f\u00fcr die Rentabilit\u00e4t mit unserem Plug &amp; Play Tablet. Reduzieren Sie Kosten und maximieren Sie Ihre Margen f\u00fcr eine ges\u00fcndere Finanzlage.<\/li>\n\n\n\n<li class=\"has-small-font-size\"><strong>Mehr Umsatz: <\/strong>Stimulieren Sie das Wachstum und steigern Sie Ihren Umsatz. Optimieren Sie die Effizienz und steigern Sie die Produktivit\u00e4t, damit Ihr Unternehmen der wachsenden Nachfrage besser gerecht werden kann.<\/li>\n\n\n\n<li class=\"has-small-font-size\"><strong>Weniger \u201eNein\u201c-Verk\u00e4ufe: <\/strong>Verabschieden Sie sich mit unserer fortschrittlichen Technologie von verpassten Gelegenheiten. Das Plug &amp; Play Tablet minimiert Umsatzeinbu\u00dfen, da immer die gew\u00fcnschten Produkte auf Lager sind, sodass Sie nie wieder Kunden entt\u00e4uschen m\u00fcssen.<\/li>\n\n\n\n<li class=\"has-small-font-size\"><strong>Intercambio de datos:<\/strong> Facilita el intercambio de datos sin problemas con la Tablet Plug &amp; Play. Refuerza tus decisiones empresariales colaborando con YAYA. Nuestra Tablet Plug &amp; Play optimiza el flujo de informaci\u00f3n, brind\u00e1ndote acceso a datos cruciales para una toma de decisiones r\u00e1pida e informada.<\/li>\n\n\n\n<li class=\"has-small-font-size\"><strong>H\u00f6here Kundenzufriedenheit: <\/strong>Maximieren Sie die Kundenzufriedenheit durch den Austausch von Daten, wobei die Zusammenarbeit mit dem Lieferanten YAYA ein sorgenfreies Erlebnis garantiert.<\/li>\n<\/ul>\n<\/div>\n\n\n\n<h2 class=\"wp-block-heading has-large-font-size\"><strong>Einfach und unkompliziert<mark style=\"background-color:rgba(0, 0, 0, 0)\" class=\"has-inline-color has-primary-color\">.<\/mark><\/strong><\/h2>\n\n\n\n<p class=\"has-small-font-size\">Unser Plug &amp; Play-Tablet ist auf Ihren Komfort ausgelegt. Geben Sie Ihre Bestellung auf und wir k\u00fcmmern uns um die Abwicklung. Innerhalb von 48 Stunden erhalten Sie ein betriebsbereites Tablet und einen Scanner, mit direktem Zugang \u00fcber Ihre Login-Daten. Mit nur einem einfachen Scan neben der Kasse ist das System betriebsbereit, sodass Sie im Handumdrehen alle Vorteile der Marke YAYA genie\u00dfen k\u00f6nnen.<\/p>\n\n\n\n<p class=\"has-small-font-size\">Warten Sie also nicht l\u00e4nger und verwandeln Sie Ihren Shop mit unserem Plug &amp; Play Tablet und genie\u00dfen Sie sofort alle Vorteile. Kontaktieren Sie uns noch heute, um herauszufinden, wie wir Ihnen beim Wachstum mit YAYA helfen k\u00f6nnen.<\/p>\n\n\n\n<h2 class=\"wp-block-heading has-large-font-size\" id=\"Tablet-anfordern\"><mark style=\"background-color:rgba(0, 0, 0, 0)\" class=\"has-inline-color has-secondary-color\"><strong>Fordern Sie gleich das Plug &amp; Play Tablet an<\/strong><\/mark><strong><mark style=\"background-color:rgba(0, 0, 0, 0)\" class=\"has-inline-color has-primary-color\">.<\/mark><\/strong><\/h2>\n\n\n\n<p class=\"has-small-font-size\">F\u00fcllen Sie das nachstehende Formular aus und beginnen Sie noch in dieser Woche, Ihr Modegesch\u00e4ft in ein effizientes und rentables Unternehmen zu verwandeln. Nachdem Sie dieses Formular ausgef\u00fcllt haben, erhalten Sie eine Best\u00e4tigungs-E-Mail mit weiteren Anweisungen. Sobald Ihre Zahlung best\u00e4tigt ist, beginnen wir sofort mit der Optimierung Ihres Modehauses, damit Sie schnell von steigenden Ums\u00e4tzen, verbesserten Margen und minimierten Fehlverk\u00e4ufen profitieren k\u00f6nnen.<\/p>\n\n\n\n<p><\/p>\n\n\n<script>\nvar gform;gform||(document.addEventListener(\"gform_main_scripts_loaded\",function(){gform.scriptsLoaded=!0}),document.addEventListener(\"gform\/theme\/scripts_loaded\",function(){gform.themeScriptsLoaded=!0}),window.addEventListener(\"DOMContentLoaded\",function(){gform.domLoaded=!0}),gform={domLoaded:!1,scriptsLoaded:!1,themeScriptsLoaded:!1,isFormEditor:()=>\"function\"==typeof InitializeEditor,callIfLoaded:function(o){return!(!gform.domLoaded||!gform.scriptsLoaded||!gform.themeScriptsLoaded&&!gform.isFormEditor()||(gform.isFormEditor()&&console.warn(\"The use of gform.initializeOnLoaded() is deprecated in the form editor context and will be removed in Gravity Forms 3.1.\"),o(),0))},initializeOnLoaded:function(o){gform.callIfLoaded(o)||(document.addEventListener(\"gform_main_scripts_loaded\",()=>{gform.scriptsLoaded=!0,gform.callIfLoaded(o)}),document.addEventListener(\"gform\/theme\/scripts_loaded\",()=>{gform.themeScriptsLoaded=!0,gform.callIfLoaded(o)}),window.addEventListener(\"DOMContentLoaded\",()=>{gform.domLoaded=!0,gform.callIfLoaded(o)}))},hooks:{action:{},filter:{}},addAction:function(o,r,e,t){gform.addHook(\"action\",o,r,e,t)},addFilter:function(o,r,e,t){gform.addHook(\"filter\",o,r,e,t)},doAction:function(o){gform.doHook(\"action\",o,arguments)},applyFilters:function(o){return gform.doHook(\"filter\",o,arguments)},removeAction:function(o,r){gform.removeHook(\"action\",o,r)},removeFilter:function(o,r,e){gform.removeHook(\"filter\",o,r,e)},addHook:function(o,r,e,t,n){null==gform.hooks[o][r]&&(gform.hooks[o][r]=[]);var d=gform.hooks[o][r];null==n&&(n=r+\"_\"+d.length),gform.hooks[o][r].push({tag:n,callable:e,priority:t=null==t?10:t})},doHook:function(r,o,e){var t;if(e=Array.prototype.slice.call(e,1),null!=gform.hooks[r][o]&&((o=gform.hooks[r][o]).sort(function(o,r){return o.priority-r.priority}),o.forEach(function(o){\"function\"!=typeof(t=o.callable)&&(t=window[t]),\"action\"==r?t.apply(null,e):e[0]=t.apply(null,e)})),\"filter\"==r)return e[0]},removeHook:function(o,r,t,n){var e;null!=gform.hooks[o][r]&&(e=(e=gform.hooks[o][r]).filter(function(o,r,e){return!!(null!=n&&n!=o.tag||null!=t&&t!=o.priority)}),gform.hooks[o][r]=e)}});\n<\/script>\n\n                <div class='gf_browser_gecko gform_wrapper gravity-theme gform-theme--no-framework' data-form-theme='gravity-theme' data-form-index='0' id='gform_wrapper_18' >\n                        <div class='gform_heading'>\n                            <h2 class=\"gform_title\">YAYA Plug & Play Tablet Duitsland<\/h2>\n                            <p class='gform_description'><\/p>\n                        <\/div><form method='post' enctype='multipart\/form-data'  id='gform_18'  action='\/de\/wp-json\/wp\/v2\/pages\/3595' data-formid='18' novalidate><div class='gf_invisible ginput_recaptchav3' data-sitekey='6LdLWs4pAAAAAK5fuZS-3ofw-d1u3BYDYM-0w6GQ' data-tabindex='0'><input id=\"input_a1b6a11ec446d7de166918f0eb4cc9eb\" class=\"gfield_recaptcha_response\" type=\"hidden\" name=\"input_a1b6a11ec446d7de166918f0eb4cc9eb\" value=\"\"\/><\/div>\n                        <div class='gform-body gform_body'><div id='gform_fields_18' class='gform_fields top_label form_sublabel_below description_below validation_below'><div id=\"field_18_10\" class=\"gfield gfield--type-text gfield--input-type-text gfield--width-half gfield_contains_required field_sublabel_below gfield--no-description field_description_below field_validation_below gfield_visibility_visible\"  ><label class='gfield_label gform-field-label' for='input_18_10'>Unternehmen<span class=\"gfield_required\"><span class=\"gfield_required gfield_required_text\">(erforderlich)<\/span><\/span><\/label><div class='ginput_container ginput_container_text'><input name='input_10' id='input_18_10' type='text' value='' class='large'     aria-required=\"true\" aria-invalid=\"false\"   \/><\/div><\/div><div id=\"field_18_26\" class=\"gfield gfield--type-text gfield--input-type-text gfield--width-half gfield_contains_required field_sublabel_below gfield--no-description field_description_below field_validation_below gfield_visibility_visible\"  ><label class='gfield_label gform-field-label' for='input_18_26'>Ort<span class=\"gfield_required\"><span class=\"gfield_required gfield_required_text\">(erforderlich)<\/span><\/span><\/label><div class='ginput_container ginput_container_text'><input name='input_26' id='input_18_26' type='text' value='' class='large'     aria-required=\"true\" aria-invalid=\"false\"   \/><\/div><\/div><div id=\"field_18_23\" class=\"gfield gfield--type-text gfield--input-type-text gfield--width-third field_sublabel_below gfield--no-description field_description_below field_validation_below gfield_visibility_visible\"  ><label class='gfield_label gform-field-label' for='input_18_23'>Zus\u00e4tzlicher Standort<\/label><div class='ginput_container ginput_container_text'><input name='input_23' id='input_18_23' type='text' value='' class='large'      aria-invalid=\"false\"   \/><\/div><\/div><div id=\"field_18_22\" class=\"gfield gfield--type-text gfield--input-type-text gfield--width-third field_sublabel_below gfield--no-description field_description_below field_validation_below gfield_visibility_visible\"  ><label class='gfield_label gform-field-label' for='input_18_22'>Zus\u00e4tzlicher Standort<\/label><div class='ginput_container ginput_container_text'><input name='input_22' id='input_18_22' type='text' value='' class='large'      aria-invalid=\"false\"   \/><\/div><\/div><div id=\"field_18_21\" class=\"gfield gfield--type-text gfield--input-type-text gfield--width-third field_sublabel_below gfield--no-description field_description_below field_validation_below gfield_visibility_visible\"  ><label class='gfield_label gform-field-label' for='input_18_21'>Zus\u00e4tzlicher Standort<\/label><div class='ginput_container ginput_container_text'><input name='input_21' id='input_18_21' type='text' value='' class='large'      aria-invalid=\"false\"   \/><\/div><\/div><fieldset id=\"field_18_32\" class=\"gfield gfield--type-list gfield--input-type-list gfield--width-full field_sublabel_below gfield--no-description field_description_below field_validation_below gfield_visibility_visible\"  ><legend class='gfield_label gform-field-label' >Globale Standortnummer (GLN)<\/legend><div class='ginput_container ginput_container_list ginput_list '><div class='gfield_list gfield_list_container'><div class=\"gfield_list_groups\"><div class='gfield_list_row_odd gfield_list_group gform-grid-row'><div class='gfield_list_group_item gfield_list_cell gfield_list_32_cell1 gform-grid-col' ><input aria-invalid='false'   aria-label='Globale Standortnummer (GLN), Zeile 1' data-aria-label-template='Globale Standortnummer (GLN), Zeile {0}' type='text' name='input_32[]' value=''   \/><\/div><div class='gfield_list_icons gform-grid-col'>   <button type='button'  class='add_list_item ' aria-label='Eine weitere Zeile hinzuf\u00fcgen' onclick='gformAddListItem(this, 0)'>Hinzuf\u00fcgen<\/button>   <button type='button'  class='delete_list_item' aria-label='Entferne Zeile 1' data-aria-label-template='Entferne Zeile {0}' onclick='gformDeleteListItem(this, 0)' style=\"visibility:hidden;\">Entfernen<\/button><\/div><\/div><\/div><\/div><\/div><\/fieldset><div id=\"field_18_1\" class=\"gfield gfield--type-text gfield--input-type-text gfield--width-half gfield_contains_required field_sublabel_below gfield--no-description field_description_below field_validation_below gfield_visibility_visible\"  ><label class='gfield_label gform-field-label' for='input_18_1'>Name<span class=\"gfield_required\"><span class=\"gfield_required gfield_required_text\">(erforderlich)<\/span><\/span><\/label><div class='ginput_container ginput_container_text'><input name='input_1' id='input_18_1' type='text' value='' class='large'     aria-required=\"true\" aria-invalid=\"false\"   \/><\/div><\/div><div id=\"field_18_4\" class=\"gfield gfield--type-email gfield--input-type-email gfield--width-half gfield_contains_required field_sublabel_below gfield--no-description field_description_below field_validation_below gfield_visibility_visible\"  ><label class='gfield_label gform-field-label' for='input_18_4'>E-Mail-Adresse<span class=\"gfield_required\"><span class=\"gfield_required gfield_required_text\">(erforderlich)<\/span><\/span><\/label><div class='ginput_container ginput_container_email'>\n                            <input name='input_4' id='input_18_4' type='email' value='' class='large'    aria-required=\"true\" aria-invalid=\"false\"  \/>\n                        <\/div><\/div><div id=\"field_18_14\" class=\"gfield gfield--type-phone gfield--input-type-phone gfield--width-full field_sublabel_below gfield--no-description field_description_below field_validation_below gfield_visibility_visible\"  ><label class='gfield_label gform-field-label' for='input_18_14'>Telefonnummer<\/label><div class='ginput_container ginput_container_phone'><input name='input_14' id='input_18_14' type='tel' value='' class='large'    aria-invalid=\"false\"   \/><\/div><\/div><fieldset id=\"field_18_33\" class=\"gfield gfield--type-consent gfield--type-choice gfield--input-type-consent gfield_contains_required field_sublabel_below gfield--no-description field_description_below field_validation_below gfield_visibility_visible\"  ><legend class='gfield_label gform-field-label gfield_label_before_complex' >Zustimmung zum Lastschrifteinzug<span class=\"gfield_required\"><span class=\"gfield_required gfield_required_text\">(erforderlich)<\/span><\/span><\/legend><div class='ginput_container ginput_container_consent'><input name='input_33.1' id='input_18_33_1' type='checkbox' value='1'   aria-required=\"true\" aria-invalid=\"false\"   \/> <label class=\"gform-field-label gform-field-label--type-inline gfield_consent_label\" for='input_18_33_1' >Mit dem Absenden dieses Formulars erkl\u00e4re ich mich damit einverstanden, dass meine monatlichen Zahlungen automatisch eingezogen werden. Hiermit erm\u00e4chtige ich Latest Collection, den f\u00e4lligen Betrag monatlich von meinem Bankkonto abzubuchen. Mir ist bekannt, dass diese Einzugserm\u00e4chtigung so lange gilt, bis ich sie schriftlich widerrufe.<\/label><input type='hidden' name='input_33.2' value='Mit dem Absenden dieses Formulars erkl\u00e4re ich mich damit einverstanden, dass meine monatlichen Zahlungen automatisch eingezogen werden. Hiermit erm\u00e4chtige ich Latest Collection, den f\u00e4lligen Betrag monatlich von meinem Bankkonto abzubuchen. Mir ist bekannt, dass diese Einzugserm\u00e4chtigung so lange gilt, bis ich sie schriftlich widerrufe.' class='gform_hidden' \/><input type='hidden' name='input_33.3' value='7' class='gform_hidden' \/><\/div><\/fieldset><\/div><\/div>\n        <div class='gform-footer gform_footer top_label'> <div class='wp-block-buttons is-content-justification-center is-layout-flex'><div class='wp-block-button'><button class='wp-block-button__link wp-element-button button gform_button' id='gform_submit_button_18'><span>Versturen<\/span><\/button><\/div><\/div> \n            <input type='hidden' class='gform_hidden' name='gform_submission_method' data-js='gform_submission_method_18' value='postback' \/>\n            <input type='hidden' class='gform_hidden' name='gform_theme' data-js='gform_theme_18' id='gform_theme_18' value='gravity-theme' \/>\n            <input type='hidden' class='gform_hidden' name='gform_style_settings' data-js='gform_style_settings_18' id='gform_style_settings_18' value='[]' \/>\n            <input type='hidden' class='gform_hidden' name='is_submit_18' value='1' \/>\n            <input type='hidden' class='gform_hidden' name='gform_submit' value='18' \/>\n            \n            <input type='hidden' class='gform_hidden' name='gform_currency' data-currency='EUR' value='psKYnCKkDwkHySGrS0Tpj88shB5NjmK4nkIPcJTbnFTeIzLz4AQbKaAbZo3hIzxJDOktLHWSXsOtJy16xri1vmEdp3SAXrQF+imt0y4APCgeKro=' \/>\n            <input type='hidden' class='gform_hidden' name='gform_unique_id' value='' \/>\n            <input type='hidden' class='gform_hidden' name='state_18' value='WyJ7XCIzMy4xXCI6XCJhMmMwZTVkN2NmNDkwOWQ1N2YwYWNhOTkzZDI4N2JiZFwiLFwiMzMuMlwiOlwiMzU1YmEyMWE1NWUwNDRmYjExN2U1ZTZkNzliZWE4OTlcIixcIjMzLjNcIjpcImM0ZTAwMmRmNTg2Zjc4Mjk2NzZhZjhhOTQ3NDQxNjgyXCJ9IiwiOGExNzliOWU1YThmYzU2MzBkYzBiN2FkMzY5MWI3ZmMiXQ==' \/>\n            <input type='hidden' autocomplete='off' class='gform_hidden' name='gform_target_page_number_18' id='gform_target_page_number_18' value='0' \/>\n            <input type='hidden' autocomplete='off' class='gform_hidden' name='gform_source_page_number_18' id='gform_source_page_number_18' value='1' \/>\n            <input type='hidden' name='gform_field_values' value='' \/>\n            \n        <\/div>\n                        <\/form>\n                        <\/div><script>\ngform.initializeOnLoaded( function() {gformInitSpinner( 18, 'https:\/\/latestcollection.com\/wp-content\/plugins\/gravityforms\/images\/spinner.svg', true );jQuery('#gform_ajax_frame_18').on('load',function(){var contents = jQuery(this).contents().find('*').html();var is_postback = contents.indexOf('GF_AJAX_POSTBACK') >= 0;if(!is_postback){return;}var form_content = jQuery(this).contents().find('#gform_wrapper_18');var is_confirmation = jQuery(this).contents().find('#gform_confirmation_wrapper_18').length > 0;var is_redirect = contents.indexOf('gformRedirect(){') >= 0;var is_form = form_content.length > 0 && ! is_redirect && ! is_confirmation;var mt = parseInt(jQuery('html').css('margin-top'), 10) + parseInt(jQuery('body').css('margin-top'), 10) + 100;if(is_form){jQuery('#gform_wrapper_18').html(form_content.html());if(form_content.hasClass('gform_validation_error')){jQuery('#gform_wrapper_18').addClass('gform_validation_error');} else {jQuery('#gform_wrapper_18').removeClass('gform_validation_error');}setTimeout( function() { \/* delay the scroll by 50 milliseconds to fix a bug in chrome *\/  }, 50 );if(window['gformInitDatepicker']) {gformInitDatepicker();}if(window['gformInitPriceFields']) {gformInitPriceFields();}var current_page = jQuery('#gform_source_page_number_18').val();gformInitSpinner( 18, 'https:\/\/latestcollection.com\/wp-content\/plugins\/gravityforms\/images\/spinner.svg', true );jQuery(document).trigger('gform_page_loaded', [18, current_page]);window['gf_submitting_18'] = false;}else if(!is_redirect){var confirmation_content = jQuery(this).contents().find('.GF_AJAX_POSTBACK').html();if(!confirmation_content){confirmation_content = contents;}jQuery('#gform_wrapper_18').replaceWith(confirmation_content);jQuery(document).trigger('gform_confirmation_loaded', [18]);window['gf_submitting_18'] = false;wp.a11y.speak(jQuery('#gform_confirmation_message_18').text());}else{jQuery('#gform_18').append(contents);if(window['gformRedirect']) {gformRedirect();}}jQuery(document).trigger(\"gform_pre_post_render\", [{ formId: \"18\", currentPage: \"current_page\", abort: function() { this.preventDefault(); } }]);        if (event && event.defaultPrevented) {                return;        }        const gformWrapperDiv = document.getElementById( \"gform_wrapper_18\" );        if ( gformWrapperDiv ) {            const visibilitySpan = document.createElement( \"span\" );            visibilitySpan.id = \"gform_visibility_test_18\";            gformWrapperDiv.insertAdjacentElement( \"afterend\", visibilitySpan );        }        const visibilityTestDiv = document.getElementById( \"gform_visibility_test_18\" );        let postRenderFired = false;        function triggerPostRender() {            if ( postRenderFired ) {                return;            }            postRenderFired = true;            gform.core.triggerPostRenderEvents( 18, current_page );            if ( visibilityTestDiv ) {                visibilityTestDiv.parentNode.removeChild( visibilityTestDiv );            }        }        function debounce( func, wait, immediate ) {            var timeout;            return function() {                var context = this, args = arguments;                var later = function() {                    timeout = null;                    if ( !immediate ) func.apply( context, args );                };                var callNow = immediate && !timeout;                clearTimeout( timeout );                timeout = setTimeout( later, wait );                if ( callNow ) func.apply( context, args );            };        }        const debouncedTriggerPostRender = debounce( function() {            triggerPostRender();        }, 200 );        if ( visibilityTestDiv && visibilityTestDiv.offsetParent === null ) {            const observer = new MutationObserver( ( mutations ) => {                mutations.forEach( ( mutation ) => {                    if ( mutation.type === 'attributes' && visibilityTestDiv.offsetParent !== null ) {                        debouncedTriggerPostRender();                        observer.disconnect();                    }                });            });            observer.observe( document.body, {                attributes: true,                childList: false,                subtree: true,                attributeFilter: [ 'style', 'class' ],            });        } else {            triggerPostRender();        }    } );} );\n<\/script>\n\n","protected":false},"excerpt":{"rendered":"<p>Willkommen bei Latest Collection, dem Ort, an dem YAYA-Liebhaber zusammenkommen! Wir verstehen, dass es wichtig ist, dass Ihr Gesch\u00e4ft reibungslos &hellip; <a href=\"https:\/\/latestcollection.com\/de\/yaya-plug-amp-play-tablet-du\/\"><\/a><\/p>","protected":false},"author":2,"featured_media":3579,"parent":0,"menu_order":0,"comment_status":"closed","ping_status":"closed","template":"","meta":{"_acf_changed":false,"footnotes":""},"class_list":["post-3595","page","type-page","status-publish","has-post-thumbnail","hentry"],"acf":[],"_links":{"self":[{"href":"https:\/\/latestcollection.com\/de\/wp-json\/wp\/v2\/pages\/3595","targetHints":{"allow":["GET"]}}],"collection":[{"href":"https:\/\/latestcollection.com\/de\/wp-json\/wp\/v2\/pages"}],"about":[{"href":"https:\/\/latestcollection.com\/de\/wp-json\/wp\/v2\/types\/page"}],"author":[{"embeddable":true,"href":"https:\/\/latestcollection.com\/de\/wp-json\/wp\/v2\/users\/2"}],"replies":[{"embeddable":true,"href":"https:\/\/latestcollection.com\/de\/wp-json\/wp\/v2\/comments?post=3595"}],"version-history":[{"count":5,"href":"https:\/\/latestcollection.com\/de\/wp-json\/wp\/v2\/pages\/3595\/revisions"}],"predecessor-version":[{"id":5642,"href":"https:\/\/latestcollection.com\/de\/wp-json\/wp\/v2\/pages\/3595\/revisions\/5642"}],"wp:featuredmedia":[{"embeddable":true,"href":"https:\/\/latestcollection.com\/de\/wp-json\/wp\/v2\/media\/3579"}],"wp:attachment":[{"href":"https:\/\/latestcollection.com\/de\/wp-json\/wp\/v2\/media?parent=3595"}],"curies":[{"name":"wp","href":"https:\/\/api.w.org\/{rel}","templated":true}]}}