{"id":7653,"date":"2026-01-07T12:56:28","date_gmt":"2026-01-07T11:56:28","guid":{"rendered":"https:\/\/latestcollection.com\/?page_id=7653"},"modified":"2026-02-20T17:49:34","modified_gmt":"2026-02-20T16:49:34","slug":"modedataokosystem","status":"publish","type":"page","link":"https:\/\/latestcollection.com\/da\/fashion-data-ecosysteem\/","title":{"rendered":"Modedata\u00f8kosystemet"},"content":{"rendered":"<div class=\"wp-block-group alignfull is-layout-constrained wp-block-group-is-layout-constrained\">\n<div class=\"wp-block-group is-layout-constrained wp-block-group-is-layout-constrained\">\n<div class=\"wp-block-cover is-light has-custom-content-position is-position-bottom-center\"><img loading=\"lazy\" decoding=\"async\" width=\"2048\" height=\"750\" class=\"wp-block-cover__image-background wp-image-7982 size-full\" alt=\"LatesCollection mode artikeldata stroming \u00f8kosystem\" src=\"https:\/\/latestcollection.com\/wp-content\/uploads\/2026\/02\/Latest-Collection-fashion-artikeldata-stroming-ecosysteem-.avif\" style=\"object-position:68% 58%\" data-object-fit=\"cover\" data-object-position=\"68% 58%\" srcset=\"https:\/\/latestcollection.com\/wp-content\/uploads\/2026\/02\/Latest-Collection-fashion-artikeldata-stroming-ecosysteem-.avif 2048w, https:\/\/latestcollection.com\/wp-content\/uploads\/2026\/02\/Latest-Collection-fashion-artikeldata-stroming-ecosysteem--300x110.avif 300w, https:\/\/latestcollection.com\/wp-content\/uploads\/2026\/02\/Latest-Collection-fashion-artikeldata-stroming-ecosysteem--1024x375.avif 1024w, https:\/\/latestcollection.com\/wp-content\/uploads\/2026\/02\/Latest-Collection-fashion-artikeldata-stroming-ecosysteem--768x281.avif 768w, https:\/\/latestcollection.com\/wp-content\/uploads\/2026\/02\/Latest-Collection-fashion-artikeldata-stroming-ecosysteem--1536x563.avif 1536w, https:\/\/latestcollection.com\/wp-content\/uploads\/2026\/02\/Latest-Collection-fashion-artikeldata-stroming-ecosysteem--18x7.avif 18w, https:\/\/latestcollection.com\/wp-content\/uploads\/2026\/02\/Latest-Collection-fashion-artikeldata-stroming-ecosysteem--478x175.avif 478w\" sizes=\"auto, (max-width: 2048px) 100vw, 2048px\" \/><span aria-hidden=\"true\" class=\"wp-block-cover__background has-background-dim-0 has-background-dim\" style=\"background-color:#b59b8d\"><\/span><div class=\"wp-block-cover__inner-container is-layout-flow wp-block-cover-is-layout-flow\">\n<p class=\"has-text-align-center has-large-font-size\"><\/p>\n<\/div><\/div>\n\n\n\n<div class=\"wp-block-group is-content-justification-left is-layout-constrained wp-container-core-group-is-layout-414f9025 wp-block-group-is-layout-constrained\">\n<h2 class=\"wp-block-heading has-large-font-size\" style=\"font-style:normal;font-weight:600\"><strong>Modedata\u00f8kosystemet<\/strong><mark style=\"background-color:rgba(0, 0, 0, 0)\" class=\"has-inline-color has-primary-color\">.<\/mark><\/h2>\n\n\n\n<p>Modeforsyningsk\u00e6den best\u00e5r af brands, softwarepartnere, detailhandlere og platforme, der er afh\u00e6ngige af den samme produktinformation. Alligevel flyder denne information sj\u00e6ldent problemfrit gennem hele k\u00e6den.<\/p>\n\n\n\n<p>Varedata overf\u00f8res, \u00e6ndres og genindf\u00f8res. Ikke af modvilje, men fordi der ikke er et centralt datalag, der forbinder alt.<\/p>\n\n\n\n<p>Latest Collection opfylder pr\u00e6cis den rolle.<\/p>\n\n\n\n<h2 class=\"wp-block-heading has-large-font-size\" style=\"font-style:normal;font-weight:600\"><strong>\u00c9t delt datalag til modedetailhandel<\/strong><mark style=\"background-color:rgba(0, 0, 0, 0)\" class=\"has-inline-color has-primary-color\">.<\/mark><\/h2>\n\n\n\n<p>Latest Collection er modedataplatformen, der samler brands, softwarepartnere og detailhandlere i \u00e9t samlet \u00f8kosystem.<\/p>\n\n\n\n<p>Platformen:<\/p>\n\n\n\n<ul class=\"wp-block-list\">\n<li>indsamler data om modeprodukter<\/li>\n\n\n\n<li>strukturerer og standardiserer dem<\/li>\n\n\n\n<li>stiller data til r\u00e5dighed for forbundne l\u00f8sninger<\/li>\n<\/ul>\n\n\n\n<p>Ikke som ejer af k\u00e6den, men som en forbindende infrastruktur.<\/p>\n<\/div>\n\n\n\n<div class=\"wp-block-columns is-layout-flex wp-container-core-columns-is-layout-28f84493 wp-block-columns-is-layout-flex\">\n<div class=\"wp-block-column is-layout-flow wp-block-column-is-layout-flow\">\n<figure class=\"wp-block-image size-full\"><img loading=\"lazy\" decoding=\"async\" width=\"788\" height=\"940\" src=\"https:\/\/latestcollection.com\/wp-content\/uploads\/2026\/02\/Samenwerken-sneller-verkopen.avif\" alt=\"Samenwerken sneller verkopen\" class=\"wp-image-7984\" srcset=\"https:\/\/latestcollection.com\/wp-content\/uploads\/2026\/02\/Samenwerken-sneller-verkopen.avif 788w, https:\/\/latestcollection.com\/wp-content\/uploads\/2026\/02\/Samenwerken-sneller-verkopen-251x300.avif 251w, https:\/\/latestcollection.com\/wp-content\/uploads\/2026\/02\/Samenwerken-sneller-verkopen-768x916.avif 768w, https:\/\/latestcollection.com\/wp-content\/uploads\/2026\/02\/Samenwerken-sneller-verkopen-10x12.avif 10w, https:\/\/latestcollection.com\/wp-content\/uploads\/2026\/02\/Samenwerken-sneller-verkopen-147x175.avif 147w\" sizes=\"auto, (max-width: 788px) 100vw, 788px\" \/><\/figure>\n<\/div>\n\n\n\n<div class=\"wp-block-column is-layout-flow wp-block-column-is-layout-flow\">\n<h3 class=\"wp-block-heading has-large-font-size\" style=\"font-style:normal;font-weight:600\"><mark style=\"background-color:rgba(0, 0, 0, 0)\" class=\"has-inline-color has-secondary-color\"><strong><strong><mark style=\"background-color:rgba(0, 0, 0, 0)\" class=\"has-inline-color has-secondary-color\"><strong>Samarbejd i stedet for at erstatte<\/strong><\/mark><\/strong><\/strong><\/mark><mark style=\"background-color:rgba(0, 0, 0, 0)\" class=\"has-inline-color has-primary-color\">.<\/mark><\/h3>\n\n\n\n<p>I mange softwaremarkeder drejer v\u00e6kst sig om udskiftning. Nye systemer overtager funktioner og skubber eksisterende akt\u00f8rer til side. Latest Collection v\u00e6lger bevidst en anden tilgang.<\/p>\n\n\n\n<p>Brands forts\u00e6tter med at arbejde i deres egne systemer. Softwarepartnere vedligeholder deres eget POS og backoffice. Detailhandlere arbejder i deres velkendte milj\u00f8. Platformen forbedrer det, der allerede er der.<\/p>\n\n\n\n<p>Et enkelt delt datalag muligg\u00f8r samarbejde uden afh\u00e6ngighed og skalering uden tab af autonomi.<\/p>\n<\/div>\n<\/div>\n\n\n\n<div class=\"wp-block-columns is-layout-flex wp-container-core-columns-is-layout-28f84493 wp-block-columns-is-layout-flex\">\n<div class=\"wp-block-column is-layout-flow wp-block-column-is-layout-flow\">\n<h3 class=\"wp-block-heading has-large-font-size\" style=\"font-style:normal;font-weight:600\"><mark style=\"background-color:rgba(0, 0, 0, 0)\" class=\"has-inline-color has-secondary-color\"><mark style=\"background-color:rgba(0, 0, 0, 0)\" class=\"has-inline-color has-secondary-color\"><mark style=\"background-color:rgba(0, 0, 0, 0)\" class=\"has-inline-color has-secondary-color\"><strong>Partnernes rolle i modedata\u00f8kosystemet<\/strong><\/mark><\/mark><mark style=\"background-color:rgba(0, 0, 0, 0)\" class=\"has-inline-color has-primary-color\"><strong>.<\/strong><\/mark><\/mark><\/h3>\n\n\n\n<p class=\"has-small-font-size\">Partnere styrker \u00f8kosystemet baseret p\u00e5 deres egne specialiseringer. Nogle partnere, s\u00e5som <a href=\"https:\/\/www.mpluskassa.nl\/koppelingen\/latest-collection\" target=\"_blank\" rel=\"noreferrer noopener\">MPlusKASSA<\/a>, integrerer Latest Collection teknisk i deres detaill\u00f8sninger. Andre partnere sikrer r\u00e6kkevidden og implementeringen af \u200b\u200bmodedata i branchen.<\/p>\n\n\n\n<p>Det, der forener dem, er dette: De beriger deres tilbud med ensartede modeproduktdata uden at erstatte deres kerneprodukt.<\/p>\n\n\n\n<div class=\"wp-block-buttons is-layout-flex wp-block-buttons-is-layout-flex\">\n<div class=\"wp-block-button\"><a class=\"wp-block-button__link has-secondary-background-color has-background wp-element-button\" href=\"https:\/\/latestcollection.com\/da\/partners\/\">Se alle partnere<\/a><\/div>\n<\/div>\n<\/div>\n\n\n\n<div class=\"wp-block-column is-layout-flow wp-block-column-is-layout-flow\">\n<figure class=\"wp-block-image size-full\"><img loading=\"lazy\" decoding=\"async\" width=\"788\" height=\"940\" src=\"https:\/\/latestcollection.com\/wp-content\/uploads\/2026\/02\/POS-leverancier-met-data-fashion-data-ecosysteem.avif\" alt=\"POS leverancier met data fashion data ecosysteem\" class=\"wp-image-7983\" srcset=\"https:\/\/latestcollection.com\/wp-content\/uploads\/2026\/02\/POS-leverancier-met-data-fashion-data-ecosysteem.avif 788w, https:\/\/latestcollection.com\/wp-content\/uploads\/2026\/02\/POS-leverancier-met-data-fashion-data-ecosysteem-251x300.avif 251w, https:\/\/latestcollection.com\/wp-content\/uploads\/2026\/02\/POS-leverancier-met-data-fashion-data-ecosysteem-768x916.avif 768w, https:\/\/latestcollection.com\/wp-content\/uploads\/2026\/02\/POS-leverancier-met-data-fashion-data-ecosysteem-10x12.avif 10w, https:\/\/latestcollection.com\/wp-content\/uploads\/2026\/02\/POS-leverancier-met-data-fashion-data-ecosysteem-147x175.avif 147w\" sizes=\"auto, (max-width: 788px) 100vw, 788px\" \/><\/figure>\n<\/div>\n<\/div>\n\n\n\n<div class=\"wp-block-columns is-layout-flex wp-container-core-columns-is-layout-28f84493 wp-block-columns-is-layout-flex\">\n<div class=\"wp-block-column is-layout-flow wp-block-column-is-layout-flow\">\n<figure class=\"wp-block-image size-full\"><img loading=\"lazy\" decoding=\"async\" width=\"788\" height=\"940\" src=\"https:\/\/latestcollection.com\/wp-content\/uploads\/2026\/02\/Samenwerken-sneller-verkopen-retailer-schoenenwinkel.avif\" alt=\"Samenwerken sneller verkopen retailer schoenenwinkel\" class=\"wp-image-7985\" srcset=\"https:\/\/latestcollection.com\/wp-content\/uploads\/2026\/02\/Samenwerken-sneller-verkopen-retailer-schoenenwinkel.avif 788w, https:\/\/latestcollection.com\/wp-content\/uploads\/2026\/02\/Samenwerken-sneller-verkopen-retailer-schoenenwinkel-251x300.avif 251w, https:\/\/latestcollection.com\/wp-content\/uploads\/2026\/02\/Samenwerken-sneller-verkopen-retailer-schoenenwinkel-768x916.avif 768w, https:\/\/latestcollection.com\/wp-content\/uploads\/2026\/02\/Samenwerken-sneller-verkopen-retailer-schoenenwinkel-10x12.avif 10w, https:\/\/latestcollection.com\/wp-content\/uploads\/2026\/02\/Samenwerken-sneller-verkopen-retailer-schoenenwinkel-147x175.avif 147w\" sizes=\"auto, (max-width: 788px) 100vw, 788px\" \/><\/figure>\n<\/div>\n\n\n\n<div class=\"wp-block-column is-layout-flow wp-block-column-is-layout-flow\">\n<h3 class=\"wp-block-heading has-large-font-size\" style=\"font-style:normal;font-weight:600\"><mark style=\"background-color:rgba(0, 0, 0, 0)\" class=\"has-inline-color has-secondary-color\"><strong>Softwarepartnere som kommercielle forst\u00e6rkere<\/strong><\/mark><mark style=\"background-color:rgba(0, 0, 0, 0)\" class=\"has-inline-color has-primary-color\">.<\/mark><\/h3>\n\n\n\n<p>For POS-leverand\u00f8rer og platforme styrker deltagelse i modedata\u00f8kosystemet deres tilbud.<\/p>\n\n\n\n<p>\u2713 Ensartede modedata accelererer implementeringer.<br>\u2713 Detailhandlere arbejder med komplette produkter.<br>\u2713 Den opfattede v\u00e6rdi af l\u00f8sningen \u00f8ges.<\/p>\n\n\n\n<p>Ved at samarbejde med Latest Collection opn\u00e5s skalering uden yderligere udvikling.<\/p>\n<\/div>\n<\/div>\n\n\n\n<h2 class=\"wp-block-heading has-large-font-size\" style=\"font-style:normal;font-weight:600\"><strong>Detailhandlere som daglige beviser<\/strong><mark style=\"background-color:rgba(0, 0, 0, 0)\" class=\"has-inline-color has-primary-color\">.<\/mark><\/h2>\n\n\n\n<p>Detailhandlere oplever straks forskellen mellem manuel indtastning og at arbejde med komplette artikeloplysninger.<\/p>\n\n\n\n<p>\u2713 Nye kollektioner g\u00e5r hurtigere live.<br>\u2713 Produktbilleder linkes automatisk.<br>\u2713 Rettelsesrunder reduceres.<\/p>\n\n\n\n<p>Selvom detailhandlere ikke direkte bestemmer datalevering, er de en central drivkraft inden for modedata\u00f8kosystemet.<\/p>\n\n\n\n<div class=\"wp-block-buttons is-content-justification-center is-layout-flex wp-container-core-buttons-is-layout-a89b3969 wp-block-buttons-is-layout-flex\">\n<div class=\"wp-block-button\"><a class=\"wp-block-button__link has-secondary-background-color has-background wp-element-button\" href=\"https:\/\/latestcollection.com\/da\/maerker\/\">Se tilknyttede brands<\/a><\/div>\n<\/div>\n\n\n\n<h2 class=\"wp-block-heading has-large-font-size\" style=\"font-style:normal;font-weight:600\"><mark style=\"background-color:rgba(0, 0, 0, 0)\" class=\"has-inline-color has-secondary-color\"><mark style=\"background-color:rgba(0, 0, 0, 0)\" class=\"has-inline-color has-secondary-color\"><mark style=\"background-color:rgba(0, 0, 0, 0)\" class=\"has-inline-color has-secondary-color\"><strong>Neutralitet som v\u00e6kstfaktor<\/strong><\/mark><\/mark><mark style=\"background-color:rgba(0, 0, 0, 0)\" class=\"has-inline-color has-primary-color\"><strong>.<\/strong><\/mark><\/mark><\/h2>\n\n\n\n<p class=\"has-small-font-size\">Latest Collection er ikke et kassesystem, en onlinebutiksplatform eller en salgskanal.<\/p>\n\n\n\n<p>Netop fordi platformen ikke \u00f8nsker at overtage noget, kan den forbinde alt.<\/p>\n\n\n\n<p>\u2713 Neutralitet opbygger tillid mellem partnere.<br>\u2713 Samarbejde bliver lettere og skalerbart.<br>\u2713 Brands leverer deres data centralt.<br>\u2713 Softwareleverand\u00f8rer tilbyder en mere omfattende og unik l\u00f8sning.<\/p>\n\n\n\n<p>Modedata\u00f8kosystemet vokser, fordi det er sikkert at deltage.<\/p>\n\n\n\n<h2 class=\"wp-block-heading has-large-font-size\" style=\"font-style:normal;font-weight:600\"><mark style=\"background-color:rgba(0, 0, 0, 0)\" class=\"has-inline-color has-secondary-color\"><mark style=\"background-color:rgba(0, 0, 0, 0)\" class=\"has-inline-color has-secondary-color\"><mark style=\"background-color:rgba(0, 0, 0, 0)\" class=\"has-inline-color has-secondary-color\"><strong>Et \u00f8kosystem i bev\u00e6gelse<\/strong><\/mark><\/mark><mark style=\"background-color:rgba(0, 0, 0, 0)\" class=\"has-inline-color has-primary-color\"><strong>.<\/strong><\/mark><\/mark><\/h2>\n\n\n\n<p>Modedata\u00f8kosystemet er ikke statisk. Det vokser med nye brands, nye partnere og nye applikationer. Hver ny forbindelse styrker datastr\u00f8mmen. Jo st\u00f8rre netv\u00e6rket er, desto mere effektiv bliver forsyningsk\u00e6den. Det n\u00e6ste skridt er at finde ud af, hvilken rolle din virksomhed spiller i dette.<\/p>\n\n\n\n<div class=\"wp-block-columns is-layout-flex wp-container-core-columns-is-layout-28f84493 wp-block-columns-is-layout-flex\">\n<div class=\"wp-block-column is-layout-flow wp-block-column-is-layout-flow\">\n<div class=\"wp-block-buttons is-content-justification-center is-layout-flex wp-container-core-buttons-is-layout-a89b3969 wp-block-buttons-is-layout-flex\">\n<div class=\"wp-block-button\"><a class=\"wp-block-button__link has-secondary-color has-primary-steun-background-color has-text-color has-background has-link-color wp-element-button\" href=\"https:\/\/latestcollection.com\/da\/partners\/\" target=\"_blank\" rel=\"noreferrer noopener\">Opdag vores partnere<\/a><\/div>\n<\/div>\n<\/div>\n\n\n\n<div class=\"wp-block-column is-layout-flow wp-block-column-is-layout-flow\">\n<div class=\"wp-block-buttons is-content-justification-center is-layout-flex wp-container-core-buttons-is-layout-a89b3969 wp-block-buttons-is-layout-flex\">\n<div class=\"wp-block-button\"><a class=\"wp-block-button__link has-secondary-color has-primary-steun-background-color has-text-color has-background has-link-color wp-element-button\" href=\"https:\/\/latestcollection.com\/da\/maerker\/\" target=\"_blank\" rel=\"noreferrer noopener\">Se tilknyttede brands<\/a><\/div>\n<\/div>\n<\/div>\n\n\n\n<div class=\"wp-block-column is-layout-flow wp-block-column-is-layout-flow\">\n<div class=\"wp-block-buttons is-content-justification-center is-layout-flex wp-container-core-buttons-is-layout-a89b3969 wp-block-buttons-is-layout-flex\">\n<div class=\"wp-block-button\"><a class=\"wp-block-button__link has-secondary-color has-primary-steun-background-color has-text-color has-background has-link-color wp-element-button\" href=\"https:\/\/latestcollection.com\/da\/kontakt\/\" target=\"_blank\" rel=\"noreferrer noopener\">Tag kontakt til os<\/a><\/div>\n<\/div>\n<\/div>\n<\/div>\n<\/div>\n<\/div>\n\n\n\n<div class=\"wp-block-indrukwekkend-slider alignfull\"><div class=\"wp-block-indrukwekkend-slider__icons\" data-fade=\"false\" data-dots=\"true\" data-pause=\"false\" data-speed=\"4700\" data-autoplay=\"true\" data-autospeed=\"150\" data-slidestoshow=\"6\" data-slidestoscroll=\"1\"><figure class=\"afbeelding\" style=\"display:none\"><img decoding=\"async\" src=\"https:\/\/latestcollection.com\/wp-content\/uploads\/2026\/04\/Qliqpoint-partner-Latest-Collection-350x175.avif\" alt=\"Qliqpoint partner Latest Collection\" data-id=\"8225\"\/><\/figure><figure class=\"afbeelding\" style=\"display:none\"><img decoding=\"async\" src=\"https:\/\/latestcollection.com\/wp-content\/uploads\/2026\/02\/Partner-FashionUnited-eBusiness-263x175.avif\" alt=\"Partner FashionUnited eBusiness\" data-id=\"7958\"\/><\/figure><figure class=\"afbeelding\" style=\"display:none\"><img decoding=\"async\" src=\"https:\/\/latestcollection.com\/wp-content\/uploads\/2026\/02\/Partner-Retail2Market-263x175.avif\" alt=\"Partner Retail2Market\" data-id=\"7959\"\/><\/figure><figure class=\"afbeelding\" style=\"display:none\"><img decoding=\"async\" src=\"https:\/\/latestcollection.com\/wp-content\/uploads\/2026\/02\/Partner-MPlusKASSA-263x175.avif\" alt=\"Partner MPlusKASSA\" data-id=\"7960\"\/><\/figure><figure class=\"afbeelding\" style=\"display:none\"><img decoding=\"async\" src=\"https:\/\/latestcollection.com\/wp-content\/uploads\/2026\/02\/EasyPOS-software-263x175.avif\" alt=\"EasyPOS software\" data-id=\"7968\"\/><\/figure><figure class=\"afbeelding\" style=\"display:none\"><img decoding=\"async\" src=\"https:\/\/latestcollection.com\/wp-content\/uploads\/2026\/02\/Kubus-content-263x175.avif\" alt=\"Kubus content\" data-id=\"7969\"\/><\/figure><figure class=\"afbeelding\" style=\"display:none\"><img decoding=\"async\" src=\"https:\/\/latestcollection.com\/wp-content\/uploads\/2026\/02\/Techdog-group-263x175.avif\" alt=\"Techdog group\" data-id=\"7970\"\/><\/figure><figure class=\"afbeelding\" style=\"display:none\"><img decoding=\"async\" src=\"https:\/\/latestcollection.com\/wp-content\/uploads\/2026\/04\/Qliqpoint-partner-Latest-Collection-1-350x175.avif\" alt=\"Qliqpoint partner Latest Collection\" data-id=\"8226\"\/><\/figure><figure class=\"afbeelding\" style=\"display:none\"><img decoding=\"async\" src=\"https:\/\/latestcollection.com\/wp-content\/uploads\/2026\/02\/Partner-FashionUnited-eBusiness-1-263x175.avif\" alt=\"Partner FashionUnited eBusiness\" data-id=\"7965\"\/><\/figure><figure class=\"afbeelding\" style=\"display:none\"><img decoding=\"async\" src=\"https:\/\/latestcollection.com\/wp-content\/uploads\/2026\/02\/Partner-Retail2Market-1-263x175.avif\" alt=\"Partner Retail2Market\" data-id=\"7966\"\/><\/figure><figure class=\"afbeelding\" style=\"display:none\"><img decoding=\"async\" src=\"https:\/\/latestcollection.com\/wp-content\/uploads\/2026\/02\/Partner-MPlusKASSA-1-263x175.avif\" alt=\"Partner MPlusKASSA\" data-id=\"7964\"\/><\/figure><figure class=\"afbeelding\" style=\"display:none\"><img decoding=\"async\" src=\"https:\/\/latestcollection.com\/wp-content\/uploads\/2026\/02\/EasyPOS-software-1-263x175.avif\" alt=\"EasyPOS software\" data-id=\"7972\"\/><\/figure><figure class=\"afbeelding\" style=\"display:none\"><img decoding=\"async\" src=\"https:\/\/latestcollection.com\/wp-content\/uploads\/2026\/02\/Kubus-content-1-263x175.avif\" alt=\"Kubus content\" data-id=\"7973\"\/><\/figure><figure class=\"afbeelding\" style=\"display:none\"><img decoding=\"async\" src=\"https:\/\/latestcollection.com\/wp-content\/uploads\/2026\/02\/Techdog-group-1-263x175.avif\" alt=\"Techdog group\" data-id=\"7971\"\/><\/figure><\/div><\/div>","protected":false},"excerpt":{"rendered":"<p>Het fashion data ecosysteem. De fashionketen bestaat uit merken, softwarepartners, retailers en platformen die afhankelijk zijn van dezelfde productinformatie. Toch &hellip; <a href=\"https:\/\/latestcollection.com\/da\/fashion-data-ecosysteem\/\"><\/a><\/p>","protected":false},"author":2,"featured_media":7982,"parent":0,"menu_order":0,"comment_status":"closed","ping_status":"closed","template":"","meta":{"_acf_changed":false,"footnotes":""},"class_list":["post-7653","page","type-page","status-publish","has-post-thumbnail","hentry"],"acf":[],"_links":{"self":[{"href":"https:\/\/latestcollection.com\/da\/wp-json\/wp\/v2\/pages\/7653","targetHints":{"allow":["GET"]}}],"collection":[{"href":"https:\/\/latestcollection.com\/da\/wp-json\/wp\/v2\/pages"}],"about":[{"href":"https:\/\/latestcollection.com\/da\/wp-json\/wp\/v2\/types\/page"}],"author":[{"embeddable":true,"href":"https:\/\/latestcollection.com\/da\/wp-json\/wp\/v2\/users\/2"}],"replies":[{"embeddable":true,"href":"https:\/\/latestcollection.com\/da\/wp-json\/wp\/v2\/comments?post=7653"}],"version-history":[{"count":5,"href":"https:\/\/latestcollection.com\/da\/wp-json\/wp\/v2\/pages\/7653\/revisions"}],"predecessor-version":[{"id":7992,"href":"https:\/\/latestcollection.com\/da\/wp-json\/wp\/v2\/pages\/7653\/revisions\/7992"}],"wp:featuredmedia":[{"embeddable":true,"href":"https:\/\/latestcollection.com\/da\/wp-json\/wp\/v2\/media\/7982"}],"wp:attachment":[{"href":"https:\/\/latestcollection.com\/da\/wp-json\/wp\/v2\/media?parent=7653"}],"curies":[{"name":"wp","href":"https:\/\/api.w.org\/{rel}","templated":true}]}}