{"id":5589,"date":"2025-02-28T10:59:34","date_gmt":"2025-02-28T09:59:34","guid":{"rendered":"https:\/\/latestcollection.com\/?page_id=5589"},"modified":"2026-02-23T15:34:55","modified_gmt":"2026-02-23T14:34:55","slug":"sadan-det-fungerer-modeartikeldata","status":"publish","type":"page","link":"https:\/\/latestcollection.com\/da\/hoe-het-werkt-fashion-artikeldata\/","title":{"rendered":"S\u00e5dan fungerer det"},"content":{"rendered":"<div class=\"wp-block-group alignfull is-layout-constrained wp-block-group-is-layout-constrained\">\n<div class=\"wp-block-group is-layout-constrained wp-block-group-is-layout-constrained\">\n<div class=\"wp-block-cover is-light has-custom-content-position is-position-bottom-center\"><img loading=\"lazy\" decoding=\"async\" width=\"2048\" height=\"750\" class=\"wp-block-cover__image-background wp-image-7635 size-full\" alt=\"hoe het werkt fashion artikeldata\" src=\"https:\/\/latestcollection.com\/wp-content\/uploads\/2026\/01\/hoe-het-werkt-fashion-artikeldata.avif\" style=\"object-position:50% 59%\" data-object-fit=\"cover\" data-object-position=\"50% 59%\" srcset=\"https:\/\/latestcollection.com\/wp-content\/uploads\/2026\/01\/hoe-het-werkt-fashion-artikeldata.avif 2048w, https:\/\/latestcollection.com\/wp-content\/uploads\/2026\/01\/hoe-het-werkt-fashion-artikeldata-300x110.avif 300w, https:\/\/latestcollection.com\/wp-content\/uploads\/2026\/01\/hoe-het-werkt-fashion-artikeldata-1024x375.avif 1024w, https:\/\/latestcollection.com\/wp-content\/uploads\/2026\/01\/hoe-het-werkt-fashion-artikeldata-768x281.avif 768w, https:\/\/latestcollection.com\/wp-content\/uploads\/2026\/01\/hoe-het-werkt-fashion-artikeldata-1536x563.avif 1536w, https:\/\/latestcollection.com\/wp-content\/uploads\/2026\/01\/hoe-het-werkt-fashion-artikeldata-18x7.avif 18w, https:\/\/latestcollection.com\/wp-content\/uploads\/2026\/01\/hoe-het-werkt-fashion-artikeldata-478x175.avif 478w\" sizes=\"auto, (max-width: 2048px) 100vw, 2048px\" \/><span aria-hidden=\"true\" class=\"wp-block-cover__background has-background-dim-0 has-background-dim\" style=\"background-color:#ada19a\"><\/span><div class=\"wp-block-cover__inner-container is-layout-flow wp-block-cover-is-layout-flow\">\n<p class=\"has-text-align-center has-large-font-size\"><\/p>\n<\/div><\/div>\n\n\n\n<div class=\"wp-block-group is-content-justification-left is-layout-constrained wp-container-core-group-is-layout-414f9025 wp-block-group-is-layout-constrained\">\n<h2 class=\"wp-block-heading has-large-font-size\" style=\"font-style:normal;font-weight:600\"><strong>S\u00e5dan fungerer modedataplatformen<\/strong><mark style=\"background-color:rgba(0, 0, 0, 0)\" class=\"has-inline-color has-primary-color\">.<\/mark><\/h2>\n\n\n\n<p>Modedetailhandelen opererer i et h\u00f8jt tempo. Nye kollektioner, skiftende s\u00e6soner og utallige st\u00f8rrelses- og farvevariationer kr\u00e6ver \u00f8jeblikkelig tilg\u00e6ngelighed i det system, hvor produktet behandles. Alligevel h\u00e6mmes forsyningsk\u00e6den ofte af noget fundamentalt: modeproduktdata, der ikke automatisk overf\u00f8res til detailsoftwaren.<\/p>\n\n\n\n<p>Latest Collection l\u00f8ser dette strukturelt. Ikke ved at udskifte systemer, men ved at forbinde dem.<\/p>\n\n\n\n<h2 class=\"wp-block-heading has-large-font-size\" style=\"font-style:normal;font-weight:600\"><strong>Det strukturelle problem i modek\u00e6den<\/strong><mark style=\"background-color:rgba(0, 0, 0, 0)\" class=\"has-inline-color has-primary-color\">.<\/mark><\/h2>\n\n\n\n<p>I teorien er k\u00e6den logisk struktureret:<\/p>\n\n\n\n<p>\u2713 Brands skaber kollektioner og har adgang til data om modeprodukter.<br>\u2713 Softwarepartnere leverer detaill\u00f8sninger.<br>\u2713 Detailhandlere bruger disse systemer dagligt.<\/p>\n\n\n\n<p>I praksis mangler et afg\u00f8rende led. Data om modeprodukter flyder ikke ensartet til salgsstedet.<\/p>\n\n\n\n<p>Brands leverer forskellige filer til detailhandlere. Detailhandlere behandler disse manuelt i deres systemer. Dette tager tid, \u00f8ger risikoen for fejl og forsinker implementeringer. Det er ikke softwaren, der fejler; det er dataene, der mangler det rigtige sted.<\/p>\n<\/div>\n\n\n\n<div class=\"wp-block-columns is-layout-flex wp-container-core-columns-is-layout-28f84493 wp-block-columns-is-layout-flex\">\n<div class=\"wp-block-column is-layout-flow wp-block-column-is-layout-flow\">\n<figure class=\"wp-block-image size-full\"><img loading=\"lazy\" decoding=\"async\" width=\"788\" height=\"788\" src=\"https:\/\/latestcollection.com\/wp-content\/uploads\/2026\/01\/merken-fashion-artikeldata.avif\" alt=\"merken fashion artikeldata\" class=\"wp-image-7637\" srcset=\"https:\/\/latestcollection.com\/wp-content\/uploads\/2026\/01\/merken-fashion-artikeldata.avif 788w, https:\/\/latestcollection.com\/wp-content\/uploads\/2026\/01\/merken-fashion-artikeldata-300x300.avif 300w, https:\/\/latestcollection.com\/wp-content\/uploads\/2026\/01\/merken-fashion-artikeldata-150x150.avif 150w, https:\/\/latestcollection.com\/wp-content\/uploads\/2026\/01\/merken-fashion-artikeldata-768x768.avif 768w, https:\/\/latestcollection.com\/wp-content\/uploads\/2026\/01\/merken-fashion-artikeldata-12x12.avif 12w, https:\/\/latestcollection.com\/wp-content\/uploads\/2026\/01\/merken-fashion-artikeldata-175x175.avif 175w, https:\/\/latestcollection.com\/wp-content\/uploads\/2026\/01\/merken-fashion-artikeldata-600x600.avif 600w\" sizes=\"auto, (max-width: 788px) 100vw, 788px\" \/><\/figure>\n<\/div>\n\n\n\n<div class=\"wp-block-column is-layout-flow wp-block-column-is-layout-flow\">\n<h3 class=\"wp-block-heading has-large-font-size\" style=\"font-style:normal;font-weight:600\"><mark style=\"background-color:rgba(0, 0, 0, 0)\" class=\"has-inline-color has-secondary-color\"><strong><strong>Latest Collection som et forbindende datalag<\/strong><\/strong><\/mark><mark style=\"background-color:rgba(0, 0, 0, 0)\" class=\"has-inline-color has-primary-color\">.<\/mark><\/h3>\n\n\n\n<p>Latest Collection fungerer som et neutralt datalag mellem brands og detailhandelssoftware. Platformen: indsamler modeproduktdata fra brands, verificerer og strukturerer disse data og stiller ensartede data til r\u00e5dighed for tilsluttede systemer.<\/p>\n\n\n\n<p>\u2713 Brands indsender deres data korrekt \u00e9n gang.<br>\u2713 Softwarepartnere opretter forbindelse til platformen \u00e9n gang.<br>\u2713 Detailhandlere arbejder med komplette artikler og produktbilleder i deres eksisterende system.<\/p>\n\n\n\n<p>Dette eliminerer manuel dataindtastning og skaber skalerbarhed.<\/p>\n<\/div>\n<\/div>\n\n\n\n<h2 class=\"wp-block-heading has-large-font-size\" style=\"font-style:normal;font-weight:600\"><strong>Det strukturelle problem i modek\u00e6den<\/strong><mark style=\"background-color:rgba(0, 0, 0, 0)\" class=\"has-inline-color has-primary-color\">.<\/mark><\/h2>\n\n\n\n<p>Processen er skr\u00e6ddersyet til modebranchens praksis. Latest Collection muligg\u00f8r distribution uden at g\u00f8re krav p\u00e5 ejerskab.<\/p>\n\n\n\n<p class=\"has-primary-color has-text-color has-link-color has-medium-font-size wp-elements-3529c27ef1de80db4ea5a4622409eb50\"><strong>1. Brandindsendelse<\/strong><\/p>\n\n\n\n<p>Brands indsender data om modeartikler og produktbilleder via Excel, CSV eller en teknisk integration fra deres PIM- eller ERP-system.<\/p>\n\n\n\n<p class=\"has-primary-color has-text-color has-link-color has-medium-font-size wp-elements-28920a6f44e35cb754449862b6f94225\" style=\"font-style:normal;font-weight:600\"><strong>2. Standardisering<\/strong><\/p>\n\n\n\n<p>Latest Collection verificerer, beriger og strukturerer dataene i henhold til modespecifik logik, s\u00e5som st\u00f8rrelser, farver, varianter og s\u00e6soner.<\/p>\n\n\n\n<p class=\"has-primary-color has-text-color has-link-color has-medium-font-size wp-elements-699750582aff393844575d86ab4aac72\" style=\"font-style:normal;font-weight:600\"><strong>3. Integration af softwarepartnere<\/strong><\/p>\n\n\n\n<p>Tilknyttede partnere g\u00f8r automatisk data om ensartede modeartikler tilg\u00e6ngelige i deres kassesystem, webshop eller platform. F.eks. vores partner <a href=\"https:\/\/www.retail2market.nl\/slimme-integraties\/latest-collection\/\" target=\"_blank\" rel=\"noreferrer noopener\">Retail2Market.<\/a><\/p>\n\n\n\n<p class=\"has-primary-color has-text-color has-link-color has-medium-font-size wp-elements-366f8f6bfccc947fe6c7e8c906e8d5cb\" style=\"font-style:normal;font-weight:600\">4. Brug i butikken<\/p>\n\n\n\n<p>Detailhandlere henter komplette varer ved at scanne en stregkode. Ingen komplekse filer. Ingen dobbeltindtastning.<\/p>\n\n\n\n<div class=\"wp-block-columns is-layout-flex wp-container-core-columns-is-layout-28f84493 wp-block-columns-is-layout-flex\">\n<div class=\"wp-block-column is-layout-flow wp-block-column-is-layout-flow\">\n<h3 class=\"wp-block-heading has-large-font-size\" style=\"font-style:normal;font-weight:600\"><mark style=\"background-color:rgba(0, 0, 0, 0)\" class=\"has-inline-color has-secondary-color\"><mark style=\"background-color:rgba(0, 0, 0, 0)\" class=\"has-inline-color has-secondary-color\"><mark style=\"background-color:rgba(0, 0, 0, 0)\" class=\"has-inline-color has-secondary-color\"><strong>Hvad dette betyder for m\u00e6rker<\/strong><\/mark><\/mark><mark style=\"background-color:rgba(0, 0, 0, 0)\" class=\"has-inline-color has-primary-color\"><strong>.<\/strong><\/mark><\/mark><\/h3>\n\n\n\n<p class=\"has-small-font-size\">Produktdata vil ikke l\u00e6ngere v\u00e6re en tilbagevendende byrde. Ingen separate filer for hver detailhandler. Ingen tilpasning for hvert system.<\/p>\n\n\n\n<p>\u00c9n enkelt centraliseret levering betyder synlighed p\u00e5 tv\u00e6rs af flere forbundne l\u00f8sninger samtidigt.<\/p>\n\n\n\n<div class=\"wp-block-buttons is-content-justification-center is-layout-flex wp-container-core-buttons-is-layout-a89b3969 wp-block-buttons-is-layout-flex\">\n<div class=\"wp-block-button\"><a class=\"wp-block-button__link has-secondary-background-color has-background wp-element-button\" href=\"https:\/\/latestcollection.com\/da\/levere-data-2\/\" target=\"_blank\" rel=\"noreferrer noopener\">Indsendelse af data som et brand<\/a><\/div>\n<\/div>\n<\/div>\n\n\n\n<div class=\"wp-block-column is-layout-flow wp-block-column-is-layout-flow\">\n<figure class=\"wp-block-image size-full\"><img loading=\"lazy\" decoding=\"async\" width=\"788\" height=\"788\" src=\"https:\/\/latestcollection.com\/wp-content\/uploads\/2026\/01\/kassaleveranciers-extra-USP-met-fashion-artikeldata-.avif\" alt=\"kassaleveranciers extra USP met fashion artikeldata\" class=\"wp-image-7636\" srcset=\"https:\/\/latestcollection.com\/wp-content\/uploads\/2026\/01\/kassaleveranciers-extra-USP-met-fashion-artikeldata-.avif 788w, https:\/\/latestcollection.com\/wp-content\/uploads\/2026\/01\/kassaleveranciers-extra-USP-met-fashion-artikeldata--300x300.avif 300w, https:\/\/latestcollection.com\/wp-content\/uploads\/2026\/01\/kassaleveranciers-extra-USP-met-fashion-artikeldata--150x150.avif 150w, https:\/\/latestcollection.com\/wp-content\/uploads\/2026\/01\/kassaleveranciers-extra-USP-met-fashion-artikeldata--768x768.avif 768w, https:\/\/latestcollection.com\/wp-content\/uploads\/2026\/01\/kassaleveranciers-extra-USP-met-fashion-artikeldata--12x12.avif 12w, https:\/\/latestcollection.com\/wp-content\/uploads\/2026\/01\/kassaleveranciers-extra-USP-met-fashion-artikeldata--175x175.avif 175w, https:\/\/latestcollection.com\/wp-content\/uploads\/2026\/01\/kassaleveranciers-extra-USP-met-fashion-artikeldata--600x600.avif 600w\" sizes=\"auto, (max-width: 788px) 100vw, 788px\" \/><\/figure>\n<\/div>\n<\/div>\n\n\n\n<div class=\"wp-block-columns is-layout-flex wp-container-core-columns-is-layout-28f84493 wp-block-columns-is-layout-flex\">\n<div class=\"wp-block-column is-layout-flow wp-block-column-is-layout-flow\">\n<figure class=\"wp-block-image size-full\"><img loading=\"lazy\" decoding=\"async\" width=\"788\" height=\"788\" src=\"https:\/\/latestcollection.com\/wp-content\/uploads\/2026\/01\/retailers-werken-met-fashion-artikeldata-Latest-Collection.avif\" alt=\"retailers werken met fashion artikeldata Latest Collection\" class=\"wp-image-7638\" srcset=\"https:\/\/latestcollection.com\/wp-content\/uploads\/2026\/01\/retailers-werken-met-fashion-artikeldata-Latest-Collection.avif 788w, https:\/\/latestcollection.com\/wp-content\/uploads\/2026\/01\/retailers-werken-met-fashion-artikeldata-Latest-Collection-300x300.avif 300w, https:\/\/latestcollection.com\/wp-content\/uploads\/2026\/01\/retailers-werken-met-fashion-artikeldata-Latest-Collection-150x150.avif 150w, https:\/\/latestcollection.com\/wp-content\/uploads\/2026\/01\/retailers-werken-met-fashion-artikeldata-Latest-Collection-768x768.avif 768w, https:\/\/latestcollection.com\/wp-content\/uploads\/2026\/01\/retailers-werken-met-fashion-artikeldata-Latest-Collection-12x12.avif 12w, https:\/\/latestcollection.com\/wp-content\/uploads\/2026\/01\/retailers-werken-met-fashion-artikeldata-Latest-Collection-175x175.avif 175w, https:\/\/latestcollection.com\/wp-content\/uploads\/2026\/01\/retailers-werken-met-fashion-artikeldata-Latest-Collection-600x600.avif 600w\" sizes=\"auto, (max-width: 788px) 100vw, 788px\" \/><\/figure>\n<\/div>\n\n\n\n<div class=\"wp-block-column is-layout-flow wp-block-column-is-layout-flow\">\n<h3 class=\"wp-block-heading has-large-font-size\" style=\"font-style:normal;font-weight:600\"><mark style=\"background-color:rgba(0, 0, 0, 0)\" class=\"has-inline-color has-secondary-color\"><strong>Hvad dette betyder for softwarepartnere<\/strong><\/mark><mark style=\"background-color:rgba(0, 0, 0, 0)\" class=\"has-inline-color has-primary-color\">.<\/mark><\/h3>\n\n\n\n<p class=\"has-small-font-size\">Ensartede modedata styrker detaill\u00f8sningen.<\/p>\n\n\n\n<p>Hurtigere onboarding. Mindre manuel dataindtastning for detailhandlere. Et st\u00e6rkere tilbud inden for modedetailhandel.<\/p>\n\n\n\n<p>Ved at oprette forbindelse til platformen \u00e9n gang skabes skalerbar integration med flere brands.<\/p>\n\n\n\n<div class=\"wp-block-buttons is-content-justification-center is-layout-flex wp-container-core-buttons-is-layout-a89b3969 wp-block-buttons-is-layout-flex\">\n<div class=\"wp-block-button is-style-fill\"><a class=\"wp-block-button__link has-secondary-background-color has-background wp-element-button\" href=\"https:\/\/latestcollection.com\/da\/forhandlere\/\" target=\"_blank\" rel=\"noreferrer noopener\">Samarbejd som forhandler<\/a><\/div>\n<\/div>\n<\/div>\n<\/div>\n\n\n\n<div class=\"wp-block-columns is-layout-flex wp-container-core-columns-is-layout-28f84493 wp-block-columns-is-layout-flex\">\n<div class=\"wp-block-column is-layout-flow wp-block-column-is-layout-flow\">\n<h3 class=\"wp-block-heading has-large-font-size\" style=\"font-style:normal;font-weight:600\"><mark style=\"background-color:rgba(0, 0, 0, 0)\" class=\"has-inline-color has-secondary-color\"><mark style=\"background-color:rgba(0, 0, 0, 0)\" class=\"has-inline-color has-secondary-color\"><mark style=\"background-color:rgba(0, 0, 0, 0)\" class=\"has-inline-color has-secondary-color\"><strong><strong>Hvad dette betyder for detailhandlere<\/strong><mark style=\"background-color:rgba(0, 0, 0, 0)\" class=\"has-inline-color has-primary-color\">.<\/mark><\/strong><\/mark><\/mark><\/mark><\/h3>\n\n\n\n<p class=\"has-small-font-size\">Nye kollektioner er hurtigere tilg\u00e6ngelige. Varerne er komplette og ensartede. Manuel dataindtastning elimineres stort set.<\/p>\n\n\n\n<p>Detailhandlere drager fordel af en datastr\u00f8m, der endelig samarbejder via deres softwareudbyder.<\/p>\n\n\n\n<div class=\"wp-block-buttons is-content-justification-center is-layout-flex wp-container-core-buttons-is-layout-a89b3969 wp-block-buttons-is-layout-flex\">\n<div class=\"wp-block-button\"><a class=\"wp-block-button__link has-secondary-background-color has-background wp-element-button\" href=\"https:\/\/latestcollection.com\/da\/maerker\/\" target=\"_blank\" rel=\"noreferrer noopener\">Se tilknyttede brands<\/a><\/div>\n<\/div>\n<\/div>\n\n\n\n<div class=\"wp-block-column is-layout-flow wp-block-column-is-layout-flow\">\n<figure class=\"wp-block-image size-full\"><img loading=\"lazy\" decoding=\"async\" width=\"788\" height=\"788\" src=\"https:\/\/latestcollection.com\/wp-content\/uploads\/2026\/01\/kassaleveranciers-extra-USP-met-fashion-artikeldata-.avif\" alt=\"kassaleveranciers extra USP met fashion artikeldata\" class=\"wp-image-7636\" srcset=\"https:\/\/latestcollection.com\/wp-content\/uploads\/2026\/01\/kassaleveranciers-extra-USP-met-fashion-artikeldata-.avif 788w, https:\/\/latestcollection.com\/wp-content\/uploads\/2026\/01\/kassaleveranciers-extra-USP-met-fashion-artikeldata--300x300.avif 300w, https:\/\/latestcollection.com\/wp-content\/uploads\/2026\/01\/kassaleveranciers-extra-USP-met-fashion-artikeldata--150x150.avif 150w, https:\/\/latestcollection.com\/wp-content\/uploads\/2026\/01\/kassaleveranciers-extra-USP-met-fashion-artikeldata--768x768.avif 768w, https:\/\/latestcollection.com\/wp-content\/uploads\/2026\/01\/kassaleveranciers-extra-USP-met-fashion-artikeldata--12x12.avif 12w, https:\/\/latestcollection.com\/wp-content\/uploads\/2026\/01\/kassaleveranciers-extra-USP-met-fashion-artikeldata--175x175.avif 175w, https:\/\/latestcollection.com\/wp-content\/uploads\/2026\/01\/kassaleveranciers-extra-USP-met-fashion-artikeldata--600x600.avif 600w\" sizes=\"auto, (max-width: 788px) 100vw, 788px\" \/><\/figure>\n<\/div>\n<\/div>\n\n\n\n<h2 class=\"wp-block-heading has-large-font-size\" style=\"font-style:normal;font-weight:600\"><strong>En del af et voksende \u00f8kosystem<\/strong><mark style=\"background-color:rgba(0, 0, 0, 0)\" class=\"has-inline-color has-primary-color\">.<\/mark><\/h2>\n\n\n\n<p>Latest Collection samarbejder med brands, softwarepartnere og platforme inden for mode, fodt\u00f8j, sport og lingeri. Platformen forbliver bevidst neutral. Den erstatter ikke noget eller konkurrerer med andre. Den forbinder. Det er netop denne uafh\u00e6ngighed, der muligg\u00f8r skalerbare samarbejder.<\/p>\n\n\n\n<h2 class=\"wp-block-heading has-large-font-size\" style=\"font-style:normal;font-weight:600\"><strong>Fra indsigt til handling<\/strong><mark style=\"background-color:rgba(0, 0, 0, 0)\" class=\"has-inline-color has-primary-color\">.<\/mark><\/h2>\n\n\n\n<p>En forst\u00e5else af, hvordan data om modeprodukter flyder gennem forsyningsk\u00e6den, afsl\u00f8rer, hvor der kan opn\u00e5s gevinster. Det n\u00e6ste skridt er at unders\u00f8ge, hvad forbindelser betyder for din rolle.<\/p>\n\n\n\n<div class=\"wp-block-indrukwekkend-slider alignfull\"><div class=\"wp-block-indrukwekkend-slider__icons\" data-fade=\"false\" data-dots=\"true\" data-pause=\"false\" data-speed=\"4700\" data-autoplay=\"true\" data-autospeed=\"150\" data-slidestoshow=\"6\" data-slidestoscroll=\"1\"><figure class=\"afbeelding\" style=\"display:none\"><img decoding=\"async\" src=\"https:\/\/latestcollection.com\/wp-content\/uploads\/2026\/04\/Qliqpoint-partner-Latest-Collection-350x175.avif\" alt=\"Qliqpoint partner Latest Collection\" data-id=\"8225\"\/><\/figure><figure class=\"afbeelding\" style=\"display:none\"><img decoding=\"async\" src=\"https:\/\/latestcollection.com\/wp-content\/uploads\/2026\/02\/Partner-FashionUnited-eBusiness-263x175.avif\" alt=\"Partner FashionUnited eBusiness\" data-id=\"7958\"\/><\/figure><figure class=\"afbeelding\" style=\"display:none\"><img decoding=\"async\" src=\"https:\/\/latestcollection.com\/wp-content\/uploads\/2026\/02\/Partner-Retail2Market-263x175.avif\" alt=\"Partner Retail2Market\" data-id=\"7959\"\/><\/figure><figure class=\"afbeelding\" style=\"display:none\"><img decoding=\"async\" src=\"https:\/\/latestcollection.com\/wp-content\/uploads\/2026\/02\/Partner-MPlusKASSA-263x175.avif\" alt=\"Partner MPlusKASSA\" data-id=\"7960\"\/><\/figure><figure class=\"afbeelding\" style=\"display:none\"><img decoding=\"async\" src=\"https:\/\/latestcollection.com\/wp-content\/uploads\/2026\/02\/EasyPOS-software-263x175.avif\" alt=\"EasyPOS software\" data-id=\"7968\"\/><\/figure><figure class=\"afbeelding\" style=\"display:none\"><img decoding=\"async\" src=\"https:\/\/latestcollection.com\/wp-content\/uploads\/2026\/02\/Kubus-content-263x175.avif\" alt=\"Kubus content\" data-id=\"7969\"\/><\/figure><figure class=\"afbeelding\" style=\"display:none\"><img decoding=\"async\" src=\"https:\/\/latestcollection.com\/wp-content\/uploads\/2026\/02\/Techdog-group-263x175.avif\" alt=\"Techdog group\" data-id=\"7970\"\/><\/figure><figure class=\"afbeelding\" style=\"display:none\"><img decoding=\"async\" src=\"https:\/\/latestcollection.com\/wp-content\/uploads\/2026\/04\/Qliqpoint-partner-Latest-Collection-1-350x175.avif\" alt=\"Qliqpoint partner Latest Collection\" data-id=\"8226\"\/><\/figure><figure class=\"afbeelding\" style=\"display:none\"><img decoding=\"async\" src=\"https:\/\/latestcollection.com\/wp-content\/uploads\/2026\/02\/Partner-FashionUnited-eBusiness-1-263x175.avif\" alt=\"Partner FashionUnited eBusiness\" data-id=\"7965\"\/><\/figure><figure class=\"afbeelding\" style=\"display:none\"><img decoding=\"async\" src=\"https:\/\/latestcollection.com\/wp-content\/uploads\/2026\/02\/Partner-Retail2Market-1-263x175.avif\" alt=\"Partner Retail2Market\" data-id=\"7966\"\/><\/figure><figure class=\"afbeelding\" style=\"display:none\"><img decoding=\"async\" src=\"https:\/\/latestcollection.com\/wp-content\/uploads\/2026\/02\/Partner-MPlusKASSA-1-263x175.avif\" alt=\"Partner MPlusKASSA\" data-id=\"7964\"\/><\/figure><figure class=\"afbeelding\" style=\"display:none\"><img decoding=\"async\" src=\"https:\/\/latestcollection.com\/wp-content\/uploads\/2026\/02\/EasyPOS-software-1-263x175.avif\" alt=\"EasyPOS software\" data-id=\"7972\"\/><\/figure><figure class=\"afbeelding\" style=\"display:none\"><img decoding=\"async\" src=\"https:\/\/latestcollection.com\/wp-content\/uploads\/2026\/02\/Kubus-content-1-263x175.avif\" alt=\"Kubus content\" data-id=\"7973\"\/><\/figure><figure class=\"afbeelding\" style=\"display:none\"><img decoding=\"async\" src=\"https:\/\/latestcollection.com\/wp-content\/uploads\/2026\/02\/Techdog-group-1-263x175.avif\" alt=\"Techdog group\" data-id=\"7971\"\/><\/figure><\/div><\/div>\n\n\n\n<div class=\"wp-block-columns is-layout-flex wp-container-core-columns-is-layout-28f84493 wp-block-columns-is-layout-flex\">\n<div class=\"wp-block-column is-vertically-aligned-center is-layout-flow wp-block-column-is-layout-flow\">\n<div class=\"wp-block-buttons is-layout-flex wp-block-buttons-is-layout-flex\">\n<div class=\"wp-block-button\"><a class=\"wp-block-button__link has-background-color has-secondary-background-color has-text-color has-background has-link-color wp-element-button\" href=\"https:\/\/latestcollection.com\/da\/maerker\/\" target=\"_blank\" rel=\"noreferrer noopener\">Opdag platformen<\/a><\/div>\n<\/div>\n<\/div>\n\n\n\n<div class=\"wp-block-column is-vertically-aligned-center is-layout-flow wp-block-column-is-layout-flow\">\n<div class=\"wp-block-buttons is-layout-flex wp-block-buttons-is-layout-flex\">\n<div class=\"wp-block-button\"><a class=\"wp-block-button__link has-background-color has-secondary-background-color has-text-color has-background has-link-color wp-element-button\" href=\"https:\/\/latestcollection.com\/da\/levere-data-2\/\" target=\"_blank\" rel=\"noreferrer noopener\">Indsendelse af data som et brand<\/a><\/div>\n<\/div>\n<\/div>\n\n\n\n<div class=\"wp-block-column is-vertically-aligned-center is-layout-flow wp-block-column-is-layout-flow\">\n<div class=\"wp-block-buttons is-content-justification-left is-layout-flex wp-container-core-buttons-is-layout-fc4fd283 wp-block-buttons-is-layout-flex\">\n<div class=\"wp-block-button\"><a class=\"wp-block-button__link has-secondary-background-color has-background wp-element-button\" href=\"https:\/\/latestcollection.com\/da\/reseller-worden\/\" target=\"_blank\" rel=\"noreferrer noopener\">Planl\u00e6g partnerm\u00f8de<\/a><\/div>\n<\/div>\n<\/div>\n<\/div>\n<\/div>\n<\/div>","protected":false},"excerpt":{"rendered":"<p>Hoe het fashion data platform werkt. Fashionretail draait op snelheid. Nieuwe collecties, wisselende seizoenen en veel varianten in maat en &hellip; <a href=\"https:\/\/latestcollection.com\/da\/hoe-het-werkt-fashion-artikeldata\/\"><\/a><\/p>","protected":false},"author":2,"featured_media":7635,"parent":0,"menu_order":0,"comment_status":"closed","ping_status":"closed","template":"","meta":{"_acf_changed":false,"footnotes":""},"class_list":["post-5589","page","type-page","status-publish","has-post-thumbnail","hentry"],"acf":[],"_links":{"self":[{"href":"https:\/\/latestcollection.com\/da\/wp-json\/wp\/v2\/pages\/5589","targetHints":{"allow":["GET"]}}],"collection":[{"href":"https:\/\/latestcollection.com\/da\/wp-json\/wp\/v2\/pages"}],"about":[{"href":"https:\/\/latestcollection.com\/da\/wp-json\/wp\/v2\/types\/page"}],"author":[{"embeddable":true,"href":"https:\/\/latestcollection.com\/da\/wp-json\/wp\/v2\/users\/2"}],"replies":[{"embeddable":true,"href":"https:\/\/latestcollection.com\/da\/wp-json\/wp\/v2\/comments?post=5589"}],"version-history":[{"count":20,"href":"https:\/\/latestcollection.com\/da\/wp-json\/wp\/v2\/pages\/5589\/revisions"}],"predecessor-version":[{"id":8000,"href":"https:\/\/latestcollection.com\/da\/wp-json\/wp\/v2\/pages\/5589\/revisions\/8000"}],"wp:featuredmedia":[{"embeddable":true,"href":"https:\/\/latestcollection.com\/da\/wp-json\/wp\/v2\/media\/7635"}],"wp:attachment":[{"href":"https:\/\/latestcollection.com\/da\/wp-json\/wp\/v2\/media?parent=5589"}],"curies":[{"name":"wp","href":"https:\/\/api.w.org\/{rel}","templated":true}]}}