{"id":5384,"date":"2025-02-25T10:09:30","date_gmt":"2025-02-25T09:09:30","guid":{"rendered":"https:\/\/latestcollection.com\/?page_id=5384"},"modified":"2026-04-02T13:45:02","modified_gmt":"2026-04-02T11:45:02","slug":"forhandlere","status":"publish","type":"page","link":"https:\/\/latestcollection.com\/da\/resellers\/","title":{"rendered":"Styrk dit POS-system som forhandler"},"content":{"rendered":"<div class=\"wp-block-group alignfull is-layout-constrained wp-block-group-is-layout-constrained\">\n<div class=\"wp-block-cover alignfull has-custom-content-position is-position-bottom-center\"><img loading=\"lazy\" decoding=\"async\" width=\"1024\" height=\"375\" class=\"wp-block-cover__image-background wp-image-8151 size-large\" alt=\"Kassasysteem reseller van data Only Latest Collection\" src=\"https:\/\/latestcollection.com\/wp-content\/uploads\/2026\/03\/EasyPOS-kassasysteem-1-1024x375.avif\" data-object-fit=\"cover\" srcset=\"https:\/\/latestcollection.com\/wp-content\/uploads\/2026\/03\/EasyPOS-kassasysteem-1-1024x375.avif 1024w, https:\/\/latestcollection.com\/wp-content\/uploads\/2026\/03\/EasyPOS-kassasysteem-1-300x110.avif 300w, https:\/\/latestcollection.com\/wp-content\/uploads\/2026\/03\/EasyPOS-kassasysteem-1-768x281.avif 768w, https:\/\/latestcollection.com\/wp-content\/uploads\/2026\/03\/EasyPOS-kassasysteem-1-1536x563.avif 1536w, https:\/\/latestcollection.com\/wp-content\/uploads\/2026\/03\/EasyPOS-kassasysteem-1-18x7.avif 18w, https:\/\/latestcollection.com\/wp-content\/uploads\/2026\/03\/EasyPOS-kassasysteem-1-478x175.avif 478w, https:\/\/latestcollection.com\/wp-content\/uploads\/2026\/03\/EasyPOS-kassasysteem-1.avif 2048w\" sizes=\"auto, (max-width: 1024px) 100vw, 1024px\" \/><span aria-hidden=\"true\" class=\"wp-block-cover__background has-background-dim-0 has-background-dim\" style=\"background-color:#6a6159\"><\/span><div class=\"wp-block-cover__inner-container is-layout-flow wp-block-cover-is-layout-flow\">\n<div class=\"wp-block-group alignwide is-layout-constrained wp-block-group-is-layout-constrained\">\n<div class=\"wp-block-columns alignwide are-vertically-aligned-center is-layout-flex wp-container-core-columns-is-layout-28f84493 wp-block-columns-is-layout-flex\">\n<div class=\"wp-block-column is-vertically-aligned-center is-layout-flow wp-block-column-is-layout-flow\" style=\"flex-basis:50%\">\n<p><\/p>\n<\/div>\n<\/div>\n<\/div>\n<\/div><\/div>\n<\/div>\n\n\n\n<div class=\"wp-block-group is-layout-constrained wp-block-group-is-layout-constrained\">\n<p class=\"has-large-font-size\">POS-systemer i modebranchen sidder ofte fast i produktdata. Med Latest Collection tilf\u00f8jer du som forhandler ensartede produktdata og produktbilleder direkte til din software. Dette giver dig mulighed for at tilbyde detailhandlere en l\u00f8sning, der virker med det samme, uden manuel indtastning.<\/p>\n\n\n\n<h3 class=\"wp-block-heading has-large-font-size\" style=\"font-style:normal;font-weight:600\"><mark style=\"background-color:rgba(0, 0, 0, 0)\" class=\"has-inline-color has-secondary-color\">Problemet med dine kunder som forhandler<\/mark><mark style=\"background-color:rgba(0, 0, 0, 0)\" class=\"has-inline-color has-primary-color\">.<\/mark><\/h3>\n\n\n\n<p class=\"has-medium-font-size\">Detailhandlere bruger stadig for meget tid p\u00e5 lagerstyring. Varer indtastes, kontrolleres og rettes manuelt. Data kommer fra forskellige kilder og er ofte ufuldst\u00e6ndige eller inkonsistente.<\/p>\n\n\n\n<p class=\"has-medium-font-size\">For dig som forhandler betyder det l\u00e6ngere implementeringer, flere supportanmodninger og en l\u00f8sning, der f\u00f8les mindre robust, end den burde v\u00e6re.<\/p>\n\n\n\n<h3 class=\"wp-block-heading has-large-font-size\" style=\"font-style:normal;font-weight:600\"><mark style=\"background-color:rgba(0, 0, 0, 0)\" class=\"has-inline-color has-secondary-color\">Hvorfor dette h\u00e6mmer din v\u00e6kst som forhandler<\/mark><mark style=\"background-color:rgba(0, 0, 0, 0)\" class=\"has-inline-color has-primary-color\">.<\/mark><\/h3>\n\n\n\n<p class=\"has-medium-font-size\">Som forhandler \u00f8nsker du at levere et system, der fungerer med det samme. Men uden ensartede produktdata forbliver din software afh\u00e6ngig af manuelle processer hos forhandleren.<\/p>\n\n\n\n<p class=\"has-medium-font-size\">Det forsinker onboarding-hastigheden, \u00f8ger presset p\u00e5 supporten og g\u00f8r det sv\u00e6rere at skille sig ud i salgscyklusser.<\/p>\n\n\n\n<h3 class=\"wp-block-heading has-large-font-size\" style=\"font-style:normal;font-weight:600\"><mark style=\"background-color:rgba(0, 0, 0, 0)\" class=\"has-inline-color has-secondary-color\">L\u00f8sningen: et enkelt, ensartet datalag under din software<\/mark><mark style=\"background-color:rgba(0, 0, 0, 0)\" class=\"has-inline-color has-primary-color\">.<\/mark><\/h3>\n\n\n\n<p class=\"has-medium-font-size\">Med Latest Collection tilf\u00f8jer du som forhandler en enkelt smart integration, der automatisk g\u00f8r produktdata tilg\u00e6ngelige i dit system. Brands leverer deres data \u00e9n gang, og du g\u00f8r dem straks tilg\u00e6ngelige for dine kunder. Dine kunder arbejder med komplette produkter og produktbilleder med det samme.<\/p>\n\n\n\n<p class=\"has-medium-font-size\">Uden manuel indtastning. Uden forsinkelse. I praksis betyder det, at dine kunder straks kan arbejde med varerne som tilt\u00e6nkt. Ingen m\u00e6rke-for-m\u00e6rke-fortolkning, ingen strukturelle forskelle og ingen afh\u00e6ngighed af separate filer.<\/p>\n\n\n\n<p class=\"has-medium-font-size\">Alt bliver sat korrekt op med det samme. Det skaber ro i v\u00e6rkstedet og tillid til dit system.<\/p>\n\n\n\n<h3 class=\"wp-block-heading has-large-font-size\" style=\"font-style:normal;font-weight:600\"><mark style=\"background-color:rgba(0, 0, 0, 0)\" class=\"has-inline-color has-secondary-color\">Hvad dette \u00e6ndrer for dig som forhandler<\/mark><mark style=\"background-color:rgba(0, 0, 0, 0)\" class=\"has-inline-color has-primary-color\">.<\/mark><\/h3>\n\n\n\n<div style=\"height:20px\" aria-hidden=\"true\" class=\"wp-block-spacer\"><\/div>\n\n\n\n<div class=\"wp-block-group alignfull is-layout-constrained wp-block-group-is-layout-constrained\">\n<div class=\"wp-block-indrukwekkend-kenmerken alignwide columns-3 is-style-indrukwekkend-klant-header\">\n<div class=\"wp-block-indrukwekkend-kenmerk-one card  has-thumbnail\"><div class=\"content\"><div class=\"card-content-container\"><figure class=\"thumbnail\"><img decoding=\"async\" src=\"https:\/\/latestcollection.com\/wp-content\/uploads\/2026\/02\/Latest-Collection-mpluskassa-data-en-verkopen-600x400.avif\"\/><\/figure><div class=\"card-content__post-title\"><h3 class=\"titel\"><mark style=\"background-color:rgba(0, 0, 0, 0)\" class=\"has-inline-color has-secondary-color\">Lev hurtigere med kunderne<\/mark>.<\/h3><\/div><div class=\"card-content__post-excerpt\">\n<p>Nye detailhandlere kan starte med det samme. Ingen produktopbygning, ingen implementeringsforsinkelser. Du leverer hurtigere og g\u00f8r en \u00f8jeblikkelig forskel.<\/p>\n<\/div><\/div><div class=\"footer\"><\/div><\/div><\/div>\n\n\n\n<div class=\"wp-block-indrukwekkend-kenmerk-one card  has-thumbnail\"><div class=\"content\"><div class=\"card-content-container\"><figure class=\"thumbnail\"><img decoding=\"async\" src=\"https:\/\/latestcollection.com\/wp-content\/uploads\/2026\/02\/Latest-Collection-Fashion-data-platform-artikelen-600x400.avif\"\/><\/figure><div class=\"card-content__post-title\"><h3 class=\"titel\"><mark style=\"background-color:rgba(0, 0, 0, 0)\" class=\"has-inline-color has-secondary-color\">Et mere komplet system<\/mark>.<\/h3><\/div><div class=\"card-content__post-excerpt\">\n<p>Din l\u00f8sning f\u00f8les komplet med det samme. Ikke kun funktionaliteten, men ogs\u00e5 dataene er n\u00f8jagtige. Det g\u00f8r din software st\u00e6rkere i daglig brug.<\/p>\n<\/div><\/div><div class=\"footer\"><\/div><\/div><\/div>\n\n\n\n<div class=\"wp-block-indrukwekkend-kenmerk-one card  has-thumbnail\"><div class=\"content\"><div class=\"card-content-container\"><figure class=\"thumbnail\"><img decoding=\"async\" src=\"https:\/\/latestcollection.com\/wp-content\/uploads\/2026\/02\/Fashionmerk-stuurt-data-via-API-Latest-Collection-600x400.avif\"\/><\/figure><div class=\"card-content__post-title\"><h3 class=\"titel\"><mark style=\"background-color:rgba(0, 0, 0, 0)\" class=\"has-inline-color has-secondary-color\">Markedsudvidelse inden for mode<\/mark>.<\/h3><\/div><div class=\"card-content__post-excerpt\">\n<p>Mode bliver mere tilg\u00e6ngeligt. Du kan betjene nye kunder uden ekstra tilpasning eller komplekse processer.<\/p>\n<\/div><\/div><div class=\"footer\"><\/div><\/div><\/div>\n<\/div>\n<\/div>\n\n\n\n<h3 class=\"wp-block-heading has-large-font-size\" style=\"font-style:normal;font-weight:600\"><mark style=\"background-color:rgba(0, 0, 0, 0)\" class=\"has-inline-color has-secondary-color\">Gribe muligheder<\/mark><mark style=\"background-color:rgba(0, 0, 0, 0)\" class=\"has-inline-color has-primary-color\">.<\/mark><\/h3>\n\n\n\n<p class=\"has-medium-font-size\">For mange forhandlere f\u00f8les mode komplekst. Det er netop derfor, mulighederne ligger her. Med et ensartet datalag s\u00e6nker du adgangsbarrieren og g\u00f8r dette marked umiddelbart tilg\u00e6ngeligt.<\/p>\n\n\n\n<p class=\"has-medium-font-size\">Du beh\u00f8ver ikke at v\u00e6re specialist i alle brands eller datastrukturer. Du tilpasser dig en eksisterende standard og vokser med en sektor, der konstant udvikler sig.<\/p>\n\n\n\n<h3 class=\"wp-block-heading has-large-font-size\" style=\"font-style:normal;font-weight:600\"><mark style=\"background-color:rgba(0, 0, 0, 0)\" class=\"has-inline-color has-secondary-color\">Mere v\u00e6rdi i din salgsproces<\/mark><mark style=\"background-color:rgba(0, 0, 0, 0)\" class=\"has-inline-color has-primary-color\">.<\/mark><\/h3>\n\n\n\n<p class=\"has-medium-font-size\">I en demo vil en detailhandler se, at det virker, ikke hvordan det kunne virke. Med ensartede produktdata viser du med det samme:<\/p>\n\n\n\n<ul class=\"wp-block-list has-medium-font-size\">\n<li>varerne er klar<\/li>\n\n\n\n<li>produktbilleder er tilg\u00e6ngelige<\/li>\n\n\n\n<li>Systemet fungerer som forventet<\/li>\n<\/ul>\n\n\n\n<p class=\"has-medium-font-size\">Det s\u00e6nker barrieren. Og fremskynder beslutningstagningen. Du viser ikke kun, hvad dit system kan, men ogs\u00e5 hvor hurtigt en detailhandler kan arbejde med det. Du bem\u00e6rker den forskel med det samme i samtaler.<\/p>\n\n\n\n<p class=\"has-medium-font-size\">F\u00e6rre forklaringer. Mindre tvivl. Hurtigere valg.<\/p>\n\n\n\n<h3 class=\"wp-block-heading has-large-font-size\"><strong><mark style=\"background-color:rgba(0, 0, 0, 0)\" class=\"has-inline-color has-secondary-color\"><strong>Byg en skalerbar l\u00f8sning<\/strong><\/mark><mark style=\"background-color:rgba(0, 0, 0, 0)\" class=\"has-inline-color has-primary-color\">.<\/mark><\/strong><\/h3>\n\n\n\n<p class=\"has-medium-font-size\">Uden ensartede data forbliver hver ny kunde en brugerdefineret l\u00f8sning. Med et centralt datalag bliver din l\u00f8sning skalerbar.<\/p>\n\n\n\n<p class=\"has-medium-font-size\">Dit udviklingsteam bygger innovation, ikke l\u00f8sninger. Du vokser uden din st\u00f8tte, vokser med dig. Du bygger et fundament under din software \u2013 et fundament, der ikke afh\u00e6nger af isolerede l\u00f8sninger, men er baseret p\u00e5 struktur.<\/p>\n\n\n\n<p class=\"has-medium-font-size\">Det giver dig kontrol over din v\u00e6kst. Ikke kun i dag, men ogs\u00e5 n\u00e5r du skalerer op til nye kunder, nye markeder eller nye integrationer.<\/p>\n\n\n\n<h3 class=\"wp-block-heading has-large-font-size\"><strong><mark style=\"background-color:rgba(0, 0, 0, 0)\" class=\"has-inline-color has-secondary-color\"><strong>Klar til at styrke dit forslag<\/strong><\/mark><mark style=\"background-color:rgba(0, 0, 0, 0)\" class=\"has-inline-color has-primary-color\">.<\/mark><\/strong><\/h3>\n\n\n\n<p class=\"has-medium-font-size\">Du beh\u00f8ver ikke at beslutte noget i dag. Men hvis du vil vokse inden for mode, har du brug for et st\u00e6rkt datalag. Mange forhandlere st\u00e5r over for den samme udfordring. Du vil gerne aflaste dine kunder, men bliver holdt tilbage af data, der er forkerte eller ufuldst\u00e6ndige.<\/p>\n\n\n\n<p class=\"has-medium-font-size\">Med det rette fundament \u00e6ndrer det sig. S\u00e5 bliver din software ikke kun funktionelt st\u00e6rk, men ogs\u00e5 praktisk anvendelig i den daglige detailhandel.<\/p>\n\n\n\n<p class=\"has-medium-font-size\">Opdag, hvad dette betyder for din software og dine kunder, og planl\u00e6g et partnerm\u00f8de.<\/p>\n\n\n\n<div class=\"wp-block-buttons is-layout-flex wp-block-buttons-is-layout-flex\">\n<div class=\"wp-block-button has-custom-width wp-block-button__width-50 is-style-fill\"><a class=\"wp-block-button__link has-secondary-background-color has-background has-small-font-size has-custom-font-size wp-element-button\" href=\"https:\/\/portal.latestcollection.com\/partner-worden\" target=\"_blank\" rel=\"noreferrer noopener\">Ja, jeg vil gerne vide mere<\/a><\/div>\n<\/div>\n\n\n\n<blockquote class=\"wp-block-quote is-layout-flow wp-block-quote-is-layout-flow\">\n<p class=\"has-text-align-left has-medium-font-size\"><em>Latest Collection. For POS-leverand\u00f8rer, der \u00f8nsker at se ud over blot et POS-system.<\/em><\/p>\n<\/blockquote>\n<\/div>","protected":false},"excerpt":{"rendered":"<p>Kassasystemen in de fashionbranche lopen vaak vast op artikeldata. Met Latest Collection voeg je als reseller uniforme artikeldata en productbeelden &hellip; <a href=\"https:\/\/latestcollection.com\/da\/resellers\/\"><\/a><\/p>","protected":false},"author":2,"featured_media":0,"parent":0,"menu_order":0,"comment_status":"closed","ping_status":"closed","template":"","meta":{"_acf_changed":false,"footnotes":""},"class_list":["post-5384","page","type-page","status-publish","hentry"],"acf":[],"_links":{"self":[{"href":"https:\/\/latestcollection.com\/da\/wp-json\/wp\/v2\/pages\/5384","targetHints":{"allow":["GET"]}}],"collection":[{"href":"https:\/\/latestcollection.com\/da\/wp-json\/wp\/v2\/pages"}],"about":[{"href":"https:\/\/latestcollection.com\/da\/wp-json\/wp\/v2\/types\/page"}],"author":[{"embeddable":true,"href":"https:\/\/latestcollection.com\/da\/wp-json\/wp\/v2\/users\/2"}],"replies":[{"embeddable":true,"href":"https:\/\/latestcollection.com\/da\/wp-json\/wp\/v2\/comments?post=5384"}],"version-history":[{"count":14,"href":"https:\/\/latestcollection.com\/da\/wp-json\/wp\/v2\/pages\/5384\/revisions"}],"predecessor-version":[{"id":8160,"href":"https:\/\/latestcollection.com\/da\/wp-json\/wp\/v2\/pages\/5384\/revisions\/8160"}],"wp:attachment":[{"href":"https:\/\/latestcollection.com\/da\/wp-json\/wp\/v2\/media?parent=5384"}],"curies":[{"name":"wp","href":"https:\/\/api.w.org\/{rel}","templated":true}]}}