{"id":4195,"date":"2024-06-11T08:33:52","date_gmt":"2024-06-11T06:33:52","guid":{"rendered":"https:\/\/latestcollection.com\/?page_id=4195"},"modified":"2025-02-27T14:53:05","modified_gmt":"2025-02-27T13:53:05","slug":"bestseller-plug-amp-play-tablet-en","status":"publish","type":"page","link":"https:\/\/latestcollection.com\/da\/bestseller-plug-amp-play-tablet-en\/","title":{"rendered":"Bestseller Plug &amp; Play Tablet (EN)"},"content":{"rendered":"\n<figure class=\"wp-block-image size-large\"><img loading=\"lazy\" decoding=\"async\" width=\"1024\" height=\"508\" src=\"https:\/\/latestcollection.com\/wp-content\/uploads\/2024\/02\/Bestseller-winkels-kassasysteem-plug-play-ipad-1024x508.png\" alt=\"Bestseller winkels kassasysteem plug &amp; play ipad\" class=\"wp-image-3427\" srcset=\"https:\/\/latestcollection.com\/wp-content\/uploads\/2024\/02\/Bestseller-winkels-kassasysteem-plug-play-ipad-1024x508.png 1024w, https:\/\/latestcollection.com\/wp-content\/uploads\/2024\/02\/Bestseller-winkels-kassasysteem-plug-play-ipad-300x149.png 300w, https:\/\/latestcollection.com\/wp-content\/uploads\/2024\/02\/Bestseller-winkels-kassasysteem-plug-play-ipad-768x381.png 768w, https:\/\/latestcollection.com\/wp-content\/uploads\/2024\/02\/Bestseller-winkels-kassasysteem-plug-play-ipad-1536x762.png 1536w, https:\/\/latestcollection.com\/wp-content\/uploads\/2024\/02\/Bestseller-winkels-kassasysteem-plug-play-ipad-353x175.png 353w, https:\/\/latestcollection.com\/wp-content\/uploads\/2024\/02\/Bestseller-winkels-kassasysteem-plug-play-ipad.png 2016w\" sizes=\"auto, (max-width: 1024px) 100vw, 1024px\" \/><\/figure>\n\n\n\n<p class=\"has-small-font-size\">Welcome to Latest Collection, the place where Bestseller lovers come together! We understand that it is important to keep your store running smoothly while minimizing costs. That&#8217;s why we proudly introduce our new Plug &amp; Play Tablet, specially designed to optimize your shopping experience with the <a href=\"https:\/\/www.bestsellernederland.nl\/\" target=\"_blank\" rel=\"noreferrer noopener\">Bestseller<\/a> brand. The Plug &amp; Play Tablet has been carefully designed to share data without complicated installation procedures. Optimize your turnover, increase your margins and say goodbye to no-sells. Simplify, improve and increase your profitability with the Plug &amp; Play Tablet.<\/p>\n\n\n\n<div class=\"wp-block-buttons is-content-justification-center is-layout-flex wp-container-core-buttons-is-layout-a89b3969 wp-block-buttons-is-layout-flex\">\n<div class=\"wp-block-button has-custom-font-size has-small-font-size\"><a class=\"wp-block-button__link has-secondary-background-color has-background wp-element-button\" href=\"#Request-tablet\">Order the Plug &amp; Play Tablet<\/a><\/div>\n<\/div>\n\n\n\n<h2 class=\"wp-block-heading has-large-font-size\"><strong>Discover data-sharing with Bestseller<mark style=\"background-color:rgba(0, 0, 0, 0)\" class=\"has-inline-color has-primary-color\">.<\/mark><\/strong><\/h2>\n\n\n\n<p class=\"has-small-font-size\">With a one-time set-up of only \u20ac150 and a monthly fee of \u20ac50, you will experience a revolution in data-sharing with Bestseller. Here are some reasons why our tablet is a real asset to your store:<\/p>\n\n\n\n<div class=\"wp-block-group is-layout-constrained wp-block-group-is-layout-constrained\">\n<ul class=\"wp-block-list\">\n<li class=\"has-small-font-size\"><strong>Higher margins: <\/strong>Unlock new opportunities for profitability with our Plug &amp; Play Tablet. Reduce costs and maximize your margins for a healthier financial position.<\/li>\n\n\n\n<li class=\"has-small-font-size\"><strong>More turnover: <\/strong>Stimulate growth and increase your turnover. Optimize efficiency and increase productivity, making your business better able to meet growing demand.<\/li>\n\n\n\n<li class=\"has-small-font-size\"><strong>Less &#8216;no&#8217; selling: <\/strong>No more missed opportunities thanks to our advanced technology. The Plug &amp; Play Tablet minimizes lost sales by always having stock of the desired products, so you never have to disappoint customers again.<\/li>\n\n\n\n<li class=\"has-small-font-size\"><strong>Data sharing:<\/strong> Enable seamless data-sharing with the Plug &amp; Play Tablet. Strengthen your business decisions by working with Bestseller. Our Plug &amp; Play Tablet optimizes the flow of information, giving you access to crucial data for fast and informed decision-making.<\/li>\n\n\n\n<li class=\"has-small-font-size\"><strong>Higher customer satisfaction: <\/strong>Maximize customer satisfaction by sharing data, where the collaboration with supplier Bestseller guarantees a worry-free experience.<\/li>\n<\/ul>\n<\/div>\n\n\n\n<h2 class=\"wp-block-heading has-large-font-size\"><strong>Simple &amp; easy<mark style=\"background-color:rgba(0, 0, 0, 0)\" class=\"has-inline-color has-primary-color\">.<\/mark><\/strong><\/h2>\n\n\n\n<p class=\"has-small-font-size\">Our Plug &amp; Play Tablet is designed with your convenience in mind. Place your order and we will take it from there. Within 48 hours you will receive a ready-to-use tablet and scanner, with direct access via your login details. With just a simple scan next to the cash register, the system becomes operational, so that you can enjoy all the benefits of the Bestseller brand in no time.<\/p>\n\n\n\n<p class=\"has-small-font-size\">So don&#8217;t wait any longer and transform your shop with our Plug &amp; Play Tablet and enjoy all the benefits immediately. Contact us today and find out how we can help you grow with Bestseller.<\/p>\n\n\n\n<h2 class=\"wp-block-heading has-large-font-size\" id=\"Request-tablet\"><mark style=\"background-color:rgba(0, 0, 0, 0)\" class=\"has-inline-color has-secondary-color\"><strong>Request the Plug &amp; Play Tablet immediately<\/strong><\/mark><strong><mark style=\"background-color:rgba(0, 0, 0, 0)\" class=\"has-inline-color has-primary-color\">.<\/mark><\/strong><\/h2>\n\n\n\n<p>Complete the form below and start transforming your fashion store into an efficient and profitable company this week. After completing this form, you will receive a confirmation email with further instructions. Once your payment is confirmed, we will immediately start the optimization of your fashion store so that you can quickly benefit from increased sales, improved margins and minimized no-sales.<\/p>\n\n\n\n<p><\/p>\n\n\n<script>\nvar gform;gform||(document.addEventListener(\"gform_main_scripts_loaded\",function(){gform.scriptsLoaded=!0}),document.addEventListener(\"gform\/theme\/scripts_loaded\",function(){gform.themeScriptsLoaded=!0}),window.addEventListener(\"DOMContentLoaded\",function(){gform.domLoaded=!0}),gform={domLoaded:!1,scriptsLoaded:!1,themeScriptsLoaded:!1,isFormEditor:()=>\"function\"==typeof InitializeEditor,callIfLoaded:function(o){return!(!gform.domLoaded||!gform.scriptsLoaded||!gform.themeScriptsLoaded&&!gform.isFormEditor()||(gform.isFormEditor()&&console.warn(\"The use of gform.initializeOnLoaded() is deprecated in the form editor context and will be removed in Gravity Forms 3.1.\"),o(),0))},initializeOnLoaded:function(o){gform.callIfLoaded(o)||(document.addEventListener(\"gform_main_scripts_loaded\",()=>{gform.scriptsLoaded=!0,gform.callIfLoaded(o)}),document.addEventListener(\"gform\/theme\/scripts_loaded\",()=>{gform.themeScriptsLoaded=!0,gform.callIfLoaded(o)}),window.addEventListener(\"DOMContentLoaded\",()=>{gform.domLoaded=!0,gform.callIfLoaded(o)}))},hooks:{action:{},filter:{}},addAction:function(o,r,e,t){gform.addHook(\"action\",o,r,e,t)},addFilter:function(o,r,e,t){gform.addHook(\"filter\",o,r,e,t)},doAction:function(o){gform.doHook(\"action\",o,arguments)},applyFilters:function(o){return gform.doHook(\"filter\",o,arguments)},removeAction:function(o,r){gform.removeHook(\"action\",o,r)},removeFilter:function(o,r,e){gform.removeHook(\"filter\",o,r,e)},addHook:function(o,r,e,t,n){null==gform.hooks[o][r]&&(gform.hooks[o][r]=[]);var d=gform.hooks[o][r];null==n&&(n=r+\"_\"+d.length),gform.hooks[o][r].push({tag:n,callable:e,priority:t=null==t?10:t})},doHook:function(r,o,e){var t;if(e=Array.prototype.slice.call(e,1),null!=gform.hooks[r][o]&&((o=gform.hooks[r][o]).sort(function(o,r){return o.priority-r.priority}),o.forEach(function(o){\"function\"!=typeof(t=o.callable)&&(t=window[t]),\"action\"==r?t.apply(null,e):e[0]=t.apply(null,e)})),\"filter\"==r)return e[0]},removeHook:function(o,r,t,n){var e;null!=gform.hooks[o][r]&&(e=(e=gform.hooks[o][r]).filter(function(o,r,e){return!!(null!=n&&n!=o.tag||null!=t&&t!=o.priority)}),gform.hooks[o][r]=e)}});\n<\/script>\n\n                <div class='gf_browser_gecko gform_wrapper gravity-theme gform-theme--no-framework' data-form-theme='gravity-theme' data-form-index='0' id='gform_wrapper_20' >\n                        <div class='gform_heading'>\n                            <h2 class=\"gform_title\">Bestseller Plug & Play Tablet ENGELS<\/h2>\n                            <p class='gform_description'><\/p>\n                        <\/div><form method='post' enctype='multipart\/form-data'  id='gform_20'  action='\/da\/wp-json\/wp\/v2\/pages\/4195' data-formid='20' novalidate><div class='gf_invisible ginput_recaptchav3' data-sitekey='6LdLWs4pAAAAAK5fuZS-3ofw-d1u3BYDYM-0w6GQ' data-tabindex='0'><input id=\"input_9fb3d1a6fe327e59fcf094ec03a5ee2a\" class=\"gfield_recaptcha_response\" type=\"hidden\" name=\"input_9fb3d1a6fe327e59fcf094ec03a5ee2a\" value=\"\"\/><\/div>\n                        <div class='gform-body gform_body'><div id='gform_fields_20' class='gform_fields top_label form_sublabel_below description_below validation_below'><div id=\"field_20_10\" class=\"gfield gfield--type-text gfield--input-type-text gfield--width-half gfield_contains_required field_sublabel_below gfield--no-description field_description_below field_validation_below gfield_visibility_visible\"  ><label class='gfield_label gform-field-label' for='input_20_10'>Company<span class=\"gfield_required\"><span class=\"gfield_required gfield_required_text\">(P\u00e5kr\u00e6vet)<\/span><\/span><\/label><div class='ginput_container ginput_container_text'><input name='input_10' id='input_20_10' type='text' value='' class='large'     aria-required=\"true\" aria-invalid=\"false\"   \/><\/div><\/div><div id=\"field_20_26\" class=\"gfield gfield--type-text gfield--input-type-text gfield--width-half gfield_contains_required field_sublabel_below gfield--no-description field_description_below field_validation_below gfield_visibility_visible\"  ><label class='gfield_label gform-field-label' for='input_20_26'>Place<span class=\"gfield_required\"><span class=\"gfield_required gfield_required_text\">(P\u00e5kr\u00e6vet)<\/span><\/span><\/label><div class='ginput_container ginput_container_text'><input name='input_26' id='input_20_26' type='text' value='' class='large'     aria-required=\"true\" aria-invalid=\"false\"   \/><\/div><\/div><div id=\"field_20_23\" class=\"gfield gfield--type-text gfield--input-type-text gfield--width-third field_sublabel_below gfield--no-description field_description_below field_validation_below gfield_visibility_visible\"  ><label class='gfield_label gform-field-label' for='input_20_23'>Additional branch<\/label><div class='ginput_container ginput_container_text'><input name='input_23' id='input_20_23' type='text' value='' class='large'      aria-invalid=\"false\"   \/><\/div><\/div><div id=\"field_20_22\" class=\"gfield gfield--type-text gfield--input-type-text gfield--width-third field_sublabel_below gfield--no-description field_description_below field_validation_below gfield_visibility_visible\"  ><label class='gfield_label gform-field-label' for='input_20_22'>Additional branch<\/label><div class='ginput_container ginput_container_text'><input name='input_22' id='input_20_22' type='text' value='' class='large'      aria-invalid=\"false\"   \/><\/div><\/div><div id=\"field_20_21\" class=\"gfield gfield--type-text gfield--input-type-text gfield--width-third field_sublabel_below gfield--no-description field_description_below field_validation_below gfield_visibility_visible\"  ><label class='gfield_label gform-field-label' for='input_20_21'>Additional branch<\/label><div class='ginput_container ginput_container_text'><input name='input_21' id='input_20_21' type='text' value='' class='large'      aria-invalid=\"false\"   \/><\/div><\/div><fieldset id=\"field_20_32\" class=\"gfield gfield--type-list gfield--input-type-list gfield--width-full field_sublabel_below gfield--no-description field_description_below field_validation_below gfield_visibility_visible\"  ><legend class='gfield_label gform-field-label' >Global Location Number (GLN)<\/legend><div class='ginput_container ginput_container_list ginput_list '><div class='gfield_list gfield_list_container'><div class=\"gfield_list_groups\"><div class='gfield_list_row_odd gfield_list_group gform-grid-row'><div class='gfield_list_group_item gfield_list_cell gfield_list_32_cell1 gform-grid-col' ><input aria-invalid='false'   aria-label='Global Location Number (GLN), R\u00e6kke 1' data-aria-label-template='Global Location Number (GLN), R\u00e6kke {0}' type='text' name='input_32[]' value=''   \/><\/div><div class='gfield_list_icons gform-grid-col'>   <button type='button'  class='add_list_item ' aria-label='Tilf\u00f8j ny r\u00e6kke' onclick='gformAddListItem(this, 0)'>Tilf\u00f8j<\/button>   <button type='button'  class='delete_list_item' aria-label='Fjern r\u00e6kke 1' data-aria-label-template='Fjern r\u00e6kke {0}' onclick='gformDeleteListItem(this, 0)' style=\"visibility:hidden;\">Fjern<\/button><\/div><\/div><\/div><\/div><\/div><\/fieldset><div id=\"field_20_1\" class=\"gfield gfield--type-text gfield--input-type-text gfield--width-half gfield_contains_required field_sublabel_below gfield--no-description field_description_below field_validation_below gfield_visibility_visible\"  ><label class='gfield_label gform-field-label' for='input_20_1'>Name<span class=\"gfield_required\"><span class=\"gfield_required gfield_required_text\">(P\u00e5kr\u00e6vet)<\/span><\/span><\/label><div class='ginput_container ginput_container_text'><input name='input_1' id='input_20_1' type='text' value='' class='large'     aria-required=\"true\" aria-invalid=\"false\"   \/><\/div><\/div><div id=\"field_20_4\" class=\"gfield gfield--type-email gfield--input-type-email gfield--width-half gfield_contains_required field_sublabel_below gfield--no-description field_description_below field_validation_below gfield_visibility_visible\"  ><label class='gfield_label gform-field-label' for='input_20_4'>E-mail address<span class=\"gfield_required\"><span class=\"gfield_required gfield_required_text\">(P\u00e5kr\u00e6vet)<\/span><\/span><\/label><div class='ginput_container ginput_container_email'>\n                            <input name='input_4' id='input_20_4' type='email' value='' class='large'    aria-required=\"true\" aria-invalid=\"false\"  \/>\n                        <\/div><\/div><div id=\"field_20_14\" class=\"gfield gfield--type-phone gfield--input-type-phone gfield--width-full field_sublabel_below gfield--no-description field_description_below field_validation_below gfield_visibility_visible\"  ><label class='gfield_label gform-field-label' for='input_20_14'>Phone number<\/label><div class='ginput_container ginput_container_phone'><input name='input_14' id='input_20_14' type='tel' value='' class='large'    aria-invalid=\"false\"   \/><\/div><\/div><fieldset id=\"field_20_34\" class=\"gfield gfield--type-consent gfield--type-choice gfield--input-type-consent gfield--width-full gfield_contains_required field_sublabel_below gfield--no-description field_description_below field_validation_below gfield_visibility_visible\"  ><legend class='gfield_label gform-field-label gfield_label_before_complex' >Consent to direct debit<span class=\"gfield_required\"><span class=\"gfield_required gfield_required_text\">(P\u00e5kr\u00e6vet)<\/span><\/span><\/legend><div class='ginput_container ginput_container_consent'><input name='input_34.1' id='input_20_34_1' type='checkbox' value='1'   aria-required=\"true\" aria-invalid=\"false\"   \/> <label class=\"gform-field-label gform-field-label--type-inline gfield_consent_label\" for='input_20_34_1' >By submitting this form, I agree to have my monthly payments automatically collected. I hereby authorize Latest Collection by Softwear BV to debit the amount due monthly from my bank account. I understand that this direct debit will remain in effect until I cancel it in writing.<\/label><input type='hidden' name='input_34.2' value='By submitting this form, I agree to have my monthly payments automatically collected. I hereby authorize Latest Collection by Softwear BV to debit the amount due monthly from my bank account. I understand that this direct debit will remain in effect until I cancel it in writing.' class='gform_hidden' \/><input type='hidden' name='input_34.3' value='12' class='gform_hidden' \/><\/div><\/fieldset><\/div><\/div>\n        <div class='gform-footer gform_footer top_label'> <div class='wp-block-buttons is-content-justification-center is-layout-flex'><div class='wp-block-button'><button class='wp-block-button__link wp-element-button button gform_button' id='gform_submit_button_20'><span>Versturen<\/span><\/button><\/div><\/div> \n            <input type='hidden' class='gform_hidden' name='gform_submission_method' data-js='gform_submission_method_20' value='postback' \/>\n            <input type='hidden' class='gform_hidden' name='gform_theme' data-js='gform_theme_20' id='gform_theme_20' value='gravity-theme' \/>\n            <input type='hidden' class='gform_hidden' name='gform_style_settings' data-js='gform_style_settings_20' id='gform_style_settings_20' value='[]' \/>\n            <input type='hidden' class='gform_hidden' name='is_submit_20' value='1' \/>\n            <input type='hidden' class='gform_hidden' name='gform_submit' value='20' \/>\n            \n            <input type='hidden' class='gform_hidden' name='gform_currency' data-currency='EUR' value='c1p1S9IH6oGu02GcjvK7qc5lFBWbe7KEpyEJMyAOnmVVIqnSQoc6EZLPWlfPEt8m3u43bY0NXsQaS9Ibxun+AmNjyRLWAUng\/wJl8YPV9T6Jjxw=' \/>\n            <input type='hidden' class='gform_hidden' name='gform_unique_id' value='' \/>\n            <input type='hidden' class='gform_hidden' name='state_20' value='WyJ7XCIzNC4xXCI6XCJhMmMwZTVkN2NmNDkwOWQ1N2YwYWNhOTkzZDI4N2JiZFwiLFwiMzQuMlwiOlwiNzdjMDJkNWI1MzFiNDY0YTE5NDY5NTVhZGU1NDYzMWZcIixcIjM0LjNcIjpcIjg4NGMzYjlkZDVkYWIzOGZjNDI0ZWJlMWJjOTVjMWNkXCJ9IiwiNzcwNTlkMDljMDU0NjA1MTZlODI5ZTNmYTM5NWIzZGIiXQ==' \/>\n            <input type='hidden' autocomplete='off' class='gform_hidden' name='gform_target_page_number_20' id='gform_target_page_number_20' value='0' \/>\n            <input type='hidden' autocomplete='off' class='gform_hidden' name='gform_source_page_number_20' id='gform_source_page_number_20' value='1' \/>\n            <input type='hidden' name='gform_field_values' value='' \/>\n            \n        <\/div>\n                        <\/form>\n                        <\/div><script>\ngform.initializeOnLoaded( function() {gformInitSpinner( 20, 'https:\/\/latestcollection.com\/wp-content\/plugins\/gravityforms\/images\/spinner.svg', true );jQuery('#gform_ajax_frame_20').on('load',function(){var contents = jQuery(this).contents().find('*').html();var is_postback = contents.indexOf('GF_AJAX_POSTBACK') >= 0;if(!is_postback){return;}var form_content = jQuery(this).contents().find('#gform_wrapper_20');var is_confirmation = jQuery(this).contents().find('#gform_confirmation_wrapper_20').length > 0;var is_redirect = contents.indexOf('gformRedirect(){') >= 0;var is_form = form_content.length > 0 && ! is_redirect && ! is_confirmation;var mt = parseInt(jQuery('html').css('margin-top'), 10) + parseInt(jQuery('body').css('margin-top'), 10) + 100;if(is_form){jQuery('#gform_wrapper_20').html(form_content.html());if(form_content.hasClass('gform_validation_error')){jQuery('#gform_wrapper_20').addClass('gform_validation_error');} else {jQuery('#gform_wrapper_20').removeClass('gform_validation_error');}setTimeout( function() { \/* delay the scroll by 50 milliseconds to fix a bug in chrome *\/  }, 50 );if(window['gformInitDatepicker']) {gformInitDatepicker();}if(window['gformInitPriceFields']) {gformInitPriceFields();}var current_page = jQuery('#gform_source_page_number_20').val();gformInitSpinner( 20, 'https:\/\/latestcollection.com\/wp-content\/plugins\/gravityforms\/images\/spinner.svg', true );jQuery(document).trigger('gform_page_loaded', [20, current_page]);window['gf_submitting_20'] = false;}else if(!is_redirect){var confirmation_content = jQuery(this).contents().find('.GF_AJAX_POSTBACK').html();if(!confirmation_content){confirmation_content = contents;}jQuery('#gform_wrapper_20').replaceWith(confirmation_content);jQuery(document).trigger('gform_confirmation_loaded', [20]);window['gf_submitting_20'] = false;wp.a11y.speak(jQuery('#gform_confirmation_message_20').text());}else{jQuery('#gform_20').append(contents);if(window['gformRedirect']) {gformRedirect();}}jQuery(document).trigger(\"gform_pre_post_render\", [{ formId: \"20\", currentPage: \"current_page\", abort: function() { this.preventDefault(); } }]);        if (event && event.defaultPrevented) {                return;        }        const gformWrapperDiv = document.getElementById( \"gform_wrapper_20\" );        if ( gformWrapperDiv ) {            const visibilitySpan = document.createElement( \"span\" );            visibilitySpan.id = \"gform_visibility_test_20\";            gformWrapperDiv.insertAdjacentElement( \"afterend\", visibilitySpan );        }        const visibilityTestDiv = document.getElementById( \"gform_visibility_test_20\" );        let postRenderFired = false;        function triggerPostRender() {            if ( postRenderFired ) {                return;            }            postRenderFired = true;            gform.core.triggerPostRenderEvents( 20, current_page );            if ( visibilityTestDiv ) {                visibilityTestDiv.parentNode.removeChild( visibilityTestDiv );            }        }        function debounce( func, wait, immediate ) {            var timeout;            return function() {                var context = this, args = arguments;                var later = function() {                    timeout = null;                    if ( !immediate ) func.apply( context, args );                };                var callNow = immediate && !timeout;                clearTimeout( timeout );                timeout = setTimeout( later, wait );                if ( callNow ) func.apply( context, args );            };        }        const debouncedTriggerPostRender = debounce( function() {            triggerPostRender();        }, 200 );        if ( visibilityTestDiv && visibilityTestDiv.offsetParent === null ) {            const observer = new MutationObserver( ( mutations ) => {                mutations.forEach( ( mutation ) => {                    if ( mutation.type === 'attributes' && visibilityTestDiv.offsetParent !== null ) {                        debouncedTriggerPostRender();                        observer.disconnect();                    }                });            });            observer.observe( document.body, {                attributes: true,                childList: false,                subtree: true,                attributeFilter: [ 'style', 'class' ],            });        } else {            triggerPostRender();        }    } );} );\n<\/script>\n\n","protected":false},"excerpt":{"rendered":"<p>Velkommen til Latest Collection, stedet hvor Bestseller-elskere m\u00f8des! Vi forst\u00e5r, at det er vigtigt at holde din ... <a href=\"https:\/\/latestcollection.com\/da\/bestseller-plug-amp-play-tablet-en\/\"><\/a><\/p>","protected":false},"author":2,"featured_media":0,"parent":0,"menu_order":0,"comment_status":"closed","ping_status":"closed","template":"","meta":{"_acf_changed":false,"footnotes":""},"class_list":["post-4195","page","type-page","status-publish","hentry"],"acf":[],"_links":{"self":[{"href":"https:\/\/latestcollection.com\/da\/wp-json\/wp\/v2\/pages\/4195","targetHints":{"allow":["GET"]}}],"collection":[{"href":"https:\/\/latestcollection.com\/da\/wp-json\/wp\/v2\/pages"}],"about":[{"href":"https:\/\/latestcollection.com\/da\/wp-json\/wp\/v2\/types\/page"}],"author":[{"embeddable":true,"href":"https:\/\/latestcollection.com\/da\/wp-json\/wp\/v2\/users\/2"}],"replies":[{"embeddable":true,"href":"https:\/\/latestcollection.com\/da\/wp-json\/wp\/v2\/comments?post=4195"}],"version-history":[{"count":3,"href":"https:\/\/latestcollection.com\/da\/wp-json\/wp\/v2\/pages\/4195\/revisions"}],"predecessor-version":[{"id":5555,"href":"https:\/\/latestcollection.com\/da\/wp-json\/wp\/v2\/pages\/4195\/revisions\/5555"}],"wp:attachment":[{"href":"https:\/\/latestcollection.com\/da\/wp-json\/wp\/v2\/media?parent=4195"}],"curies":[{"name":"wp","href":"https:\/\/api.w.org\/{rel}","templated":true}]}}