{"id":3578,"date":"2024-02-21T13:26:51","date_gmt":"2024-02-21T12:26:51","guid":{"rendered":"https:\/\/latestcollection.com\/?page_id=3578"},"modified":"2025-02-28T15:44:59","modified_gmt":"2025-02-28T14:44:59","slug":"yaya-tableta-plug-play","status":"publish","type":"page","link":"https:\/\/latestcollection.com\/da\/yaya-tableta-plug-play\/","title":{"rendered":"YAYA Tableta Plug &#038; Play (SP)"},"content":{"rendered":"\n<figure class=\"wp-block-image size-large\"><img loading=\"lazy\" decoding=\"async\" width=\"1024\" height=\"508\" src=\"https:\/\/latestcollection.com\/wp-content\/uploads\/2024\/02\/Bestseller-winkels-kassasysteem-plug-play-ipad-1024x508.png\" alt=\"Bestseller winkels kassasysteem plug &amp; play ipad\" class=\"wp-image-3427\" srcset=\"https:\/\/latestcollection.com\/wp-content\/uploads\/2024\/02\/Bestseller-winkels-kassasysteem-plug-play-ipad-1024x508.png 1024w, https:\/\/latestcollection.com\/wp-content\/uploads\/2024\/02\/Bestseller-winkels-kassasysteem-plug-play-ipad-300x149.png 300w, https:\/\/latestcollection.com\/wp-content\/uploads\/2024\/02\/Bestseller-winkels-kassasysteem-plug-play-ipad-768x381.png 768w, https:\/\/latestcollection.com\/wp-content\/uploads\/2024\/02\/Bestseller-winkels-kassasysteem-plug-play-ipad-1536x762.png 1536w, https:\/\/latestcollection.com\/wp-content\/uploads\/2024\/02\/Bestseller-winkels-kassasysteem-plug-play-ipad-353x175.png 353w, https:\/\/latestcollection.com\/wp-content\/uploads\/2024\/02\/Bestseller-winkels-kassasysteem-plug-play-ipad.png 2016w\" sizes=\"auto, (max-width: 1024px) 100vw, 1024px\" \/><\/figure>\n\n\n\n<p class=\"has-small-font-size\">Bienvenido a la Latest Collection, el lugar donde se re\u00fanen los amantes de YAYA. Entendemos la importancia de mantener tu tienda en funcionamiento de manera eficiente y al mismo tiempo minimizar costos. Por eso, presentamos con orgullo nuestra nueva Tablet Plug &amp; Play, dise\u00f1ada especialmente para optimizar tu experiencia de compra con la marca <a href=\"https:\/\/yaya.nl\/service\/about-yaya\" target=\"_blank\" rel=\"noreferrer noopener\">YAYA<\/a>. La Tablet Plug &amp; Play ha sido cuidadosamente dise\u00f1ada para compartir datos sin complicados procedimientos de instalaci\u00f3n. Optimiza tus ventas, aumenta tus m\u00e1rgenes y dile adi\u00f3s a las ventas perdidas. Simplifica, mejora y aumenta tu rentabilidad con la Tablet Plug &amp; Play.<\/p>\n\n\n\n<div class=\"wp-block-buttons is-content-justification-center is-layout-flex wp-container-core-buttons-is-layout-a89b3969 wp-block-buttons-is-layout-flex\">\n<div class=\"wp-block-button has-custom-font-size has-small-font-size\"><a class=\"wp-block-button__link has-secondary-background-color has-background wp-element-button\" href=\"#Solicitud-de-tablet\">Ordena la Tablet Plug &amp; Play<\/a><\/div>\n<\/div>\n\n\n\n<h2 class=\"wp-block-heading has-large-font-size\"><strong>Descubre el intercambio de datos con YAYA<mark style=\"background-color:rgba(0, 0, 0, 0)\" class=\"has-inline-color has-primary-color\">.<\/mark><\/strong><\/h2>\n\n\n\n<p class=\"has-small-font-size\">Con una configuraci\u00f3n \u00fanica de tan solo \u20ac150,- y una tarifa mensual de \u20ac50,-, te sumergir\u00e1s en una revoluci\u00f3n en el intercambio de datos con YAYA. Aqu\u00ed tienes algunas razones por las cuales nuestra tablet realmente es una incorporaci\u00f3n valiosa para tu tienda:<\/p>\n\n\n\n<div class=\"wp-block-group is-layout-constrained wp-block-group-is-layout-constrained\">\n<ul class=\"wp-block-list\">\n<li class=\"has-small-font-size\"><strong>Hogeres m\u00e1rgenes:<\/strong> Desbloquea nuevas oportunidades para la rentabilidad con nuestra Tablet Plug &amp; Play. Reduce costos y maximiza tus m\u00e1rgenes para lograr una posici\u00f3n financiera m\u00e1s saludable.<\/li>\n\n\n\n<li class=\"has-small-font-size\"><strong>M\u00e1s ventas:<\/strong> Estimula el crecimiento y aumenta tus ventas. Optimiza la eficiencia y aumenta la productividad, permitiendo que tu negocio est\u00e9 mejor preparado para satisfacer la creciente demanda.<\/li>\n\n\n\n<li class=\"has-small-font-size\"><strong>Menos ventas perdidas:<\/strong> Di adi\u00f3s a las oportunidades perdidas con nuestra tecnolog\u00eda avanzada. La Tablet Plug &amp; Play minimiza las ventas perdidas al tener siempre en stock los productos m\u00e1s solicitados, evitando que decepciones a tus clientes.<\/li>\n\n\n\n<li class=\"has-small-font-size\"><strong>Intercambio de datos:<\/strong> Facilita el intercambio de datos sin problemas con la Tablet Plug &amp; Play. Refuerza tus decisiones empresariales colaborando con YAYA. Nuestra Tablet Plug &amp; Play optimiza el flujo de informaci\u00f3n, brind\u00e1ndote acceso a datos cruciales para una toma de decisiones r\u00e1pida e informada.<\/li>\n\n\n\n<li class=\"has-small-font-size\"><strong>Mayor satisfacci\u00f3n del cliente:<\/strong> Maximiza la satisfacci\u00f3n del cliente al compartir datos, con la colaboraci\u00f3n con el proveedor YAYA garantizando una experiencia sin preocupaciones.<\/li>\n<\/ul>\n<\/div>\n\n\n\n<h2 class=\"wp-block-heading has-large-font-size\"><strong>Sencillo y simple<mark style=\"background-color:rgba(0, 0, 0, 0)\" class=\"has-inline-color has-primary-color\">.<\/mark><\/strong><\/h2>\n\n\n\n<p class=\"has-small-font-size\">Nuestra tableta Plug &amp; Play est\u00e1 dise\u00f1ada pensando en su comodidad. Haz tu pedido y nosotros lo llevamos desde all\u00ed. En un plazo de 48 horas, recibir\u00e1 una tableta y un esc\u00e1ner listos para usar, con acceso directo a trav\u00e9s de sus datos de inicio de sesi\u00f3n. Con un simple escaneo junto a la caja registradora, el sistema entra en funcionamiento, para que puedas disfrutar de todos los beneficios de la marca YAYA en poco tiempo.<\/p>\n\n\n\n<p class=\"has-small-font-size\">As\u00ed que no esperes m\u00e1s y transforma tu tienda con nuestra Tablet Plug &amp; Play y disfruta de todos los beneficios de forma inmediata. Cont\u00e1ctanos hoy para descubrir c\u00f3mo podemos ayudarte a crecer con YAYA.<\/p>\n\n\n\n<h2 class=\"wp-block-heading has-large-font-size\" id=\"Solicitud-de-tablet\"><mark style=\"background-color:rgba(0, 0, 0, 0)\" class=\"has-inline-color has-secondary-color\"><strong>Solicite la Tablet Plug &amp; Play inmediatamente<\/strong><\/mark><strong><mark style=\"background-color:rgba(0, 0, 0, 0)\" class=\"has-inline-color has-primary-color\">.<\/mark><\/strong><\/h2>\n\n\n\n<p class=\"has-small-font-size\">Rellene el siguiente formulario y empiece esta semana a transformar su tienda de moda en una empresa eficiente y rentable. Despu\u00e9s de completar este formulario, recibir\u00e1 un correo electr\u00f3nico de confirmaci\u00f3n con m\u00e1s instrucciones. Una vez confirmado su pago, iniciaremos inmediatamente la optimizaci\u00f3n de su tienda de moda para que pueda beneficiarse r\u00e1pidamente de un aumento de las ventas, una mejora de los m\u00e1rgenes y una minimizaci\u00f3n de las no ventas.<\/p>\n\n\n\n<p><\/p>\n\n\n<script>\nvar gform;gform||(document.addEventListener(\"gform_main_scripts_loaded\",function(){gform.scriptsLoaded=!0}),document.addEventListener(\"gform\/theme\/scripts_loaded\",function(){gform.themeScriptsLoaded=!0}),window.addEventListener(\"DOMContentLoaded\",function(){gform.domLoaded=!0}),gform={domLoaded:!1,scriptsLoaded:!1,themeScriptsLoaded:!1,isFormEditor:()=>\"function\"==typeof InitializeEditor,callIfLoaded:function(o){return!(!gform.domLoaded||!gform.scriptsLoaded||!gform.themeScriptsLoaded&&!gform.isFormEditor()||(gform.isFormEditor()&&console.warn(\"The use of gform.initializeOnLoaded() is deprecated in the form editor context and will be removed in Gravity Forms 3.1.\"),o(),0))},initializeOnLoaded:function(o){gform.callIfLoaded(o)||(document.addEventListener(\"gform_main_scripts_loaded\",()=>{gform.scriptsLoaded=!0,gform.callIfLoaded(o)}),document.addEventListener(\"gform\/theme\/scripts_loaded\",()=>{gform.themeScriptsLoaded=!0,gform.callIfLoaded(o)}),window.addEventListener(\"DOMContentLoaded\",()=>{gform.domLoaded=!0,gform.callIfLoaded(o)}))},hooks:{action:{},filter:{}},addAction:function(o,r,e,t){gform.addHook(\"action\",o,r,e,t)},addFilter:function(o,r,e,t){gform.addHook(\"filter\",o,r,e,t)},doAction:function(o){gform.doHook(\"action\",o,arguments)},applyFilters:function(o){return gform.doHook(\"filter\",o,arguments)},removeAction:function(o,r){gform.removeHook(\"action\",o,r)},removeFilter:function(o,r,e){gform.removeHook(\"filter\",o,r,e)},addHook:function(o,r,e,t,n){null==gform.hooks[o][r]&&(gform.hooks[o][r]=[]);var d=gform.hooks[o][r];null==n&&(n=r+\"_\"+d.length),gform.hooks[o][r].push({tag:n,callable:e,priority:t=null==t?10:t})},doHook:function(r,o,e){var t;if(e=Array.prototype.slice.call(e,1),null!=gform.hooks[r][o]&&((o=gform.hooks[r][o]).sort(function(o,r){return o.priority-r.priority}),o.forEach(function(o){\"function\"!=typeof(t=o.callable)&&(t=window[t]),\"action\"==r?t.apply(null,e):e[0]=t.apply(null,e)})),\"filter\"==r)return e[0]},removeHook:function(o,r,t,n){var e;null!=gform.hooks[o][r]&&(e=(e=gform.hooks[o][r]).filter(function(o,r,e){return!!(null!=n&&n!=o.tag||null!=t&&t!=o.priority)}),gform.hooks[o][r]=e)}});\n<\/script>\n\n                <div class='gf_browser_gecko gform_wrapper gravity-theme gform-theme--no-framework' data-form-theme='gravity-theme' data-form-index='0' id='gform_wrapper_15' >\n                        <div class='gform_heading'>\n                            <h2 class=\"gform_title\">YAYA Plug & Play Tablet SPAANS<\/h2>\n                            <p class='gform_description'><\/p>\n                        <\/div><form method='post' enctype='multipart\/form-data'  id='gform_15'  action='\/da\/wp-json\/wp\/v2\/pages\/3578' data-formid='15' novalidate><div class='gf_invisible ginput_recaptchav3' data-sitekey='6LdLWs4pAAAAAK5fuZS-3ofw-d1u3BYDYM-0w6GQ' data-tabindex='0'><input id=\"input_2cc31fe222db67e09382a10085a22056\" class=\"gfield_recaptcha_response\" type=\"hidden\" name=\"input_2cc31fe222db67e09382a10085a22056\" value=\"\"\/><\/div>\n                        <div class='gform-body gform_body'><div id='gform_fields_15' class='gform_fields top_label form_sublabel_below description_below validation_below'><div id=\"field_15_10\" class=\"gfield gfield--type-text gfield--input-type-text gfield--width-half gfield_contains_required field_sublabel_below gfield--no-description field_description_below field_validation_below gfield_visibility_visible\"  ><label class='gfield_label gform-field-label' for='input_15_10'>Compa\u00f1\u00eda<span class=\"gfield_required\"><span class=\"gfield_required gfield_required_text\">(P\u00e5kr\u00e6vet)<\/span><\/span><\/label><div class='ginput_container ginput_container_text'><input name='input_10' id='input_15_10' type='text' value='' class='large'     aria-required=\"true\" aria-invalid=\"false\"   \/><\/div><\/div><div id=\"field_15_26\" class=\"gfield gfield--type-text gfield--input-type-text gfield--width-half gfield_contains_required field_sublabel_below gfield--no-description field_description_below field_validation_below gfield_visibility_visible\"  ><label class='gfield_label gform-field-label' for='input_15_26'>Lugar<span class=\"gfield_required\"><span class=\"gfield_required gfield_required_text\">(P\u00e5kr\u00e6vet)<\/span><\/span><\/label><div class='ginput_container ginput_container_text'><input name='input_26' id='input_15_26' type='text' value='' class='large'     aria-required=\"true\" aria-invalid=\"false\"   \/><\/div><\/div><div id=\"field_15_23\" class=\"gfield gfield--type-text gfield--input-type-text gfield--width-third field_sublabel_below gfield--no-description field_description_below field_validation_below gfield_visibility_visible\"  ><label class='gfield_label gform-field-label' for='input_15_23'>Sucursal adicional<\/label><div class='ginput_container ginput_container_text'><input name='input_23' id='input_15_23' type='text' value='' class='large'      aria-invalid=\"false\"   \/><\/div><\/div><div id=\"field_15_22\" class=\"gfield gfield--type-text gfield--input-type-text gfield--width-third field_sublabel_below gfield--no-description field_description_below field_validation_below gfield_visibility_visible\"  ><label class='gfield_label gform-field-label' for='input_15_22'>Sucursal adicional<\/label><div class='ginput_container ginput_container_text'><input name='input_22' id='input_15_22' type='text' value='' class='large'      aria-invalid=\"false\"   \/><\/div><\/div><div id=\"field_15_21\" class=\"gfield gfield--type-text gfield--input-type-text gfield--width-third field_sublabel_below gfield--no-description field_description_below field_validation_below gfield_visibility_visible\"  ><label class='gfield_label gform-field-label' for='input_15_21'>Sucursal adicional<\/label><div class='ginput_container ginput_container_text'><input name='input_21' id='input_15_21' type='text' value='' class='large'      aria-invalid=\"false\"   \/><\/div><\/div><fieldset id=\"field_15_32\" class=\"gfield gfield--type-list gfield--input-type-list gfield--width-full field_sublabel_below gfield--no-description field_description_below field_validation_below gfield_visibility_visible\"  ><legend class='gfield_label gform-field-label' >N\u00famero de ubicaci\u00f3n global (GLN)<\/legend><div class='ginput_container ginput_container_list ginput_list '><div class='gfield_list gfield_list_container'><div class=\"gfield_list_groups\"><div class='gfield_list_row_odd gfield_list_group gform-grid-row'><div class='gfield_list_group_item gfield_list_cell gfield_list_32_cell1 gform-grid-col' ><input aria-invalid='false'   aria-label='N\u00famero de ubicaci\u00f3n global (GLN), R\u00e6kke 1' data-aria-label-template='N\u00famero de ubicaci\u00f3n global (GLN), R\u00e6kke {0}' type='text' name='input_32[]' value=''   \/><\/div><div class='gfield_list_icons gform-grid-col'>   <button type='button'  class='add_list_item ' aria-label='Tilf\u00f8j ny r\u00e6kke' onclick='gformAddListItem(this, 0)'>Tilf\u00f8j<\/button>   <button type='button'  class='delete_list_item' aria-label='Fjern r\u00e6kke 1' data-aria-label-template='Fjern r\u00e6kke {0}' onclick='gformDeleteListItem(this, 0)' style=\"visibility:hidden;\">Fjern<\/button><\/div><\/div><\/div><\/div><\/div><\/fieldset><div id=\"field_15_1\" class=\"gfield gfield--type-text gfield--input-type-text gfield--width-half gfield_contains_required field_sublabel_below gfield--no-description field_description_below field_validation_below gfield_visibility_visible\"  ><label class='gfield_label gform-field-label' for='input_15_1'>Nombre<span class=\"gfield_required\"><span class=\"gfield_required gfield_required_text\">(P\u00e5kr\u00e6vet)<\/span><\/span><\/label><div class='ginput_container ginput_container_text'><input name='input_1' id='input_15_1' type='text' value='' class='large'     aria-required=\"true\" aria-invalid=\"false\"   \/><\/div><\/div><div id=\"field_15_4\" class=\"gfield gfield--type-email gfield--input-type-email gfield--width-half gfield_contains_required field_sublabel_below gfield--no-description field_description_below field_validation_below gfield_visibility_visible\"  ><label class='gfield_label gform-field-label' for='input_15_4'>Direcci\u00f3n de correo electr\u00f3nico<span class=\"gfield_required\"><span class=\"gfield_required gfield_required_text\">(P\u00e5kr\u00e6vet)<\/span><\/span><\/label><div class='ginput_container ginput_container_email'>\n                            <input name='input_4' id='input_15_4' type='email' value='' class='large'    aria-required=\"true\" aria-invalid=\"false\"  \/>\n                        <\/div><\/div><div id=\"field_15_14\" class=\"gfield gfield--type-phone gfield--input-type-phone gfield--width-full field_sublabel_below gfield--no-description field_description_below field_validation_below gfield_visibility_visible\"  ><label class='gfield_label gform-field-label' for='input_15_14'>N\u00famero de tel\u00e9fono<\/label><div class='ginput_container ginput_container_phone'><input name='input_14' id='input_15_14' type='tel' value='' class='large'    aria-invalid=\"false\"   \/><\/div><\/div><fieldset id=\"field_15_33\" class=\"gfield gfield--type-consent gfield--type-choice gfield--input-type-consent gfield_contains_required field_sublabel_below gfield--no-description field_description_below field_validation_below gfield_visibility_visible\"  ><legend class='gfield_label gform-field-label gfield_label_before_complex' >Consentimiento para la domiciliaci\u00f3n bancaria<span class=\"gfield_required\"><span class=\"gfield_required gfield_required_text\">(P\u00e5kr\u00e6vet)<\/span><\/span><\/legend><div class='ginput_container ginput_container_consent'><input name='input_33.1' id='input_15_33_1' type='checkbox' value='1'   aria-required=\"true\" aria-invalid=\"false\"   \/> <label class=\"gform-field-label gform-field-label--type-inline gfield_consent_label\" for='input_15_33_1' >Al enviar este formulario, acepto que mis pagos mensuales se cobren autom\u00e1ticamente. Por la presente autorizo a Latest Collection a domiciliar el importe adeudado mensualmente en mi cuenta bancaria. Entiendo que esta domiciliaci\u00f3n permanecer\u00e1 en vigor hasta que la cancele por escrito.<\/label><input type='hidden' name='input_33.2' value='Al enviar este formulario, acepto que mis pagos mensuales se cobren autom\u00e1ticamente. Por la presente autorizo a Latest Collection a domiciliar el importe adeudado mensualmente en mi cuenta bancaria. Entiendo que esta domiciliaci\u00f3n permanecer\u00e1 en vigor hasta que la cancele por escrito.' class='gform_hidden' \/><input type='hidden' name='input_33.3' value='10' class='gform_hidden' \/><\/div><\/fieldset><\/div><\/div>\n        <div class='gform-footer gform_footer top_label'> <div class='wp-block-buttons is-content-justification-center is-layout-flex'><div class='wp-block-button'><button class='wp-block-button__link wp-element-button button gform_button' id='gform_submit_button_15'><span>Versturen<\/span><\/button><\/div><\/div> \n            <input type='hidden' class='gform_hidden' name='gform_submission_method' data-js='gform_submission_method_15' value='postback' \/>\n            <input type='hidden' class='gform_hidden' name='gform_theme' data-js='gform_theme_15' id='gform_theme_15' value='gravity-theme' \/>\n            <input type='hidden' class='gform_hidden' name='gform_style_settings' data-js='gform_style_settings_15' id='gform_style_settings_15' value='[]' \/>\n            <input type='hidden' class='gform_hidden' name='is_submit_15' value='1' \/>\n            <input type='hidden' class='gform_hidden' name='gform_submit' value='15' \/>\n            \n            <input type='hidden' class='gform_hidden' name='gform_currency' data-currency='EUR' value='AF2rPDDhsCxtNaUXobAkCvZMzgVg9k2rZoeOuhv+kPP9qtCdmfBXBjtp\/yEscvWLeZmgpcaIZMG5J5FvdXq+kLZnPABQsgVYqhfMs9NZYJboW3o=' \/>\n            <input type='hidden' class='gform_hidden' name='gform_unique_id' value='' \/>\n            <input type='hidden' class='gform_hidden' name='state_15' value='WyJ7XCIzMy4xXCI6XCJhMmMwZTVkN2NmNDkwOWQ1N2YwYWNhOTkzZDI4N2JiZFwiLFwiMzMuMlwiOlwiMjhmMTJlYjNlYmYxMDEwMWZiZGExOTJmNWU5YmNiM2JcIixcIjMzLjNcIjpcIjQ0NzU4NTMwOTUzYTI1NDI2N2EzZTRmZDBkMjFkNTRhXCJ9IiwiZjVlMzI3N2Q4ZWUxOTFmNDk5ODRkNjM2MGEyYjlhY2YiXQ==' \/>\n            <input type='hidden' autocomplete='off' class='gform_hidden' name='gform_target_page_number_15' id='gform_target_page_number_15' value='0' \/>\n            <input type='hidden' autocomplete='off' class='gform_hidden' name='gform_source_page_number_15' id='gform_source_page_number_15' value='1' \/>\n            <input type='hidden' name='gform_field_values' value='' \/>\n            \n        <\/div>\n                        <\/form>\n                        <\/div><script>\ngform.initializeOnLoaded( function() {gformInitSpinner( 15, 'https:\/\/latestcollection.com\/wp-content\/plugins\/gravityforms\/images\/spinner.svg', true );jQuery('#gform_ajax_frame_15').on('load',function(){var contents = jQuery(this).contents().find('*').html();var is_postback = contents.indexOf('GF_AJAX_POSTBACK') >= 0;if(!is_postback){return;}var form_content = jQuery(this).contents().find('#gform_wrapper_15');var is_confirmation = jQuery(this).contents().find('#gform_confirmation_wrapper_15').length > 0;var is_redirect = contents.indexOf('gformRedirect(){') >= 0;var is_form = form_content.length > 0 && ! is_redirect && ! is_confirmation;var mt = parseInt(jQuery('html').css('margin-top'), 10) + parseInt(jQuery('body').css('margin-top'), 10) + 100;if(is_form){jQuery('#gform_wrapper_15').html(form_content.html());if(form_content.hasClass('gform_validation_error')){jQuery('#gform_wrapper_15').addClass('gform_validation_error');} else {jQuery('#gform_wrapper_15').removeClass('gform_validation_error');}setTimeout( function() { \/* delay the scroll by 50 milliseconds to fix a bug in chrome *\/  }, 50 );if(window['gformInitDatepicker']) {gformInitDatepicker();}if(window['gformInitPriceFields']) {gformInitPriceFields();}var current_page = jQuery('#gform_source_page_number_15').val();gformInitSpinner( 15, 'https:\/\/latestcollection.com\/wp-content\/plugins\/gravityforms\/images\/spinner.svg', true );jQuery(document).trigger('gform_page_loaded', [15, current_page]);window['gf_submitting_15'] = false;}else if(!is_redirect){var confirmation_content = jQuery(this).contents().find('.GF_AJAX_POSTBACK').html();if(!confirmation_content){confirmation_content = contents;}jQuery('#gform_wrapper_15').replaceWith(confirmation_content);jQuery(document).trigger('gform_confirmation_loaded', [15]);window['gf_submitting_15'] = false;wp.a11y.speak(jQuery('#gform_confirmation_message_15').text());}else{jQuery('#gform_15').append(contents);if(window['gformRedirect']) {gformRedirect();}}jQuery(document).trigger(\"gform_pre_post_render\", [{ formId: \"15\", currentPage: \"current_page\", abort: function() { this.preventDefault(); } }]);        if (event && event.defaultPrevented) {                return;        }        const gformWrapperDiv = document.getElementById( \"gform_wrapper_15\" );        if ( gformWrapperDiv ) {            const visibilitySpan = document.createElement( \"span\" );            visibilitySpan.id = \"gform_visibility_test_15\";            gformWrapperDiv.insertAdjacentElement( \"afterend\", visibilitySpan );        }        const visibilityTestDiv = document.getElementById( \"gform_visibility_test_15\" );        let postRenderFired = false;        function triggerPostRender() {            if ( postRenderFired ) {                return;            }            postRenderFired = true;            gform.core.triggerPostRenderEvents( 15, current_page );            if ( visibilityTestDiv ) {                visibilityTestDiv.parentNode.removeChild( visibilityTestDiv );            }        }        function debounce( func, wait, immediate ) {            var timeout;            return function() {                var context = this, args = arguments;                var later = function() {                    timeout = null;                    if ( !immediate ) func.apply( context, args );                };                var callNow = immediate && !timeout;                clearTimeout( timeout );                timeout = setTimeout( later, wait );                if ( callNow ) func.apply( context, args );            };        }        const debouncedTriggerPostRender = debounce( function() {            triggerPostRender();        }, 200 );        if ( visibilityTestDiv && visibilityTestDiv.offsetParent === null ) {            const observer = new MutationObserver( ( mutations ) => {                mutations.forEach( ( mutation ) => {                    if ( mutation.type === 'attributes' && visibilityTestDiv.offsetParent !== null ) {                        debouncedTriggerPostRender();                        observer.disconnect();                    }                });            });            observer.observe( document.body, {                attributes: true,                childList: false,                subtree: true,                attributeFilter: [ 'style', 'class' ],            });        } else {            triggerPostRender();        }    } );} );\n<\/script>\n\n","protected":false},"excerpt":{"rendered":"<p>Bienvenido a la Latest Collection, el lugar donde se re\u00fanen los amantes de YAYA. Entendemos la importancia de mantener tu &hellip; <a href=\"https:\/\/latestcollection.com\/da\/yaya-tableta-plug-play\/\"><\/a><\/p>","protected":false},"author":2,"featured_media":3579,"parent":0,"menu_order":0,"comment_status":"closed","ping_status":"closed","template":"","meta":{"_acf_changed":false,"footnotes":""},"class_list":["post-3578","page","type-page","status-publish","has-post-thumbnail","hentry"],"acf":[],"_links":{"self":[{"href":"https:\/\/latestcollection.com\/da\/wp-json\/wp\/v2\/pages\/3578","targetHints":{"allow":["GET"]}}],"collection":[{"href":"https:\/\/latestcollection.com\/da\/wp-json\/wp\/v2\/pages"}],"about":[{"href":"https:\/\/latestcollection.com\/da\/wp-json\/wp\/v2\/types\/page"}],"author":[{"embeddable":true,"href":"https:\/\/latestcollection.com\/da\/wp-json\/wp\/v2\/users\/2"}],"replies":[{"embeddable":true,"href":"https:\/\/latestcollection.com\/da\/wp-json\/wp\/v2\/comments?post=3578"}],"version-history":[{"count":6,"href":"https:\/\/latestcollection.com\/da\/wp-json\/wp\/v2\/pages\/3578\/revisions"}],"predecessor-version":[{"id":5646,"href":"https:\/\/latestcollection.com\/da\/wp-json\/wp\/v2\/pages\/3578\/revisions\/5646"}],"wp:featuredmedia":[{"embeddable":true,"href":"https:\/\/latestcollection.com\/da\/wp-json\/wp\/v2\/media\/3579"}],"wp:attachment":[{"href":"https:\/\/latestcollection.com\/da\/wp-json\/wp\/v2\/media?parent=3578"}],"curies":[{"name":"wp","href":"https:\/\/api.w.org\/{rel}","templated":true}]}}