{"id":3096,"date":"2024-01-04T17:13:14","date_gmt":"2024-01-04T16:13:14","guid":{"rendered":"https:\/\/latestcollection.com\/?page_id=3096"},"modified":"2025-02-27T16:30:43","modified_gmt":"2025-02-27T15:30:43","slug":"kundeservice","status":"publish","type":"page","link":"https:\/\/latestcollection.com\/da\/customer-service\/","title":{"rendered":"Kundeservice"},"content":{"rendered":"\n<div class=\"wp-block-group alignfull is-layout-constrained wp-block-group-is-layout-constrained\">\n<div class=\"wp-block-cover alignfull is-light has-custom-content-position is-position-bottom-center\"><span aria-hidden=\"true\" class=\"wp-block-cover__background has-background-dim-0 has-background-dim\" style=\"background-color:#d4d2d0\"><\/span><img loading=\"lazy\" decoding=\"async\" width=\"2048\" height=\"750\" class=\"wp-block-cover__image-background wp-image-5571\" alt=\"Customer Service Latest Collection Dataplatform\" src=\"https:\/\/latestcollection.com\/wp-content\/uploads\/2025\/02\/Customer-Service-Latest-Collection-Dataplatform.png\" style=\"object-position:97% 100%\" data-object-fit=\"cover\" data-object-position=\"97% 100%\" srcset=\"https:\/\/latestcollection.com\/wp-content\/uploads\/2025\/02\/Customer-Service-Latest-Collection-Dataplatform.png 2048w, https:\/\/latestcollection.com\/wp-content\/uploads\/2025\/02\/Customer-Service-Latest-Collection-Dataplatform-300x110.png 300w, https:\/\/latestcollection.com\/wp-content\/uploads\/2025\/02\/Customer-Service-Latest-Collection-Dataplatform-1024x375.png 1024w, https:\/\/latestcollection.com\/wp-content\/uploads\/2025\/02\/Customer-Service-Latest-Collection-Dataplatform-768x281.png 768w, https:\/\/latestcollection.com\/wp-content\/uploads\/2025\/02\/Customer-Service-Latest-Collection-Dataplatform-1536x563.png 1536w, https:\/\/latestcollection.com\/wp-content\/uploads\/2025\/02\/Customer-Service-Latest-Collection-Dataplatform-478x175.png 478w\" sizes=\"auto, (max-width: 2048px) 100vw, 2048px\" \/><div class=\"wp-block-cover__inner-container is-layout-flow wp-block-cover-is-layout-flow\">\n<div class=\"wp-block-group alignwide is-layout-constrained wp-block-group-is-layout-constrained\">\n<div class=\"wp-block-columns alignwide are-vertically-aligned-center is-layout-flex wp-container-core-columns-is-layout-28f84493 wp-block-columns-is-layout-flex\">\n<div class=\"wp-block-column is-vertically-aligned-center is-layout-flow wp-block-column-is-layout-flow\" style=\"flex-basis:50%\">\n<p><\/p>\n<\/div>\n<\/div>\n<\/div>\n<\/div><\/div>\n<\/div>\n\n\n\n<div class=\"wp-block-group is-layout-constrained wp-block-group-is-layout-constrained\">\n<h2 class=\"wp-block-heading has-large-font-size\"><strong>Customer Service<mark style=\"background-color:rgba(0, 0, 0, 0)\" class=\"has-inline-color has-primary-color\">.<\/mark><\/strong><\/h2>\n\n\n\n<p class=\"has-small-font-size\">Customer Service is voor ons van het grootste belang, en we streven ernaar om jouw ervaring met ons platform en onze data zo probleemloos mogelijk te maken. Mocht je tegen problemen aanlopen, dan staan wij klaar om je te ondersteunen. Via het onderstaande formulier kun je eenvoudig jouw klacht of vraag melden. Na verzending ontvang je automatisch een e-mail met een ontvangstbevestiging, en binnen vijf werkdagen nemen wij contact met je op.<\/p>\n\n\n\n<h2 class=\"wp-block-heading has-large-font-size\"><strong>Meld je klacht of vraag<mark style=\"background-color:rgba(0, 0, 0, 0)\" class=\"has-inline-color has-primary-color\">.<\/mark><\/strong><\/h2>\n\n\n\n<p class=\"has-small-font-size\">Om ons Customer Service team zo goed mogelijk in staat te stellen om jouw probleem aan te pakken, vragen we je vriendelijk om de onderstaande velden zo volledig mogelijk in te vullen. De volgende gegevens zijn essentieel voor een snelle en effectieve oplossing:<\/p>\n\n\n\n<ul class=\"wp-block-list\">\n<li class=\"has-small-font-size\"><strong>Jouw naam<\/strong><br>(Zodat we weten met wie we contact hebben.)<\/li>\n\n\n\n<li class=\"has-small-font-size\"><strong>Bedrijfsnaam<\/strong><br>(Optioneel, maar helpt ons om de context van jouw vraag beter te begrijpen.)<\/li>\n\n\n\n<li class=\"has-small-font-size\"><strong>Contactgegevens<\/strong><br>(E-mailadres en\/of telefoonnummer zodat we je kunnen bereiken.)<\/li>\n\n\n\n<li class=\"has-small-font-size\"><strong>Gedetailleerde beschrijving van het probleem<\/strong><br>(Hoe meer details, hoe beter we je kunnen helpen.)<\/li>\n\n\n\n<li class=\"has-small-font-size\"><strong>Optioneel: Upload foto\u2019s van het probleem<\/strong><br>(Een visueel overzicht stelt ons in staat om direct een duidelijk beeld te krijgen, zodat we nog gerichter kunnen reageren.)<\/li>\n<\/ul>\n\n\n<script>\nvar gform;gform||(document.addEventListener(\"gform_main_scripts_loaded\",function(){gform.scriptsLoaded=!0}),document.addEventListener(\"gform\/theme\/scripts_loaded\",function(){gform.themeScriptsLoaded=!0}),window.addEventListener(\"DOMContentLoaded\",function(){gform.domLoaded=!0}),gform={domLoaded:!1,scriptsLoaded:!1,themeScriptsLoaded:!1,isFormEditor:()=>\"function\"==typeof InitializeEditor,callIfLoaded:function(o){return!(!gform.domLoaded||!gform.scriptsLoaded||!gform.themeScriptsLoaded&&!gform.isFormEditor()||(gform.isFormEditor()&&console.warn(\"The use of gform.initializeOnLoaded() is deprecated in the form editor context and will be removed in Gravity Forms 3.1.\"),o(),0))},initializeOnLoaded:function(o){gform.callIfLoaded(o)||(document.addEventListener(\"gform_main_scripts_loaded\",()=>{gform.scriptsLoaded=!0,gform.callIfLoaded(o)}),document.addEventListener(\"gform\/theme\/scripts_loaded\",()=>{gform.themeScriptsLoaded=!0,gform.callIfLoaded(o)}),window.addEventListener(\"DOMContentLoaded\",()=>{gform.domLoaded=!0,gform.callIfLoaded(o)}))},hooks:{action:{},filter:{}},addAction:function(o,r,e,t){gform.addHook(\"action\",o,r,e,t)},addFilter:function(o,r,e,t){gform.addHook(\"filter\",o,r,e,t)},doAction:function(o){gform.doHook(\"action\",o,arguments)},applyFilters:function(o){return gform.doHook(\"filter\",o,arguments)},removeAction:function(o,r){gform.removeHook(\"action\",o,r)},removeFilter:function(o,r,e){gform.removeHook(\"filter\",o,r,e)},addHook:function(o,r,e,t,n){null==gform.hooks[o][r]&&(gform.hooks[o][r]=[]);var d=gform.hooks[o][r];null==n&&(n=r+\"_\"+d.length),gform.hooks[o][r].push({tag:n,callable:e,priority:t=null==t?10:t})},doHook:function(r,o,e){var t;if(e=Array.prototype.slice.call(e,1),null!=gform.hooks[r][o]&&((o=gform.hooks[r][o]).sort(function(o,r){return o.priority-r.priority}),o.forEach(function(o){\"function\"!=typeof(t=o.callable)&&(t=window[t]),\"action\"==r?t.apply(null,e):e[0]=t.apply(null,e)})),\"filter\"==r)return e[0]},removeHook:function(o,r,t,n){var e;null!=gform.hooks[o][r]&&(e=(e=gform.hooks[o][r]).filter(function(o,r,e){return!!(null!=n&&n!=o.tag||null!=t&&t!=o.priority)}),gform.hooks[o][r]=e)}});\n<\/script>\n\n                <div class='gf_browser_gecko gform_wrapper gravity-theme gform-theme--no-framework' data-form-theme='gravity-theme' data-form-index='0' id='gform_wrapper_5' >\n                        <div class='gform_heading'>\n                            <h2 class=\"gform_title\">Customer Service formulier<\/h2>\n                            <p class='gform_description'><\/p>\n                        <\/div><form method='post' enctype='multipart\/form-data'  id='gform_5'  action='\/da\/wp-json\/wp\/v2\/pages\/3096' data-formid='5' novalidate><div class='gf_invisible ginput_recaptchav3' data-sitekey='6LdLWs4pAAAAAK5fuZS-3ofw-d1u3BYDYM-0w6GQ' data-tabindex='0'><input id=\"input_baf6c8a8d9651f63d56494042fa96ab9\" class=\"gfield_recaptcha_response\" type=\"hidden\" name=\"input_baf6c8a8d9651f63d56494042fa96ab9\" value=\"\"\/><\/div>\n                        <div class='gform-body gform_body'><div id='gform_fields_5' class='gform_fields top_label form_sublabel_below description_below validation_below'><div id=\"field_5_5\" class=\"gfield gfield--type-text gfield--input-type-text gfield--width-full gfield_contains_required field_sublabel_below gfield--no-description field_description_below field_validation_below gfield_visibility_visible\"  ><label class='gfield_label gform-field-label' for='input_5_5'>Bedrijf<span class=\"gfield_required\"><span class=\"gfield_required gfield_required_text\">(P\u00e5kr\u00e6vet)<\/span><\/span><\/label><div class='ginput_container ginput_container_text'><input name='input_5' id='input_5_5' type='text' value='' class='large'     aria-required=\"true\" aria-invalid=\"false\"   \/><\/div><\/div><fieldset id=\"field_5_1\" class=\"gfield gfield--type-name gfield--input-type-name gfield_contains_required field_sublabel_below gfield--no-description field_description_below field_validation_below gfield_visibility_visible\"  ><legend class='gfield_label gform-field-label gfield_label_before_complex' >Naam<span class=\"gfield_required\"><span class=\"gfield_required gfield_required_text\">(P\u00e5kr\u00e6vet)<\/span><\/span><\/legend><div class='ginput_complex ginput_container ginput_container--name no_prefix has_first_name no_middle_name has_last_name no_suffix gf_name_has_2 ginput_container_name gform-grid-row' id='input_5_1'>\n                            \n                            <span id='input_5_1_3_container' class='name_first gform-grid-col gform-grid-col--size-auto' >\n                                                    <input type='text' name='input_1.3' id='input_5_1_3' value=''   aria-required='true'     \/>\n                                                    <label for='input_5_1_3' class='gform-field-label gform-field-label--type-sub '>Fornavn<\/label>\n                                                <\/span>\n                            \n                            <span id='input_5_1_6_container' class='name_last gform-grid-col gform-grid-col--size-auto' >\n                                                    <input type='text' name='input_1.6' id='input_5_1_6' value=''   aria-required='true'     \/>\n                                                    <label for='input_5_1_6' class='gform-field-label gform-field-label--type-sub '>Efternavn<\/label>\n                                                <\/span>\n                            \n                        <\/div><\/fieldset><fieldset id=\"field_5_6\" class=\"gfield gfield--type-address gfield--input-type-address gfield--width-full field_sublabel_below gfield--no-description field_description_below field_validation_below gfield_visibility_visible\"  ><legend class='gfield_label gform-field-label gfield_label_before_complex' >Adres<\/legend>    \n                    <div class='ginput_complex ginput_container has_street has_city has_zip ginput_container_address gform-grid-row' id='input_5_6' >\n                         <span class='ginput_full address_line_1 ginput_address_line_1 gform-grid-col' id='input_5_6_1_container' >\n                                        <input type='text' name='input_6.1' id='input_5_6_1' value=''    aria-required='false'    \/>\n                                        <label for='input_5_6_1' id='input_5_6_1_label' class='gform-field-label gform-field-label--type-sub '>Adresselinje<\/label>\n                                    <\/span><span class='ginput_left address_city ginput_address_city gform-grid-col' id='input_5_6_3_container' >\n                                    <input type='text' name='input_6.3' id='input_5_6_3' value=''    aria-required='false'    \/>\n                                    <label for='input_5_6_3' id='input_5_6_3_label' class='gform-field-label gform-field-label--type-sub '>By<\/label>\n                                 <\/span><input type='hidden' class='gform_hidden' name='input_6.4' id='input_5_6_4' value=''\/><span class='ginput_right address_zip ginput_address_zip gform-grid-col' id='input_5_6_5_container' >\n                                    <input type='text' name='input_6.5' id='input_5_6_5' value=''    aria-required='false'    \/>\n                                    <label for='input_5_6_5' id='input_5_6_5_label' class='gform-field-label gform-field-label--type-sub '>Postnr.<\/label>\n                                <\/span><input type='hidden' class='gform_hidden' name='input_6.6' id='input_5_6_6' value='Nederland' \/>\n                    <div class='gf_clear gf_clear_complex'><\/div>\n                <\/div><\/fieldset><div id=\"field_5_7\" class=\"gfield gfield--type-phone gfield--input-type-phone gfield--width-full gfield_contains_required field_sublabel_below gfield--no-description field_description_below field_validation_below gfield_visibility_visible\"  ><label class='gfield_label gform-field-label' for='input_5_7'>Telefoon<span class=\"gfield_required\"><span class=\"gfield_required gfield_required_text\">(P\u00e5kr\u00e6vet)<\/span><\/span><\/label><div class='ginput_container ginput_container_phone'><input name='input_7' id='input_5_7' type='tel' value='' class='large'   aria-required=\"true\" aria-invalid=\"false\"   \/><\/div><\/div><fieldset id=\"field_5_8\" class=\"gfield gfield--type-email gfield--input-type-email gfield--width-full gfield_contains_required field_sublabel_below gfield--no-description field_description_below field_validation_below gfield_visibility_visible\"  ><legend class='gfield_label gform-field-label gfield_label_before_complex' >E-mailadres<span class=\"gfield_required\"><span class=\"gfield_required gfield_required_text\">(P\u00e5kr\u00e6vet)<\/span><\/span><\/legend><div class='ginput_complex ginput_container ginput_container_email gform-grid-row' id='input_5_8_container'>\n                                <span id='input_5_8_1_container' class='ginput_left gform-grid-col gform-grid-col--size-auto'>\n                                    <input class='' type='email' name='input_8' id='input_5_8' value=''    aria-required=\"true\" aria-invalid=\"false\"  \/>\n                                    <label for='input_5_8' class='gform-field-label gform-field-label--type-sub '>Skriv e-mail<\/label>\n                                <\/span>\n                                <span id='input_5_8_2_container' class='ginput_right gform-grid-col gform-grid-col--size-auto'>\n                                    <input class='' type='email' name='input_8_2' id='input_5_8_2' value=''    aria-required=\"true\" aria-invalid=\"false\"  \/>\n                                    <label for='input_5_8_2' class='gform-field-label gform-field-label--type-sub '>Bekr\u00e6ft e-mail<\/label>\n                                <\/span>\n                                <div class='gf_clear gf_clear_complex'><\/div>\n                            <\/div><\/fieldset><div id=\"field_5_3\" class=\"gfield gfield--type-textarea gfield--input-type-textarea gfield--width-full gfield_contains_required field_sublabel_below gfield--no-description field_description_below field_validation_below gfield_visibility_visible\"  ><label class='gfield_label gform-field-label' for='input_5_3'>Omschrijf hieronder in detail het probleem dat je ervaart.<span class=\"gfield_required\"><span class=\"gfield_required gfield_required_text\">(P\u00e5kr\u00e6vet)<\/span><\/span><\/label><div class='ginput_container ginput_container_textarea'><textarea name='input_3' id='input_5_3' class='textarea large'     aria-required=\"true\" aria-invalid=\"false\"   rows='10' cols='50'><\/textarea><\/div><\/div><div id=\"field_5_9\" class=\"gfield gfield--type-fileupload gfield--input-type-fileupload field_sublabel_below gfield--no-description field_description_below field_validation_below gfield_visibility_visible\"  ><label class='gfield_label gform-field-label' for='input_5_9'>Indien mogelijk graag een foto van de klacht toevoegen.<\/label><div class='ginput_container ginput_container_fileupload'><input type='hidden' name='MAX_FILE_SIZE' value='5242880' \/><input name='input_9' id='input_5_9' type='file' class='large' aria-describedby=\"gfield_upload_rules_5_9\" onchange='javascript:gformValidateFileSize( this, 5242880 );'  \/><span class='gfield_description gform_fileupload_rules' id='gfield_upload_rules_5_9'>Accepterede filtyper: jpg, png, Maks. filst\u00f8rrelse: 5 MB.<\/span><div class='gfield_description validation_message gfield_validation_message validation_message--hidden-on-empty' id='live_validation_message_5_9'><\/div> <\/div><\/div><\/div><\/div>\n        <div class='gform-footer gform_footer top_label'> <div class='wp-block-buttons is-content-justification-center is-layout-flex'><div class='wp-block-button'><button class='wp-block-button__link wp-element-button button gform_button' id='gform_submit_button_5'><span>Versturen<\/span><\/button><\/div><\/div> \n            <input type='hidden' class='gform_hidden' name='gform_submission_method' data-js='gform_submission_method_5' value='postback' \/>\n            <input type='hidden' class='gform_hidden' name='gform_theme' data-js='gform_theme_5' id='gform_theme_5' value='gravity-theme' \/>\n            <input type='hidden' class='gform_hidden' name='gform_style_settings' data-js='gform_style_settings_5' id='gform_style_settings_5' value='[]' \/>\n            <input type='hidden' class='gform_hidden' name='is_submit_5' value='1' \/>\n            <input type='hidden' class='gform_hidden' name='gform_submit' value='5' \/>\n            \n            <input type='hidden' class='gform_hidden' name='gform_currency' data-currency='EUR' value='hgUZhD5fD8ljC0vkP+ixdnt5R36MSxcBSVllr49jmi6q4JkpH\/jQdm514Rg3HGpZZYOTGa0xr4XRSdyChsIpOFsPxIBMs3IpMo8sYC\/g6QfxSNw=' \/>\n            <input type='hidden' class='gform_hidden' name='gform_unique_id' value='' \/>\n            <input type='hidden' class='gform_hidden' name='state_5' value='WyJbXSIsImFjNjcxMzhmMGMzOGFlNmY5NTEyMGZmMWMwNDUzMDdmIl0=' \/>\n            <input type='hidden' autocomplete='off' class='gform_hidden' name='gform_target_page_number_5' id='gform_target_page_number_5' value='0' \/>\n            <input type='hidden' autocomplete='off' class='gform_hidden' name='gform_source_page_number_5' id='gform_source_page_number_5' value='1' \/>\n            <input type='hidden' name='gform_field_values' value='' \/>\n            \n        <\/div>\n                        <\/form>\n                        <\/div><script>\ngform.initializeOnLoaded( function() {gformInitSpinner( 5, 'https:\/\/latestcollection.com\/wp-content\/plugins\/gravityforms\/images\/spinner.svg', true );jQuery('#gform_ajax_frame_5').on('load',function(){var contents = jQuery(this).contents().find('*').html();var is_postback = contents.indexOf('GF_AJAX_POSTBACK') >= 0;if(!is_postback){return;}var form_content = jQuery(this).contents().find('#gform_wrapper_5');var is_confirmation = jQuery(this).contents().find('#gform_confirmation_wrapper_5').length > 0;var is_redirect = contents.indexOf('gformRedirect(){') >= 0;var is_form = form_content.length > 0 && ! is_redirect && ! is_confirmation;var mt = parseInt(jQuery('html').css('margin-top'), 10) + parseInt(jQuery('body').css('margin-top'), 10) + 100;if(is_form){jQuery('#gform_wrapper_5').html(form_content.html());if(form_content.hasClass('gform_validation_error')){jQuery('#gform_wrapper_5').addClass('gform_validation_error');} else {jQuery('#gform_wrapper_5').removeClass('gform_validation_error');}setTimeout( function() { \/* delay the scroll by 50 milliseconds to fix a bug in chrome *\/  }, 50 );if(window['gformInitDatepicker']) {gformInitDatepicker();}if(window['gformInitPriceFields']) {gformInitPriceFields();}var current_page = jQuery('#gform_source_page_number_5').val();gformInitSpinner( 5, 'https:\/\/latestcollection.com\/wp-content\/plugins\/gravityforms\/images\/spinner.svg', true );jQuery(document).trigger('gform_page_loaded', [5, current_page]);window['gf_submitting_5'] = false;}else if(!is_redirect){var confirmation_content = jQuery(this).contents().find('.GF_AJAX_POSTBACK').html();if(!confirmation_content){confirmation_content = contents;}jQuery('#gform_wrapper_5').replaceWith(confirmation_content);jQuery(document).trigger('gform_confirmation_loaded', [5]);window['gf_submitting_5'] = false;wp.a11y.speak(jQuery('#gform_confirmation_message_5').text());}else{jQuery('#gform_5').append(contents);if(window['gformRedirect']) {gformRedirect();}}jQuery(document).trigger(\"gform_pre_post_render\", [{ formId: \"5\", currentPage: \"current_page\", abort: function() { this.preventDefault(); } }]);        if (event && event.defaultPrevented) {                return;        }        const gformWrapperDiv = document.getElementById( \"gform_wrapper_5\" );        if ( gformWrapperDiv ) {            const visibilitySpan = document.createElement( \"span\" );            visibilitySpan.id = \"gform_visibility_test_5\";            gformWrapperDiv.insertAdjacentElement( \"afterend\", visibilitySpan );        }        const visibilityTestDiv = document.getElementById( \"gform_visibility_test_5\" );        let postRenderFired = false;        function triggerPostRender() {            if ( postRenderFired ) {                return;            }            postRenderFired = true;            gform.core.triggerPostRenderEvents( 5, current_page );            if ( visibilityTestDiv ) {                visibilityTestDiv.parentNode.removeChild( visibilityTestDiv );            }        }        function debounce( func, wait, immediate ) {            var timeout;            return function() {                var context = this, args = arguments;                var later = function() {                    timeout = null;                    if ( !immediate ) func.apply( context, args );                };                var callNow = immediate && !timeout;                clearTimeout( timeout );                timeout = setTimeout( later, wait );                if ( callNow ) func.apply( context, args );            };        }        const debouncedTriggerPostRender = debounce( function() {            triggerPostRender();        }, 200 );        if ( visibilityTestDiv && visibilityTestDiv.offsetParent === null ) {            const observer = new MutationObserver( ( mutations ) => {                mutations.forEach( ( mutation ) => {                    if ( mutation.type === 'attributes' && visibilityTestDiv.offsetParent !== null ) {                        debouncedTriggerPostRender();                        observer.disconnect();                    }                });            });            observer.observe( document.body, {                attributes: true,                childList: false,                subtree: true,                attributeFilter: [ 'style', 'class' ],            });        } else {            triggerPostRender();        }    } );} );\n<\/script>\n\n\n\n\n<h2 class=\"wp-block-heading has-large-font-size\"><strong>Wat kun je verwachten?<\/strong><\/h2>\n\n\n\n<ul class=\"wp-block-list\">\n<li class=\"has-small-font-size\"><strong>Automatische bevestiging:<\/strong><br>Na het indienen van het formulier ontvang je direct een e-mail waarin we de ontvangst van jouw melding bevestigen.<\/li>\n\n\n\n<li class=\"has-small-font-size\"><strong>Snelle reactie:<\/strong><br>Binnen vijf werkdagen nemen we contact met je op om jouw klacht of vraag verder te bespreken en op te lossen.<\/li>\n<\/ul>\n\n\n\n<p class=\"has-small-font-size\">Wij waarderen jouw feedback enorm. Het helpt ons om onze dienstverlening continu te verbeteren en jouw ervaring met Latest Collection naar een hoger niveau te tillen.<\/p>\n\n\n\n<p class=\"has-small-font-size\">Bedankt voor je samenwerking en vertrouwen in onze diensten.<\/p>\n<\/div>\n","protected":false},"excerpt":{"rendered":"<p>Kundeservice. Kundeservice er af st\u00f8rste vigtighed for os, og vi str\u00e6ber efter at g\u00f8re din oplevelse med os ... <a href=\"https:\/\/latestcollection.com\/da\/customer-service\/\"><\/a><\/p>","protected":false},"author":2,"featured_media":0,"parent":0,"menu_order":0,"comment_status":"closed","ping_status":"closed","template":"","meta":{"_acf_changed":false,"footnotes":""},"class_list":["post-3096","page","type-page","status-publish","hentry"],"acf":[],"_links":{"self":[{"href":"https:\/\/latestcollection.com\/da\/wp-json\/wp\/v2\/pages\/3096","targetHints":{"allow":["GET"]}}],"collection":[{"href":"https:\/\/latestcollection.com\/da\/wp-json\/wp\/v2\/pages"}],"about":[{"href":"https:\/\/latestcollection.com\/da\/wp-json\/wp\/v2\/types\/page"}],"author":[{"embeddable":true,"href":"https:\/\/latestcollection.com\/da\/wp-json\/wp\/v2\/users\/2"}],"replies":[{"embeddable":true,"href":"https:\/\/latestcollection.com\/da\/wp-json\/wp\/v2\/comments?post=3096"}],"version-history":[{"count":6,"href":"https:\/\/latestcollection.com\/da\/wp-json\/wp\/v2\/pages\/3096\/revisions"}],"predecessor-version":[{"id":5575,"href":"https:\/\/latestcollection.com\/da\/wp-json\/wp\/v2\/pages\/3096\/revisions\/5575"}],"wp:attachment":[{"href":"https:\/\/latestcollection.com\/da\/wp-json\/wp\/v2\/media?parent=3096"}],"curies":[{"name":"wp","href":"https:\/\/api.w.org\/{rel}","templated":true}]}}