{"id":3,"date":"2023-07-04T09:18:44","date_gmt":"2023-07-04T09:18:44","guid":{"rendered":"https:\/\/latestcollection.com\/?page_id=3"},"modified":"2025-12-03T16:44:31","modified_gmt":"2025-12-03T15:44:31","slug":"privatlivets-fred","status":"publish","type":"page","link":"https:\/\/latestcollection.com\/da\/privacy\/","title":{"rendered":"Fortrolighedspolitik"},"content":{"rendered":"<div class=\"wp-block-group alignfull is-layout-constrained wp-block-group-is-layout-constrained\">\n<div class=\"wp-block-cover alignfull is-light has-custom-content-position is-position-bottom-center\"><img loading=\"lazy\" decoding=\"async\" width=\"2048\" height=\"750\" class=\"wp-block-cover__image-background wp-image-5562\" alt=\"Fortrolighedspolitik Seneste indsamlingsplatform data website\" src=\"https:\/\/latestcollection.com\/wp-content\/uploads\/2025\/02\/Privacy-beleid-Latest-Collection-platform-data-website-.png\" data-object-fit=\"cover\" srcset=\"https:\/\/latestcollection.com\/wp-content\/uploads\/2025\/02\/Privacy-beleid-Latest-Collection-platform-data-website-.png 2048w, https:\/\/latestcollection.com\/wp-content\/uploads\/2025\/02\/Privacy-beleid-Latest-Collection-platform-data-website--300x110.png 300w, https:\/\/latestcollection.com\/wp-content\/uploads\/2025\/02\/Privacy-beleid-Latest-Collection-platform-data-website--1024x375.png 1024w, https:\/\/latestcollection.com\/wp-content\/uploads\/2025\/02\/Privacy-beleid-Latest-Collection-platform-data-website--768x281.png 768w, https:\/\/latestcollection.com\/wp-content\/uploads\/2025\/02\/Privacy-beleid-Latest-Collection-platform-data-website--1536x563.png 1536w, https:\/\/latestcollection.com\/wp-content\/uploads\/2025\/02\/Privacy-beleid-Latest-Collection-platform-data-website--478x175.png 478w\" sizes=\"auto, (max-width: 2048px) 100vw, 2048px\" \/><span aria-hidden=\"true\" class=\"wp-block-cover__background has-background-dim-0 has-background-dim\" style=\"background-color:#a59796\"><\/span><div class=\"wp-block-cover__inner-container is-layout-flow wp-block-cover-is-layout-flow\">\n<div class=\"wp-block-group alignwide is-layout-constrained wp-block-group-is-layout-constrained\">\n<div class=\"wp-block-columns alignwide are-vertically-aligned-center is-layout-flex wp-container-core-columns-is-layout-28f84493 wp-block-columns-is-layout-flex\">\n<div class=\"wp-block-column is-vertically-aligned-center is-layout-flow wp-block-column-is-layout-flow\" style=\"flex-basis:50%\"><\/div>\n<\/div>\n<\/div>\n<\/div><\/div>\n<\/div>\n\n\n\n<div class=\"wp-block-group is-layout-constrained wp-block-group-is-layout-constrained\">\n<h2 class=\"wp-block-heading has-large-font-size\"><strong>Fortrolighedspolitik for Latest Collection<mark style=\"background-color:rgba(0, 0, 0, 0)\" class=\"has-inline-color has-primary-color\">.<\/mark><\/strong><\/h2>\n\n\n\n<p class=\"has-small-font-size\"><em>Laatst bijgewerkt: 03 december 2025<\/em><\/p>\n\n\n\n<p class=\"has-small-font-size\">Latest Collection B.V. (i det f\u00f8lgende ben\u00e6vnt \"Latest Collection\", \"vi\" eller \"os\") er forpligtet til at beskytte dine personlige data og g\u00f8r alt for at beskytte dit privatliv.<\/p>\n\n\n\n<p class=\"has-small-font-size\">I denne privatlivspolitik forklarer vi, hvordan vi indhenter, behandler, indsamler og bruger de persondata, vi har, og til hvilket form\u00e5l. <\/p>\n\n\n\n<h2 class=\"wp-block-heading has-large-font-size\"><strong>Wanneer verzamelen wij uw persoonsgegevens<mark style=\"background-color:rgba(0, 0, 0, 0)\" class=\"has-inline-color has-primary-color\">.<\/mark><\/strong><\/h2>\n\n\n\n<p class=\"has-small-font-size\">Latest Collection behandler dine personoplysninger, fordi du bruger vores tjenester, eller fordi du selv giver os disse oplysninger via vores hjemmeside. Vi indsamler blandt andet personoplysninger i f\u00f8lgende situationer:<\/p>\n\n\n\n<ul class=\"wp-block-list\">\n<li class=\"has-small-font-size\"><strong>N\u00e5r kunder giver personoplysninger om slutbrugere og tredjeparter i vores tjenester.<\/strong> Disse data behandles i overensstemmelse med kundens privatlivspolitik.<\/li>\n\n\n\n<li class=\"has-small-font-size\"><strong>N\u00e5r du k\u00f8ber nogen af vores tjenester eller produkter:<\/strong> N\u00e5r du bruger vores tjenester via et betalt abonnement, en gratis demo eller en k\u00f8bt tjeneste, beder vi om specifikke data s\u00e5som dit navn, din adresse, din e-mailadresse og dit telefonnummer. Derudover indsamler vi dine betalingsoplysninger for at behandle betalinger.<\/li>\n\n\n\n<li class=\"has-small-font-size\"><strong>N\u00e5r du kontakter kundeservice eller salgsteamet:<\/strong> N\u00e5r du kontakter vores kundeservice eller salgsteam, kan samtalen blive optaget til uddannelsesform\u00e5l.<\/li>\n\n\n\n<li class=\"has-small-font-size\"><strong>N\u00e5r du udfylder formularer p\u00e5 vores hjemmeside:<\/strong> Det g\u00e6lder tilbudsforesp\u00f8rgsler, kontaktformularer, ordreformularer, informationsanmodninger og jobans\u00f8gninger.<\/li>\n\n\n\n<li class=\"has-small-font-size\"><strong>N\u00e5r du tilmelder dig nyhedsbreve, m\u00f8der eller anden markedsf\u00f8ringskommunikation.<\/strong><\/li>\n<\/ul>\n\n\n\n<p class=\"has-small-font-size\" style=\"font-style:normal;font-weight:100\"><em>Bem\u00e6rk: Kunder kan give personoplysninger om slutbrugere og andre tredjeparter ved at indtaste dem i tjenesterne, f.eks. ved behandling af en transaktion. Disse personoplysninger indsamles og bruges i overensstemmelse med kundens privatlivspolitik.<\/em><\/p>\n\n\n\n<h2 class=\"wp-block-heading has-large-font-size\"><strong>Welke gegevens verzamelen wij<mark style=\"background-color:rgba(0, 0, 0, 0)\" class=\"has-inline-color has-primary-color\">.<\/mark><\/strong><\/h2>\n\n\n\n<p class=\"has-small-font-size\">Latest Collection behandler dine personoplysninger, fordi du bruger vores tjenester, og\/eller fordi du selv giver os dem. Nedenfor er en oversigt over de persondata, vi behandler:<\/p>\n\n\n\n<ul class=\"wp-block-list\">\n<li class=\"has-small-font-size\">IP-adresse.<\/li>\n\n\n\n<li class=\"has-small-font-size\">For at sikre dine data anvender vi en teknik, der husker din IP-adresse, n\u00e5r du har gjort 3 fors\u00f8g p\u00e5 at logge ind p\u00e5 CMS. IP-adressen bliver derefter blokeret.<\/li>\n\n\n\n<li class=\"has-small-font-size\">Data om dine aktiviteter p\u00e5 vores hjemmeside.<\/li>\n\n\n\n<li class=\"has-small-font-size\">Internetbrowser og enhedstype.<\/li>\n\n\n\n<li class=\"has-small-font-size\">Hjemmesidens funktioner.<\/li>\n<\/ul>\n\n\n\n<h2 class=\"wp-block-heading has-large-font-size\"><strong>Met welk doel bewaren we uw persoonsgegevens<mark style=\"background-color:rgba(0, 0, 0, 0)\" class=\"has-inline-color has-primary-color\">.<\/mark><\/strong><\/h2>\n\n\n\n<p class=\"has-small-font-size\">Latest Collection behandler dine personoplysninger til f\u00f8lgende form\u00e5l;<\/p>\n\n\n\n<ul class=\"wp-block-list\">\n<li class=\"has-small-font-size\">For at opretholde vores forhold til dig og give dig kundesupport.<\/li>\n\n\n\n<li class=\"has-small-font-size\">At kommunikere med dig via e-mail, telefon, tekstbeskeder (SMS), breve, sociale medier og hjemmesider, hvis det er n\u00f8dvendigt for at udf\u00f8re vores tjenester.<\/li>\n\n\n\n<li class=\"has-small-font-size\">At informere dig om vores tjenester og produkter.<\/li>\n\n\n\n<li class=\"has-small-font-size\">Latest Collection analyserer din adf\u00e6rd p\u00e5 webstedet for at forbedre webstedet og skr\u00e6ddersy udbuddet af produkter og tjenester til de bes\u00f8gendes pr\u00e6ferencer.<\/li>\n<\/ul>\n\n\n\n<h2 class=\"wp-block-heading has-large-font-size\"><strong>Deling af personlige data med tredjeparter<mark style=\"background-color:rgba(0, 0, 0, 0)\" class=\"has-inline-color has-primary-color\">.<\/mark><\/strong><\/h2>\n\n\n\n<p class=\"has-small-font-size\">Vi videregiver kun dine personoplysninger til tredjeparter, hvis det er n\u00f8dvendigt for at opfylde en aftale med dig eller for at overholde en juridisk forpligtelse.<\/p>\n\n\n\n<h2 class=\"wp-block-heading has-large-font-size\"><strong>Mindre\u00e5rige<mark style=\"background-color:rgba(0, 0, 0, 0)\" class=\"has-inline-color has-primary-color\">.<\/mark><\/strong><\/h2>\n\n\n\n<p class=\"has-small-font-size\">Vi behandler kun personoplysninger om mindre\u00e5rige (personer under 18 \u00e5r), hvis der er givet skriftligt samtykke fra for\u00e6ldrene, v\u00e6rgen eller den juridiske repr\u00e6sentant.<\/p>\n\n\n\n<h2 class=\"wp-block-heading has-large-font-size\"><strong>Opbevaringsperiode<mark style=\"background-color:rgba(0, 0, 0, 0)\" class=\"has-inline-color has-primary-color\">.<\/mark><\/strong><\/h2>\n\n\n\n<p class=\"has-small-font-size\">Vi opbevarer ikke dine persondata l\u00e6ngere, end det er strengt n\u00f8dvendigt til de form\u00e5l, de blev indsamlet til:<\/p>\n\n\n\n<ul class=\"wp-block-list\">\n<li class=\"has-small-font-size\">Indsendte kontaktformularer slettes, s\u00e5 snart de er behandlet.<\/li>\n\n\n\n<li class=\"has-small-font-size\">Analysedata i Google Analytics opbevares i 26 m\u00e5neder.<\/li>\n<\/ul>\n\n\n\n<h2 class=\"wp-block-heading has-large-font-size\"><strong>Sikkerhed<mark style=\"background-color:rgba(0, 0, 0, 0)\" class=\"has-inline-color has-primary-color\">.<\/mark><\/strong><\/h2>\n\n\n\n<p class=\"has-small-font-size\">Vi tr\u00e6ffer passende foranstaltninger for at beskytte dine personlige data mod misbrug, tab, uautoriseret adgang og uautoriseret \u00e6ndring. Disse omfatter:<\/p>\n\n\n\n<ul class=\"wp-block-list\">\n<li class=\"has-small-font-size\">Avancerede adgangsbegr\u00e6nsninger og firewall-beskyttelse.<\/li>\n\n\n\n<li class=\"has-small-font-size\">Krypteret overf\u00f8rsel af data via sikre forbindelser.<\/li>\n<\/ul>\n\n\n\n<h2 class=\"wp-block-heading has-large-font-size\"><strong>Tredjepartswebsteder<mark style=\"background-color:rgba(0, 0, 0, 0)\" class=\"has-inline-color has-primary-color\">.<\/mark><\/strong><\/h2>\n\n\n\n<p class=\"has-small-font-size\">Denne privatlivspolitik g\u00e6lder ikke for tredjepartswebsteder, som vi linker til. Vi opfordrer dig til at l\u00e6se disse hjemmesiders privatlivspolitik, f\u00f8r du bruger dem.<\/p>\n\n\n\n<h2 class=\"wp-block-heading has-large-font-size\"><strong>Rettigheder vedr\u00f8rende dine data<mark style=\"background-color:rgba(0, 0, 0, 0)\" class=\"has-inline-color has-primary-color\">.<\/mark><\/strong><\/h2>\n\n\n\n<p class=\"has-small-font-size\">Hos Latest Collection v\u00e6rds\u00e6tter vi dit privatliv og \u00f8nsker at give dig gennemsigtighed og kontrol over dine personlige data. Det har du ret til:<\/p>\n\n\n\n<ul class=\"wp-block-list\">\n<li class=\"has-small-font-size\">F\u00e5 adgang til dine personlige data;<\/li>\n\n\n\n<li class=\"has-small-font-size\">F\u00e5 dine data rettet, begr\u00e6nset eller slettet;<\/li>\n\n\n\n<li class=\"has-small-font-size\">G\u00f8r indsigelse mod behandlingen af dine data.<\/li>\n<\/ul>\n\n\n\n<p class=\"has-small-font-size\">Vil du gerne g\u00f8re brug af disse rettigheder? I s\u00e5 fald bedes du sende en e-mail til <a href=\"mailto:info@latestcollection.com\" target=\"_blank\" rel=\"noreferrer noopener\">info@latestcollection.com<\/a> med en kopi af dit identifikationsdokument (med afsk\u00e6rmet BSN og pasfoto). N\u00e6vn ogs\u00e5 i din anmodning, at det drejer sig om privatlivspolitikken.<\/p>\n\n\n\n<h2 class=\"wp-block-heading has-large-font-size\"><strong>\u00c6ndringer af denne privatlivspolitik<mark style=\"background-color:rgba(0, 0, 0, 0)\" class=\"has-inline-color has-primary-color\">.<\/mark><\/strong><\/h2>\n\n\n\n<p class=\"has-small-font-size\">Wij houden ons in alle gevallen aan de toepasselijke wet- en regelgeving, waaronder de Algemene Verordening Gegevensbescherming.&nbsp;We houden ons het recht voor om deze verklaring aan te passen. We raden aan dat je deze verklaring regelmatig bekijkt zodat je op de hoogte blijft van eventuele wijzigingen.<\/p>\n\n\n\n<h2 class=\"wp-block-heading has-large-font-size\"><strong>Kontakt<mark style=\"background-color:rgba(0, 0, 0, 0)\" class=\"has-inline-color has-primary-color\">.<\/mark><\/strong><\/h2>\n\n\n\n<p class=\"has-small-font-size\">Har du sp\u00f8rgsm\u00e5l til denne privatlivspolitik? I s\u00e5 fald bedes du kontakte os:<\/p>\n\n\n\n<p class=\"has-small-font-size\"><strong>Latest Collection<\/strong><br>Tappersweg 12 W<br>2031 ET Haarlem<br>E-mail: <a href=\"mailto:info@latestcollection.com\" target=\"_blank\" rel=\"noreferrer noopener\">info@latestcollection.com<\/a><\/p>\n<\/div>","protected":false},"excerpt":{"rendered":"<p>Privacybeleid van Latest Collection. Laatst bijgewerkt: 03 december 2025 Latest Collection B.V. (hierna: \u201cLatest Collection\u201d, \u201cwij\u201d of \u201cons\u201d) hecht veel &hellip; <a href=\"https:\/\/latestcollection.com\/da\/privacy\/\"><\/a><\/p>","protected":false},"author":1,"featured_media":0,"parent":0,"menu_order":0,"comment_status":"closed","ping_status":"open","template":"","meta":{"_acf_changed":false,"footnotes":""},"class_list":["post-3","page","type-page","status-publish","hentry"],"acf":[],"_links":{"self":[{"href":"https:\/\/latestcollection.com\/da\/wp-json\/wp\/v2\/pages\/3","targetHints":{"allow":["GET"]}}],"collection":[{"href":"https:\/\/latestcollection.com\/da\/wp-json\/wp\/v2\/pages"}],"about":[{"href":"https:\/\/latestcollection.com\/da\/wp-json\/wp\/v2\/types\/page"}],"author":[{"embeddable":true,"href":"https:\/\/latestcollection.com\/da\/wp-json\/wp\/v2\/users\/1"}],"replies":[{"embeddable":true,"href":"https:\/\/latestcollection.com\/da\/wp-json\/wp\/v2\/comments?post=3"}],"version-history":[{"count":12,"href":"https:\/\/latestcollection.com\/da\/wp-json\/wp\/v2\/pages\/3\/revisions"}],"predecessor-version":[{"id":7465,"href":"https:\/\/latestcollection.com\/da\/wp-json\/wp\/v2\/pages\/3\/revisions\/7465"}],"wp:attachment":[{"href":"https:\/\/latestcollection.com\/da\/wp-json\/wp\/v2\/media?parent=3"}],"curies":[{"name":"wp","href":"https:\/\/api.w.org\/{rel}","templated":true}]}}