{"id":2,"date":"2023-07-04T09:18:44","date_gmt":"2023-07-04T09:18:44","guid":{"rendered":"https:\/\/latestcollection.com\/?page_id=2"},"modified":"2026-04-15T09:54:57","modified_gmt":"2026-04-15T07:54:57","slug":"sample-page","status":"publish","type":"page","link":"https:\/\/latestcollection.com\/da\/","title":{"rendered":"Hjemmeside"},"content":{"rendered":"<div class=\"wp-block-group alignfull is-layout-constrained wp-block-group-is-layout-constrained\">\n<div class=\"wp-block-cover alignfull has-custom-content-position is-position-bottom-center is-style-default\" style=\"min-height:430px;aspect-ratio:unset;\"><img loading=\"lazy\" decoding=\"async\" width=\"2048\" height=\"750\" class=\"wp-block-cover__image-background wp-image-5304\" alt=\"Dataplatform Seneste kollektion modeindustrien\" src=\"https:\/\/latestcollection.com\/wp-content\/uploads\/2025\/02\/Dataplatform-Latest-Collection-fashionbranche.png\" style=\"object-position:55% 52%\" data-object-fit=\"cover\" data-object-position=\"55% 52%\" srcset=\"https:\/\/latestcollection.com\/wp-content\/uploads\/2025\/02\/Dataplatform-Latest-Collection-fashionbranche.png 2048w, https:\/\/latestcollection.com\/wp-content\/uploads\/2025\/02\/Dataplatform-Latest-Collection-fashionbranche-300x110.png 300w, https:\/\/latestcollection.com\/wp-content\/uploads\/2025\/02\/Dataplatform-Latest-Collection-fashionbranche-1024x375.png 1024w, https:\/\/latestcollection.com\/wp-content\/uploads\/2025\/02\/Dataplatform-Latest-Collection-fashionbranche-768x281.png 768w, https:\/\/latestcollection.com\/wp-content\/uploads\/2025\/02\/Dataplatform-Latest-Collection-fashionbranche-1536x563.png 1536w, https:\/\/latestcollection.com\/wp-content\/uploads\/2025\/02\/Dataplatform-Latest-Collection-fashionbranche-478x175.png 478w\" sizes=\"auto, (max-width: 2048px) 100vw, 2048px\" \/><span aria-hidden=\"true\" class=\"wp-block-cover__background has-primary-background-color has-background-dim-0 has-background-dim\"><\/span><div class=\"wp-block-cover__inner-container is-layout-flow wp-block-cover-is-layout-flow\">\n<div class=\"wp-block-group alignwide is-content-justification-center is-layout-constrained wp-block-group-is-layout-constrained\">\n<div class=\"wp-block-columns alignwide are-vertically-aligned-bottom is-layout-flex wp-container-core-columns-is-layout-28f84493 wp-block-columns-is-layout-flex\">\n<div class=\"wp-block-column is-vertically-aligned-bottom is-layout-flow wp-block-column-is-layout-flow\" style=\"flex-basis:60%\">\n<div style=\"height:24px\" aria-hidden=\"true\" class=\"wp-block-spacer\"><\/div>\n\n\n\n<h1 class=\"wp-block-heading has-background-color has-text-color has-x-large-font-size\">De modedata, der straks styrker dit system.<\/h1>\n\n\n\n<p class=\"has-text-align-left has-background-color has-text-color has-medium-font-size\">Ensartede varedata og produktbilleder. Automatisk tilg\u00e6ngelige i dit kassesystem, din webshop eller din platform via tilknyttede partnere.<\/p>\n\n\n\n<p class=\"has-text-align-left has-background-color has-text-color has-medium-font-size\">Latest Collection forbinder brands, softwarepartnere og detailhandlere i en enkelt, samlet datastr\u00f8m. Mindre manuel dataindtastning, hurtigere lanceringer og software, der reducerer arbejdsbyrden betydeligt.<\/p>\n\n\n\n<div style=\"height:25px\" aria-hidden=\"true\" class=\"wp-block-spacer\"><\/div>\n<\/div>\n\n\n\n<div class=\"wp-block-column is-vertically-aligned-bottom is-layout-flow wp-block-column-is-layout-flow\"><\/div>\n<\/div>\n<\/div>\n<\/div><\/div>\n\n\n\n<div class=\"wp-block-indrukwekkend-kenmerken alignwide columns-3 is-style-indrukwekkend-klant-header\">\n<div class=\"wp-block-indrukwekkend-kenmerk-one card  has-thumbnail\"><div class=\"content\"><div class=\"card-content-container\"><figure class=\"thumbnail\"><img decoding=\"async\" src=\"https:\/\/latestcollection.com\/wp-content\/uploads\/2026\/03\/Firefly_GeminiFlash_Een-moderne-Nederlandse-damesmodewinkel-in-het-hogere-segment-met-rustige-uitstraling-124841-600x400.avif\"\/><\/figure><div class=\"card-content__post-title\"><h3 class=\"titel\"><mark style=\"background-color:rgba(0, 0, 0, 0)\" class=\"has-inline-color has-secondary-color\">For partnere<\/mark><\/h3><\/div><div class=\"card-content__post-excerpt\">\n<p class=\"has-text-align-left has-small-font-size\">G\u00f8r din l\u00f8sning mere komplet og fremskynd implementeringer med direkte varedata.<br><br><a href=\"https:\/\/latestcollection.com\/da\/forhandlere\/\" data-type=\"page\" data-id=\"5384\">Se, hvordan samarbejdet fungerer<\/a><\/p>\n<\/div><\/div><div class=\"footer\"><span class=\"cta\" aria-hidden=\"true\">  <\/span><\/div><\/div><\/div>\n\n\n\n<div class=\"wp-block-indrukwekkend-kenmerk-one card  has-thumbnail\"><div class=\"content\"><div class=\"card-content-container\"><figure class=\"thumbnail\"><img decoding=\"async\" src=\"https:\/\/latestcollection.com\/wp-content\/uploads\/2026\/03\/Firefly_Gemini-Flash_een-ondernemer-van-een-luxe-herenkledingwinkel-in-Nederland-pakt-de-nieuwe-collectie-570098-600x400.avif\"\/><\/figure><div class=\"card-content__post-title\"><h3 class=\"titel\"><mark style=\"background-color:rgba(0, 0, 0, 0)\" class=\"has-inline-color has-secondary-color\">For detailhandlere<\/mark><\/h3><\/div><div class=\"card-content__post-excerpt\">\n<p class=\"has-small-font-size\">Ny kollektion klar til salg i dit kassesystem med det samme, uden manuel indtastning.<br><br><strong><a href=\"https:\/\/latestcollection.com\/da\/partners\/\" data-type=\"page\" data-id=\"7342\">Tjek dit system<\/a><\/strong><\/p>\n<\/div><\/div><div class=\"footer\"><\/div><\/div><\/div>\n\n\n\n<div class=\"wp-block-indrukwekkend-kenmerk-one card  has-thumbnail\"><div class=\"content\"><div class=\"card-content-container\"><figure class=\"thumbnail\"><img decoding=\"async\" src=\"https:\/\/latestcollection.com\/wp-content\/uploads\/2026\/03\/Firefly_Gemini-Flash_een-medewerker-van-het-Modemerk-Object-zit-in-zijn-kantoor-in-Nederland-en-kijkt-naar-218039-600x400.avif\"\/><\/figure><div class=\"card-content__post-title\"><h3 class=\"titel\"><mark style=\"background-color:rgba(0, 0, 0, 0)\" class=\"has-inline-color has-secondary-color\">For m\u00e6rker<\/mark><\/h3><\/div><div class=\"card-content__post-excerpt\">\n<p class=\"has-small-font-size\">Lever dine varedata \u00e9n gang og n\u00e5 direkte ud til tilknyttede detailhandlere.<br><br><a href=\"https:\/\/latestcollection.com\/da\/maerke\/\" data-type=\"attachment\" data-id=\"7637\">Lever dine data<\/a><\/p>\n<\/div><\/div><div class=\"footer\"><\/div><\/div><\/div>\n<\/div>\n<\/div>\n\n\n\n<div class=\"wp-block-group is-layout-flow wp-block-group-is-layout-flow\">\n<div class=\"wp-block-columns is-layout-flex wp-container-core-columns-is-layout-28f84493 wp-block-columns-is-layout-flex\">\n<div class=\"wp-block-column is-layout-flow wp-block-column-is-layout-flow\">\n<h2 class=\"wp-block-heading merkenlabel has-zwart-color has-text-color\"><strong>Ny kollektion, men stadig h\u00e5ndlavet<\/strong><mark style=\"background-color:rgba(0, 0, 0, 0)\" class=\"has-inline-color has-primary-color\">.<\/mark><\/h2>\n<\/div>\n\n\n\n<div class=\"wp-block-column is-layout-flow wp-block-column-is-layout-flow\">\n<p class=\"has-small-font-size\">Nye varer betyder stadig, at man skal indtaste, kontrollere og rette. Varedata overf\u00f8res ikke automatisk til det system, du arbejder i.<\/p>\n\n\n\n<p>Detailhandlere spilder tid. Partnere leverer mindre v\u00e6rdi. M\u00e6rker kan ikke se deres data korrekt overalt.<\/p>\n\n\n\n<p>Det kan g\u00f8res anderledes! <a href=\"https:\/\/portal.latestcollection.com\/is-mijn-systeem-aangesloten\" target=\"_blank\" rel=\"noreferrer noopener\">Se de tilknyttede kassesystemer<\/a><\/p>\n<\/div>\n<\/div>\n<\/div>\n\n\n\n<div class=\"wp-block-group alignwide has-diagonal-highlight-gradient-background has-background is-layout-constrained wp-block-group-is-layout-constrained\">\n<div class=\"wp-block-media-text alignwide is-stacked-on-mobile\" style=\"grid-template-columns:39% auto\"><figure class=\"wp-block-media-text__media\"><img loading=\"lazy\" decoding=\"async\" width=\"788\" height=\"940\" src=\"https:\/\/latestcollection.com\/wp-content\/uploads\/2026\/02\/Latest-Collection-mpluskassa-data-en-verkopen-1.avif\" alt=\"Latest Collection mpluskassa data en verkopen (1)\" class=\"wp-image-7916 size-full\" srcset=\"https:\/\/latestcollection.com\/wp-content\/uploads\/2026\/02\/Latest-Collection-mpluskassa-data-en-verkopen-1.avif 788w, https:\/\/latestcollection.com\/wp-content\/uploads\/2026\/02\/Latest-Collection-mpluskassa-data-en-verkopen-1-251x300.avif 251w, https:\/\/latestcollection.com\/wp-content\/uploads\/2026\/02\/Latest-Collection-mpluskassa-data-en-verkopen-1-768x916.avif 768w, https:\/\/latestcollection.com\/wp-content\/uploads\/2026\/02\/Latest-Collection-mpluskassa-data-en-verkopen-1-10x12.avif 10w, https:\/\/latestcollection.com\/wp-content\/uploads\/2026\/02\/Latest-Collection-mpluskassa-data-en-verkopen-1-147x175.avif 147w\" sizes=\"auto, (max-width: 788px) 100vw, 788px\" \/><\/figure><div class=\"wp-block-media-text__content\">\n<h3 class=\"wp-block-heading has-zwart-color has-text-color has-large-font-size\" style=\"font-style:normal;font-weight:600\"><mark style=\"background-color:rgba(0, 0, 0, 0)\" class=\"has-inline-color has-secondary-color\"><strong>\u00c9n central datakilde til mode<\/strong><\/mark>.<\/h3>\n\n\n\n<p class=\"has-small-font-size\">Latest Collection indsamler og strukturerer varedata fra modebrands i \u00e9n samlet datakilde.<\/p>\n\n\n\n<ul class=\"wp-block-list\">\n<li>Brands leverer deres data \u00e9n gang.<\/li>\n\n\n\n<li>Partnere g\u00f8r disse data automatisk tilg\u00e6ngelige i deres systemer.<\/li>\n\n\n\n<li>Forhandlere arbejder direkte med komplette vareoplysninger og produktbilleder.<\/li>\n<\/ul>\n\n\n\n<div style=\"height:15px\" aria-hidden=\"true\" class=\"wp-block-spacer\"><\/div>\n\n\n\n<div class=\"wp-block-buttons is-content-justification-center is-layout-flex wp-container-core-buttons-is-layout-a89b3969 wp-block-buttons-is-layout-flex\">\n<div class=\"wp-block-button\"><a class=\"wp-block-button__link has-secondary-background-color has-background has-text-align-center wp-element-button\" href=\"https:\/\/latestcollection.com\/da\/sadan-det-fungerer-modeartikeldata\/\" target=\"_blank\" rel=\"noreferrer noopener\">Find ud af, hvordan det fungerer<\/a><\/div>\n<\/div>\n<\/div><\/div>\n<\/div>\n\n\n\n<div class=\"wp-block-group alignwide has-diagonal-highlight-gradient-background has-background is-layout-constrained wp-block-group-is-layout-constrained\">\n<div class=\"wp-block-media-text alignwide has-media-on-the-right is-stacked-on-mobile\" style=\"grid-template-columns:auto 39%\"><div class=\"wp-block-media-text__content\">\n<h3 class=\"wp-block-heading has-zwart-color has-text-color has-large-font-size\" style=\"font-style:normal;font-weight:600\"><mark style=\"background-color:rgba(0, 0, 0, 0)\" class=\"has-inline-color has-secondary-color\"><strong>Hvad f\u00e5r du ud af det med det samme<\/strong><\/mark>.<\/h3>\n\n\n\n<p class=\"has-small-font-size\"><strong>Forhandlere:<\/strong> Arbejd med komplette varer og produktbilleder direkte i jeres system. Mindre indtastning, f\u00e6rre fejl og hurtigere lancering af nye kollektioner.<\/p>\n\n\n\n<p class=\"has-small-font-size\"><strong>Partnere:<\/strong> \u00d8g v\u00e6rdien af jeres software. Mindre support, hurtigere implementeringer og et st\u00e6rkere tilbud til forhandlerne.<\/p>\n\n\n\n<p><strong>M\u00e6rker: <\/strong>N\u00e5 ud til tilknyttede detailhandlere med \u00e9n levering. Ikke flere separate filer pr. kunde, men fuld kontrol over dine data.<\/p>\n<\/div><figure class=\"wp-block-media-text__media\"><img loading=\"lazy\" decoding=\"async\" width=\"788\" height=\"940\" src=\"https:\/\/latestcollection.com\/wp-content\/uploads\/2026\/02\/Latest-Collection-verkopen.avif\" alt=\"Latest Collection verkopen MplusKASSA\" class=\"wp-image-7927 size-full\" srcset=\"https:\/\/latestcollection.com\/wp-content\/uploads\/2026\/02\/Latest-Collection-verkopen.avif 788w, https:\/\/latestcollection.com\/wp-content\/uploads\/2026\/02\/Latest-Collection-verkopen-251x300.avif 251w, https:\/\/latestcollection.com\/wp-content\/uploads\/2026\/02\/Latest-Collection-verkopen-768x916.avif 768w, https:\/\/latestcollection.com\/wp-content\/uploads\/2026\/02\/Latest-Collection-verkopen-10x12.avif 10w, https:\/\/latestcollection.com\/wp-content\/uploads\/2026\/02\/Latest-Collection-verkopen-147x175.avif 147w\" sizes=\"auto, (max-width: 788px) 100vw, 788px\" \/><\/figure><\/div>\n<\/div>\n\n\n\n<h2 class=\"wp-block-heading has-text-align-left has-large-font-size\"><strong><mark style=\"background-color:rgba(0, 0, 0, 0)\" class=\"has-inline-color has-secondary-color\"><strong><strong><strong><strong>Arbejder du med disse m\u00e6rker<\/strong><\/strong><\/strong><\/strong><\/mark><mark style=\"background-color:rgba(0, 0, 0, 0)\" class=\"has-inline-color has-primary-color\"><strong>.<\/strong><\/mark><\/strong><\/h2>\n\n\n\n<p class=\"has-text-align-left\">Mere end 1.000 modem\u00e6rker er tilknyttet Latest Collection. Arbejder du med m\u00e6rker som YAYA, PME Legend eller Marie Jo? Eller et af de andre m\u00e6rker? S\u00e5 kan du starte med det samme. <\/p>\n\n\n\n<div class=\"wp-block-buttons is-content-justification-center is-layout-flex wp-container-core-buttons-is-layout-a89b3969 wp-block-buttons-is-layout-flex\">\n<div class=\"wp-block-button\"><a class=\"wp-block-button__link has-secondary-background-color has-background wp-element-button\" href=\"https:\/\/latestcollection.com\/da\/maerker\/\" target=\"_blank\" rel=\"noreferrer noopener\">Se tilknyttede brands fra A til \u00c5<\/a><\/div>\n<\/div>\n\n\n\n<h2 class=\"wp-block-heading has-large-font-size\"><mark style=\"background-color:rgba(0, 0, 0, 0)\" class=\"has-inline-color has-secondary-color\"><strong><strong>Integreret med f\u00f8rende POS-systemer og -platforme<\/strong><\/strong><\/mark><mark style=\"background-color:rgba(0, 0, 0, 0)\" class=\"has-inline-color has-primary-color\"><strong>.<\/strong><\/mark><\/h2>\n\n\n\n<p>Latest Collection samarbejder med POS-systemer og platforme inden for modebranchen. Arbejder du med et opkoblet system? S\u00e5 har du direkte adgang til komplette produktdata og produktbilleder i dit eget milj\u00f8.<\/p>\n\n\n\n<div class=\"wp-block-indrukwekkend-slider alignfull\"><div class=\"wp-block-indrukwekkend-slider__icons\" data-fade=\"false\" data-dots=\"true\" data-pause=\"false\" data-speed=\"4700\" data-autoplay=\"true\" data-autospeed=\"150\" data-slidestoshow=\"6\" data-slidestoscroll=\"1\"><figure class=\"afbeelding\" style=\"display:none\"><img decoding=\"async\" src=\"https:\/\/latestcollection.com\/wp-content\/uploads\/2026\/04\/Qliqpoint-partner-Latest-Collection-350x175.avif\" alt=\"Qliqpoint partner Latest Collection\" data-id=\"8225\"\/><\/figure><figure class=\"afbeelding\" style=\"display:none\"><img decoding=\"async\" src=\"https:\/\/latestcollection.com\/wp-content\/uploads\/2026\/02\/Partner-FashionUnited-eBusiness-263x175.avif\" alt=\"Partner FashionUnited eBusiness\" data-id=\"7958\"\/><\/figure><figure class=\"afbeelding\" style=\"display:none\"><img decoding=\"async\" src=\"https:\/\/latestcollection.com\/wp-content\/uploads\/2026\/02\/Partner-Retail2Market-263x175.avif\" alt=\"Partner Retail2Market\" data-id=\"7959\"\/><\/figure><figure class=\"afbeelding\" style=\"display:none\"><img decoding=\"async\" src=\"https:\/\/latestcollection.com\/wp-content\/uploads\/2026\/02\/Partner-MPlusKASSA-263x175.avif\" alt=\"Partner MPlusKASSA\" data-id=\"7960\"\/><\/figure><figure class=\"afbeelding\" style=\"display:none\"><img decoding=\"async\" src=\"https:\/\/latestcollection.com\/wp-content\/uploads\/2026\/02\/EasyPOS-software-263x175.avif\" alt=\"EasyPOS software\" data-id=\"7968\"\/><\/figure><figure class=\"afbeelding\" style=\"display:none\"><img decoding=\"async\" src=\"https:\/\/latestcollection.com\/wp-content\/uploads\/2026\/02\/Kubus-content-263x175.avif\" alt=\"Kubus content\" data-id=\"7969\"\/><\/figure><figure class=\"afbeelding\" style=\"display:none\"><img decoding=\"async\" src=\"https:\/\/latestcollection.com\/wp-content\/uploads\/2026\/02\/Techdog-group-263x175.avif\" alt=\"Techdog group\" data-id=\"7970\"\/><\/figure><figure class=\"afbeelding\" style=\"display:none\"><img decoding=\"async\" src=\"https:\/\/latestcollection.com\/wp-content\/uploads\/2026\/04\/Qliqpoint-partner-Latest-Collection-1-350x175.avif\" alt=\"Qliqpoint partner Latest Collection\" data-id=\"8226\"\/><\/figure><figure class=\"afbeelding\" style=\"display:none\"><img decoding=\"async\" src=\"https:\/\/latestcollection.com\/wp-content\/uploads\/2026\/02\/Partner-FashionUnited-eBusiness-1-263x175.avif\" alt=\"Partner FashionUnited eBusiness\" data-id=\"7965\"\/><\/figure><figure class=\"afbeelding\" style=\"display:none\"><img decoding=\"async\" src=\"https:\/\/latestcollection.com\/wp-content\/uploads\/2026\/02\/Partner-Retail2Market-1-263x175.avif\" alt=\"Partner Retail2Market\" data-id=\"7966\"\/><\/figure><figure class=\"afbeelding\" style=\"display:none\"><img decoding=\"async\" src=\"https:\/\/latestcollection.com\/wp-content\/uploads\/2026\/02\/Partner-MPlusKASSA-1-263x175.avif\" alt=\"Partner MPlusKASSA\" data-id=\"7964\"\/><\/figure><figure class=\"afbeelding\" style=\"display:none\"><img decoding=\"async\" src=\"https:\/\/latestcollection.com\/wp-content\/uploads\/2026\/02\/EasyPOS-software-1-263x175.avif\" alt=\"EasyPOS software\" data-id=\"7972\"\/><\/figure><figure class=\"afbeelding\" style=\"display:none\"><img decoding=\"async\" src=\"https:\/\/latestcollection.com\/wp-content\/uploads\/2026\/02\/Kubus-content-1-263x175.avif\" alt=\"Kubus content\" data-id=\"7973\"\/><\/figure><figure class=\"afbeelding\" style=\"display:none\"><img decoding=\"async\" src=\"https:\/\/latestcollection.com\/wp-content\/uploads\/2026\/02\/Techdog-group-1-263x175.avif\" alt=\"Techdog group\" data-id=\"7971\"\/><\/figure><\/div><\/div>\n\n\n\n<div class=\"wp-block-buttons is-content-justification-center is-layout-flex wp-container-core-buttons-is-layout-a89b3969 wp-block-buttons-is-layout-flex\">\n<div class=\"wp-block-button\"><a class=\"wp-block-button__link has-secondary-background-color has-background wp-element-button\" href=\"https:\/\/portal.latestcollection.com\/is-mijn-systeem-aangesloten\" target=\"_blank\" rel=\"noreferrer noopener\">Se alle links<\/a><\/div>\n<\/div>","protected":false},"excerpt":{"rendered":"<p>Nieuwe collectie, maar nog steeds handmatig werk. Nieuwe artikelen binnen betekent nog steeds invoeren, controleren en corrigeren. Artikeldata komt niet &hellip; <a href=\"https:\/\/latestcollection.com\/da\/\"><\/a><\/p>","protected":false},"author":2,"featured_media":7514,"parent":0,"menu_order":0,"comment_status":"closed","ping_status":"closed","template":"","meta":{"_acf_changed":false,"footnotes":""},"class_list":["post-2","page","type-page","status-publish","has-post-thumbnail","hentry"],"acf":[],"_links":{"self":[{"href":"https:\/\/latestcollection.com\/da\/wp-json\/wp\/v2\/pages\/2","targetHints":{"allow":["GET"]}}],"collection":[{"href":"https:\/\/latestcollection.com\/da\/wp-json\/wp\/v2\/pages"}],"about":[{"href":"https:\/\/latestcollection.com\/da\/wp-json\/wp\/v2\/types\/page"}],"author":[{"embeddable":true,"href":"https:\/\/latestcollection.com\/da\/wp-json\/wp\/v2\/users\/2"}],"replies":[{"embeddable":true,"href":"https:\/\/latestcollection.com\/da\/wp-json\/wp\/v2\/comments?post=2"}],"version-history":[{"count":320,"href":"https:\/\/latestcollection.com\/da\/wp-json\/wp\/v2\/pages\/2\/revisions"}],"predecessor-version":[{"id":8143,"href":"https:\/\/latestcollection.com\/da\/wp-json\/wp\/v2\/pages\/2\/revisions\/8143"}],"wp:featuredmedia":[{"embeddable":true,"href":"https:\/\/latestcollection.com\/da\/wp-json\/wp\/v2\/media\/7514"}],"wp:attachment":[{"href":"https:\/\/latestcollection.com\/da\/wp-json\/wp\/v2\/media?parent=2"}],"curies":[{"name":"wp","href":"https:\/\/api.w.org\/{rel}","templated":true}]}}